{"id":9972,"date":"2024-12-20T10:26:17","date_gmt":"2024-12-20T09:26:17","guid":{"rendered":"https:\/\/www.chateaudegoutelas.fr\/?page_id=9972"},"modified":"2025-09-11T12:18:33","modified_gmt":"2025-09-11T10:18:33","slug":"en-famille","status":"publish","type":"page","link":"https:\/\/www.chateaudegoutelas.fr\/en\/saison-culturelle\/en-famille\/","title":{"rendered":"En famille"},"content":{"rendered":"<h1>\n\t\t\t\tEn famille\n\t\t\t<\/h1>\n\t\t\t<h3>Spectacles et ateliers, groupes, visites<\/h3>\t\n\t<p>\u00a9 Ch\u00e2teau de Goutelas<\/p>\n\t<h1>\n\t\t\t\tEn famille\n\t\t\t<\/h1>\n\t\t\t<h3>Spectacles et ateliers, groupes, visites<\/h3>\t\n\t<h6>Spectacles et ateliers pendant les vacances scolaires, accueil de groupes, visites en famille&#8230; Bienvenue aux enfants !<\/h6>\n\t<p>Ateliers, spectacles, rencontres avec des artistes, le ch\u00e2teau de Goutelas propose des spectacles \u00e0 d\u00e9couvrir mais \u00e9galement des ateliers o\u00f9 chacun\u00b7e participe \u00e0 sa hauteur. \u00c0 chaque saison, retrouvez lors des vacances scolaires une proposition de spectacle et d&rsquo;ateliers \u00e0 destination des enfants et adolescent\u00b7e\u00b7s, de la cr\u00e8che jusqu&rsquo;au lyc\u00e9e.<\/p>\n<p>Quand les beaux jours arrivent, le ch\u00e2teau ouvre grand ses portes aux familles : c&rsquo;est l&rsquo;Et\u00e9 ph\u00e9nom\u00e8ne avec ses spectacles en ext\u00e9rieur, ses concerts et ses ateliers pour toute la famille.\u00a0<\/p>\n<h2>\n\t\t\tles prochains rendez-vous\t<\/h2>\n\t<div class=\"em em-view-container\" id=\"em-view-2003371746\" data-view=\"list\">\r\n\t<div class=\"em em-list em-events-list\" id=\"em-events-list-2003371746\" data-view-id=\"2003371746\">\r\n\tAucun \u00e9v\u00e9nement correspondant\t<\/div>\r\n<\/div>\n\t\t\t<a href=\"https:\/\/www.chateaudegoutelas.fr\/en\/agenda\/categories\/enfants\/\" title=\"Cliquez ici\" target=\"_self\"   role=\"button\" aria-label=\"All events\">\n\t\t\t\t\t\t\tAll events\n\t\t<\/a>\n\t\t\t<h2>Accueil de groupes<\/h2>\t\t\t\n\t\t\t\t<p>Vous \u00eates enseignant\u00b7e ou repr\u00e9sentant\u00b7e d&rsquo;un \u00e9tablissement socio-\u00e9ducatif, et vous souhaitez en savoir plus sur l&rsquo;accueil de groupes ? Contactez-nous : <a href=\"mailto:centreculturel@chateaudegoutelas.fr\">centreculturel@chateaudegoutelas.fr<\/a><\/p>\n<h2>\n\t\t\tvoir aussi\t<\/h2>\n\t\t<a href=\"https:\/\/www.chateaudegoutelas.fr\/en\/le-chateau-de-goutelas\/\" title=\"Afficher le contenu de la bo\u00eete\" target=\"_self\"  aria-label=\"Post Element\"><\/a>\t\t\n\t\t\t\t\t\t\t\t\t\t\t\t\t\t<a href=\"https:\/\/www.chateaudegoutelas.fr\/en\/le-chateau-de-goutelas\/\" target=\"_self\" title=\"Le Ch\u00e2teau de Goutelas\">\n\t\t\t\t<img decoding=\"async\" src=\"https:\/\/www.chateaudegoutelas.fr\/wp-content\/uploads\/2023\/08\/DJI_0833-720x720.jpg\" alt=\"\" \/>\n\t\t\t\t<\/a>\n\t\t\t\t\t\t<h4>\n\t\t\t\t<a href=\"https:\/\/www.chateaudegoutelas.fr\/en\/le-chateau-de-goutelas\/\" title=\"Le Ch\u00e2teau de Goutelas\">Le Ch\u00e2teau de Goutelas<\/a>\t\t\t<\/h4>\n\t\t<a href=\"https:\/\/www.chateaudegoutelas.fr\/en\/votre-visite\/informations-pratiques\/\" title=\"Afficher le contenu de la bo\u00eete\" target=\"_self\"  aria-label=\"Post Element\"><\/a>\t\t\n\t\t\t\t\t\t\t\t\t\t\t\t\t\t<a href=\"https:\/\/www.chateaudegoutelas.fr\/en\/votre-visite\/informations-pratiques\/\" target=\"_self\" title=\"Informations pratiques\">\n\t\t\t\t<img decoding=\"async\" src=\"https:\/\/www.chateaudegoutelas.fr\/wp-content\/uploads\/2023\/09\/madalitso-1052-720x720.jpg\" alt=\"\" \/>\n\t\t\t\t<\/a>\n\t\t\t\t\t\t<h4>\n\t\t\t\t<a href=\"https:\/\/www.chateaudegoutelas.fr\/en\/votre-visite\/informations-pratiques\/\" title=\"Informations pratiques\">Informations pratiques<\/a>\t\t\t<\/h4>\n\t\t<a href=\"https:\/\/www.chateaudegoutelas.fr\/en\/saison-culturelle\/creations-partagees\/\" title=\"Afficher le contenu de la bo\u00eete\" target=\"_self\"  aria-label=\"Post Element\"><\/a>\t\t\n\t\t\t\t\t\t\t\t\t\t\t\t\t\t<a href=\"https:\/\/www.chateaudegoutelas.fr\/en\/saison-culturelle\/creations-partagees\/\" target=\"_self\" title=\"Cr\u00e9ations partag\u00e9es\">\n\t\t\t\t<img decoding=\"async\" src=\"https:\/\/www.chateaudegoutelas.fr\/wp-content\/uploads\/2024\/09\/C0418.MP4.04_32_25_01.Still001-720x720.jpg\" alt=\"\" \/>\n\t\t\t\t<\/a>\n\t\t\t\t\t\t<h4>\n\t\t\t\t<a href=\"https:\/\/www.chateaudegoutelas.fr\/en\/saison-culturelle\/creations-partagees\/\" title=\"Cr\u00e9ations partag\u00e9es\">Cr\u00e9ations partag\u00e9es<\/a>\t\t\t<\/h4>","protected":false},"excerpt":{"rendered":"<p>En famille Spectacles et ateliers, groupes, visites \u00a9 Ch\u00e2teau de Goutelas En famille Spectacles et ateliers, groupes, visites Spectacles et ateliers pendant les vacances scolaires, accueil de groupes, visites en famille&#8230; Bienvenue aux enfants ! Ateliers, spectacles, rencontres avec des artistes, le ch\u00e2teau de Goutelas propose des spectacles \u00e0 d\u00e9couvrir mais \u00e9galement des ateliers o\u00f9 [&hellip;]<\/p>\n","protected":false},"author":7,"featured_media":8832,"parent":6031,"menu_order":4,"comment_status":"closed","ping_status":"closed","template":"","meta":{"site-sidebar-layout":"no-sidebar","site-content-layout":"","ast-site-content-layout":"full-width-container","site-content-style":"unboxed","site-sidebar-style":"unboxed","ast-global-header-display":"","ast-banner-title-visibility":"","ast-main-header-display":"","ast-hfb-above-header-display":"","ast-hfb-below-header-display":"","ast-hfb-mobile-header-display":"","site-post-title":"disabled","ast-breadcrumbs-content":"","ast-featured-img":"disabled","footer-sml-layout":"","ast-disable-related-posts":"","theme-transparent-header-meta":"default","adv-header-id-meta":"","stick-header-meta":"default","header-above-stick-meta":"","header-main-stick-meta":"","header-below-stick-meta":"","astra-migrate-meta-layouts":"set","ast-page-background-enabled":"default","ast-page-background-meta":{"desktop":{"background-color":"","background-image":"","background-repeat":"repeat","background-position":"center center","background-size":"auto","background-attachment":"scroll","background-type":"","background-media":"","overlay-type":"","overlay-color":"","overlay-opacity":"","overlay-gradient":""},"tablet":{"background-color":"","background-image":"","background-repeat":"repeat","background-position":"center center","background-size":"auto","background-attachment":"scroll","background-type":"","background-media":"","overlay-type":"","overlay-color":"","overlay-opacity":"","overlay-gradient":""},"mobile":{"background-color":"","background-image":"","background-repeat":"repeat","background-position":"center center","background-size":"auto","background-attachment":"scroll","background-type":"","background-media":"","overlay-type":"","overlay-color":"","overlay-opacity":"","overlay-gradient":""}},"ast-content-background-meta":{"desktop":{"background-color":"var(--ast-global-color-5)","background-image":"","background-repeat":"repeat","background-position":"center center","background-size":"auto","background-attachment":"scroll","background-type":"","background-media":"","overlay-type":"","overlay-color":"","overlay-opacity":"","overlay-gradient":""},"tablet":{"background-color":"var(--ast-global-color-5)","background-image":"","background-repeat":"repeat","background-position":"center center","background-size":"auto","background-attachment":"scroll","background-type":"","background-media":"","overlay-type":"","overlay-color":"","overlay-opacity":"","overlay-gradient":""},"mobile":{"background-color":"var(--ast-global-color-5)","background-image":"","background-repeat":"repeat","background-position":"center center","background-size":"auto","background-attachment":"scroll","background-type":"","background-media":"","overlay-type":"","overlay-color":"","overlay-opacity":"","overlay-gradient":""}},"footnotes":""},"categories":[],"tags":[],"class_list":["post-9972","page","type-page","status-publish","has-post-thumbnail","hentry"],"yoast_head":"<!-- This site is optimized with the Yoast SEO plugin v27.5 - https:\/\/yoast.com\/product\/yoast-seo-wordpress\/ -->\n<title>En famille - Ch\u00e2teau de Goutelas<\/title>\n<meta name=\"robots\" content=\"index, follow, max-snippet:-1, max-image-preview:large, max-video-preview:-1\" \/>\n<link rel=\"canonical\" href=\"https:\/\/www.chateaudegoutelas.fr\/en\/saison-culturelle\/en-famille\/\" \/>\n<meta property=\"og:locale\" content=\"en_GB\" \/>\n<meta property=\"og:type\" content=\"article\" \/>\n<meta property=\"og:title\" content=\"En famille - Ch\u00e2teau de Goutelas\" \/>\n<meta property=\"og:description\" content=\"En famille Spectacles et ateliers, groupes, visites \u00a9 Ch\u00e2teau de Goutelas En famille Spectacles et ateliers, groupes, visites Spectacles et ateliers pendant les vacances scolaires, accueil de groupes, visites en famille&#8230; Bienvenue aux enfants ! Ateliers, spectacles, rencontres avec des artistes, le ch\u00e2teau de Goutelas propose des spectacles \u00e0 d\u00e9couvrir mais \u00e9galement des ateliers o\u00f9 [&hellip;]\" \/>\n<meta property=\"og:url\" content=\"https:\/\/www.chateaudegoutelas.fr\/en\/saison-culturelle\/en-famille\/\" \/>\n<meta property=\"og:site_name\" content=\"Ch\u00e2teau de Goutelas\" \/>\n<meta property=\"article:modified_time\" content=\"2025-09-11T10:18:33+00:00\" \/>\n<meta property=\"og:image\" content=\"https:\/\/www.chateaudegoutelas.fr\/wp-content\/uploads\/2023\/10\/DSC0112-scaled.jpg\" \/>\n\t<meta property=\"og:image:width\" content=\"2560\" \/>\n\t<meta property=\"og:image:height\" content=\"1707\" \/>\n\t<meta property=\"og:image:type\" content=\"image\/jpeg\" \/>\n<meta name=\"twitter:card\" content=\"summary_large_image\" \/>\n<meta name=\"twitter:label1\" content=\"Estimated reading time\" \/>\n\t<meta name=\"twitter:data1\" content=\"3 minutes\" \/>\n<script type=\"application\/ld+json\" class=\"yoast-schema-graph\">{\"@context\":\"https:\\\/\\\/schema.org\",\"@graph\":[{\"@type\":\"WebPage\",\"@id\":\"https:\\\/\\\/www.chateaudegoutelas.fr\\\/saison-culturelle\\\/en-famille\\\/\",\"url\":\"https:\\\/\\\/www.chateaudegoutelas.fr\\\/saison-culturelle\\\/en-famille\\\/\",\"name\":\"En famille - Ch\u00e2teau de Goutelas\",\"isPartOf\":{\"@id\":\"https:\\\/\\\/www.chateaudegoutelas.fr\\\/#website\"},\"primaryImageOfPage\":{\"@id\":\"https:\\\/\\\/www.chateaudegoutelas.fr\\\/saison-culturelle\\\/en-famille\\\/#primaryimage\"},\"image\":{\"@id\":\"https:\\\/\\\/www.chateaudegoutelas.fr\\\/saison-culturelle\\\/en-famille\\\/#primaryimage\"},\"thumbnailUrl\":\"https:\\\/\\\/www.chateaudegoutelas.fr\\\/wp-content\\\/uploads\\\/2023\\\/10\\\/DSC0112-scaled.jpg\",\"datePublished\":\"2024-12-20T09:26:17+00:00\",\"dateModified\":\"2025-09-11T10:18:33+00:00\",\"breadcrumb\":{\"@id\":\"https:\\\/\\\/www.chateaudegoutelas.fr\\\/saison-culturelle\\\/en-famille\\\/#breadcrumb\"},\"inLanguage\":\"en-GB\",\"potentialAction\":[{\"@type\":\"ReadAction\",\"target\":[\"https:\\\/\\\/www.chateaudegoutelas.fr\\\/saison-culturelle\\\/en-famille\\\/\"]}]},{\"@type\":\"ImageObject\",\"inLanguage\":\"en-GB\",\"@id\":\"https:\\\/\\\/www.chateaudegoutelas.fr\\\/saison-culturelle\\\/en-famille\\\/#primaryimage\",\"url\":\"https:\\\/\\\/www.chateaudegoutelas.fr\\\/wp-content\\\/uploads\\\/2023\\\/10\\\/DSC0112-scaled.jpg\",\"contentUrl\":\"https:\\\/\\\/www.chateaudegoutelas.fr\\\/wp-content\\\/uploads\\\/2023\\\/10\\\/DSC0112-scaled.jpg\",\"width\":2560,\"height\":1707},{\"@type\":\"BreadcrumbList\",\"@id\":\"https:\\\/\\\/www.chateaudegoutelas.fr\\\/saison-culturelle\\\/en-famille\\\/#breadcrumb\",\"itemListElement\":[{\"@type\":\"ListItem\",\"position\":1,\"name\":\"Accueil\",\"item\":\"https:\\\/\\\/www.chateaudegoutelas.fr\\\/\"},{\"@type\":\"ListItem\",\"position\":2,\"name\":\"Saison culturelle 2024-25\",\"item\":\"https:\\\/\\\/www.chateaudegoutelas.fr\\\/saison-culturelle\\\/\"},{\"@type\":\"ListItem\",\"position\":3,\"name\":\"En famille\"}]},{\"@type\":\"WebSite\",\"@id\":\"https:\\\/\\\/www.chateaudegoutelas.fr\\\/#website\",\"url\":\"https:\\\/\\\/www.chateaudegoutelas.fr\\\/\",\"name\":\"Ch\u00e2teau de Goutelas\",\"description\":\"Un centre culturel de rencontre en Forez\",\"publisher\":{\"@id\":\"https:\\\/\\\/www.chateaudegoutelas.fr\\\/#organization\"},\"potentialAction\":[{\"@type\":\"SearchAction\",\"target\":{\"@type\":\"EntryPoint\",\"urlTemplate\":\"https:\\\/\\\/www.chateaudegoutelas.fr\\\/?s={search_term_string}\"},\"query-input\":{\"@type\":\"PropertyValueSpecification\",\"valueRequired\":true,\"valueName\":\"search_term_string\"}}],\"inLanguage\":\"en-GB\"},{\"@type\":\"Organization\",\"@id\":\"https:\\\/\\\/www.chateaudegoutelas.fr\\\/#organization\",\"name\":\"Ch\u00e2teau de Goutelas\",\"url\":\"https:\\\/\\\/www.chateaudegoutelas.fr\\\/\",\"logo\":{\"@type\":\"ImageObject\",\"inLanguage\":\"en-GB\",\"@id\":\"https:\\\/\\\/www.chateaudegoutelas.fr\\\/#\\\/schema\\\/logo\\\/image\\\/\",\"url\":\"https:\\\/\\\/www.chateaudegoutelas.fr\\\/wp-content\\\/uploads\\\/2023\\\/05\\\/logo-chateau-goutelas-bleu.png\",\"contentUrl\":\"https:\\\/\\\/www.chateaudegoutelas.fr\\\/wp-content\\\/uploads\\\/2023\\\/05\\\/logo-chateau-goutelas-bleu.png\",\"width\":1123,\"height\":327,\"caption\":\"Ch\u00e2teau de Goutelas\"},\"image\":{\"@id\":\"https:\\\/\\\/www.chateaudegoutelas.fr\\\/#\\\/schema\\\/logo\\\/image\\\/\"}}]}<\/script>\n<!-- \/ Yoast SEO plugin. -->","yoast_head_json":{"title":"En famille - Ch\u00e2teau de Goutelas","robots":{"index":"index","follow":"follow","max-snippet":"max-snippet:-1","max-image-preview":"max-image-preview:large","max-video-preview":"max-video-preview:-1"},"canonical":"https:\/\/www.chateaudegoutelas.fr\/en\/saison-culturelle\/en-famille\/","og_locale":"en_GB","og_type":"article","og_title":"En famille - Ch\u00e2teau de Goutelas","og_description":"En famille Spectacles et ateliers, groupes, visites \u00a9 Ch\u00e2teau de Goutelas En famille Spectacles et ateliers, groupes, visites Spectacles et ateliers pendant les vacances scolaires, accueil de groupes, visites en famille&#8230; Bienvenue aux enfants ! Ateliers, spectacles, rencontres avec des artistes, le ch\u00e2teau de Goutelas propose des spectacles \u00e0 d\u00e9couvrir mais \u00e9galement des ateliers o\u00f9 [&hellip;]","og_url":"https:\/\/www.chateaudegoutelas.fr\/en\/saison-culturelle\/en-famille\/","og_site_name":"Ch\u00e2teau de Goutelas","article_modified_time":"2025-09-11T10:18:33+00:00","og_image":[{"width":2560,"height":1707,"url":"https:\/\/www.chateaudegoutelas.fr\/wp-content\/uploads\/2023\/10\/DSC0112-scaled.jpg","type":"image\/jpeg"}],"twitter_card":"summary_large_image","twitter_misc":{"Estimated reading time":"3 minutes"},"schema":{"@context":"https:\/\/schema.org","@graph":[{"@type":"WebPage","@id":"https:\/\/www.chateaudegoutelas.fr\/saison-culturelle\/en-famille\/","url":"https:\/\/www.chateaudegoutelas.fr\/saison-culturelle\/en-famille\/","name":"En famille - Ch\u00e2teau de Goutelas","isPartOf":{"@id":"https:\/\/www.chateaudegoutelas.fr\/#website"},"primaryImageOfPage":{"@id":"https:\/\/www.chateaudegoutelas.fr\/saison-culturelle\/en-famille\/#primaryimage"},"image":{"@id":"https:\/\/www.chateaudegoutelas.fr\/saison-culturelle\/en-famille\/#primaryimage"},"thumbnailUrl":"https:\/\/www.chateaudegoutelas.fr\/wp-content\/uploads\/2023\/10\/DSC0112-scaled.jpg","datePublished":"2024-12-20T09:26:17+00:00","dateModified":"2025-09-11T10:18:33+00:00","breadcrumb":{"@id":"https:\/\/www.chateaudegoutelas.fr\/saison-culturelle\/en-famille\/#breadcrumb"},"inLanguage":"en-GB","potentialAction":[{"@type":"ReadAction","target":["https:\/\/www.chateaudegoutelas.fr\/saison-culturelle\/en-famille\/"]}]},{"@type":"ImageObject","inLanguage":"en-GB","@id":"https:\/\/www.chateaudegoutelas.fr\/saison-culturelle\/en-famille\/#primaryimage","url":"https:\/\/www.chateaudegoutelas.fr\/wp-content\/uploads\/2023\/10\/DSC0112-scaled.jpg","contentUrl":"https:\/\/www.chateaudegoutelas.fr\/wp-content\/uploads\/2023\/10\/DSC0112-scaled.jpg","width":2560,"height":1707},{"@type":"BreadcrumbList","@id":"https:\/\/www.chateaudegoutelas.fr\/saison-culturelle\/en-famille\/#breadcrumb","itemListElement":[{"@type":"ListItem","position":1,"name":"Accueil","item":"https:\/\/www.chateaudegoutelas.fr\/"},{"@type":"ListItem","position":2,"name":"Saison culturelle 2024-25","item":"https:\/\/www.chateaudegoutelas.fr\/saison-culturelle\/"},{"@type":"ListItem","position":3,"name":"En famille"}]},{"@type":"WebSite","@id":"https:\/\/www.chateaudegoutelas.fr\/#website","url":"https:\/\/www.chateaudegoutelas.fr\/","name":"Ch\u00e2teau de Goutelas","description":"Un centre culturel de rencontre en Forez","publisher":{"@id":"https:\/\/www.chateaudegoutelas.fr\/#organization"},"potentialAction":[{"@type":"SearchAction","target":{"@type":"EntryPoint","urlTemplate":"https:\/\/www.chateaudegoutelas.fr\/?s={search_term_string}"},"query-input":{"@type":"PropertyValueSpecification","valueRequired":true,"valueName":"search_term_string"}}],"inLanguage":"en-GB"},{"@type":"Organization","@id":"https:\/\/www.chateaudegoutelas.fr\/#organization","name":"Ch\u00e2teau de Goutelas","url":"https:\/\/www.chateaudegoutelas.fr\/","logo":{"@type":"ImageObject","inLanguage":"en-GB","@id":"https:\/\/www.chateaudegoutelas.fr\/#\/schema\/logo\/image\/","url":"https:\/\/www.chateaudegoutelas.fr\/wp-content\/uploads\/2023\/05\/logo-chateau-goutelas-bleu.png","contentUrl":"https:\/\/www.chateaudegoutelas.fr\/wp-content\/uploads\/2023\/05\/logo-chateau-goutelas-bleu.png","width":1123,"height":327,"caption":"Ch\u00e2teau de Goutelas"},"image":{"@id":"https:\/\/www.chateaudegoutelas.fr\/#\/schema\/logo\/image\/"}}]}},"_links":{"self":[{"href":"https:\/\/www.chateaudegoutelas.fr\/en\/wp-json\/wp\/v2\/pages\/9972","targetHints":{"allow":["GET"]}}],"collection":[{"href":"https:\/\/www.chateaudegoutelas.fr\/en\/wp-json\/wp\/v2\/pages"}],"about":[{"href":"https:\/\/www.chateaudegoutelas.fr\/en\/wp-json\/wp\/v2\/types\/page"}],"author":[{"embeddable":true,"href":"https:\/\/www.chateaudegoutelas.fr\/en\/wp-json\/wp\/v2\/users\/7"}],"replies":[{"embeddable":true,"href":"https:\/\/www.chateaudegoutelas.fr\/en\/wp-json\/wp\/v2\/comments?post=9972"}],"version-history":[{"count":4,"href":"https:\/\/www.chateaudegoutelas.fr\/en\/wp-json\/wp\/v2\/pages\/9972\/revisions"}],"predecessor-version":[{"id":11080,"href":"https:\/\/www.chateaudegoutelas.fr\/en\/wp-json\/wp\/v2\/pages\/9972\/revisions\/11080"}],"up":[{"embeddable":true,"href":"https:\/\/www.chateaudegoutelas.fr\/en\/wp-json\/wp\/v2\/pages\/6031"}],"wp:featuredmedia":[{"embeddable":true,"href":"https:\/\/www.chateaudegoutelas.fr\/en\/wp-json\/wp\/v2\/media\/8832"}],"wp:attachment":[{"href":"https:\/\/www.chateaudegoutelas.fr\/en\/wp-json\/wp\/v2\/media?parent=9972"}],"wp:term":[{"taxonomy":"category","embeddable":true,"href":"https:\/\/www.chateaudegoutelas.fr\/en\/wp-json\/wp\/v2\/categories?post=9972"},{"taxonomy":"post_tag","embeddable":true,"href":"https:\/\/www.chateaudegoutelas.fr\/en\/wp-json\/wp\/v2\/tags?post=9972"}],"curies":[{"name":"wp","href":"https:\/\/api.w.org\/{rel}","templated":true}]}}