{"id":9910,"date":"2024-11-09T19:11:01","date_gmt":"2024-11-09T18:11:01","guid":{"rendered":"https:\/\/www.chateaudegoutelas.fr\/?page_id=9910"},"modified":"2026-01-09T14:44:22","modified_gmt":"2026-01-09T13:44:22","slug":"mementopie","status":"publish","type":"page","link":"https:\/\/www.chateaudegoutelas.fr\/en\/mementopie\/","title":{"rendered":"Mementopie"},"content":{"rendered":"<h1>\n\t\t\t\tMementopie\n\t\t\t<\/h1>\n\t\t\t<h3>Une sculpture-belv\u00e9d\u00e8re de Vincent Mauger<\/h3>\t\n\t<p>\u00a9 Colombe Production<\/p>\n\n\t<h1>\n\t\t\t\tMementopie\n\t\t\t<\/h1>\n\t\t\t<h3>Une sculpture-belv\u00e9d\u00e8re de Vincent Mauger<\/h3>\t\n\t<p>&nbsp;<\/p>\n<p><strong>Prenez de la hauteur ! Cr\u00e9\u00e9e en 2025 par l&rsquo;artiste Vincent Mauger, <em data-start=\"383\" data-end=\"395\">Mementopie<\/em> est une sculpture-belv\u00e9d\u00e8re qui offre un point de vue in\u00e9dit sur le ch\u00e2teau, au-del\u00e0 des remparts, et sur la plaine du Forez.<\/strong><\/p>\n\u00c0 l&rsquo;entr\u00e9e de Goutelas, au d\u00e9part du <a href=\"https:\/\/www.rendezvousenforez.com\/equipement\/chemin-de-belizar-marcoux\/\">chemin de B\u00e9lizar<\/a>, l&rsquo;\u0153uvre invite \u00e0 vivre une exp\u00e9rience sensible : gravir la passerelle, se rem\u00e9morer l&rsquo;histoire du lieu &#8211; celle de sa reconstruction b\u00e9n\u00e9vole dans les ann\u00e9es 1960 &#8211; et mesurer le chemin parcouru depuis plus de soixante ans. Arriv\u00e9\u00b7e au sommet, le regard s&rsquo;ouvre vers l&rsquo;avenir et appelle \u00e0 imaginer de nouvelles utopies pour un patrimoine en perp\u00e9tuelle r\u00e9invention.\nFabriqu\u00e9e principalement en bois issu de la fili\u00e8re locale, <em data-start=\"1011\" data-end=\"1023\">Mementopie<\/em> s&rsquo;int\u00e8gre au paysage du parc et de la for\u00eat. Ses assemblages apparents &#8211; chevilles, rivets, boulons &#8211; rappellent l&rsquo;importance du geste collectif. L&rsquo;\u0153uvre elle-m\u00eame est le fruit d&rsquo;un chantier partag\u00e9, associant entreprises, artisan\u00b7e\u00b7s, apprenti\u00b7e\u00b7s charpentiers et habitant\u00b7e\u00b7s : une dynamique du \u00ab\u00a0faire ensemble\u00a0\u00bb qui prolonge l&rsquo;esprit fondateur de Goutelas.\n\t\t<iframe loading=\"lazy\" title=\"Mementopie, une sculpture-belv\u00e9d\u00e8re de Vincent Mauger au Ch\u00e2teau de Goutelas\" width=\"500\" height=\"281\" src=\"https:\/\/www.youtube.com\/embed\/AwWLHIjZZ30?feature=oembed\" frameborder=\"0\" allow=\"accelerometer; autoplay; clipboard-write; encrypted-media; gyroscope; picture-in-picture; web-share\" referrerpolicy=\"strict-origin-when-cross-origin\" allowfullscreen><\/iframe>\t\n\t<p><strong>PARTENAIRES<\/strong><\/p>\n\t<p>L&rsquo;\u0153uvre a \u00e9t\u00e9 r\u00e9alis\u00e9e en partenariat avec Les <a href=\"https:\/\/www.lesgarconsdubois.fr\/\">Gar\u00e7ons du bois<\/a>, la <a href=\"https:\/\/www.mfr-montbrison.fr\/\">MFR du parc<\/a>, <a href=\"https:\/\/www.alpes-controles.fr\/\">Alpes Contr\u00f4le<\/a>, <a href=\"https:\/\/www.boisconseil.net\/\">Bois Conseil<\/a>, <a href=\"https:\/\/fabriques-ap.fr\/\">Fabriques Architectures Paysages<\/a>, <a href=\"https:\/\/www.fibois42.org\/\">Fibois42<\/a> et <a href=\"https:\/\/www.bricomarche.com\/magasin\/boen-sur-lignon\/05903\">Bricomarch\u00e9 Bo\u00ebn-sur-Lignon<\/a>.<\/p>\n<p><img loading=\"lazy\" decoding=\"async\" src=\"https:\/\/www.chateaudegoutelas.fr\/wp-content\/uploads\/2025\/04\/BANDEAU-partenaires-mementopie-1200x80.png\" alt=\"\" width=\"596\" height=\"40\" \/><\/p>\n<p><i>Mementopie <\/i>est cofinanc\u00e9e par l&rsquo;UNION EUROP\u00c9ENNE dans le cadre du programme <a href=\"https:\/\/www.loireforez.fr\/entreprendre\/les-aides-financieres\/leader-loire-2023-2027\/\">LEADER<\/a>, la <a href=\"https:\/\/www.auvergnerhonealpes.fr\/\">R\u00e9gion Auvergne-Rh\u00f4ne-Alpes<\/a> et <a href=\"https:\/\/www.loireforez.fr\/\">Loire Forez agglom\u00e9ration<\/a>.<\/p>\n<p><img loading=\"lazy\" decoding=\"async\" src=\"https:\/\/www.chateaudegoutelas.fr\/wp-content\/uploads\/2025\/04\/bandeau-logos-partenaires-Mementopie_DEF-1200x111.jpg\" alt=\"\" width=\"597\" height=\"47\" \/><\/p>\n<h2>\n\t\t\tvoir aussi\t<\/h2>\n\t\t<a href=\"https:\/\/www.chateaudegoutelas.fr\/en\/artiste\/vincent-mauger\/\" title=\"Afficher le contenu de la bo\u00eete\" target=\"_self\"  aria-label=\"Post Element\"><\/a>\t\t\n\t\t\t\t\t\t\t\t\t\t\t\t\t\t<a href=\"https:\/\/www.chateaudegoutelas.fr\/en\/artiste\/vincent-mauger\/\" target=\"_self\" title=\"Vincent Mauger\">\n\t\t\t\t<img decoding=\"async\" src=\"https:\/\/www.chateaudegoutelas.fr\/wp-content\/uploads\/2024\/11\/photo-Vincent-Mauger-720x720.jpg\" alt=\"\" \/>\n\t\t\t\t<\/a>\n\t\t\t\t<a href=\"https:\/\/www.chateaudegoutelas.fr\/en\/artiste\/vincent-mauger\/\" title=\"Vincent Mauger\">Vincent Mauger<\/a>\t\t\t\n\t\t<a href=\"https:\/\/www.chateaudegoutelas.fr\/en\/zephyr\/\" title=\"Afficher le contenu de la bo\u00eete\" target=\"_self\"  aria-label=\"Post Element\"><\/a>\t\t\n\t\t\t\t\t\t\t\t\t\t\t\t\t\t<a href=\"https:\/\/www.chateaudegoutelas.fr\/en\/zephyr\/\" target=\"_self\" title=\"Z\u00e9phyr\">\n\t\t\t\t<img decoding=\"async\" src=\"https:\/\/www.chateaudegoutelas.fr\/wp-content\/uploads\/2025\/09\/zephyr_credit-UV-lab_1-e1758796326539-720x720.jpg\" alt=\"\" \/>\n\t\t\t\t<\/a>\n\t\t\t\t<a href=\"https:\/\/www.chateaudegoutelas.fr\/en\/zephyr\/\" title=\"Z\u00e9phyr\">Z\u00e9phyr<\/a>\t\t\t\n\t\t<a href=\"https:\/\/www.chateaudegoutelas.fr\/en\/parcours-d-oeuvres\/\" title=\"Afficher le contenu de la bo\u00eete\" target=\"_self\"  aria-label=\"Post Element\"><\/a>\t\t\n\t\t\t\t\t\t\t\t\t\t\t\t\t\t<a href=\"https:\/\/www.chateaudegoutelas.fr\/en\/parcours-d-oeuvres\/\" target=\"_self\" title=\"Parcours d&rsquo;art\">\n\t\t\t\t<img decoding=\"async\" src=\"https:\/\/www.chateaudegoutelas.fr\/wp-content\/uploads\/2024\/11\/cLouis-Perrin_8-720x720.jpg\" alt=\"\" \/>\n\t\t\t\t<\/a>\n\t\t\t\t<a href=\"https:\/\/www.chateaudegoutelas.fr\/en\/parcours-d-oeuvres\/\" title=\"Parcours d&rsquo;art\">Parcours d&rsquo;art<\/a>","protected":false},"excerpt":{"rendered":"<p>Mementopie Une sculpture-belv\u00e9d\u00e8re de Vincent Mauger \u00a9 Colombe Production Mementopie Une sculpture-belv\u00e9d\u00e8re de Vincent Mauger &nbsp; Prenez de la hauteur ! Cr\u00e9\u00e9e en 2025 par l&rsquo;artiste Vincent Mauger, Mementopie est une sculpture-belv\u00e9d\u00e8re qui offre un point de vue in\u00e9dit sur le ch\u00e2teau, au-del\u00e0 des remparts, et sur la plaine du Forez. \u00c0 l&rsquo;entr\u00e9e de Goutelas, [&hellip;]<\/p>\n","protected":false},"author":7,"featured_media":11106,"parent":0,"menu_order":0,"comment_status":"closed","ping_status":"closed","template":"","meta":{"site-sidebar-layout":"no-sidebar","site-content-layout":"","ast-site-content-layout":"full-width-container","site-content-style":"unboxed","site-sidebar-style":"unboxed","ast-global-header-display":"","ast-banner-title-visibility":"","ast-main-header-display":"","ast-hfb-above-header-display":"","ast-hfb-below-header-display":"","ast-hfb-mobile-header-display":"","site-post-title":"disabled","ast-breadcrumbs-content":"","ast-featured-img":"disabled","footer-sml-layout":"","ast-disable-related-posts":"","theme-transparent-header-meta":"default","adv-header-id-meta":"","stick-header-meta":"default","header-above-stick-meta":"","header-main-stick-meta":"","header-below-stick-meta":"","astra-migrate-meta-layouts":"set","ast-page-background-enabled":"default","ast-page-background-meta":{"desktop":{"background-color":"","background-image":"","background-repeat":"repeat","background-position":"center center","background-size":"auto","background-attachment":"scroll","background-type":"","background-media":"","overlay-type":"","overlay-color":"","overlay-opacity":"","overlay-gradient":""},"tablet":{"background-color":"","background-image":"","background-repeat":"repeat","background-position":"center center","background-size":"auto","background-attachment":"scroll","background-type":"","background-media":"","overlay-type":"","overlay-color":"","overlay-opacity":"","overlay-gradient":""},"mobile":{"background-color":"","background-image":"","background-repeat":"repeat","background-position":"center center","background-size":"auto","background-attachment":"scroll","background-type":"","background-media":"","overlay-type":"","overlay-color":"","overlay-opacity":"","overlay-gradient":""}},"ast-content-background-meta":{"desktop":{"background-color":"var(--ast-global-color-5)","background-image":"","background-repeat":"repeat","background-position":"center center","background-size":"auto","background-attachment":"scroll","background-type":"","background-media":"","overlay-type":"","overlay-color":"","overlay-opacity":"","overlay-gradient":""},"tablet":{"background-color":"var(--ast-global-color-5)","background-image":"","background-repeat":"repeat","background-position":"center center","background-size":"auto","background-attachment":"scroll","background-type":"","background-media":"","overlay-type":"","overlay-color":"","overlay-opacity":"","overlay-gradient":""},"mobile":{"background-color":"var(--ast-global-color-5)","background-image":"","background-repeat":"repeat","background-position":"center center","background-size":"auto","background-attachment":"scroll","background-type":"","background-media":"","overlay-type":"","overlay-color":"","overlay-opacity":"","overlay-gradient":""}},"footnotes":""},"categories":[116],"tags":[386],"class_list":["post-9910","page","type-page","status-publish","has-post-thumbnail","hentry","category-expositions","tag-exposition"],"yoast_head":"<!-- This site is optimized with the Yoast SEO plugin v27.5 - https:\/\/yoast.com\/product\/yoast-seo-wordpress\/ -->\n<title>Mementopie - Ch\u00e2teau de Goutelas<\/title>\n<meta name=\"robots\" content=\"index, follow, max-snippet:-1, max-image-preview:large, max-video-preview:-1\" \/>\n<link rel=\"canonical\" href=\"https:\/\/www.chateaudegoutelas.fr\/en\/mementopie\/\" \/>\n<meta property=\"og:locale\" content=\"en_GB\" \/>\n<meta property=\"og:type\" content=\"article\" \/>\n<meta property=\"og:title\" content=\"Mementopie - Ch\u00e2teau de Goutelas\" \/>\n<meta property=\"og:description\" content=\"Mementopie Une sculpture-belv\u00e9d\u00e8re de Vincent Mauger \u00a9 Colombe Production Mementopie Une sculpture-belv\u00e9d\u00e8re de Vincent Mauger &nbsp; Prenez de la hauteur ! Cr\u00e9\u00e9e en 2025 par l&rsquo;artiste Vincent Mauger, Mementopie est une sculpture-belv\u00e9d\u00e8re qui offre un point de vue in\u00e9dit sur le ch\u00e2teau, au-del\u00e0 des remparts, et sur la plaine du Forez. \u00c0 l&rsquo;entr\u00e9e de Goutelas, [&hellip;]\" \/>\n<meta property=\"og:url\" content=\"https:\/\/www.chateaudegoutelas.fr\/en\/mementopie\/\" \/>\n<meta property=\"og:site_name\" content=\"Ch\u00e2teau de Goutelas\" \/>\n<meta property=\"article:modified_time\" content=\"2026-01-09T13:44:22+00:00\" \/>\n<meta property=\"og:image\" content=\"https:\/\/www.chateaudegoutelas.fr\/wp-content\/uploads\/2025\/09\/Mementopie_Vincent-Mauger_Colombe-Production.jpg\" \/>\n\t<meta property=\"og:image:width\" content=\"1414\" \/>\n\t<meta property=\"og:image:height\" content=\"859\" \/>\n\t<meta property=\"og:image:type\" content=\"image\/jpeg\" \/>\n<meta name=\"twitter:card\" content=\"summary_large_image\" \/>\n<meta name=\"twitter:label1\" content=\"Estimated reading time\" \/>\n\t<meta name=\"twitter:data1\" content=\"3 minutes\" \/>\n<script type=\"application\/ld+json\" class=\"yoast-schema-graph\">{\"@context\":\"https:\\\/\\\/schema.org\",\"@graph\":[{\"@type\":\"WebPage\",\"@id\":\"https:\\\/\\\/www.chateaudegoutelas.fr\\\/mementopie\\\/\",\"url\":\"https:\\\/\\\/www.chateaudegoutelas.fr\\\/mementopie\\\/\",\"name\":\"Mementopie - Ch\u00e2teau de Goutelas\",\"isPartOf\":{\"@id\":\"https:\\\/\\\/www.chateaudegoutelas.fr\\\/#website\"},\"primaryImageOfPage\":{\"@id\":\"https:\\\/\\\/www.chateaudegoutelas.fr\\\/mementopie\\\/#primaryimage\"},\"image\":{\"@id\":\"https:\\\/\\\/www.chateaudegoutelas.fr\\\/mementopie\\\/#primaryimage\"},\"thumbnailUrl\":\"https:\\\/\\\/www.chateaudegoutelas.fr\\\/wp-content\\\/uploads\\\/2025\\\/09\\\/Mementopie_Vincent-Mauger_Colombe-Production.jpg\",\"datePublished\":\"2024-11-09T18:11:01+00:00\",\"dateModified\":\"2026-01-09T13:44:22+00:00\",\"breadcrumb\":{\"@id\":\"https:\\\/\\\/www.chateaudegoutelas.fr\\\/mementopie\\\/#breadcrumb\"},\"inLanguage\":\"en-GB\",\"potentialAction\":[{\"@type\":\"ReadAction\",\"target\":[\"https:\\\/\\\/www.chateaudegoutelas.fr\\\/mementopie\\\/\"]}]},{\"@type\":\"ImageObject\",\"inLanguage\":\"en-GB\",\"@id\":\"https:\\\/\\\/www.chateaudegoutelas.fr\\\/mementopie\\\/#primaryimage\",\"url\":\"https:\\\/\\\/www.chateaudegoutelas.fr\\\/wp-content\\\/uploads\\\/2025\\\/09\\\/Mementopie_Vincent-Mauger_Colombe-Production.jpg\",\"contentUrl\":\"https:\\\/\\\/www.chateaudegoutelas.fr\\\/wp-content\\\/uploads\\\/2025\\\/09\\\/Mementopie_Vincent-Mauger_Colombe-Production.jpg\",\"width\":1414,\"height\":859},{\"@type\":\"BreadcrumbList\",\"@id\":\"https:\\\/\\\/www.chateaudegoutelas.fr\\\/mementopie\\\/#breadcrumb\",\"itemListElement\":[{\"@type\":\"ListItem\",\"position\":1,\"name\":\"Accueil\",\"item\":\"https:\\\/\\\/www.chateaudegoutelas.fr\\\/\"},{\"@type\":\"ListItem\",\"position\":2,\"name\":\"Mementopie\"}]},{\"@type\":\"WebSite\",\"@id\":\"https:\\\/\\\/www.chateaudegoutelas.fr\\\/#website\",\"url\":\"https:\\\/\\\/www.chateaudegoutelas.fr\\\/\",\"name\":\"Ch\u00e2teau de Goutelas\",\"description\":\"Un centre culturel de rencontre en Forez\",\"publisher\":{\"@id\":\"https:\\\/\\\/www.chateaudegoutelas.fr\\\/#organization\"},\"potentialAction\":[{\"@type\":\"SearchAction\",\"target\":{\"@type\":\"EntryPoint\",\"urlTemplate\":\"https:\\\/\\\/www.chateaudegoutelas.fr\\\/?s={search_term_string}\"},\"query-input\":{\"@type\":\"PropertyValueSpecification\",\"valueRequired\":true,\"valueName\":\"search_term_string\"}}],\"inLanguage\":\"en-GB\"},{\"@type\":\"Organization\",\"@id\":\"https:\\\/\\\/www.chateaudegoutelas.fr\\\/#organization\",\"name\":\"Ch\u00e2teau de Goutelas\",\"url\":\"https:\\\/\\\/www.chateaudegoutelas.fr\\\/\",\"logo\":{\"@type\":\"ImageObject\",\"inLanguage\":\"en-GB\",\"@id\":\"https:\\\/\\\/www.chateaudegoutelas.fr\\\/#\\\/schema\\\/logo\\\/image\\\/\",\"url\":\"https:\\\/\\\/www.chateaudegoutelas.fr\\\/wp-content\\\/uploads\\\/2023\\\/05\\\/logo-chateau-goutelas-bleu.png\",\"contentUrl\":\"https:\\\/\\\/www.chateaudegoutelas.fr\\\/wp-content\\\/uploads\\\/2023\\\/05\\\/logo-chateau-goutelas-bleu.png\",\"width\":1123,\"height\":327,\"caption\":\"Ch\u00e2teau de Goutelas\"},\"image\":{\"@id\":\"https:\\\/\\\/www.chateaudegoutelas.fr\\\/#\\\/schema\\\/logo\\\/image\\\/\"}}]}<\/script>\n<!-- \/ Yoast SEO plugin. -->","yoast_head_json":{"title":"Mementopie - Ch\u00e2teau de Goutelas","robots":{"index":"index","follow":"follow","max-snippet":"max-snippet:-1","max-image-preview":"max-image-preview:large","max-video-preview":"max-video-preview:-1"},"canonical":"https:\/\/www.chateaudegoutelas.fr\/en\/mementopie\/","og_locale":"en_GB","og_type":"article","og_title":"Mementopie - Ch\u00e2teau de Goutelas","og_description":"Mementopie Une sculpture-belv\u00e9d\u00e8re de Vincent Mauger \u00a9 Colombe Production Mementopie Une sculpture-belv\u00e9d\u00e8re de Vincent Mauger &nbsp; Prenez de la hauteur ! Cr\u00e9\u00e9e en 2025 par l&rsquo;artiste Vincent Mauger, Mementopie est une sculpture-belv\u00e9d\u00e8re qui offre un point de vue in\u00e9dit sur le ch\u00e2teau, au-del\u00e0 des remparts, et sur la plaine du Forez. \u00c0 l&rsquo;entr\u00e9e de Goutelas, [&hellip;]","og_url":"https:\/\/www.chateaudegoutelas.fr\/en\/mementopie\/","og_site_name":"Ch\u00e2teau de Goutelas","article_modified_time":"2026-01-09T13:44:22+00:00","og_image":[{"width":1414,"height":859,"url":"https:\/\/www.chateaudegoutelas.fr\/wp-content\/uploads\/2025\/09\/Mementopie_Vincent-Mauger_Colombe-Production.jpg","type":"image\/jpeg"}],"twitter_card":"summary_large_image","twitter_misc":{"Estimated reading time":"3 minutes"},"schema":{"@context":"https:\/\/schema.org","@graph":[{"@type":"WebPage","@id":"https:\/\/www.chateaudegoutelas.fr\/mementopie\/","url":"https:\/\/www.chateaudegoutelas.fr\/mementopie\/","name":"Mementopie - Ch\u00e2teau de Goutelas","isPartOf":{"@id":"https:\/\/www.chateaudegoutelas.fr\/#website"},"primaryImageOfPage":{"@id":"https:\/\/www.chateaudegoutelas.fr\/mementopie\/#primaryimage"},"image":{"@id":"https:\/\/www.chateaudegoutelas.fr\/mementopie\/#primaryimage"},"thumbnailUrl":"https:\/\/www.chateaudegoutelas.fr\/wp-content\/uploads\/2025\/09\/Mementopie_Vincent-Mauger_Colombe-Production.jpg","datePublished":"2024-11-09T18:11:01+00:00","dateModified":"2026-01-09T13:44:22+00:00","breadcrumb":{"@id":"https:\/\/www.chateaudegoutelas.fr\/mementopie\/#breadcrumb"},"inLanguage":"en-GB","potentialAction":[{"@type":"ReadAction","target":["https:\/\/www.chateaudegoutelas.fr\/mementopie\/"]}]},{"@type":"ImageObject","inLanguage":"en-GB","@id":"https:\/\/www.chateaudegoutelas.fr\/mementopie\/#primaryimage","url":"https:\/\/www.chateaudegoutelas.fr\/wp-content\/uploads\/2025\/09\/Mementopie_Vincent-Mauger_Colombe-Production.jpg","contentUrl":"https:\/\/www.chateaudegoutelas.fr\/wp-content\/uploads\/2025\/09\/Mementopie_Vincent-Mauger_Colombe-Production.jpg","width":1414,"height":859},{"@type":"BreadcrumbList","@id":"https:\/\/www.chateaudegoutelas.fr\/mementopie\/#breadcrumb","itemListElement":[{"@type":"ListItem","position":1,"name":"Accueil","item":"https:\/\/www.chateaudegoutelas.fr\/"},{"@type":"ListItem","position":2,"name":"Mementopie"}]},{"@type":"WebSite","@id":"https:\/\/www.chateaudegoutelas.fr\/#website","url":"https:\/\/www.chateaudegoutelas.fr\/","name":"Ch\u00e2teau de Goutelas","description":"Un centre culturel de rencontre en Forez","publisher":{"@id":"https:\/\/www.chateaudegoutelas.fr\/#organization"},"potentialAction":[{"@type":"SearchAction","target":{"@type":"EntryPoint","urlTemplate":"https:\/\/www.chateaudegoutelas.fr\/?s={search_term_string}"},"query-input":{"@type":"PropertyValueSpecification","valueRequired":true,"valueName":"search_term_string"}}],"inLanguage":"en-GB"},{"@type":"Organization","@id":"https:\/\/www.chateaudegoutelas.fr\/#organization","name":"Ch\u00e2teau de Goutelas","url":"https:\/\/www.chateaudegoutelas.fr\/","logo":{"@type":"ImageObject","inLanguage":"en-GB","@id":"https:\/\/www.chateaudegoutelas.fr\/#\/schema\/logo\/image\/","url":"https:\/\/www.chateaudegoutelas.fr\/wp-content\/uploads\/2023\/05\/logo-chateau-goutelas-bleu.png","contentUrl":"https:\/\/www.chateaudegoutelas.fr\/wp-content\/uploads\/2023\/05\/logo-chateau-goutelas-bleu.png","width":1123,"height":327,"caption":"Ch\u00e2teau de Goutelas"},"image":{"@id":"https:\/\/www.chateaudegoutelas.fr\/#\/schema\/logo\/image\/"}}]}},"_links":{"self":[{"href":"https:\/\/www.chateaudegoutelas.fr\/en\/wp-json\/wp\/v2\/pages\/9910","targetHints":{"allow":["GET"]}}],"collection":[{"href":"https:\/\/www.chateaudegoutelas.fr\/en\/wp-json\/wp\/v2\/pages"}],"about":[{"href":"https:\/\/www.chateaudegoutelas.fr\/en\/wp-json\/wp\/v2\/types\/page"}],"author":[{"embeddable":true,"href":"https:\/\/www.chateaudegoutelas.fr\/en\/wp-json\/wp\/v2\/users\/7"}],"replies":[{"embeddable":true,"href":"https:\/\/www.chateaudegoutelas.fr\/en\/wp-json\/wp\/v2\/comments?post=9910"}],"version-history":[{"count":7,"href":"https:\/\/www.chateaudegoutelas.fr\/en\/wp-json\/wp\/v2\/pages\/9910\/revisions"}],"predecessor-version":[{"id":11658,"href":"https:\/\/www.chateaudegoutelas.fr\/en\/wp-json\/wp\/v2\/pages\/9910\/revisions\/11658"}],"wp:featuredmedia":[{"embeddable":true,"href":"https:\/\/www.chateaudegoutelas.fr\/en\/wp-json\/wp\/v2\/media\/11106"}],"wp:attachment":[{"href":"https:\/\/www.chateaudegoutelas.fr\/en\/wp-json\/wp\/v2\/media?parent=9910"}],"wp:term":[{"taxonomy":"category","embeddable":true,"href":"https:\/\/www.chateaudegoutelas.fr\/en\/wp-json\/wp\/v2\/categories?post=9910"},{"taxonomy":"post_tag","embeddable":true,"href":"https:\/\/www.chateaudegoutelas.fr\/en\/wp-json\/wp\/v2\/tags?post=9910"}],"curies":[{"name":"wp","href":"https:\/\/api.w.org\/{rel}","templated":true}]}}