{"id":9901,"date":"2024-12-06T18:24:11","date_gmt":"2024-12-06T17:24:11","guid":{"rendered":"https:\/\/www.chateaudegoutelas.fr\/?page_id=9901"},"modified":"2025-09-25T11:51:10","modified_gmt":"2025-09-25T09:51:10","slug":"parcours-d-oeuvres","status":"publish","type":"page","link":"https:\/\/www.chateaudegoutelas.fr\/en\/parcours-d-oeuvres\/","title":{"rendered":"Parcours d&rsquo;art"},"content":{"rendered":"<h1>\n\t\t\t\tParcours d&rsquo;art\n\t\t\t<\/h1>\n\t\t\t<h3><b>Vers un parcours d&rsquo;art \u00e0 ciel ouvert<\/b><\/h3>\t\n\t<p>\u00a9 Louis Perrin<\/p>\n\t<h1>\n\t\t\t\tParcours d&rsquo;art\n\t\t\t<\/h1>\n\t\t\t<h3><b>Vers un parcours d&rsquo;art \u00e0 ciel ouvert<\/b><\/h3>\t\n\t<p>&nbsp;<\/p>\n<p><strong>Depuis l&rsquo;\u00e9t\u00e9 2025, le domaine de Goutelas se transforme en terrain de dialogue entre patrimoine, art contemporain et paysages. Le parcours d&rsquo;art invite \u00e0 d\u00e9couvrir, au fil des sentiers, des \u0153uvres monumentales qui font r\u00e9sonner m\u00e9moire, imaginaire et cr\u00e9ation partag\u00e9e.<\/strong><\/p>\nDeux premi\u00e8res r\u00e9alisations ouvrent ce chemin : <a href=\"https:\/\/www.chateaudegoutelas.fr\/en\/mementopie\/\"><em data-start=\"573\" data-end=\"585\">M\u00e9mentopie<\/em><\/a>, sculpture-belv\u00e9d\u00e8re de <a href=\"https:\/\/www.vincentmauger.com\/\">Vincent Mauger<\/a>, et <a href=\"https:\/\/www.chateaudegoutelas.fr\/en\/zephyr\/\"><em data-start=\"629\" data-end=\"637\">Z\u00e9phyr<\/em><\/a>, sc\u00e8ne de plein air imagin\u00e9e par le collectif <a href=\"https:\/\/www.uvlab.fr\/fr\">UV Lab<\/a>. Con\u00e7ues en lien direct avec le ch\u00e2teau et son environnement, elles transforment la perception des lieux et invitent \u00e0 des exp\u00e9riences sensibles, entre contemplation et rencontre.\nCe parcours artistique est pens\u00e9 comme un projet \u00e9volutif : \u00e0 terme, une dizaine d&rsquo;\u0153uvres jalonneront le domaine. Chaque cr\u00e9ation associera des artistes, artisan\u00b7e\u00b7s, entreprises et habitant\u00b7e\u00b7s du Forez, valorisant ainsi des savoir-faire locaux et des r\u00e9cits collectifs. Cette d\u00e9marche s&rsquo;inscrit dans une attention particuli\u00e8re \u00e0 la durabilit\u00e9, \u00e0 l&rsquo;harmonie avec le paysage et \u00e0 l&rsquo;hospitalit\u00e9 du site.\nAccessible librement toute l&rsquo;ann\u00e9e, le parcours offre une autre mani\u00e8re de d\u00e9couvrir le ch\u00e2teau et ses abords : en fl\u00e2nant d&rsquo;une \u0153uvre \u00e0 l&rsquo;autre, chacun\u00b7e est invit\u00e9\u00b7e \u00e0 poser un regard nouveau sur le patrimoine, \u00e0 tisser ses propres histoires et \u00e0 habiter autrement le paysage du Forez.\n\t<p><strong>SOUTIENS<\/strong><\/p>\n\t<p>Le projet \u00ab Vers un\u00a0parcours patrimonial, culturel et touristique d&rsquo;envergure \u00bb est cofinanc\u00e9 par <a href=\"https:\/\/www.loireforez.fr\/\">Loire Forez agglom\u00e9ration<\/a>, la <a href=\"https:\/\/www.auvergnerhonealpes.fr\/\">R\u00e9gion Auvergne-Rh\u00f4ne-Alpes<\/a> et l&rsquo;UNION EUROPEENNE dans le cadre du programme <a href=\"https:\/\/www.loireforez.fr\/entreprendre\/les-aides-financieres\/leader-loire-2023-2027\/\">Leader<\/a>.<\/p>\n\t\t\t\t<img decoding=\"async\" src=\"https:\/\/www.chateaudegoutelas.fr\/wp-content\/uploads\/2025\/04\/bandeau-logos-partenaires-Mementopie_DEF-scaled.jpg\" alt=\"bandeau logos partenaires Mementopie_DEF\" itemprop=\"image\" height=\"238\" width=\"2560\" title=\"bandeau logos partenaires Mementopie_DEF\" onerror=\"this.style.display='none'\" loading=\"lazy\" \/>\n<h2>\n\t\t\t\u00e0 d\u00e9couvrir\t<\/h2>\n\t\t<a href=\"https:\/\/www.chateaudegoutelas.fr\/en\/mementopie\/\" title=\"Afficher le contenu de la bo\u00eete\" target=\"_self\"  aria-label=\"Post Element\"><\/a>\t\t\n\t\t\t\t\t\t\t\t\t\t\t\t\t\t<a href=\"https:\/\/www.chateaudegoutelas.fr\/en\/mementopie\/\" target=\"_self\" title=\"Mementopie\">\n\t\t\t\t<img decoding=\"async\" src=\"https:\/\/www.chateaudegoutelas.fr\/wp-content\/uploads\/2025\/06\/Mementopie_Vincent-Mauger_Colombe-Production_BD-e1756977892301-720x720.jpg\" alt=\"\" \/>\n\t\t\t\t<\/a>\n\t\t\t\t\t\t<h4>\n\t\t\t\t<a href=\"https:\/\/www.chateaudegoutelas.fr\/en\/mementopie\/\" title=\"Mementopie\">Mementopie<\/a>\t\t\t<\/h4>\n\t\t<a href=\"https:\/\/www.chateaudegoutelas.fr\/en\/zephyr\/\" title=\"Afficher le contenu de la bo\u00eete\" target=\"_self\"  aria-label=\"Post Element\"><\/a>\t\t\n\t\t\t\t\t\t\t\t\t\t\t\t\t\t<a href=\"https:\/\/www.chateaudegoutelas.fr\/en\/zephyr\/\" target=\"_self\" title=\"Z\u00e9phyr\">\n\t\t\t\t<img decoding=\"async\" src=\"https:\/\/www.chateaudegoutelas.fr\/wp-content\/uploads\/2025\/04\/zephyr-visuel_carre-720x720.jpg\" alt=\"\" \/>\n\t\t\t\t<\/a>\n\t\t\t\t\t\t<h4>\n\t\t\t\t<a href=\"https:\/\/www.chateaudegoutelas.fr\/en\/zephyr\/\" title=\"Z\u00e9phyr\">Z\u00e9phyr<\/a>\t\t\t<\/h4>","protected":false},"excerpt":{"rendered":"<p>Parcours d&rsquo;art Vers un parcours d&rsquo;art \u00e0 ciel ouvert \u00a9 Louis Perrin Parcours d&rsquo;art Vers un parcours d&rsquo;art \u00e0 ciel ouvert &nbsp; Depuis l&rsquo;\u00e9t\u00e9 2025, le domaine de Goutelas se transforme en terrain de dialogue entre patrimoine, art contemporain et paysages. Le parcours d&rsquo;art invite \u00e0 d\u00e9couvrir, au fil des sentiers, des \u0153uvres monumentales qui [&hellip;]<\/p>\n","protected":false},"author":7,"featured_media":9904,"parent":0,"menu_order":0,"comment_status":"closed","ping_status":"closed","template":"","meta":{"site-sidebar-layout":"no-sidebar","site-content-layout":"","ast-site-content-layout":"full-width-container","site-content-style":"unboxed","site-sidebar-style":"unboxed","ast-global-header-display":"","ast-banner-title-visibility":"","ast-main-header-display":"","ast-hfb-above-header-display":"","ast-hfb-below-header-display":"","ast-hfb-mobile-header-display":"","site-post-title":"disabled","ast-breadcrumbs-content":"","ast-featured-img":"disabled","footer-sml-layout":"","ast-disable-related-posts":"","theme-transparent-header-meta":"default","adv-header-id-meta":"","stick-header-meta":"default","header-above-stick-meta":"","header-main-stick-meta":"","header-below-stick-meta":"","astra-migrate-meta-layouts":"set","ast-page-background-enabled":"default","ast-page-background-meta":{"desktop":{"background-color":"","background-image":"","background-repeat":"repeat","background-position":"center center","background-size":"auto","background-attachment":"scroll","background-type":"","background-media":"","overlay-type":"","overlay-color":"","overlay-opacity":"","overlay-gradient":""},"tablet":{"background-color":"","background-image":"","background-repeat":"repeat","background-position":"center center","background-size":"auto","background-attachment":"scroll","background-type":"","background-media":"","overlay-type":"","overlay-color":"","overlay-opacity":"","overlay-gradient":""},"mobile":{"background-color":"","background-image":"","background-repeat":"repeat","background-position":"center center","background-size":"auto","background-attachment":"scroll","background-type":"","background-media":"","overlay-type":"","overlay-color":"","overlay-opacity":"","overlay-gradient":""}},"ast-content-background-meta":{"desktop":{"background-color":"var(--ast-global-color-5)","background-image":"","background-repeat":"repeat","background-position":"center center","background-size":"auto","background-attachment":"scroll","background-type":"","background-media":"","overlay-type":"","overlay-color":"","overlay-opacity":"","overlay-gradient":""},"tablet":{"background-color":"var(--ast-global-color-5)","background-image":"","background-repeat":"repeat","background-position":"center center","background-size":"auto","background-attachment":"scroll","background-type":"","background-media":"","overlay-type":"","overlay-color":"","overlay-opacity":"","overlay-gradient":""},"mobile":{"background-color":"var(--ast-global-color-5)","background-image":"","background-repeat":"repeat","background-position":"center center","background-size":"auto","background-attachment":"scroll","background-type":"","background-media":"","overlay-type":"","overlay-color":"","overlay-opacity":"","overlay-gradient":""}},"footnotes":""},"categories":[116],"tags":[388,440],"class_list":["post-9901","page","type-page","status-publish","has-post-thumbnail","hentry","category-expositions","tag-arts-visuels","tag-parcours"],"yoast_head":"<!-- This site is optimized with the Yoast SEO plugin v27.5 - https:\/\/yoast.com\/product\/yoast-seo-wordpress\/ -->\n<title>Parcours d&#039;art - Ch\u00e2teau de Goutelas<\/title>\n<meta name=\"robots\" content=\"index, follow, max-snippet:-1, max-image-preview:large, max-video-preview:-1\" \/>\n<link rel=\"canonical\" href=\"https:\/\/www.chateaudegoutelas.fr\/en\/parcours-d-oeuvres\/\" \/>\n<meta property=\"og:locale\" content=\"en_GB\" \/>\n<meta property=\"og:type\" content=\"article\" \/>\n<meta property=\"og:title\" content=\"Parcours d&#039;art - Ch\u00e2teau de Goutelas\" \/>\n<meta property=\"og:description\" content=\"Parcours d&rsquo;art Vers un parcours d&rsquo;art \u00e0 ciel ouvert \u00a9 Louis Perrin Parcours d&rsquo;art Vers un parcours d&rsquo;art \u00e0 ciel ouvert &nbsp; Depuis l&rsquo;\u00e9t\u00e9 2025, le domaine de Goutelas se transforme en terrain de dialogue entre patrimoine, art contemporain et paysages. Le parcours d&rsquo;art invite \u00e0 d\u00e9couvrir, au fil des sentiers, des \u0153uvres monumentales qui [&hellip;]\" \/>\n<meta property=\"og:url\" content=\"https:\/\/www.chateaudegoutelas.fr\/en\/parcours-d-oeuvres\/\" \/>\n<meta property=\"og:site_name\" content=\"Ch\u00e2teau de Goutelas\" \/>\n<meta property=\"article:modified_time\" content=\"2025-09-25T09:51:10+00:00\" \/>\n<meta property=\"og:image\" content=\"https:\/\/www.chateaudegoutelas.fr\/wp-content\/uploads\/2024\/11\/cLouis-Perrin_8-scaled.jpg\" \/>\n\t<meta property=\"og:image:width\" content=\"2316\" \/>\n\t<meta property=\"og:image:height\" content=\"2560\" \/>\n\t<meta property=\"og:image:type\" content=\"image\/jpeg\" \/>\n<meta name=\"twitter:card\" content=\"summary_large_image\" \/>\n<meta name=\"twitter:label1\" content=\"Estimated reading time\" \/>\n\t<meta name=\"twitter:data1\" content=\"2 minutes\" \/>\n<script type=\"application\/ld+json\" class=\"yoast-schema-graph\">{\"@context\":\"https:\\\/\\\/schema.org\",\"@graph\":[{\"@type\":\"WebPage\",\"@id\":\"https:\\\/\\\/www.chateaudegoutelas.fr\\\/parcours-d-oeuvres\\\/\",\"url\":\"https:\\\/\\\/www.chateaudegoutelas.fr\\\/parcours-d-oeuvres\\\/\",\"name\":\"Parcours d'art - Ch\u00e2teau de Goutelas\",\"isPartOf\":{\"@id\":\"https:\\\/\\\/www.chateaudegoutelas.fr\\\/#website\"},\"primaryImageOfPage\":{\"@id\":\"https:\\\/\\\/www.chateaudegoutelas.fr\\\/parcours-d-oeuvres\\\/#primaryimage\"},\"image\":{\"@id\":\"https:\\\/\\\/www.chateaudegoutelas.fr\\\/parcours-d-oeuvres\\\/#primaryimage\"},\"thumbnailUrl\":\"https:\\\/\\\/www.chateaudegoutelas.fr\\\/wp-content\\\/uploads\\\/2024\\\/11\\\/cLouis-Perrin_8-scaled.jpg\",\"datePublished\":\"2024-12-06T17:24:11+00:00\",\"dateModified\":\"2025-09-25T09:51:10+00:00\",\"breadcrumb\":{\"@id\":\"https:\\\/\\\/www.chateaudegoutelas.fr\\\/parcours-d-oeuvres\\\/#breadcrumb\"},\"inLanguage\":\"en-GB\",\"potentialAction\":[{\"@type\":\"ReadAction\",\"target\":[\"https:\\\/\\\/www.chateaudegoutelas.fr\\\/parcours-d-oeuvres\\\/\"]}]},{\"@type\":\"ImageObject\",\"inLanguage\":\"en-GB\",\"@id\":\"https:\\\/\\\/www.chateaudegoutelas.fr\\\/parcours-d-oeuvres\\\/#primaryimage\",\"url\":\"https:\\\/\\\/www.chateaudegoutelas.fr\\\/wp-content\\\/uploads\\\/2024\\\/11\\\/cLouis-Perrin_8-scaled.jpg\",\"contentUrl\":\"https:\\\/\\\/www.chateaudegoutelas.fr\\\/wp-content\\\/uploads\\\/2024\\\/11\\\/cLouis-Perrin_8-scaled.jpg\",\"width\":2316,\"height\":2560},{\"@type\":\"BreadcrumbList\",\"@id\":\"https:\\\/\\\/www.chateaudegoutelas.fr\\\/parcours-d-oeuvres\\\/#breadcrumb\",\"itemListElement\":[{\"@type\":\"ListItem\",\"position\":1,\"name\":\"Accueil\",\"item\":\"https:\\\/\\\/www.chateaudegoutelas.fr\\\/\"},{\"@type\":\"ListItem\",\"position\":2,\"name\":\"Parcours d&rsquo;art\"}]},{\"@type\":\"WebSite\",\"@id\":\"https:\\\/\\\/www.chateaudegoutelas.fr\\\/#website\",\"url\":\"https:\\\/\\\/www.chateaudegoutelas.fr\\\/\",\"name\":\"Ch\u00e2teau de Goutelas\",\"description\":\"Un centre culturel de rencontre en Forez\",\"publisher\":{\"@id\":\"https:\\\/\\\/www.chateaudegoutelas.fr\\\/#organization\"},\"potentialAction\":[{\"@type\":\"SearchAction\",\"target\":{\"@type\":\"EntryPoint\",\"urlTemplate\":\"https:\\\/\\\/www.chateaudegoutelas.fr\\\/?s={search_term_string}\"},\"query-input\":{\"@type\":\"PropertyValueSpecification\",\"valueRequired\":true,\"valueName\":\"search_term_string\"}}],\"inLanguage\":\"en-GB\"},{\"@type\":\"Organization\",\"@id\":\"https:\\\/\\\/www.chateaudegoutelas.fr\\\/#organization\",\"name\":\"Ch\u00e2teau de Goutelas\",\"url\":\"https:\\\/\\\/www.chateaudegoutelas.fr\\\/\",\"logo\":{\"@type\":\"ImageObject\",\"inLanguage\":\"en-GB\",\"@id\":\"https:\\\/\\\/www.chateaudegoutelas.fr\\\/#\\\/schema\\\/logo\\\/image\\\/\",\"url\":\"https:\\\/\\\/www.chateaudegoutelas.fr\\\/wp-content\\\/uploads\\\/2023\\\/05\\\/logo-chateau-goutelas-bleu.png\",\"contentUrl\":\"https:\\\/\\\/www.chateaudegoutelas.fr\\\/wp-content\\\/uploads\\\/2023\\\/05\\\/logo-chateau-goutelas-bleu.png\",\"width\":1123,\"height\":327,\"caption\":\"Ch\u00e2teau de Goutelas\"},\"image\":{\"@id\":\"https:\\\/\\\/www.chateaudegoutelas.fr\\\/#\\\/schema\\\/logo\\\/image\\\/\"}}]}<\/script>\n<!-- \/ Yoast SEO plugin. -->","yoast_head_json":{"title":"Parcours d'art - Ch\u00e2teau de Goutelas","robots":{"index":"index","follow":"follow","max-snippet":"max-snippet:-1","max-image-preview":"max-image-preview:large","max-video-preview":"max-video-preview:-1"},"canonical":"https:\/\/www.chateaudegoutelas.fr\/en\/parcours-d-oeuvres\/","og_locale":"en_GB","og_type":"article","og_title":"Parcours d'art - Ch\u00e2teau de Goutelas","og_description":"Parcours d&rsquo;art Vers un parcours d&rsquo;art \u00e0 ciel ouvert \u00a9 Louis Perrin Parcours d&rsquo;art Vers un parcours d&rsquo;art \u00e0 ciel ouvert &nbsp; Depuis l&rsquo;\u00e9t\u00e9 2025, le domaine de Goutelas se transforme en terrain de dialogue entre patrimoine, art contemporain et paysages. Le parcours d&rsquo;art invite \u00e0 d\u00e9couvrir, au fil des sentiers, des \u0153uvres monumentales qui [&hellip;]","og_url":"https:\/\/www.chateaudegoutelas.fr\/en\/parcours-d-oeuvres\/","og_site_name":"Ch\u00e2teau de Goutelas","article_modified_time":"2025-09-25T09:51:10+00:00","og_image":[{"width":2316,"height":2560,"url":"https:\/\/www.chateaudegoutelas.fr\/wp-content\/uploads\/2024\/11\/cLouis-Perrin_8-scaled.jpg","type":"image\/jpeg"}],"twitter_card":"summary_large_image","twitter_misc":{"Estimated reading time":"2 minutes"},"schema":{"@context":"https:\/\/schema.org","@graph":[{"@type":"WebPage","@id":"https:\/\/www.chateaudegoutelas.fr\/parcours-d-oeuvres\/","url":"https:\/\/www.chateaudegoutelas.fr\/parcours-d-oeuvres\/","name":"Parcours d'art - Ch\u00e2teau de Goutelas","isPartOf":{"@id":"https:\/\/www.chateaudegoutelas.fr\/#website"},"primaryImageOfPage":{"@id":"https:\/\/www.chateaudegoutelas.fr\/parcours-d-oeuvres\/#primaryimage"},"image":{"@id":"https:\/\/www.chateaudegoutelas.fr\/parcours-d-oeuvres\/#primaryimage"},"thumbnailUrl":"https:\/\/www.chateaudegoutelas.fr\/wp-content\/uploads\/2024\/11\/cLouis-Perrin_8-scaled.jpg","datePublished":"2024-12-06T17:24:11+00:00","dateModified":"2025-09-25T09:51:10+00:00","breadcrumb":{"@id":"https:\/\/www.chateaudegoutelas.fr\/parcours-d-oeuvres\/#breadcrumb"},"inLanguage":"en-GB","potentialAction":[{"@type":"ReadAction","target":["https:\/\/www.chateaudegoutelas.fr\/parcours-d-oeuvres\/"]}]},{"@type":"ImageObject","inLanguage":"en-GB","@id":"https:\/\/www.chateaudegoutelas.fr\/parcours-d-oeuvres\/#primaryimage","url":"https:\/\/www.chateaudegoutelas.fr\/wp-content\/uploads\/2024\/11\/cLouis-Perrin_8-scaled.jpg","contentUrl":"https:\/\/www.chateaudegoutelas.fr\/wp-content\/uploads\/2024\/11\/cLouis-Perrin_8-scaled.jpg","width":2316,"height":2560},{"@type":"BreadcrumbList","@id":"https:\/\/www.chateaudegoutelas.fr\/parcours-d-oeuvres\/#breadcrumb","itemListElement":[{"@type":"ListItem","position":1,"name":"Accueil","item":"https:\/\/www.chateaudegoutelas.fr\/"},{"@type":"ListItem","position":2,"name":"Parcours d&rsquo;art"}]},{"@type":"WebSite","@id":"https:\/\/www.chateaudegoutelas.fr\/#website","url":"https:\/\/www.chateaudegoutelas.fr\/","name":"Ch\u00e2teau de Goutelas","description":"Un centre culturel de rencontre en Forez","publisher":{"@id":"https:\/\/www.chateaudegoutelas.fr\/#organization"},"potentialAction":[{"@type":"SearchAction","target":{"@type":"EntryPoint","urlTemplate":"https:\/\/www.chateaudegoutelas.fr\/?s={search_term_string}"},"query-input":{"@type":"PropertyValueSpecification","valueRequired":true,"valueName":"search_term_string"}}],"inLanguage":"en-GB"},{"@type":"Organization","@id":"https:\/\/www.chateaudegoutelas.fr\/#organization","name":"Ch\u00e2teau de Goutelas","url":"https:\/\/www.chateaudegoutelas.fr\/","logo":{"@type":"ImageObject","inLanguage":"en-GB","@id":"https:\/\/www.chateaudegoutelas.fr\/#\/schema\/logo\/image\/","url":"https:\/\/www.chateaudegoutelas.fr\/wp-content\/uploads\/2023\/05\/logo-chateau-goutelas-bleu.png","contentUrl":"https:\/\/www.chateaudegoutelas.fr\/wp-content\/uploads\/2023\/05\/logo-chateau-goutelas-bleu.png","width":1123,"height":327,"caption":"Ch\u00e2teau de Goutelas"},"image":{"@id":"https:\/\/www.chateaudegoutelas.fr\/#\/schema\/logo\/image\/"}}]}},"_links":{"self":[{"href":"https:\/\/www.chateaudegoutelas.fr\/en\/wp-json\/wp\/v2\/pages\/9901","targetHints":{"allow":["GET"]}}],"collection":[{"href":"https:\/\/www.chateaudegoutelas.fr\/en\/wp-json\/wp\/v2\/pages"}],"about":[{"href":"https:\/\/www.chateaudegoutelas.fr\/en\/wp-json\/wp\/v2\/types\/page"}],"author":[{"embeddable":true,"href":"https:\/\/www.chateaudegoutelas.fr\/en\/wp-json\/wp\/v2\/users\/7"}],"replies":[{"embeddable":true,"href":"https:\/\/www.chateaudegoutelas.fr\/en\/wp-json\/wp\/v2\/comments?post=9901"}],"version-history":[{"count":7,"href":"https:\/\/www.chateaudegoutelas.fr\/en\/wp-json\/wp\/v2\/pages\/9901\/revisions"}],"predecessor-version":[{"id":11117,"href":"https:\/\/www.chateaudegoutelas.fr\/en\/wp-json\/wp\/v2\/pages\/9901\/revisions\/11117"}],"wp:featuredmedia":[{"embeddable":true,"href":"https:\/\/www.chateaudegoutelas.fr\/en\/wp-json\/wp\/v2\/media\/9904"}],"wp:attachment":[{"href":"https:\/\/www.chateaudegoutelas.fr\/en\/wp-json\/wp\/v2\/media?parent=9901"}],"wp:term":[{"taxonomy":"category","embeddable":true,"href":"https:\/\/www.chateaudegoutelas.fr\/en\/wp-json\/wp\/v2\/categories?post=9901"},{"taxonomy":"post_tag","embeddable":true,"href":"https:\/\/www.chateaudegoutelas.fr\/en\/wp-json\/wp\/v2\/tags?post=9901"}],"curies":[{"name":"wp","href":"https:\/\/api.w.org\/{rel}","templated":true}]}}