{"id":9005,"date":"2024-01-24T11:59:27","date_gmt":"2024-01-24T10:59:27","guid":{"rendered":"https:\/\/www.chateaudegoutelas.fr\/?page_id=9005"},"modified":"2025-09-11T12:28:27","modified_gmt":"2025-09-11T10:28:27","slug":"goutelas-et-le-droit","status":"publish","type":"page","link":"https:\/\/www.chateaudegoutelas.fr\/en\/goutelas-et-le-droit\/","title":{"rendered":"Goutelas et le droit"},"content":{"rendered":"<h1>\n\t\t\t\tGoutelas et le droit\n\t\t\t<\/h1>\n\t\t\t<h3>Singularit\u00e9s d&rsquo;une histoire et d&rsquo;un projet<\/h3>\t\n\t<h1>\n\t\t\t\tGoutelas et le droit\n\t\t\t<\/h1>\n\t\t\t<h3>Singularit\u00e9s d&rsquo;une histoire et d&rsquo;un projet<\/h3>\t\n\t<p>Le Ch\u00e2teau de Goutelas d\u00e9veloppe son projet de <a href=\"https:\/\/www.accr-europe.org\/\">heritage site for culture<\/a> autour du th\u00e8me : \u00ab\u00a0<strong>Humanisme, droit, cr\u00e9ation &#8211; espace de recherche et d&rsquo;exp\u00e9rimentation de l&rsquo;\u00e9ducation populaire<\/strong>\u00ab\u00a0.<\/p>\n<p>La place singuli\u00e8re du droit, reli\u00e9 de fa\u00e7on in\u00e9dite \u00e0 la cr\u00e9ation, \u00e0 la culture et \u00e0 la citoyennet\u00e9, est d&rsquo;abord un hommage \u00e0 Jean Papon (1507-1590), b\u00e2tisseur du ch\u00e2teau et Grand Juge du Forez, d\u00e9j\u00e0 soucieux en son temps de l&rsquo;accessibilit\u00e9 des lois en langue fran\u00e7aise. Dans les ann\u00e9es 1960, aux c\u00f4t\u00e9s des paysans, ouvriers et habitants du Forez, de nombreux juristes participent \u00e0 la restauration du site, entra\u00een\u00e9s par <strong>Paul Bouchet<\/strong> (1924 &#8211; 2019), avocat et conseiller d&rsquo;Etat, Pr\u00e9sident d&rsquo;ATD Quart Monde, lutteur infatigable pour la justice et la dignit\u00e9 de tous. Goutelas devient alors le terrain de d\u00e9bats d&rsquo;id\u00e9es et d&rsquo;exp\u00e9rimentations autour du droit.<\/p>\n<p>Aujourd&rsquo;hui, dans un souci d\u00e9mocratique et dans une d\u00e9marche cr\u00e9ative, <strong>le droit se confronte aux sciences humaines et aux pratiques artistiques<\/strong>. En 2019, une biblioth\u00e8que est inaugur\u00e9e dans cette intention, \u00e0 l&rsquo;occasion du d\u00e9p\u00f4t de l&rsquo;\u00e9p\u00e9e d&rsquo;acad\u00e9micienne de <strong>Mireille Delmas-Marty<\/strong>, juriste et philosophe. En 2021, le programme de <a href=\"https:\/\/www.chateaudegoutelas.fr\/en\/creation-et-recherche\/residences-de-juristes\/\"><strong>r\u00e9sidences Adamas<\/strong><\/a> est inaugur\u00e9 ; il propose \u00e0 de jeunes chercheurs et chercheuses en droit de venir travailler au ch\u00e2teau.<\/p>\n<p>Dans le cadre sa programmation culturelle, Goutelas propose des <strong>temps forts et rencontres interdisciplinaires<\/strong> <strong>qui croisent la cr\u00e9ation artistique contemporaine et le droit<\/strong> de mani\u00e8re originale. Ils rassemblent des chercheur.e.s, juristes et artistes et s&rsquo;attachent \u00e0 explorer de grands enjeux actuels : environnement, nouvelles technologies, sant\u00e9, migrations, travail&#8230;<\/p>\n<p>Tout au long de l&rsquo;ann\u00e9e, le Ch\u00e2teau de Goutelas met \u00e0 disposition ses espaces de travail et accueille des s\u00e9minaires d&rsquo;\u00e9tude priv\u00e9s, des r\u00e9unions de travail et \u00e9v\u00e9nements priv\u00e9s dans le domaine du droit et de la recherche.<\/p>\nAujourd&rsquo;hui, diff\u00e9rentes institutions partenaires accompagnent le Ch\u00e2teau de Goutelas dans cette approche renouvel\u00e9e du droit :<br \/>\n<a href=\"https:\/\/www.barreaulyon.com\/\">Le Barreau du Lyon<\/a>, \u00a0<a href=\"https:\/\/www.conseil-constitutionnel.fr\/\">le Conseil Constitutionnel<\/a>, <a href=\"https:\/\/www.nurembergacademy.org\/\">l&rsquo;Acad\u00e9mie Internationale des Principes de Nuremberg<\/a>, <a href=\"https:\/\/aide-ride.org\/\">l&rsquo;Association Internationale de Droit \u00c9conomique (AIDE)<\/a>, et <a href=\"https:\/\/gip-ierdj.fr\/fr\/\">l&rsquo;Institut des Etudes et de la Recherche sur le Droit et la Justice (IERDJ)<\/a>.\n<h2>\n\t\t\tvoir aussi\t<\/h2>\n\t\t<a href=\"https:\/\/www.chateaudegoutelas.fr\/en\/residences\/residences-de-juristes\/\" title=\"Afficher le contenu de la bo\u00eete\" target=\"_self\"  aria-label=\"Post Element\"><\/a>\t\t\n\t\t\t\t\t\t\t\t\t\t\t\t\t\t<a href=\"https:\/\/www.chateaudegoutelas.fr\/en\/residences\/residences-de-juristes\/\" target=\"_self\" title=\"R\u00e9sidences Adamas\">\n\t\t\t\t<img decoding=\"async\" src=\"https:\/\/www.chateaudegoutelas.fr\/wp-content\/uploads\/2024\/05\/RESIDENCE-ADAMAS-1-720x720.jpg\" alt=\"\" \/>\n\t\t\t\t<\/a>\n\t\t\t\t\t\t<h4>\n\t\t\t\t<a href=\"https:\/\/www.chateaudegoutelas.fr\/en\/residences\/residences-de-juristes\/\" title=\"R\u00e9sidences Adamas\">R\u00e9sidences Adamas<\/a>\t\t\t<\/h4>\n\t\t<a href=\"https:\/\/www.chateaudegoutelas.fr\/en\/democratie-et-citoyennete\/\" title=\"Afficher le contenu de la bo\u00eete\" target=\"_self\"  aria-label=\"Post Element\"><\/a>\t\t\n\t\t\t\t\t\t\t\t\t\t\t\t\t\t<a href=\"https:\/\/www.chateaudegoutelas.fr\/en\/democratie-et-citoyennete\/\" target=\"_self\" title=\"D\u00e9mocratie &#038; citoyennet\u00e9\">\n\t\t\t\t<img decoding=\"async\" src=\"https:\/\/www.chateaudegoutelas.fr\/wp-content\/uploads\/2024\/12\/P1140464-720x720.jpg\" alt=\"\" \/>\n\t\t\t\t<\/a>\n\t\t\t\t\t\t<h4>\n\t\t\t\t<a href=\"https:\/\/www.chateaudegoutelas.fr\/en\/democratie-et-citoyennete\/\" title=\"D\u00e9mocratie &#038; citoyennet\u00e9\">D\u00e9mocratie &#038; citoyennet\u00e9<\/a>\t\t\t<\/h4>\n\t\t<a href=\"https:\/\/www.chateaudegoutelas.fr\/en\/le-chateau-de-goutelas\/les-vies-du-chateau\/\" title=\"Afficher le contenu de la bo\u00eete\" target=\"_self\"  aria-label=\"Post Element\"><\/a>\t\t\n\t\t\t\t\t\t\t\t\t\t\t\t\t\t<a href=\"https:\/\/www.chateaudegoutelas.fr\/en\/le-chateau-de-goutelas\/les-vies-du-chateau\/\" target=\"_self\" title=\"Les vies du ch\u00e2teau\">\n\t\t\t\t<img decoding=\"async\" src=\"https:\/\/www.chateaudegoutelas.fr\/wp-content\/uploads\/2023\/09\/\u00a9Chateau-de-Goutelas2-1-720x720.jpg\" alt=\"\" \/>\n\t\t\t\t<\/a>\n\t\t\t\t\t\t<h4>\n\t\t\t\t<a href=\"https:\/\/www.chateaudegoutelas.fr\/en\/le-chateau-de-goutelas\/les-vies-du-chateau\/\" title=\"Les vies du ch\u00e2teau\">Les vies du ch\u00e2teau<\/a>\t\t\t<\/h4>","protected":false},"excerpt":{"rendered":"<p>Goutelas et le droit Singularit\u00e9s d&rsquo;une histoire et d&rsquo;un projet Goutelas et le droit Singularit\u00e9s d&rsquo;une histoire et d&rsquo;un projet Le Ch\u00e2teau de Goutelas d\u00e9veloppe son projet de Centre culturel de rencontre autour du th\u00e8me : \u00ab\u00a0Humanisme, droit, cr\u00e9ation &#8211; espace de recherche et d&rsquo;exp\u00e9rimentation de l&rsquo;\u00e9ducation populaire\u00ab\u00a0. La place singuli\u00e8re du droit, reli\u00e9 de [&hellip;]<\/p>\n","protected":false},"author":7,"featured_media":9249,"parent":0,"menu_order":0,"comment_status":"closed","ping_status":"closed","template":"","meta":{"site-sidebar-layout":"no-sidebar","site-content-layout":"","ast-site-content-layout":"full-width-container","site-content-style":"unboxed","site-sidebar-style":"unboxed","ast-global-header-display":"","ast-banner-title-visibility":"","ast-main-header-display":"","ast-hfb-above-header-display":"","ast-hfb-below-header-display":"","ast-hfb-mobile-header-display":"","site-post-title":"disabled","ast-breadcrumbs-content":"","ast-featured-img":"disabled","footer-sml-layout":"","ast-disable-related-posts":"","theme-transparent-header-meta":"default","adv-header-id-meta":"","stick-header-meta":"default","header-above-stick-meta":"","header-main-stick-meta":"","header-below-stick-meta":"","astra-migrate-meta-layouts":"set","ast-page-background-enabled":"default","ast-page-background-meta":{"desktop":{"background-color":"","background-image":"","background-repeat":"repeat","background-position":"center center","background-size":"auto","background-attachment":"scroll","background-type":"","background-media":"","overlay-type":"","overlay-color":"","overlay-opacity":"","overlay-gradient":""},"tablet":{"background-color":"","background-image":"","background-repeat":"repeat","background-position":"center center","background-size":"auto","background-attachment":"scroll","background-type":"","background-media":"","overlay-type":"","overlay-color":"","overlay-opacity":"","overlay-gradient":""},"mobile":{"background-color":"","background-image":"","background-repeat":"repeat","background-position":"center center","background-size":"auto","background-attachment":"scroll","background-type":"","background-media":"","overlay-type":"","overlay-color":"","overlay-opacity":"","overlay-gradient":""}},"ast-content-background-meta":{"desktop":{"background-color":"var(--ast-global-color-5)","background-image":"","background-repeat":"repeat","background-position":"center center","background-size":"auto","background-attachment":"scroll","background-type":"","background-media":"","overlay-type":"","overlay-color":"","overlay-opacity":"","overlay-gradient":""},"tablet":{"background-color":"var(--ast-global-color-5)","background-image":"","background-repeat":"repeat","background-position":"center center","background-size":"auto","background-attachment":"scroll","background-type":"","background-media":"","overlay-type":"","overlay-color":"","overlay-opacity":"","overlay-gradient":""},"mobile":{"background-color":"var(--ast-global-color-5)","background-image":"","background-repeat":"repeat","background-position":"center center","background-size":"auto","background-attachment":"scroll","background-type":"","background-media":"","overlay-type":"","overlay-color":"","overlay-opacity":"","overlay-gradient":""}},"footnotes":""},"categories":[],"tags":[],"class_list":["post-9005","page","type-page","status-publish","has-post-thumbnail","hentry"],"yoast_head":"<!-- This site is optimized with the Yoast SEO plugin v27.3 - https:\/\/yoast.com\/product\/yoast-seo-wordpress\/ -->\n<title>Goutelas et le droit - Ch\u00e2teau de Goutelas<\/title>\n<meta name=\"robots\" content=\"index, follow, max-snippet:-1, max-image-preview:large, max-video-preview:-1\" \/>\n<link rel=\"canonical\" href=\"https:\/\/www.chateaudegoutelas.fr\/en\/goutelas-et-le-droit\/\" \/>\n<meta property=\"og:locale\" content=\"en_GB\" \/>\n<meta property=\"og:type\" content=\"article\" \/>\n<meta property=\"og:title\" content=\"Goutelas et le droit - Ch\u00e2teau de Goutelas\" \/>\n<meta property=\"og:description\" content=\"Goutelas et le droit Singularit\u00e9s d&rsquo;une histoire et d&rsquo;un projet Goutelas et le droit Singularit\u00e9s d&rsquo;une histoire et d&rsquo;un projet Le Ch\u00e2teau de Goutelas d\u00e9veloppe son projet de Centre culturel de rencontre autour du th\u00e8me : \u00ab\u00a0Humanisme, droit, cr\u00e9ation &#8211; espace de recherche et d&rsquo;exp\u00e9rimentation de l&rsquo;\u00e9ducation populaire\u00ab\u00a0. La place singuli\u00e8re du droit, reli\u00e9 de [&hellip;]\" \/>\n<meta property=\"og:url\" content=\"https:\/\/www.chateaudegoutelas.fr\/en\/goutelas-et-le-droit\/\" \/>\n<meta property=\"og:site_name\" content=\"Ch\u00e2teau de Goutelas\" \/>\n<meta property=\"article:modified_time\" content=\"2025-09-11T10:28:27+00:00\" \/>\n<meta property=\"og:image\" content=\"https:\/\/www.chateaudegoutelas.fr\/wp-content\/uploads\/2024\/05\/P1160614-scaled.jpg\" \/>\n\t<meta property=\"og:image:width\" content=\"2560\" \/>\n\t<meta property=\"og:image:height\" content=\"1707\" \/>\n\t<meta property=\"og:image:type\" content=\"image\/jpeg\" \/>\n<meta name=\"twitter:card\" content=\"summary_large_image\" \/>\n<meta name=\"twitter:label1\" content=\"Estimated reading time\" \/>\n\t<meta name=\"twitter:data1\" content=\"3 minutes\" \/>\n<script type=\"application\/ld+json\" class=\"yoast-schema-graph\">{\"@context\":\"https:\\\/\\\/schema.org\",\"@graph\":[{\"@type\":\"WebPage\",\"@id\":\"https:\\\/\\\/www.chateaudegoutelas.fr\\\/goutelas-et-le-droit\\\/\",\"url\":\"https:\\\/\\\/www.chateaudegoutelas.fr\\\/goutelas-et-le-droit\\\/\",\"name\":\"Goutelas et le droit - Ch\u00e2teau de Goutelas\",\"isPartOf\":{\"@id\":\"https:\\\/\\\/www.chateaudegoutelas.fr\\\/#website\"},\"primaryImageOfPage\":{\"@id\":\"https:\\\/\\\/www.chateaudegoutelas.fr\\\/goutelas-et-le-droit\\\/#primaryimage\"},\"image\":{\"@id\":\"https:\\\/\\\/www.chateaudegoutelas.fr\\\/goutelas-et-le-droit\\\/#primaryimage\"},\"thumbnailUrl\":\"https:\\\/\\\/www.chateaudegoutelas.fr\\\/wp-content\\\/uploads\\\/2024\\\/05\\\/P1160614-scaled.jpg\",\"datePublished\":\"2024-01-24T10:59:27+00:00\",\"dateModified\":\"2025-09-11T10:28:27+00:00\",\"breadcrumb\":{\"@id\":\"https:\\\/\\\/www.chateaudegoutelas.fr\\\/goutelas-et-le-droit\\\/#breadcrumb\"},\"inLanguage\":\"en-GB\",\"potentialAction\":[{\"@type\":\"ReadAction\",\"target\":[\"https:\\\/\\\/www.chateaudegoutelas.fr\\\/goutelas-et-le-droit\\\/\"]}]},{\"@type\":\"ImageObject\",\"inLanguage\":\"en-GB\",\"@id\":\"https:\\\/\\\/www.chateaudegoutelas.fr\\\/goutelas-et-le-droit\\\/#primaryimage\",\"url\":\"https:\\\/\\\/www.chateaudegoutelas.fr\\\/wp-content\\\/uploads\\\/2024\\\/05\\\/P1160614-scaled.jpg\",\"contentUrl\":\"https:\\\/\\\/www.chateaudegoutelas.fr\\\/wp-content\\\/uploads\\\/2024\\\/05\\\/P1160614-scaled.jpg\",\"width\":2560,\"height\":1707},{\"@type\":\"BreadcrumbList\",\"@id\":\"https:\\\/\\\/www.chateaudegoutelas.fr\\\/goutelas-et-le-droit\\\/#breadcrumb\",\"itemListElement\":[{\"@type\":\"ListItem\",\"position\":1,\"name\":\"Accueil\",\"item\":\"https:\\\/\\\/www.chateaudegoutelas.fr\\\/\"},{\"@type\":\"ListItem\",\"position\":2,\"name\":\"Goutelas et le droit\"}]},{\"@type\":\"WebSite\",\"@id\":\"https:\\\/\\\/www.chateaudegoutelas.fr\\\/#website\",\"url\":\"https:\\\/\\\/www.chateaudegoutelas.fr\\\/\",\"name\":\"Ch\u00e2teau de Goutelas\",\"description\":\"Un centre culturel de rencontre en Forez\",\"publisher\":{\"@id\":\"https:\\\/\\\/www.chateaudegoutelas.fr\\\/#organization\"},\"potentialAction\":[{\"@type\":\"SearchAction\",\"target\":{\"@type\":\"EntryPoint\",\"urlTemplate\":\"https:\\\/\\\/www.chateaudegoutelas.fr\\\/?s={search_term_string}\"},\"query-input\":{\"@type\":\"PropertyValueSpecification\",\"valueRequired\":true,\"valueName\":\"search_term_string\"}}],\"inLanguage\":\"en-GB\"},{\"@type\":\"Organization\",\"@id\":\"https:\\\/\\\/www.chateaudegoutelas.fr\\\/#organization\",\"name\":\"Ch\u00e2teau de Goutelas\",\"url\":\"https:\\\/\\\/www.chateaudegoutelas.fr\\\/\",\"logo\":{\"@type\":\"ImageObject\",\"inLanguage\":\"en-GB\",\"@id\":\"https:\\\/\\\/www.chateaudegoutelas.fr\\\/#\\\/schema\\\/logo\\\/image\\\/\",\"url\":\"https:\\\/\\\/www.chateaudegoutelas.fr\\\/wp-content\\\/uploads\\\/2023\\\/05\\\/logo-chateau-goutelas-bleu.png\",\"contentUrl\":\"https:\\\/\\\/www.chateaudegoutelas.fr\\\/wp-content\\\/uploads\\\/2023\\\/05\\\/logo-chateau-goutelas-bleu.png\",\"width\":1123,\"height\":327,\"caption\":\"Ch\u00e2teau de Goutelas\"},\"image\":{\"@id\":\"https:\\\/\\\/www.chateaudegoutelas.fr\\\/#\\\/schema\\\/logo\\\/image\\\/\"}}]}<\/script>\n<!-- \/ Yoast SEO plugin. -->","yoast_head_json":{"title":"Goutelas et le droit - Ch\u00e2teau de Goutelas","robots":{"index":"index","follow":"follow","max-snippet":"max-snippet:-1","max-image-preview":"max-image-preview:large","max-video-preview":"max-video-preview:-1"},"canonical":"https:\/\/www.chateaudegoutelas.fr\/en\/goutelas-et-le-droit\/","og_locale":"en_GB","og_type":"article","og_title":"Goutelas et le droit - Ch\u00e2teau de Goutelas","og_description":"Goutelas et le droit Singularit\u00e9s d&rsquo;une histoire et d&rsquo;un projet Goutelas et le droit Singularit\u00e9s d&rsquo;une histoire et d&rsquo;un projet Le Ch\u00e2teau de Goutelas d\u00e9veloppe son projet de Centre culturel de rencontre autour du th\u00e8me : \u00ab\u00a0Humanisme, droit, cr\u00e9ation &#8211; espace de recherche et d&rsquo;exp\u00e9rimentation de l&rsquo;\u00e9ducation populaire\u00ab\u00a0. La place singuli\u00e8re du droit, reli\u00e9 de [&hellip;]","og_url":"https:\/\/www.chateaudegoutelas.fr\/en\/goutelas-et-le-droit\/","og_site_name":"Ch\u00e2teau de Goutelas","article_modified_time":"2025-09-11T10:28:27+00:00","og_image":[{"width":2560,"height":1707,"url":"https:\/\/www.chateaudegoutelas.fr\/wp-content\/uploads\/2024\/05\/P1160614-scaled.jpg","type":"image\/jpeg"}],"twitter_card":"summary_large_image","twitter_misc":{"Estimated reading time":"3 minutes"},"schema":{"@context":"https:\/\/schema.org","@graph":[{"@type":"WebPage","@id":"https:\/\/www.chateaudegoutelas.fr\/goutelas-et-le-droit\/","url":"https:\/\/www.chateaudegoutelas.fr\/goutelas-et-le-droit\/","name":"Goutelas et le droit - Ch\u00e2teau de Goutelas","isPartOf":{"@id":"https:\/\/www.chateaudegoutelas.fr\/#website"},"primaryImageOfPage":{"@id":"https:\/\/www.chateaudegoutelas.fr\/goutelas-et-le-droit\/#primaryimage"},"image":{"@id":"https:\/\/www.chateaudegoutelas.fr\/goutelas-et-le-droit\/#primaryimage"},"thumbnailUrl":"https:\/\/www.chateaudegoutelas.fr\/wp-content\/uploads\/2024\/05\/P1160614-scaled.jpg","datePublished":"2024-01-24T10:59:27+00:00","dateModified":"2025-09-11T10:28:27+00:00","breadcrumb":{"@id":"https:\/\/www.chateaudegoutelas.fr\/goutelas-et-le-droit\/#breadcrumb"},"inLanguage":"en-GB","potentialAction":[{"@type":"ReadAction","target":["https:\/\/www.chateaudegoutelas.fr\/goutelas-et-le-droit\/"]}]},{"@type":"ImageObject","inLanguage":"en-GB","@id":"https:\/\/www.chateaudegoutelas.fr\/goutelas-et-le-droit\/#primaryimage","url":"https:\/\/www.chateaudegoutelas.fr\/wp-content\/uploads\/2024\/05\/P1160614-scaled.jpg","contentUrl":"https:\/\/www.chateaudegoutelas.fr\/wp-content\/uploads\/2024\/05\/P1160614-scaled.jpg","width":2560,"height":1707},{"@type":"BreadcrumbList","@id":"https:\/\/www.chateaudegoutelas.fr\/goutelas-et-le-droit\/#breadcrumb","itemListElement":[{"@type":"ListItem","position":1,"name":"Accueil","item":"https:\/\/www.chateaudegoutelas.fr\/"},{"@type":"ListItem","position":2,"name":"Goutelas et le droit"}]},{"@type":"WebSite","@id":"https:\/\/www.chateaudegoutelas.fr\/#website","url":"https:\/\/www.chateaudegoutelas.fr\/","name":"Ch\u00e2teau de Goutelas","description":"Un centre culturel de rencontre en Forez","publisher":{"@id":"https:\/\/www.chateaudegoutelas.fr\/#organization"},"potentialAction":[{"@type":"SearchAction","target":{"@type":"EntryPoint","urlTemplate":"https:\/\/www.chateaudegoutelas.fr\/?s={search_term_string}"},"query-input":{"@type":"PropertyValueSpecification","valueRequired":true,"valueName":"search_term_string"}}],"inLanguage":"en-GB"},{"@type":"Organization","@id":"https:\/\/www.chateaudegoutelas.fr\/#organization","name":"Ch\u00e2teau de Goutelas","url":"https:\/\/www.chateaudegoutelas.fr\/","logo":{"@type":"ImageObject","inLanguage":"en-GB","@id":"https:\/\/www.chateaudegoutelas.fr\/#\/schema\/logo\/image\/","url":"https:\/\/www.chateaudegoutelas.fr\/wp-content\/uploads\/2023\/05\/logo-chateau-goutelas-bleu.png","contentUrl":"https:\/\/www.chateaudegoutelas.fr\/wp-content\/uploads\/2023\/05\/logo-chateau-goutelas-bleu.png","width":1123,"height":327,"caption":"Ch\u00e2teau de Goutelas"},"image":{"@id":"https:\/\/www.chateaudegoutelas.fr\/#\/schema\/logo\/image\/"}}]}},"_links":{"self":[{"href":"https:\/\/www.chateaudegoutelas.fr\/en\/wp-json\/wp\/v2\/pages\/9005","targetHints":{"allow":["GET"]}}],"collection":[{"href":"https:\/\/www.chateaudegoutelas.fr\/en\/wp-json\/wp\/v2\/pages"}],"about":[{"href":"https:\/\/www.chateaudegoutelas.fr\/en\/wp-json\/wp\/v2\/types\/page"}],"author":[{"embeddable":true,"href":"https:\/\/www.chateaudegoutelas.fr\/en\/wp-json\/wp\/v2\/users\/7"}],"replies":[{"embeddable":true,"href":"https:\/\/www.chateaudegoutelas.fr\/en\/wp-json\/wp\/v2\/comments?post=9005"}],"version-history":[{"count":4,"href":"https:\/\/www.chateaudegoutelas.fr\/en\/wp-json\/wp\/v2\/pages\/9005\/revisions"}],"predecessor-version":[{"id":11084,"href":"https:\/\/www.chateaudegoutelas.fr\/en\/wp-json\/wp\/v2\/pages\/9005\/revisions\/11084"}],"wp:featuredmedia":[{"embeddable":true,"href":"https:\/\/www.chateaudegoutelas.fr\/en\/wp-json\/wp\/v2\/media\/9249"}],"wp:attachment":[{"href":"https:\/\/www.chateaudegoutelas.fr\/en\/wp-json\/wp\/v2\/media?parent=9005"}],"wp:term":[{"taxonomy":"category","embeddable":true,"href":"https:\/\/www.chateaudegoutelas.fr\/en\/wp-json\/wp\/v2\/categories?post=9005"},{"taxonomy":"post_tag","embeddable":true,"href":"https:\/\/www.chateaudegoutelas.fr\/en\/wp-json\/wp\/v2\/tags?post=9005"}],"curies":[{"name":"wp","href":"https:\/\/api.w.org\/{rel}","templated":true}]}}