{"id":8352,"date":"2023-09-19T17:02:02","date_gmt":"2023-09-19T15:02:02","guid":{"rendered":"https:\/\/dev.chateaudegoutelas.fr\/?page_id=8352"},"modified":"2026-04-08T17:15:04","modified_gmt":"2026-04-08T15:15:04","slug":"espace-presse","status":"publish","type":"page","link":"https:\/\/www.chateaudegoutelas.fr\/en\/espace-presse\/","title":{"rendered":"Espace presse"},"content":{"rendered":"<h1>\n\t\t\tPress area\t<\/h1>\n\t<p>&nbsp;<\/p>\n<p><strong>Vous \u00eates journaliste et souhaitez avoir des informations sur le Ch\u00e2teau de Goutelas, ses activit\u00e9s ou l&rsquo;un de ses \u00e9v\u00e9nements ? <\/strong><\/p>\nCette page vous permet de consulter et de t\u00e9l\u00e9charger nos communiqu\u00e9s et dossiers de presse.<br \/>\nPour toute information sur nos \u00e9v\u00e9nements, demande de visuels ou d&rsquo;invitations presse, n&rsquo;h\u00e9sitez pas \u00e0 nous contacter !\n\t\t\t<h3>Dossiers de presse<\/h3>\t\t\t\n\t<ul>\n\t\t<li><a href=\"https:\/\/www.chateaudegoutelas.fr\/wp-content\/uploads\/2026\/03\/DP-Futurs-possibles-2026.pdf\" target=\"_blank\" rel=\"noopener\" aria-label=\"Aller \u00e0 https:\/\/www.chateaudegoutelas.fr\/wp-content\/uploads\/2026\/03\/DP-Futurs-possibles-2026.pdf\">\t\t\t\t\n\t\t<h5>Festival Futurs possibles &#8211; mai 2026<\/h5><\/a><\/li>\t<\/ul>\n\t<ul>\n\t\t<li><a href=\"https:\/\/www.chateaudegoutelas.fr\/wp-content\/uploads\/2026\/04\/DP-Grande-Bricole-2026.pdf\" target=\"_blank\" rel=\"noopener\" aria-label=\"Aller \u00e0 https:\/\/www.chateaudegoutelas.fr\/wp-content\/uploads\/2026\/04\/DP-Grande-Bricole-2026.pdf\">\t\t\t\t\n\t\t<h5>La Grande Bricole &#8211; mai 2026<\/h5><\/a><\/li>\t<\/ul>\n\t<ul>\n\t\t<li><a href=\"https:\/\/www.chateaudegoutelas.fr\/wp-content\/uploads\/2026\/02\/COMMUNIQUE_INCROYABLES-FOREZIENS-2026.pdf\" target=\"_blank\" rel=\"noopener\" aria-label=\"Aller \u00e0 https:\/\/www.chateaudegoutelas.fr\/wp-content\/uploads\/2026\/02\/COMMUNIQUE_INCROYABLES-FOREZIENS-2026.pdf\">\t\t\t\t\n\t\t<h5>Incroyables For\u00e9zien\u00b7nes &#8211; f\u00e9v. 2026<\/h5><\/a><\/li>\t<\/ul>\n\t<ul>\n\t\t<li><a href=\"https:\/\/www.chateaudegoutelas.fr\/wp-content\/uploads\/2025\/11\/CP_CELINE-LE-ROUX_2025.pdf\" target=\"_blank\" rel=\"noopener\" aria-label=\"Aller \u00e0 https:\/\/www.chateaudegoutelas.fr\/wp-content\/uploads\/2025\/11\/CP_CELINE-LE-ROUX_2025.pdf\">\t\t\t\t\n\t\t<h5>C\u00e9line Le Roux directrice du Ch\u00e2teau de Goutelas &#8211; nov. 2025<\/h5><\/a><\/li>\t<\/ul>\n\t<ul>\n\t\t<li><a href=\"https:\/\/www.chateaudegoutelas.fr\/wp-content\/uploads\/2025\/09\/DP-femmes-au-chateau_parution.pdf\" target=\"_blank\" rel=\"noopener\" aria-label=\"Aller \u00e0 https:\/\/www.chateaudegoutelas.fr\/wp-content\/uploads\/2025\/09\/DP-femmes-au-chateau_parution.pdf\">\t\t\t\t\n\t\t<h5>Sortie de livre \u00ab\u00a0Femmes, au ch\u00e2teau ! Reprendre le r\u00e9cit de Goutelas\u00a0\u00bb &#8211; sept. 2025<\/h5><\/a><\/li>\t<\/ul>\n\t<ul>\n\t\t<li><a href=\"https:\/\/www.chateaudegoutelas.fr\/wp-content\/uploads\/2025\/03\/DP-Mementopie-Vincent-Mauger.pdf\" target=\"_blank\" rel=\"noopener\" aria-label=\"Aller \u00e0 https:\/\/www.chateaudegoutelas.fr\/wp-content\/uploads\/2025\/03\/DP-Mementopie-Vincent-Mauger.pdf\">\t\t\t\t\n\t\t<h5>Mementopie &#8211; Vincent Mauger &#8211; cr\u00e9ation juin 2025<\/h5><\/a><\/li>\t<\/ul>\n\t<ul>\n\t\t<li><a href=\"https:\/\/www.chateaudegoutelas.fr\/wp-content\/uploads\/2025\/09\/DP-Bien-commun-2025.pdf\" target=\"_blank\" rel=\"noopener\" aria-label=\"Aller \u00e0 https:\/\/www.chateaudegoutelas.fr\/wp-content\/uploads\/2025\/09\/DP-Bien-commun-2025.pdf\">\t\t\t\t\n\t\t<h5>Festival Bien commun : Service public &#8211; d\u00e9c. 2025<\/h5><\/a><\/li>\t<\/ul>\n\t<ul>\n\t\t<li><a href=\"https:\/\/www.chateaudegoutelas.fr\/wp-content\/uploads\/2025\/03\/DOSSIER-DE-PRESSE-POPOTE-CHEF.pdf\" target=\"_blank\" rel=\"noopener\" aria-label=\"Aller \u00e0 https:\/\/www.chateaudegoutelas.fr\/wp-content\/uploads\/2025\/03\/DOSSIER-DE-PRESSE-POPOTE-CHEF.pdf\">\t\t\t\t\n\t\t<h5>Popote chef &#8211; avril \u00e0 juillet 2025<\/h5><\/a><\/li>\t<\/ul>\n\t<ul>\n\t\t<li><a href=\"https:\/\/www.chateaudegoutelas.fr\/wp-content\/uploads\/2025\/03\/DP_Futurs-possibles_part-animale.pdf\" target=\"_blank\" rel=\"noopener\" aria-label=\"Aller \u00e0 https:\/\/www.chateaudegoutelas.fr\/wp-content\/uploads\/2025\/03\/DP_Futurs-possibles_part-animale.pdf\">\t\t\t\t\n\t\t<h5>Festival Futurs possibles &#8211; juin 2025<\/h5><\/a><\/li>\t<\/ul>\n\t<ul>\n\t\t<li><a href=\"https:\/\/www.chateaudegoutelas.fr\/wp-content\/uploads\/2023\/04\/Communique-de-presse_Futurs-possibles-2024_2.pdf\" target=\"_blank\" rel=\"noopener\" aria-label=\"Aller \u00e0 https:\/\/www.chateaudegoutelas.fr\/wp-content\/uploads\/2023\/04\/Communique-de-presse_Futurs-possibles-2024_2.pdf\">\t\t\t\t\n\t\t<h5>Festival Futurs possibles &#8211; juin 2024<\/h5><\/a><\/li>\t<\/ul>\n\t<ul>\n\t\t<li><a href=\"https:\/\/www.chateaudegoutelas.fr\/wp-content\/uploads\/2023\/09\/CP-Plurielles-nov23.pdf\" target=\"_blank\" rel=\"noopener\" aria-label=\"Aller \u00e0 https:\/\/www.chateaudegoutelas.fr\/wp-content\/uploads\/2023\/09\/CP-Plurielles-nov23.pdf\">\t\t\t\t\n\t\t<h5>Festival Plurielles ! &#8211; nov. 2023<\/h5><\/a><\/li>\t<\/ul>\n\t<ul>\n\t\t<li><a href=\"https:\/\/www.chateaudegoutelas.fr\/wp-content\/uploads\/2024\/10\/Dossier-presse-au-bout-dma-life-2023-web.pdf\" target=\"_blank\" rel=\"noopener\" aria-label=\"Aller \u00e0 https:\/\/www.chateaudegoutelas.fr\/wp-content\/uploads\/2024\/10\/Dossier-presse-au-bout-dma-life-2023-web.pdf\">\t\t\t\t\n\t\t<h5>Festival Au bout d&rsquo;ma life &#8211; jan. 2023<\/h5><\/a><\/li>\t<\/ul>\n\t\t\t<h3>Visuels presse<\/h3>\t\t\t\n\t<ul>\n\t\t<li><a href=\"https:\/\/drive.google.com\/drive\/folders\/1GpK8FNvUTBMbs1Jd9QgNdpTYl07HpB2T?usp=sharing\" target=\"_blank\" rel=\"noopener\" aria-label=\"Aller \u00e0 https:\/\/drive.google.com\/drive\/folders\/1GpK8FNvUTBMbs1Jd9QgNdpTYl07HpB2T?usp=sharing\">\t\t\t\t\n\t\t<h5>Saison 2025-2026<\/h5><\/a><\/li>\t<\/ul>\n\t<ul>\n\t\t<li><a href=\"https:\/\/drive.google.com\/drive\/folders\/1ahpOxbwrK6olITWiLdypAsFk0q-00O1X?usp=sharing\" target=\"_blank\" rel=\"noopener\" aria-label=\"Aller \u00e0 https:\/\/drive.google.com\/drive\/folders\/1ahpOxbwrK6olITWiLdypAsFk0q-00O1X?usp=sharing\">\t\t\t\t\n\t\t<h5>Ch\u00e2teau de Goutelas<\/h5><\/a><\/li>\t<\/ul>\n\t<ul>\n\t\t<li><a href=\"https:\/\/drive.google.com\/drive\/folders\/1QavDNr0168xMpfOPt2EOSmRGsFKO7PdP?usp=sharing\" target=\"_blank\" rel=\"noopener\" aria-label=\"Aller \u00e0 https:\/\/drive.google.com\/drive\/folders\/1QavDNr0168xMpfOPt2EOSmRGsFKO7PdP?usp=sharing\">\t\t\t\t\n\t\t<h5>Incroyables For\u00e9ziens<\/h5><\/a><\/li>\t<\/ul>\n\t<ul>\n\t\t<li><a href=\"https:\/\/drive.google.com\/drive\/folders\/1DmuVXz-uPE2LzVNNo0TnzY23aY6KTBWZ?usp=sharing\" target=\"_blank\" rel=\"noopener\" aria-label=\"Aller \u00e0 https:\/\/drive.google.com\/drive\/folders\/1DmuVXz-uPE2LzVNNo0TnzY23aY6KTBWZ?usp=sharing\">\t\t\t\t\n\t\t<h5>Saison 2024-2025<\/h5><\/a><\/li>\t<\/ul>\n\t\t\t<h3>contact presse<\/h3>\t\t\t\n\t\t\t\t<p><strong>Corinna Colombi\u00e9<\/strong><br \/>charg\u00e9e de d\u00e9veloppement <br \/>et des relations publiques<\/p>\n\t\t\t<a href=\"mailto:corinna.colombie@chateaudegoutelas.fr\" title=\"corinna.colombie@chateaudegoutelas.fr\" target=\"_blank\" rel=\"noopener\"  role=\"button\" aria-label=\"corinna.colombie@chateaudegoutelas.fr\">\n\t\t\t\t\t\t\tcorinna.colombie@chateaudegoutelas.fr\n\t\t<\/a>\n<figure itemscope itemtype=\"https:\/\/schema.org\/ImageObject\">\n\t\t\t\t<img decoding=\"async\" src=\"https:\/\/www.chateaudegoutelas.fr\/wp-content\/uploads\/2023\/04\/gimmick-goutelas-2.png\" alt=\"gimmick-goutelas-2\" height=\"1200\" width=\"1200\" title=\"gimmick-goutelas-2\" onerror=\"this.style.display='none'\" loading=\"lazy\" \/>\n\t<\/figure>\n<h4>\n\t\t\tformulaire de contact\t<\/h4>\n\t\n<div class=\"wpcf7 no-js\" id=\"wpcf7-f1191-o1\" lang=\"fr-FR\" dir=\"ltr\" data-wpcf7-id=\"1191\">\n<div class=\"screen-reader-response\"><p role=\"status\" aria-live=\"polite\" aria-atomic=\"true\"><\/p> <ul><\/ul><\/div>\n<form action=\"\/en\/wp-json\/wp\/v2\/pages\/8352#wpcf7-f1191-o1\" method=\"post\" class=\"wpcf7-form init\" aria-label=\"Formulaire de contact\" novalidate=\"novalidate\" data-status=\"init\" data-trp-original-action=\"\/en\/wp-json\/wp\/v2\/pages\/8352#wpcf7-f1191-o1\">\n<fieldset class=\"hidden-fields-container\"><input type=\"hidden\" name=\"_wpcf7\" value=\"1191\" \/><input type=\"hidden\" name=\"_wpcf7_version\" value=\"6.1.5\" \/><input type=\"hidden\" name=\"_wpcf7_locale\" value=\"fr_FR\" \/><input type=\"hidden\" name=\"_wpcf7_unit_tag\" value=\"wpcf7-f1191-o1\" \/><input type=\"hidden\" name=\"_wpcf7_container_post\" value=\"0\" \/><input type=\"hidden\" name=\"_wpcf7_posted_data_hash\" value=\"\" \/><input type=\"hidden\" name=\"_wpcf7_recaptcha_response\" value=\"\" \/>\n<\/fieldset>\n<p><label><span class=\"wpcf7-form-control-wrap\" data-name=\"your-name\"><input size=\"40\" maxlength=\"400\" class=\"wpcf7-form-control wpcf7-text wpcf7-validates-as-required\" aria-required=\"true\" aria-invalid=\"false\" placeholder=\"votre nom\" value=\"\" type=\"text\" name=\"your-name\" \/><\/span><\/label><br \/>\n<label><span class=\"wpcf7-form-control-wrap\" data-name=\"your-email\"><input size=\"40\" maxlength=\"400\" class=\"wpcf7-form-control wpcf7-email wpcf7-validates-as-required wpcf7-text wpcf7-validates-as-email\" aria-required=\"true\" aria-invalid=\"false\" placeholder=\"Votre email\" value=\"\" type=\"email\" name=\"your-email\" \/><\/span><\/label><br \/>\n<label><span class=\"wpcf7-form-control-wrap\" data-name=\"your-message\"><textarea cols=\"40\" rows=\"10\" maxlength=\"2000\" class=\"wpcf7-form-control wpcf7-textarea wpcf7-validates-as-required\" aria-required=\"true\" aria-invalid=\"false\" placeholder=\"Votre message\" name=\"your-message\"><\/textarea><\/span><\/label><br \/>\n<br \/>\n<input class=\"wpcf7-form-control wpcf7-submit has-spinner\" type=\"submit\" value=\"Envoyer\" \/>\n<\/p><div class=\"wpcf7-response-output\" aria-hidden=\"true\"><\/div>\n<input type=\"hidden\" name=\"trp-form-language\" value=\"en\"\/><\/form>\n<\/div>","protected":false},"excerpt":{"rendered":"<p>espace presse &nbsp; Vous \u00eates journaliste et souhaitez avoir des informations sur le Ch\u00e2teau de Goutelas, ses activit\u00e9s ou l&rsquo;un de ses \u00e9v\u00e9nements ? Cette page vous permet de consulter et de t\u00e9l\u00e9charger nos communiqu\u00e9s et dossiers de presse. Pour toute information sur nos \u00e9v\u00e9nements, demande de visuels ou d&rsquo;invitations presse, n&rsquo;h\u00e9sitez pas \u00e0 nous [&hellip;]<\/p>\n","protected":false},"author":7,"featured_media":8148,"parent":0,"menu_order":0,"comment_status":"closed","ping_status":"closed","template":"","meta":{"site-sidebar-layout":"default","site-content-layout":"","ast-site-content-layout":"default","site-content-style":"default","site-sidebar-style":"default","ast-global-header-display":"","ast-banner-title-visibility":"","ast-main-header-display":"","ast-hfb-above-header-display":"","ast-hfb-below-header-display":"","ast-hfb-mobile-header-display":"","site-post-title":"disabled","ast-breadcrumbs-content":"","ast-featured-img":"disabled","footer-sml-layout":"","ast-disable-related-posts":"","theme-transparent-header-meta":"default","adv-header-id-meta":"","stick-header-meta":"default","header-above-stick-meta":"","header-main-stick-meta":"","header-below-stick-meta":"","astra-migrate-meta-layouts":"set","ast-page-background-enabled":"default","ast-page-background-meta":{"desktop":{"background-color":"","background-image":"","background-repeat":"repeat","background-position":"center center","background-size":"auto","background-attachment":"scroll","background-type":"","background-media":"","overlay-type":"","overlay-color":"","overlay-opacity":"","overlay-gradient":""},"tablet":{"background-color":"","background-image":"","background-repeat":"repeat","background-position":"center center","background-size":"auto","background-attachment":"scroll","background-type":"","background-media":"","overlay-type":"","overlay-color":"","overlay-opacity":"","overlay-gradient":""},"mobile":{"background-color":"","background-image":"","background-repeat":"repeat","background-position":"center center","background-size":"auto","background-attachment":"scroll","background-type":"","background-media":"","overlay-type":"","overlay-color":"","overlay-opacity":"","overlay-gradient":""}},"ast-content-background-meta":{"desktop":{"background-color":"var(--ast-global-color-5)","background-image":"","background-repeat":"repeat","background-position":"center center","background-size":"auto","background-attachment":"scroll","background-type":"","background-media":"","overlay-type":"","overlay-color":"","overlay-opacity":"","overlay-gradient":""},"tablet":{"background-color":"var(--ast-global-color-5)","background-image":"","background-repeat":"repeat","background-position":"center center","background-size":"auto","background-attachment":"scroll","background-type":"","background-media":"","overlay-type":"","overlay-color":"","overlay-opacity":"","overlay-gradient":""},"mobile":{"background-color":"var(--ast-global-color-5)","background-image":"","background-repeat":"repeat","background-position":"center center","background-size":"auto","background-attachment":"scroll","background-type":"","background-media":"","overlay-type":"","overlay-color":"","overlay-opacity":"","overlay-gradient":""}},"footnotes":""},"class_list":["post-8352","page","type-page","status-publish","has-post-thumbnail","hentry"],"yoast_head":"<!-- This site is optimized with the Yoast SEO plugin v27.5 - https:\/\/yoast.com\/product\/yoast-seo-wordpress\/ -->\n<title>Espace presse - Ch\u00e2teau de Goutelas<\/title>\n<meta name=\"robots\" content=\"index, follow, max-snippet:-1, max-image-preview:large, max-video-preview:-1\" \/>\n<link rel=\"canonical\" href=\"https:\/\/www.chateaudegoutelas.fr\/en\/espace-presse\/\" \/>\n<meta property=\"og:locale\" content=\"en_GB\" \/>\n<meta property=\"og:type\" content=\"article\" \/>\n<meta property=\"og:title\" content=\"Espace presse - Ch\u00e2teau de Goutelas\" \/>\n<meta property=\"og:description\" content=\"espace presse &nbsp; Vous \u00eates journaliste et souhaitez avoir des informations sur le Ch\u00e2teau de Goutelas, ses activit\u00e9s ou l&rsquo;un de ses \u00e9v\u00e9nements ? Cette page vous permet de consulter et de t\u00e9l\u00e9charger nos communiqu\u00e9s et dossiers de presse. Pour toute information sur nos \u00e9v\u00e9nements, demande de visuels ou d&rsquo;invitations presse, n&rsquo;h\u00e9sitez pas \u00e0 nous [&hellip;]\" \/>\n<meta property=\"og:url\" content=\"https:\/\/www.chateaudegoutelas.fr\/en\/espace-presse\/\" \/>\n<meta property=\"og:site_name\" content=\"Ch\u00e2teau de Goutelas\" \/>\n<meta property=\"article:modified_time\" content=\"2026-04-08T15:15:04+00:00\" \/>\n<meta property=\"og:image\" content=\"https:\/\/www.chateaudegoutelas.fr\/wp-content\/uploads\/2023\/09\/cLouis-Perrin_8-scaled.jpg\" \/>\n\t<meta property=\"og:image:width\" content=\"2316\" \/>\n\t<meta property=\"og:image:height\" content=\"2560\" \/>\n\t<meta property=\"og:image:type\" content=\"image\/jpeg\" \/>\n<meta name=\"twitter:card\" content=\"summary_large_image\" \/>\n<meta name=\"twitter:label1\" content=\"Estimated reading time\" \/>\n\t<meta name=\"twitter:data1\" content=\"1 minute\" \/>\n<script type=\"application\/ld+json\" class=\"yoast-schema-graph\">{\"@context\":\"https:\\\/\\\/schema.org\",\"@graph\":[{\"@type\":\"WebPage\",\"@id\":\"https:\\\/\\\/www.chateaudegoutelas.fr\\\/espace-presse\\\/\",\"url\":\"https:\\\/\\\/www.chateaudegoutelas.fr\\\/espace-presse\\\/\",\"name\":\"Espace presse - Ch\u00e2teau de Goutelas\",\"isPartOf\":{\"@id\":\"https:\\\/\\\/www.chateaudegoutelas.fr\\\/#website\"},\"primaryImageOfPage\":{\"@id\":\"https:\\\/\\\/www.chateaudegoutelas.fr\\\/espace-presse\\\/#primaryimage\"},\"image\":{\"@id\":\"https:\\\/\\\/www.chateaudegoutelas.fr\\\/espace-presse\\\/#primaryimage\"},\"thumbnailUrl\":\"https:\\\/\\\/www.chateaudegoutelas.fr\\\/wp-content\\\/uploads\\\/2023\\\/09\\\/cLouis-Perrin_8-scaled.jpg\",\"datePublished\":\"2023-09-19T15:02:02+00:00\",\"dateModified\":\"2026-04-08T15:15:04+00:00\",\"breadcrumb\":{\"@id\":\"https:\\\/\\\/www.chateaudegoutelas.fr\\\/espace-presse\\\/#breadcrumb\"},\"inLanguage\":\"en-GB\",\"potentialAction\":[{\"@type\":\"ReadAction\",\"target\":[\"https:\\\/\\\/www.chateaudegoutelas.fr\\\/espace-presse\\\/\"]}]},{\"@type\":\"ImageObject\",\"inLanguage\":\"en-GB\",\"@id\":\"https:\\\/\\\/www.chateaudegoutelas.fr\\\/espace-presse\\\/#primaryimage\",\"url\":\"https:\\\/\\\/www.chateaudegoutelas.fr\\\/wp-content\\\/uploads\\\/2023\\\/09\\\/cLouis-Perrin_8-scaled.jpg\",\"contentUrl\":\"https:\\\/\\\/www.chateaudegoutelas.fr\\\/wp-content\\\/uploads\\\/2023\\\/09\\\/cLouis-Perrin_8-scaled.jpg\",\"width\":2316,\"height\":2560},{\"@type\":\"BreadcrumbList\",\"@id\":\"https:\\\/\\\/www.chateaudegoutelas.fr\\\/espace-presse\\\/#breadcrumb\",\"itemListElement\":[{\"@type\":\"ListItem\",\"position\":1,\"name\":\"Accueil\",\"item\":\"https:\\\/\\\/www.chateaudegoutelas.fr\\\/\"},{\"@type\":\"ListItem\",\"position\":2,\"name\":\"Espace presse\"}]},{\"@type\":\"WebSite\",\"@id\":\"https:\\\/\\\/www.chateaudegoutelas.fr\\\/#website\",\"url\":\"https:\\\/\\\/www.chateaudegoutelas.fr\\\/\",\"name\":\"Ch\u00e2teau de Goutelas\",\"description\":\"Un centre culturel de rencontre en Forez\",\"publisher\":{\"@id\":\"https:\\\/\\\/www.chateaudegoutelas.fr\\\/#organization\"},\"potentialAction\":[{\"@type\":\"SearchAction\",\"target\":{\"@type\":\"EntryPoint\",\"urlTemplate\":\"https:\\\/\\\/www.chateaudegoutelas.fr\\\/?s={search_term_string}\"},\"query-input\":{\"@type\":\"PropertyValueSpecification\",\"valueRequired\":true,\"valueName\":\"search_term_string\"}}],\"inLanguage\":\"en-GB\"},{\"@type\":\"Organization\",\"@id\":\"https:\\\/\\\/www.chateaudegoutelas.fr\\\/#organization\",\"name\":\"Ch\u00e2teau de Goutelas\",\"url\":\"https:\\\/\\\/www.chateaudegoutelas.fr\\\/\",\"logo\":{\"@type\":\"ImageObject\",\"inLanguage\":\"en-GB\",\"@id\":\"https:\\\/\\\/www.chateaudegoutelas.fr\\\/#\\\/schema\\\/logo\\\/image\\\/\",\"url\":\"https:\\\/\\\/www.chateaudegoutelas.fr\\\/wp-content\\\/uploads\\\/2023\\\/05\\\/logo-chateau-goutelas-bleu.png\",\"contentUrl\":\"https:\\\/\\\/www.chateaudegoutelas.fr\\\/wp-content\\\/uploads\\\/2023\\\/05\\\/logo-chateau-goutelas-bleu.png\",\"width\":1123,\"height\":327,\"caption\":\"Ch\u00e2teau de Goutelas\"},\"image\":{\"@id\":\"https:\\\/\\\/www.chateaudegoutelas.fr\\\/#\\\/schema\\\/logo\\\/image\\\/\"}}]}<\/script>\n<!-- \/ Yoast SEO plugin. -->","yoast_head_json":{"title":"Espace presse - Ch\u00e2teau de Goutelas","robots":{"index":"index","follow":"follow","max-snippet":"max-snippet:-1","max-image-preview":"max-image-preview:large","max-video-preview":"max-video-preview:-1"},"canonical":"https:\/\/www.chateaudegoutelas.fr\/en\/espace-presse\/","og_locale":"en_GB","og_type":"article","og_title":"Espace presse - Ch\u00e2teau de Goutelas","og_description":"espace presse &nbsp; Vous \u00eates journaliste et souhaitez avoir des informations sur le Ch\u00e2teau de Goutelas, ses activit\u00e9s ou l&rsquo;un de ses \u00e9v\u00e9nements ? Cette page vous permet de consulter et de t\u00e9l\u00e9charger nos communiqu\u00e9s et dossiers de presse. Pour toute information sur nos \u00e9v\u00e9nements, demande de visuels ou d&rsquo;invitations presse, n&rsquo;h\u00e9sitez pas \u00e0 nous [&hellip;]","og_url":"https:\/\/www.chateaudegoutelas.fr\/en\/espace-presse\/","og_site_name":"Ch\u00e2teau de Goutelas","article_modified_time":"2026-04-08T15:15:04+00:00","og_image":[{"width":2316,"height":2560,"url":"https:\/\/www.chateaudegoutelas.fr\/wp-content\/uploads\/2023\/09\/cLouis-Perrin_8-scaled.jpg","type":"image\/jpeg"}],"twitter_card":"summary_large_image","twitter_misc":{"Estimated reading time":"1 minute"},"schema":{"@context":"https:\/\/schema.org","@graph":[{"@type":"WebPage","@id":"https:\/\/www.chateaudegoutelas.fr\/espace-presse\/","url":"https:\/\/www.chateaudegoutelas.fr\/espace-presse\/","name":"Espace presse - Ch\u00e2teau de Goutelas","isPartOf":{"@id":"https:\/\/www.chateaudegoutelas.fr\/#website"},"primaryImageOfPage":{"@id":"https:\/\/www.chateaudegoutelas.fr\/espace-presse\/#primaryimage"},"image":{"@id":"https:\/\/www.chateaudegoutelas.fr\/espace-presse\/#primaryimage"},"thumbnailUrl":"https:\/\/www.chateaudegoutelas.fr\/wp-content\/uploads\/2023\/09\/cLouis-Perrin_8-scaled.jpg","datePublished":"2023-09-19T15:02:02+00:00","dateModified":"2026-04-08T15:15:04+00:00","breadcrumb":{"@id":"https:\/\/www.chateaudegoutelas.fr\/espace-presse\/#breadcrumb"},"inLanguage":"en-GB","potentialAction":[{"@type":"ReadAction","target":["https:\/\/www.chateaudegoutelas.fr\/espace-presse\/"]}]},{"@type":"ImageObject","inLanguage":"en-GB","@id":"https:\/\/www.chateaudegoutelas.fr\/espace-presse\/#primaryimage","url":"https:\/\/www.chateaudegoutelas.fr\/wp-content\/uploads\/2023\/09\/cLouis-Perrin_8-scaled.jpg","contentUrl":"https:\/\/www.chateaudegoutelas.fr\/wp-content\/uploads\/2023\/09\/cLouis-Perrin_8-scaled.jpg","width":2316,"height":2560},{"@type":"BreadcrumbList","@id":"https:\/\/www.chateaudegoutelas.fr\/espace-presse\/#breadcrumb","itemListElement":[{"@type":"ListItem","position":1,"name":"Accueil","item":"https:\/\/www.chateaudegoutelas.fr\/"},{"@type":"ListItem","position":2,"name":"Espace presse"}]},{"@type":"WebSite","@id":"https:\/\/www.chateaudegoutelas.fr\/#website","url":"https:\/\/www.chateaudegoutelas.fr\/","name":"Ch\u00e2teau de Goutelas","description":"Un centre culturel de rencontre en Forez","publisher":{"@id":"https:\/\/www.chateaudegoutelas.fr\/#organization"},"potentialAction":[{"@type":"SearchAction","target":{"@type":"EntryPoint","urlTemplate":"https:\/\/www.chateaudegoutelas.fr\/?s={search_term_string}"},"query-input":{"@type":"PropertyValueSpecification","valueRequired":true,"valueName":"search_term_string"}}],"inLanguage":"en-GB"},{"@type":"Organization","@id":"https:\/\/www.chateaudegoutelas.fr\/#organization","name":"Ch\u00e2teau de Goutelas","url":"https:\/\/www.chateaudegoutelas.fr\/","logo":{"@type":"ImageObject","inLanguage":"en-GB","@id":"https:\/\/www.chateaudegoutelas.fr\/#\/schema\/logo\/image\/","url":"https:\/\/www.chateaudegoutelas.fr\/wp-content\/uploads\/2023\/05\/logo-chateau-goutelas-bleu.png","contentUrl":"https:\/\/www.chateaudegoutelas.fr\/wp-content\/uploads\/2023\/05\/logo-chateau-goutelas-bleu.png","width":1123,"height":327,"caption":"Ch\u00e2teau de Goutelas"},"image":{"@id":"https:\/\/www.chateaudegoutelas.fr\/#\/schema\/logo\/image\/"}}]}},"_links":{"self":[{"href":"https:\/\/www.chateaudegoutelas.fr\/en\/wp-json\/wp\/v2\/pages\/8352","targetHints":{"allow":["GET"]}}],"collection":[{"href":"https:\/\/www.chateaudegoutelas.fr\/en\/wp-json\/wp\/v2\/pages"}],"about":[{"href":"https:\/\/www.chateaudegoutelas.fr\/en\/wp-json\/wp\/v2\/types\/page"}],"author":[{"embeddable":true,"href":"https:\/\/www.chateaudegoutelas.fr\/en\/wp-json\/wp\/v2\/users\/7"}],"replies":[{"embeddable":true,"href":"https:\/\/www.chateaudegoutelas.fr\/en\/wp-json\/wp\/v2\/comments?post=8352"}],"version-history":[{"count":6,"href":"https:\/\/www.chateaudegoutelas.fr\/en\/wp-json\/wp\/v2\/pages\/8352\/revisions"}],"predecessor-version":[{"id":11903,"href":"https:\/\/www.chateaudegoutelas.fr\/en\/wp-json\/wp\/v2\/pages\/8352\/revisions\/11903"}],"wp:featuredmedia":[{"embeddable":true,"href":"https:\/\/www.chateaudegoutelas.fr\/en\/wp-json\/wp\/v2\/media\/8148"}],"wp:attachment":[{"href":"https:\/\/www.chateaudegoutelas.fr\/en\/wp-json\/wp\/v2\/media?parent=8352"}],"curies":[{"name":"wp","href":"https:\/\/api.w.org\/{rel}","templated":true}]}}