{"id":5924,"date":"2023-04-06T14:55:07","date_gmt":"2023-04-06T12:55:07","guid":{"rendered":"https:\/\/dev.chateaudegoutelas.fr\/?page_id=5924"},"modified":"2025-11-20T16:11:59","modified_gmt":"2025-11-20T15:11:59","slug":"jardins-et-alentours","status":"publish","type":"page","link":"https:\/\/www.chateaudegoutelas.fr\/en\/votre-visite\/jardins-et-alentours\/","title":{"rendered":"Jardins et alentours"},"content":{"rendered":"<h1>\n\t\t\t\tJardins et alentours\n\t\t\t<\/h1>\n\t\t\t<h3>\u00e0 d\u00e9couvrir autour de Goutelas<\/h3>\t\n\t<p>\u00a9 Les Subs<\/p>\n\t\t\t<h2>Jardins et alentours<\/h2>\t\t\t\n\t\t\t\t<h3>\u00c0 d\u00e9couvrir autour de Goutelas<\/h3>\n\t<p>Les jardins et bois du Ch\u00e2teau de Goutelas sont en acc\u00e8s libre tout au long de l&rsquo;ann\u00e9e, et offrent le cadre id\u00e9al pour une promenade \u00e0 pied, \u00e0 v\u00e9lo ou \u00e0 cheval, entre vignes et for\u00eats.<\/p>\n<p>Des tables de pique-nique sont \u00e0 disposition, ainsi que des transats \u00e0 la belle saison.<\/p>\n<p>Depuis Goutelas, le chemin de B\u00e9lizar vous conduit au sommet de l&rsquo;un des plus vieux volcans d&rsquo;Europe pour un circuit panoramique de 5km (1h30). Ce sentier th\u00e9matique, d&rsquo;acc\u00e8s facile, relie les sites r\u00e9els et imaginaires de<em> l&rsquo;Astr\u00e9e<\/em>, c\u00e9l\u00e8bre roman d&rsquo;Honor\u00e9 d&rsquo;Urf\u00e9.<\/p>\n<p>Pour plus d&rsquo;information sur les alentours du ch\u00e2teau, rendez-vous sur le site de la <a href=\"https:\/\/www.loireforez.com\/vacances\/\">Destination Forez.<\/a><\/p>\n\t\t\t\t<img decoding=\"async\" src=\"https:\/\/www.chateaudegoutelas.fr\/wp-content\/uploads\/2023\/09\/DSC07982-128-scaled.jpg\" alt=\"_DSC0798(2)-128\" itemprop=\"image\" height=\"1707\" width=\"2560\" title=\"_DSC0798(2)-128\" onerror=\"this.style.display='none'\" loading=\"lazy\" \/>\n<h2>\n\t\t\tvoir aussi\t<\/h2>\n\t\t\t\t<img decoding=\"async\" src=\"https:\/\/www.chateaudegoutelas.fr\/wp-content\/uploads\/2023\/04\/gimmick-goutelas-3-600x600.png\" alt=\"gimmick-goutelas-3\" itemprop=\"image\" height=\"600\" width=\"600\" title=\"gimmick-goutelas-3\" onerror=\"this.style.display='none'\" loading=\"lazy\" \/>\n\t\t<a href=\"https:\/\/www.chateaudegoutelas.fr\/en\/votre-visite\/informations-pratiques\/\" title=\"Afficher le contenu de la bo\u00eete\" target=\"_self\"  aria-label=\"Post Element\"><\/a>\t\t\n\t\t\t\t\t\t\t\t\t\t\t\t\t\t<a href=\"https:\/\/www.chateaudegoutelas.fr\/en\/votre-visite\/informations-pratiques\/\" target=\"_self\" title=\"Informations pratiques\">\n\t\t\t\t<img decoding=\"async\" src=\"https:\/\/www.chateaudegoutelas.fr\/wp-content\/uploads\/2023\/09\/madalitso-1052-720x720.jpg\" alt=\"\" \/>\n\t\t\t\t<\/a>\n\t\t\t\t\t\t<h4>\n\t\t\t\t<a href=\"https:\/\/www.chateaudegoutelas.fr\/en\/votre-visite\/informations-pratiques\/\" title=\"Informations pratiques\">Informations pratiques<\/a>\t\t\t<\/h4>\n\t\t<a href=\"https:\/\/www.chateaudegoutelas.fr\/en\/votre-visite\/boutique\/\" title=\"Afficher le contenu de la bo\u00eete\" target=\"_self\"  aria-label=\"Post Element\"><\/a>\t\t\n\t\t\t\t\t\t\t\t\t\t\t\t\t\t<a href=\"https:\/\/www.chateaudegoutelas.fr\/en\/votre-visite\/boutique\/\" target=\"_self\" title=\"Boutique\">\n\t\t\t\t<img decoding=\"async\" src=\"https:\/\/www.chateaudegoutelas.fr\/wp-content\/uploads\/2023\/09\/DSC_0619-720x720.jpg\" alt=\"\" \/>\n\t\t\t\t<\/a>\n\t\t\t\t\t\t<h4>\n\t\t\t\t<a href=\"https:\/\/www.chateaudegoutelas.fr\/en\/votre-visite\/boutique\/\" title=\"Boutique\">Boutique<\/a>\t\t\t<\/h4>\n\t\t<a href=\"https:\/\/www.chateaudegoutelas.fr\/en\/votre-visite\/la-caravane\/\" title=\"Afficher le contenu de la bo\u00eete\" target=\"_self\"  aria-label=\"Post Element\"><\/a>\t\t\n\t\t\t\t\t\t\t\t\t\t\t\t\t\t<a href=\"https:\/\/www.chateaudegoutelas.fr\/en\/votre-visite\/la-caravane\/\" target=\"_self\" title=\"Food truck La Caravane\">\n\t\t\t\t<img decoding=\"async\" src=\"https:\/\/www.chateaudegoutelas.fr\/wp-content\/uploads\/2023\/09\/DSC1210-720x720.jpg\" alt=\"\" \/>\n\t\t\t\t<\/a>\n\t\t\t\t\t\t<h4>\n\t\t\t\t<a href=\"https:\/\/www.chateaudegoutelas.fr\/en\/votre-visite\/la-caravane\/\" title=\"Food truck La Caravane\">Food truck La Caravane<\/a>\t\t\t<\/h4>\n\t\t<a href=\"https:\/\/www.chateaudegoutelas.fr\/en\/nous-rendre-visite\/\" title=\"Afficher le contenu de la bo\u00eete\" target=\"_self\"  aria-label=\"Post Element\"><\/a>\t\t\n\t\t\t\t\t\t\t\t\t\t\t\t\t\t<a href=\"https:\/\/www.chateaudegoutelas.fr\/en\/nous-rendre-visite\/\" target=\"_self\" title=\"Priv\u00e9\u00a0: Nous rendre visite\">\n\t\t\t\t<img decoding=\"async\" src=\"https:\/\/www.chateaudegoutelas.fr\/wp-content\/uploads\/2023\/08\/Chateau-Goutelas-6-720x720.jpg\" alt=\"\" \/>\n\t\t\t\t<\/a>\n\t\t\t\t\t\t<h4>\n\t\t\t\t<a href=\"https:\/\/www.chateaudegoutelas.fr\/en\/nous-rendre-visite\/\" title=\"Priv\u00e9\u00a0: Nous rendre visite\">Priv\u00e9\u00a0: Nous rendre visite<\/a>\t\t\t<\/h4>\n\t\t<a href=\"https:\/\/www.chateaudegoutelas.fr\/en\/votre-visite\/\" title=\"Afficher le contenu de la bo\u00eete\" target=\"_self\"  aria-label=\"Post Element\"><\/a>\t\t\n\t\t\t\t\t\t\t\t\t\t\t\t\t\t<a href=\"https:\/\/www.chateaudegoutelas.fr\/en\/votre-visite\/\" target=\"_self\" title=\"votre visite\">\n\t\t\t\t<img decoding=\"async\" src=\"https:\/\/www.chateaudegoutelas.fr\/wp-content\/uploads\/2023\/08\/DJI_0833-720x720.jpg\" alt=\"\" \/>\n\t\t\t\t<\/a>\n\t\t\t\t\t\t<h4>\n\t\t\t\t<a href=\"https:\/\/www.chateaudegoutelas.fr\/en\/votre-visite\/\" title=\"votre visite\">votre visite<\/a>\t\t\t<\/h4>","protected":false},"excerpt":{"rendered":"<p>Jardins et alentours \u00e0 d\u00e9couvrir autour de Goutelas \u00a9 Les Subs Jardins et alentours \u00c0 d\u00e9couvrir autour de Goutelas Les jardins et bois du Ch\u00e2teau de Goutelas sont en acc\u00e8s libre tout au long de l&rsquo;ann\u00e9e, et offrent le cadre id\u00e9al pour une promenade \u00e0 pied, \u00e0 v\u00e9lo ou \u00e0 cheval, entre vignes et for\u00eats. [&hellip;]<\/p>\n","protected":false},"author":8,"featured_media":8371,"parent":8363,"menu_order":0,"comment_status":"closed","ping_status":"closed","template":"","meta":{"site-sidebar-layout":"no-sidebar","site-content-layout":null,"ast-site-content-layout":"full-width-container","site-content-style":"unboxed","site-sidebar-style":"unboxed","ast-global-header-display":"","ast-banner-title-visibility":"","ast-main-header-display":"","ast-hfb-above-header-display":"","ast-hfb-below-header-display":"","ast-hfb-mobile-header-display":"","site-post-title":"disabled","ast-breadcrumbs-content":null,"ast-featured-img":"disabled","footer-sml-layout":"","ast-disable-related-posts":"","theme-transparent-header-meta":"default","adv-header-id-meta":"","stick-header-meta":"default","header-above-stick-meta":null,"header-main-stick-meta":"","header-below-stick-meta":null,"astra-migrate-meta-layouts":"set","ast-page-background-enabled":"default","ast-page-background-meta":{"desktop":{"background-color":"","background-image":"","background-repeat":"repeat","background-position":"center center","background-size":"auto","background-attachment":"scroll","background-type":"","background-media":"","overlay-type":"","overlay-color":"","overlay-opacity":"","overlay-gradient":""},"tablet":{"background-color":"","background-image":"","background-repeat":"repeat","background-position":"center center","background-size":"auto","background-attachment":"scroll","background-type":"","background-media":"","overlay-type":"","overlay-color":"","overlay-opacity":"","overlay-gradient":""},"mobile":{"background-color":"","background-image":"","background-repeat":"repeat","background-position":"center center","background-size":"auto","background-attachment":"scroll","background-type":"","background-media":"","overlay-type":"","overlay-color":"","overlay-opacity":"","overlay-gradient":""}},"ast-content-background-meta":{"desktop":{"background-color":"var(--ast-global-color-5)","background-image":"","background-repeat":"repeat","background-position":"center center","background-size":"auto","background-attachment":"scroll","background-type":"","background-media":"","overlay-type":"","overlay-color":"","overlay-opacity":"","overlay-gradient":""},"tablet":{"background-color":"var(--ast-global-color-5)","background-image":"","background-repeat":"repeat","background-position":"center center","background-size":"auto","background-attachment":"scroll","background-type":"","background-media":"","overlay-type":"","overlay-color":"","overlay-opacity":"","overlay-gradient":""},"mobile":{"background-color":"var(--ast-global-color-5)","background-image":"","background-repeat":"repeat","background-position":"center center","background-size":"auto","background-attachment":"scroll","background-type":"","background-media":"","overlay-type":"","overlay-color":"","overlay-opacity":"","overlay-gradient":""}},"footnotes":""},"categories":[204],"tags":[],"class_list":["post-5924","page","type-page","status-publish","has-post-thumbnail","hentry","category-nous-rendre-visite"],"yoast_head":"<!-- This site is optimized with the Yoast SEO plugin v27.5 - https:\/\/yoast.com\/product\/yoast-seo-wordpress\/ -->\n<title>Jardins et alentours - Ch\u00e2teau de Goutelas<\/title>\n<meta name=\"robots\" content=\"index, follow, max-snippet:-1, max-image-preview:large, max-video-preview:-1\" \/>\n<link rel=\"canonical\" href=\"https:\/\/www.chateaudegoutelas.fr\/en\/votre-visite\/jardins-et-alentours\/\" \/>\n<meta property=\"og:locale\" content=\"en_GB\" \/>\n<meta property=\"og:type\" content=\"article\" \/>\n<meta property=\"og:title\" content=\"Jardins et alentours - Ch\u00e2teau de Goutelas\" \/>\n<meta property=\"og:description\" content=\"Jardins et alentours \u00e0 d\u00e9couvrir autour de Goutelas \u00a9 Les Subs Jardins et alentours \u00c0 d\u00e9couvrir autour de Goutelas Les jardins et bois du Ch\u00e2teau de Goutelas sont en acc\u00e8s libre tout au long de l&rsquo;ann\u00e9e, et offrent le cadre id\u00e9al pour une promenade \u00e0 pied, \u00e0 v\u00e9lo ou \u00e0 cheval, entre vignes et for\u00eats. [&hellip;]\" \/>\n<meta property=\"og:url\" content=\"https:\/\/www.chateaudegoutelas.fr\/en\/votre-visite\/jardins-et-alentours\/\" \/>\n<meta property=\"og:site_name\" content=\"Ch\u00e2teau de Goutelas\" \/>\n<meta property=\"article:modified_time\" content=\"2025-11-20T15:11:59+00:00\" \/>\n<meta property=\"og:image\" content=\"https:\/\/www.chateaudegoutelas.fr\/wp-content\/uploads\/2023\/09\/chemin-de-Belizar-scaled.jpg\" \/>\n\t<meta property=\"og:image:width\" content=\"2560\" \/>\n\t<meta property=\"og:image:height\" content=\"1707\" \/>\n\t<meta property=\"og:image:type\" content=\"image\/jpeg\" \/>\n<meta name=\"twitter:card\" content=\"summary_large_image\" \/>\n<meta name=\"twitter:label1\" content=\"Estimated reading time\" \/>\n\t<meta name=\"twitter:data1\" content=\"2 minutes\" \/>\n<script type=\"application\/ld+json\" class=\"yoast-schema-graph\">{\"@context\":\"https:\\\/\\\/schema.org\",\"@graph\":[{\"@type\":\"WebPage\",\"@id\":\"https:\\\/\\\/www.chateaudegoutelas.fr\\\/votre-visite\\\/jardins-et-alentours\\\/\",\"url\":\"https:\\\/\\\/www.chateaudegoutelas.fr\\\/votre-visite\\\/jardins-et-alentours\\\/\",\"name\":\"Jardins et alentours - Ch\u00e2teau de Goutelas\",\"isPartOf\":{\"@id\":\"https:\\\/\\\/www.chateaudegoutelas.fr\\\/#website\"},\"primaryImageOfPage\":{\"@id\":\"https:\\\/\\\/www.chateaudegoutelas.fr\\\/votre-visite\\\/jardins-et-alentours\\\/#primaryimage\"},\"image\":{\"@id\":\"https:\\\/\\\/www.chateaudegoutelas.fr\\\/votre-visite\\\/jardins-et-alentours\\\/#primaryimage\"},\"thumbnailUrl\":\"https:\\\/\\\/www.chateaudegoutelas.fr\\\/wp-content\\\/uploads\\\/2023\\\/09\\\/chemin-de-Belizar-scaled.jpg\",\"datePublished\":\"2023-04-06T12:55:07+00:00\",\"dateModified\":\"2025-11-20T15:11:59+00:00\",\"breadcrumb\":{\"@id\":\"https:\\\/\\\/www.chateaudegoutelas.fr\\\/votre-visite\\\/jardins-et-alentours\\\/#breadcrumb\"},\"inLanguage\":\"en-GB\",\"potentialAction\":[{\"@type\":\"ReadAction\",\"target\":[\"https:\\\/\\\/www.chateaudegoutelas.fr\\\/votre-visite\\\/jardins-et-alentours\\\/\"]}]},{\"@type\":\"ImageObject\",\"inLanguage\":\"en-GB\",\"@id\":\"https:\\\/\\\/www.chateaudegoutelas.fr\\\/votre-visite\\\/jardins-et-alentours\\\/#primaryimage\",\"url\":\"https:\\\/\\\/www.chateaudegoutelas.fr\\\/wp-content\\\/uploads\\\/2023\\\/09\\\/chemin-de-Belizar-scaled.jpg\",\"contentUrl\":\"https:\\\/\\\/www.chateaudegoutelas.fr\\\/wp-content\\\/uploads\\\/2023\\\/09\\\/chemin-de-Belizar-scaled.jpg\",\"width\":2560,\"height\":1707,\"caption\":\"binary comment\"},{\"@type\":\"BreadcrumbList\",\"@id\":\"https:\\\/\\\/www.chateaudegoutelas.fr\\\/votre-visite\\\/jardins-et-alentours\\\/#breadcrumb\",\"itemListElement\":[{\"@type\":\"ListItem\",\"position\":1,\"name\":\"Accueil\",\"item\":\"https:\\\/\\\/www.chateaudegoutelas.fr\\\/\"},{\"@type\":\"ListItem\",\"position\":2,\"name\":\"votre visite\",\"item\":\"https:\\\/\\\/www.chateaudegoutelas.fr\\\/votre-visite\\\/\"},{\"@type\":\"ListItem\",\"position\":3,\"name\":\"Jardins et alentours\"}]},{\"@type\":\"WebSite\",\"@id\":\"https:\\\/\\\/www.chateaudegoutelas.fr\\\/#website\",\"url\":\"https:\\\/\\\/www.chateaudegoutelas.fr\\\/\",\"name\":\"Ch\u00e2teau de Goutelas\",\"description\":\"Un centre culturel de rencontre en Forez\",\"publisher\":{\"@id\":\"https:\\\/\\\/www.chateaudegoutelas.fr\\\/#organization\"},\"potentialAction\":[{\"@type\":\"SearchAction\",\"target\":{\"@type\":\"EntryPoint\",\"urlTemplate\":\"https:\\\/\\\/www.chateaudegoutelas.fr\\\/?s={search_term_string}\"},\"query-input\":{\"@type\":\"PropertyValueSpecification\",\"valueRequired\":true,\"valueName\":\"search_term_string\"}}],\"inLanguage\":\"en-GB\"},{\"@type\":\"Organization\",\"@id\":\"https:\\\/\\\/www.chateaudegoutelas.fr\\\/#organization\",\"name\":\"Ch\u00e2teau de Goutelas\",\"url\":\"https:\\\/\\\/www.chateaudegoutelas.fr\\\/\",\"logo\":{\"@type\":\"ImageObject\",\"inLanguage\":\"en-GB\",\"@id\":\"https:\\\/\\\/www.chateaudegoutelas.fr\\\/#\\\/schema\\\/logo\\\/image\\\/\",\"url\":\"https:\\\/\\\/www.chateaudegoutelas.fr\\\/wp-content\\\/uploads\\\/2023\\\/05\\\/logo-chateau-goutelas-bleu.png\",\"contentUrl\":\"https:\\\/\\\/www.chateaudegoutelas.fr\\\/wp-content\\\/uploads\\\/2023\\\/05\\\/logo-chateau-goutelas-bleu.png\",\"width\":1123,\"height\":327,\"caption\":\"Ch\u00e2teau de Goutelas\"},\"image\":{\"@id\":\"https:\\\/\\\/www.chateaudegoutelas.fr\\\/#\\\/schema\\\/logo\\\/image\\\/\"}}]}<\/script>\n<!-- \/ Yoast SEO plugin. -->","yoast_head_json":{"title":"Jardins et alentours - Ch\u00e2teau de Goutelas","robots":{"index":"index","follow":"follow","max-snippet":"max-snippet:-1","max-image-preview":"max-image-preview:large","max-video-preview":"max-video-preview:-1"},"canonical":"https:\/\/www.chateaudegoutelas.fr\/en\/votre-visite\/jardins-et-alentours\/","og_locale":"en_GB","og_type":"article","og_title":"Jardins et alentours - Ch\u00e2teau de Goutelas","og_description":"Jardins et alentours \u00e0 d\u00e9couvrir autour de Goutelas \u00a9 Les Subs Jardins et alentours \u00c0 d\u00e9couvrir autour de Goutelas Les jardins et bois du Ch\u00e2teau de Goutelas sont en acc\u00e8s libre tout au long de l&rsquo;ann\u00e9e, et offrent le cadre id\u00e9al pour une promenade \u00e0 pied, \u00e0 v\u00e9lo ou \u00e0 cheval, entre vignes et for\u00eats. [&hellip;]","og_url":"https:\/\/www.chateaudegoutelas.fr\/en\/votre-visite\/jardins-et-alentours\/","og_site_name":"Ch\u00e2teau de Goutelas","article_modified_time":"2025-11-20T15:11:59+00:00","og_image":[{"width":2560,"height":1707,"url":"https:\/\/www.chateaudegoutelas.fr\/wp-content\/uploads\/2023\/09\/chemin-de-Belizar-scaled.jpg","type":"image\/jpeg"}],"twitter_card":"summary_large_image","twitter_misc":{"Estimated reading time":"2 minutes"},"schema":{"@context":"https:\/\/schema.org","@graph":[{"@type":"WebPage","@id":"https:\/\/www.chateaudegoutelas.fr\/votre-visite\/jardins-et-alentours\/","url":"https:\/\/www.chateaudegoutelas.fr\/votre-visite\/jardins-et-alentours\/","name":"Jardins et alentours - Ch\u00e2teau de Goutelas","isPartOf":{"@id":"https:\/\/www.chateaudegoutelas.fr\/#website"},"primaryImageOfPage":{"@id":"https:\/\/www.chateaudegoutelas.fr\/votre-visite\/jardins-et-alentours\/#primaryimage"},"image":{"@id":"https:\/\/www.chateaudegoutelas.fr\/votre-visite\/jardins-et-alentours\/#primaryimage"},"thumbnailUrl":"https:\/\/www.chateaudegoutelas.fr\/wp-content\/uploads\/2023\/09\/chemin-de-Belizar-scaled.jpg","datePublished":"2023-04-06T12:55:07+00:00","dateModified":"2025-11-20T15:11:59+00:00","breadcrumb":{"@id":"https:\/\/www.chateaudegoutelas.fr\/votre-visite\/jardins-et-alentours\/#breadcrumb"},"inLanguage":"en-GB","potentialAction":[{"@type":"ReadAction","target":["https:\/\/www.chateaudegoutelas.fr\/votre-visite\/jardins-et-alentours\/"]}]},{"@type":"ImageObject","inLanguage":"en-GB","@id":"https:\/\/www.chateaudegoutelas.fr\/votre-visite\/jardins-et-alentours\/#primaryimage","url":"https:\/\/www.chateaudegoutelas.fr\/wp-content\/uploads\/2023\/09\/chemin-de-Belizar-scaled.jpg","contentUrl":"https:\/\/www.chateaudegoutelas.fr\/wp-content\/uploads\/2023\/09\/chemin-de-Belizar-scaled.jpg","width":2560,"height":1707,"caption":"binary comment"},{"@type":"BreadcrumbList","@id":"https:\/\/www.chateaudegoutelas.fr\/votre-visite\/jardins-et-alentours\/#breadcrumb","itemListElement":[{"@type":"ListItem","position":1,"name":"Accueil","item":"https:\/\/www.chateaudegoutelas.fr\/"},{"@type":"ListItem","position":2,"name":"votre visite","item":"https:\/\/www.chateaudegoutelas.fr\/votre-visite\/"},{"@type":"ListItem","position":3,"name":"Jardins et alentours"}]},{"@type":"WebSite","@id":"https:\/\/www.chateaudegoutelas.fr\/#website","url":"https:\/\/www.chateaudegoutelas.fr\/","name":"Ch\u00e2teau de Goutelas","description":"Un centre culturel de rencontre en Forez","publisher":{"@id":"https:\/\/www.chateaudegoutelas.fr\/#organization"},"potentialAction":[{"@type":"SearchAction","target":{"@type":"EntryPoint","urlTemplate":"https:\/\/www.chateaudegoutelas.fr\/?s={search_term_string}"},"query-input":{"@type":"PropertyValueSpecification","valueRequired":true,"valueName":"search_term_string"}}],"inLanguage":"en-GB"},{"@type":"Organization","@id":"https:\/\/www.chateaudegoutelas.fr\/#organization","name":"Ch\u00e2teau de Goutelas","url":"https:\/\/www.chateaudegoutelas.fr\/","logo":{"@type":"ImageObject","inLanguage":"en-GB","@id":"https:\/\/www.chateaudegoutelas.fr\/#\/schema\/logo\/image\/","url":"https:\/\/www.chateaudegoutelas.fr\/wp-content\/uploads\/2023\/05\/logo-chateau-goutelas-bleu.png","contentUrl":"https:\/\/www.chateaudegoutelas.fr\/wp-content\/uploads\/2023\/05\/logo-chateau-goutelas-bleu.png","width":1123,"height":327,"caption":"Ch\u00e2teau de Goutelas"},"image":{"@id":"https:\/\/www.chateaudegoutelas.fr\/#\/schema\/logo\/image\/"}}]}},"_links":{"self":[{"href":"https:\/\/www.chateaudegoutelas.fr\/en\/wp-json\/wp\/v2\/pages\/5924","targetHints":{"allow":["GET"]}}],"collection":[{"href":"https:\/\/www.chateaudegoutelas.fr\/en\/wp-json\/wp\/v2\/pages"}],"about":[{"href":"https:\/\/www.chateaudegoutelas.fr\/en\/wp-json\/wp\/v2\/types\/page"}],"author":[{"embeddable":true,"href":"https:\/\/www.chateaudegoutelas.fr\/en\/wp-json\/wp\/v2\/users\/8"}],"replies":[{"embeddable":true,"href":"https:\/\/www.chateaudegoutelas.fr\/en\/wp-json\/wp\/v2\/comments?post=5924"}],"version-history":[{"count":4,"href":"https:\/\/www.chateaudegoutelas.fr\/en\/wp-json\/wp\/v2\/pages\/5924\/revisions"}],"predecessor-version":[{"id":11410,"href":"https:\/\/www.chateaudegoutelas.fr\/en\/wp-json\/wp\/v2\/pages\/5924\/revisions\/11410"}],"up":[{"embeddable":true,"href":"https:\/\/www.chateaudegoutelas.fr\/en\/wp-json\/wp\/v2\/pages\/8363"}],"wp:featuredmedia":[{"embeddable":true,"href":"https:\/\/www.chateaudegoutelas.fr\/en\/wp-json\/wp\/v2\/media\/8371"}],"wp:attachment":[{"href":"https:\/\/www.chateaudegoutelas.fr\/en\/wp-json\/wp\/v2\/media?parent=5924"}],"wp:term":[{"taxonomy":"category","embeddable":true,"href":"https:\/\/www.chateaudegoutelas.fr\/en\/wp-json\/wp\/v2\/categories?post=5924"},{"taxonomy":"post_tag","embeddable":true,"href":"https:\/\/www.chateaudegoutelas.fr\/en\/wp-json\/wp\/v2\/tags?post=5924"}],"curies":[{"name":"wp","href":"https:\/\/api.w.org\/{rel}","templated":true}]}}