{"id":5908,"date":"2023-04-06T13:59:51","date_gmt":"2023-04-06T11:59:51","guid":{"rendered":"https:\/\/dev.chateaudegoutelas.fr\/?page_id=5908"},"modified":"2025-05-30T10:47:16","modified_gmt":"2025-05-30T08:47:16","slug":"informations-pratiques","status":"publish","type":"page","link":"https:\/\/www.chateaudegoutelas.fr\/en\/votre-visite\/informations-pratiques\/","title":{"rendered":"Informations pratiques"},"content":{"rendered":"<h1>\n\t\t\t\tInformations pratiques\n\t\t\t<\/h1>\n\t\t\t<a href=\"#billetterie\" title=\"Cliquez ici\" target=\"_self\"   role=\"button\" aria-label=\"billetterie\">\n\t\t\t\t\t\t\tbilletterie\n\t\t<\/a>\n\t\t\t<a href=\"#venir-au-chateau\" title=\"Cliquez ici\" target=\"_self\"   role=\"button\" aria-label=\"venir au ch\u00e2teau\">\n\t\t\t\t\t\t\tvenir au ch\u00e2teau\n\t\t<\/a>\n\t\t\t<a href=\"#visiter\" title=\"Cliquez ici\" target=\"_self\"   role=\"button\" aria-label=\"visiter le ch\u00e2teau\">\n\t\t\t\t\t\t\tvisiter le ch\u00e2teau\n\t\t<\/a>\n\t\t\t<a href=\"#contact\" title=\"Cliquez ici\" target=\"_self\"   role=\"button\" aria-label=\"contact\">\n\t\t\t\t\t\t\tcontact\n\t\t<\/a>\n\t<p>\u00a9 Ch\u00e2teau de Goutelas<\/p>\n\t\t\t\t<img decoding=\"async\" src=\"https:\/\/www.chateaudegoutelas.fr\/wp-content\/uploads\/2023\/12\/gimmick_6.png\" alt=\"gimmick_6\" itemprop=\"image\" height=\"3508\" width=\"3508\" title=\"gimmick_6\" onerror=\"this.style.display='none'\" loading='lazy' \/>\n\t\t\t<h2>billetterie &#038; tarifs<\/h2>\t\t\t\n\t\t\t\t<p>\u00a0<\/p>\n<p>La r\u00e9servation de vos places pour les rendez-vous de notre saison culturelle s&rsquo;effectue en ligne depuis la page de chaque \u00e9v\u00e9nement.<\/p>\n<p>La r\u00e9servation en amont est vivement recommand\u00e9e, y compris pour les \u00e9v\u00e9nements gratuits. Quand l&rsquo;\u00e9v\u00e9nement n&rsquo;est pas complet, il est possible d&rsquo;acheter votre entr\u00e9e sur place le jour J.<\/p>\n\t\t\t\t\t\t<h6>Tarifs<\/h6>\n\t\t\t<p>Les tarifs sont indiqu\u00e9s pour chaque \u00e9v\u00e9nement dans les informations pratiques.<\/p>\n<p>De nombreux \u00e9v\u00e9nement sont propos\u00e9s gratuitement ou \u00e0 prix libre.<\/p>\n\t\t\t\t\t\t<h6>Tarif r\u00e9duit<\/h6>\n\t\t\t<p>Le tarif r\u00e9duit s&rsquo;applique pour les moins de 18 ans, les \u00e9tudiant\u00b7es, les personnes en recherche d&#8217;emploi, les b\u00e9n\u00e9ficiaires du RSA et les d\u00e9tenteur\u00b7ices du \u00ab\u00a0Pass Forez\u00a0\u00bb.<\/p>\n\t\t\t\t\t\t<h6>Pass&rsquo;R\u00e9gion, Pass Culture<\/h6>\n\t\t\t<p>Nous acceptons le paiement avec les cartes Pass&rsquo;R\u00e9gion et Pass Culture.<\/p>\n\t\t\t\t<img decoding=\"async\" src=\"https:\/\/www.chateaudegoutelas.fr\/wp-content\/uploads\/2023\/12\/gimmick_7.png\" alt=\"gimmick_7\" itemprop=\"image\" height=\"1458\" width=\"1458\" title=\"gimmick_7\" onerror=\"this.style.display='none'\" loading='lazy' \/>\n\t\t\t<h2>venir au ch\u00e2teau<\/h2>\t\t\t\n\t\t\t\t<p>Ch\u00e2teau de Goutelas<br \/>heritage site for culture<br \/>277 route de Goutelas<br \/>42130 Marcoux<\/p>\n<p><strong>Gares SNCF<\/strong> \u00e0 proximit\u00e9 : Bo\u00ebn-sur-Lignon, Montbrison<\/p>\n<p>Pensez au covoiturage !\u00a0<\/p>\n\t\t\t\t<img decoding=\"async\" src=\"https:\/\/www.chateaudegoutelas.fr\/wp-content\/uploads\/2023\/09\/Plan-Goutelas-noir.png\" alt=\"Plan-Goutelas-noir\" title=\"Plan-Goutelas-noir\" itemprop=\"image\"\/>\n\t<iframe src=\"https:\/\/www.google.com\/maps\/embed?pb=!1m18!1m12!1m3!1d18737.742257945356!2d3.9978233648238173!3d45.723431285520974!2m3!1f0!2f0!3f0!3m2!1i1024!2i768!4f13.1!3m3!1m2!1s0x47f424d6454664d3%3A0xe45670afac33f8ea!2sCultural%20Center%20Castle%20Goutelas!5e0!3m2!1sen!2sfr!4v1673257894769!5m2!1sen!2sfr\" width=\"600\" height=\"450\" allowfullscreen=\"\" loading=\"lazy\" referrerpolicy=\"no-referrer-when-downgrade\"><\/iframe>\n\t\t\t\t<img decoding=\"async\" src=\"https:\/\/www.chateaudegoutelas.fr\/wp-content\/uploads\/2023\/10\/gimmick_1.png\" alt=\"gimmick_1\" itemprop=\"image\" height=\"1458\" width=\"1458\" title=\"gimmick_1\" onerror=\"this.style.display='none'\" loading='lazy' \/>\n\t\t\t<h2>visiter le ch\u00e2teau<\/h2>\t\t\t\n\t\t\t\t<p>\u00a0<\/p>\n<p>Les espaces ext\u00e9rieurs sont en acc\u00e8s libre. Des visites guid\u00e9es th\u00e9matiques sont propos\u00e9es tout au long de l&rsquo;ann\u00e9e (<a href=\"https:\/\/www.chateaudegoutelas.fr\/en\/agenda\/\">voir agenda<\/a>).<\/p>\n<p>Au d\u00e9part du ch\u00e2teau, le \u00ab\u00a0chemin de B\u00e9lizar\u00a0\u00bb vous entra\u00eene sur le volcan du Montaubourg pour un sentier panoramique de 5 km entre vignes et for\u00eats.<\/p>\n<p><strong>ACCUEIL &amp; BOUTIQUE<br \/><\/strong>du lundi au vendredi<br \/>de 9h \u00e0 12h <br \/>et de 14h \u00e0 17h<\/p>\n\t\t\t\t<img decoding=\"async\" src=\"https:\/\/www.chateaudegoutelas.fr\/wp-content\/uploads\/2023\/10\/gimmick_5.png\" alt=\"gimmick_5\" itemprop=\"image\" height=\"1458\" width=\"1458\" title=\"gimmick_5\" onerror=\"this.style.display='none'\" loading='lazy' \/>\n\n\t\t\t<h2>contact<\/h2>\t\t\t\n\t\t\t\t<p><strong>SERVICE CULTUREL, PROGRAMMATION<\/strong><\/p>\n<p>centreculturel@chateaudegoutelas.fr<\/p>\n<p><strong>04 77 97 35 43<\/strong><\/p>\n<p>Pour toute proposition de programmation ou demande de r\u00e9sidence, merci de nous contacter par mail \u00e0 l&rsquo;adresse programmation@chateaudegoutelas.fr.<\/p>\n<p><strong>S\u00c9MINAIRES &amp; \u00c9V\u00c9NEMENTS<br \/><\/strong><\/p>\n<p>contact@chateaudegoutelas.fr<\/p>\n<p><strong>04 77 97 35 42<\/strong><\/p>\n<p>\u00a0<\/p>\n<p><strong>FORMULAIRE DE CONTACT<\/strong><\/p>\n\n<h2>\n\t\t\tvoir aussi\t<\/h2>\n\t\t\t\t<img decoding=\"async\" src=\"https:\/\/www.chateaudegoutelas.fr\/wp-content\/uploads\/2023\/12\/gimmick_7.png\" alt=\"gimmick_7\" itemprop=\"image\" height=\"1458\" width=\"1458\" title=\"gimmick_7\" onerror=\"this.style.display='none'\" loading='lazy' \/>\n\t\t<a href=\"https:\/\/www.chateaudegoutelas.fr\/en\/votre-visite\/boutique\/\" title=\"Afficher le contenu de la bo\u00eete\" target=\"_self\"  aria-label=\"Post Element\"><\/a>\t\t\n\t\t\t\t\t\t\t\t\t\t\t\t\t\t<a href=\"https:\/\/www.chateaudegoutelas.fr\/en\/votre-visite\/boutique\/\" target=\"_self\" title=\"Boutique\">\n\t\t\t\t<img decoding=\"async\" src=\"https:\/\/www.chateaudegoutelas.fr\/wp-content\/uploads\/2023\/09\/DSC_0619-720x720.jpg\" alt=\"\" \/>\n\t\t\t\t<\/a>\n\t\t\t\t\t\t<h4>\n\t\t\t\t<a href=\"https:\/\/www.chateaudegoutelas.fr\/en\/votre-visite\/boutique\/\" title=\"Boutique\" tabindex=\"0\">Boutique<\/a>\t\t\t<\/h4>\n\t\t<a href=\"https:\/\/www.chateaudegoutelas.fr\/en\/votre-visite\/la-caravane\/\" title=\"Afficher le contenu de la bo\u00eete\" target=\"_self\"  aria-label=\"Post Element\"><\/a>\t\t\n\t\t\t\t\t\t\t\t\t\t\t\t\t\t<a href=\"https:\/\/www.chateaudegoutelas.fr\/en\/votre-visite\/la-caravane\/\" target=\"_self\" title=\"Food truck La Caravane\">\n\t\t\t\t<img decoding=\"async\" src=\"https:\/\/www.chateaudegoutelas.fr\/wp-content\/uploads\/2023\/09\/DSC1210-720x720.jpg\" alt=\"\" \/>\n\t\t\t\t<\/a>\n\t\t\t\t\t\t<h4>\n\t\t\t\t<a href=\"https:\/\/www.chateaudegoutelas.fr\/en\/votre-visite\/la-caravane\/\" title=\"Food truck La Caravane\" tabindex=\"0\">Food truck La Caravane<\/a>\t\t\t<\/h4>\n\t\t<a href=\"https:\/\/www.chateaudegoutelas.fr\/en\/votre-visite\/jardins-et-alentours\/\" title=\"Afficher le contenu de la bo\u00eete\" target=\"_self\"  aria-label=\"Post Element\"><\/a>\t\t\n\t\t\t\t\t\t\t\t\t\t\t\t\t\t<a href=\"https:\/\/www.chateaudegoutelas.fr\/en\/votre-visite\/jardins-et-alentours\/\" target=\"_self\" title=\"Jardins et alentours\">\n\t\t\t\t<img decoding=\"async\" src=\"https:\/\/www.chateaudegoutelas.fr\/wp-content\/uploads\/2023\/09\/chemin-de-Belizar-720x720.jpg\" alt=\"\" \/>\n\t\t\t\t<\/a>\n\t\t\t\t\t\t<h4>\n\t\t\t\t<a href=\"https:\/\/www.chateaudegoutelas.fr\/en\/votre-visite\/jardins-et-alentours\/\" title=\"Jardins et alentours\" tabindex=\"0\">Jardins et alentours<\/a>\t\t\t<\/h4>","protected":false},"excerpt":{"rendered":"<p>Informations pratiques billetterie venir au ch\u00e2teau visiter le ch\u00e2teau contact \u00a9 Ch\u00e2teau de Goutelas billetterie &#038; tarifs \u00a0 La r\u00e9servation de vos places pour les rendez-vous de notre saison culturelle s&rsquo;effectue en ligne depuis la page de chaque \u00e9v\u00e9nement. La r\u00e9servation en amont est vivement recommand\u00e9e, y compris pour les \u00e9v\u00e9nements gratuits. Quand l&rsquo;\u00e9v\u00e9nement n&rsquo;est [&hellip;]<\/p>\n","protected":false},"author":8,"featured_media":8132,"parent":8363,"menu_order":0,"comment_status":"closed","ping_status":"closed","template":"","meta":{"site-sidebar-layout":"no-sidebar","site-content-layout":null,"ast-site-content-layout":"full-width-container","site-content-style":"unboxed","site-sidebar-style":"unboxed","ast-global-header-display":"","ast-banner-title-visibility":"","ast-main-header-display":"","ast-hfb-above-header-display":"","ast-hfb-below-header-display":"","ast-hfb-mobile-header-display":"","site-post-title":"disabled","ast-breadcrumbs-content":null,"ast-featured-img":"disabled","footer-sml-layout":"","ast-disable-related-posts":"","theme-transparent-header-meta":"default","adv-header-id-meta":"","stick-header-meta":"default","header-above-stick-meta":null,"header-main-stick-meta":"","header-below-stick-meta":null,"astra-migrate-meta-layouts":"set","ast-page-background-enabled":"default","ast-page-background-meta":{"desktop":{"background-color":"","background-image":"","background-repeat":"repeat","background-position":"center center","background-size":"auto","background-attachment":"scroll","background-type":"","background-media":"","overlay-type":"","overlay-color":"","overlay-opacity":"","overlay-gradient":""},"tablet":{"background-color":"","background-image":"","background-repeat":"repeat","background-position":"center center","background-size":"auto","background-attachment":"scroll","background-type":"","background-media":"","overlay-type":"","overlay-color":"","overlay-opacity":"","overlay-gradient":""},"mobile":{"background-color":"","background-image":"","background-repeat":"repeat","background-position":"center center","background-size":"auto","background-attachment":"scroll","background-type":"","background-media":"","overlay-type":"","overlay-color":"","overlay-opacity":"","overlay-gradient":""}},"ast-content-background-meta":{"desktop":{"background-color":"var(--ast-global-color-5)","background-image":"","background-repeat":"repeat","background-position":"center center","background-size":"auto","background-attachment":"scroll","background-type":"","background-media":"","overlay-type":"","overlay-color":"","overlay-opacity":"","overlay-gradient":""},"tablet":{"background-color":"var(--ast-global-color-5)","background-image":"","background-repeat":"repeat","background-position":"center center","background-size":"auto","background-attachment":"scroll","background-type":"","background-media":"","overlay-type":"","overlay-color":"","overlay-opacity":"","overlay-gradient":""},"mobile":{"background-color":"var(--ast-global-color-5)","background-image":"","background-repeat":"repeat","background-position":"center center","background-size":"auto","background-attachment":"scroll","background-type":"","background-media":"","overlay-type":"","overlay-color":"","overlay-opacity":"","overlay-gradient":""}},"footnotes":""},"categories":[204],"tags":[],"class_list":["post-5908","page","type-page","status-publish","has-post-thumbnail","hentry","category-nous-rendre-visite"],"yoast_head":"<!-- This site is optimized with the Yoast SEO plugin v27.5 - https:\/\/yoast.com\/product\/yoast-seo-wordpress\/ -->\n<title>Informations pratiques - Ch\u00e2teau de Goutelas<\/title>\n<meta name=\"robots\" content=\"index, follow, max-snippet:-1, max-image-preview:large, max-video-preview:-1\" \/>\n<link rel=\"canonical\" href=\"https:\/\/www.chateaudegoutelas.fr\/en\/votre-visite\/informations-pratiques\/\" \/>\n<meta property=\"og:locale\" content=\"en_GB\" \/>\n<meta property=\"og:type\" content=\"article\" \/>\n<meta property=\"og:title\" content=\"Informations pratiques - Ch\u00e2teau de Goutelas\" \/>\n<meta property=\"og:description\" content=\"Informations pratiques billetterie venir au ch\u00e2teau visiter le ch\u00e2teau contact \u00a9 Ch\u00e2teau de Goutelas billetterie &#038; tarifs \u00a0 La r\u00e9servation de vos places pour les rendez-vous de notre saison culturelle s&rsquo;effectue en ligne depuis la page de chaque \u00e9v\u00e9nement. La r\u00e9servation en amont est vivement recommand\u00e9e, y compris pour les \u00e9v\u00e9nements gratuits. Quand l&rsquo;\u00e9v\u00e9nement n&rsquo;est [&hellip;]\" \/>\n<meta property=\"og:url\" content=\"https:\/\/www.chateaudegoutelas.fr\/en\/votre-visite\/informations-pratiques\/\" \/>\n<meta property=\"og:site_name\" content=\"Ch\u00e2teau de Goutelas\" \/>\n<meta property=\"article:modified_time\" content=\"2025-05-30T08:47:16+00:00\" \/>\n<meta property=\"og:image\" content=\"https:\/\/www.chateaudegoutelas.fr\/wp-content\/uploads\/2023\/09\/madalitso-1052-scaled.jpg\" \/>\n\t<meta property=\"og:image:width\" content=\"2560\" \/>\n\t<meta property=\"og:image:height\" content=\"1707\" \/>\n\t<meta property=\"og:image:type\" content=\"image\/jpeg\" \/>\n<meta name=\"twitter:card\" content=\"summary_large_image\" \/>\n<meta name=\"twitter:label1\" content=\"Estimated reading time\" \/>\n\t<meta name=\"twitter:data1\" content=\"4 minutes\" \/>\n<script type=\"application\/ld+json\" class=\"yoast-schema-graph\">{\"@context\":\"https:\\\/\\\/schema.org\",\"@graph\":[{\"@type\":\"WebPage\",\"@id\":\"https:\\\/\\\/www.chateaudegoutelas.fr\\\/votre-visite\\\/informations-pratiques\\\/\",\"url\":\"https:\\\/\\\/www.chateaudegoutelas.fr\\\/votre-visite\\\/informations-pratiques\\\/\",\"name\":\"Informations pratiques - Ch\u00e2teau de Goutelas\",\"isPartOf\":{\"@id\":\"https:\\\/\\\/www.chateaudegoutelas.fr\\\/#website\"},\"primaryImageOfPage\":{\"@id\":\"https:\\\/\\\/www.chateaudegoutelas.fr\\\/votre-visite\\\/informations-pratiques\\\/#primaryimage\"},\"image\":{\"@id\":\"https:\\\/\\\/www.chateaudegoutelas.fr\\\/votre-visite\\\/informations-pratiques\\\/#primaryimage\"},\"thumbnailUrl\":\"https:\\\/\\\/www.chateaudegoutelas.fr\\\/wp-content\\\/uploads\\\/2023\\\/09\\\/madalitso-1052-scaled.jpg\",\"datePublished\":\"2023-04-06T11:59:51+00:00\",\"dateModified\":\"2025-05-30T08:47:16+00:00\",\"breadcrumb\":{\"@id\":\"https:\\\/\\\/www.chateaudegoutelas.fr\\\/votre-visite\\\/informations-pratiques\\\/#breadcrumb\"},\"inLanguage\":\"en-GB\",\"potentialAction\":[{\"@type\":\"ReadAction\",\"target\":[\"https:\\\/\\\/www.chateaudegoutelas.fr\\\/votre-visite\\\/informations-pratiques\\\/\"]}]},{\"@type\":\"ImageObject\",\"inLanguage\":\"en-GB\",\"@id\":\"https:\\\/\\\/www.chateaudegoutelas.fr\\\/votre-visite\\\/informations-pratiques\\\/#primaryimage\",\"url\":\"https:\\\/\\\/www.chateaudegoutelas.fr\\\/wp-content\\\/uploads\\\/2023\\\/09\\\/madalitso-1052-scaled.jpg\",\"contentUrl\":\"https:\\\/\\\/www.chateaudegoutelas.fr\\\/wp-content\\\/uploads\\\/2023\\\/09\\\/madalitso-1052-scaled.jpg\",\"width\":2560,\"height\":1707},{\"@type\":\"BreadcrumbList\",\"@id\":\"https:\\\/\\\/www.chateaudegoutelas.fr\\\/votre-visite\\\/informations-pratiques\\\/#breadcrumb\",\"itemListElement\":[{\"@type\":\"ListItem\",\"position\":1,\"name\":\"Accueil\",\"item\":\"https:\\\/\\\/www.chateaudegoutelas.fr\\\/\"},{\"@type\":\"ListItem\",\"position\":2,\"name\":\"votre visite\",\"item\":\"https:\\\/\\\/www.chateaudegoutelas.fr\\\/votre-visite\\\/\"},{\"@type\":\"ListItem\",\"position\":3,\"name\":\"Informations pratiques\"}]},{\"@type\":\"WebSite\",\"@id\":\"https:\\\/\\\/www.chateaudegoutelas.fr\\\/#website\",\"url\":\"https:\\\/\\\/www.chateaudegoutelas.fr\\\/\",\"name\":\"Ch\u00e2teau de Goutelas\",\"description\":\"Un centre culturel de rencontre en Forez\",\"publisher\":{\"@id\":\"https:\\\/\\\/www.chateaudegoutelas.fr\\\/#organization\"},\"potentialAction\":[{\"@type\":\"SearchAction\",\"target\":{\"@type\":\"EntryPoint\",\"urlTemplate\":\"https:\\\/\\\/www.chateaudegoutelas.fr\\\/?s={search_term_string}\"},\"query-input\":{\"@type\":\"PropertyValueSpecification\",\"valueRequired\":true,\"valueName\":\"search_term_string\"}}],\"inLanguage\":\"en-GB\"},{\"@type\":\"Organization\",\"@id\":\"https:\\\/\\\/www.chateaudegoutelas.fr\\\/#organization\",\"name\":\"Ch\u00e2teau de Goutelas\",\"url\":\"https:\\\/\\\/www.chateaudegoutelas.fr\\\/\",\"logo\":{\"@type\":\"ImageObject\",\"inLanguage\":\"en-GB\",\"@id\":\"https:\\\/\\\/www.chateaudegoutelas.fr\\\/#\\\/schema\\\/logo\\\/image\\\/\",\"url\":\"https:\\\/\\\/www.chateaudegoutelas.fr\\\/wp-content\\\/uploads\\\/2023\\\/05\\\/logo-chateau-goutelas-bleu.png\",\"contentUrl\":\"https:\\\/\\\/www.chateaudegoutelas.fr\\\/wp-content\\\/uploads\\\/2023\\\/05\\\/logo-chateau-goutelas-bleu.png\",\"width\":1123,\"height\":327,\"caption\":\"Ch\u00e2teau de Goutelas\"},\"image\":{\"@id\":\"https:\\\/\\\/www.chateaudegoutelas.fr\\\/#\\\/schema\\\/logo\\\/image\\\/\"}}]}<\/script>\n<!-- \/ Yoast SEO plugin. -->","yoast_head_json":{"title":"Informations pratiques - Ch\u00e2teau de Goutelas","robots":{"index":"index","follow":"follow","max-snippet":"max-snippet:-1","max-image-preview":"max-image-preview:large","max-video-preview":"max-video-preview:-1"},"canonical":"https:\/\/www.chateaudegoutelas.fr\/en\/votre-visite\/informations-pratiques\/","og_locale":"en_GB","og_type":"article","og_title":"Informations pratiques - Ch\u00e2teau de Goutelas","og_description":"Informations pratiques billetterie venir au ch\u00e2teau visiter le ch\u00e2teau contact \u00a9 Ch\u00e2teau de Goutelas billetterie &#038; tarifs \u00a0 La r\u00e9servation de vos places pour les rendez-vous de notre saison culturelle s&rsquo;effectue en ligne depuis la page de chaque \u00e9v\u00e9nement. La r\u00e9servation en amont est vivement recommand\u00e9e, y compris pour les \u00e9v\u00e9nements gratuits. Quand l&rsquo;\u00e9v\u00e9nement n&rsquo;est [&hellip;]","og_url":"https:\/\/www.chateaudegoutelas.fr\/en\/votre-visite\/informations-pratiques\/","og_site_name":"Ch\u00e2teau de Goutelas","article_modified_time":"2025-05-30T08:47:16+00:00","og_image":[{"width":2560,"height":1707,"url":"https:\/\/www.chateaudegoutelas.fr\/wp-content\/uploads\/2023\/09\/madalitso-1052-scaled.jpg","type":"image\/jpeg"}],"twitter_card":"summary_large_image","twitter_misc":{"Estimated reading time":"4 minutes"},"schema":{"@context":"https:\/\/schema.org","@graph":[{"@type":"WebPage","@id":"https:\/\/www.chateaudegoutelas.fr\/votre-visite\/informations-pratiques\/","url":"https:\/\/www.chateaudegoutelas.fr\/votre-visite\/informations-pratiques\/","name":"Informations pratiques - Ch\u00e2teau de Goutelas","isPartOf":{"@id":"https:\/\/www.chateaudegoutelas.fr\/#website"},"primaryImageOfPage":{"@id":"https:\/\/www.chateaudegoutelas.fr\/votre-visite\/informations-pratiques\/#primaryimage"},"image":{"@id":"https:\/\/www.chateaudegoutelas.fr\/votre-visite\/informations-pratiques\/#primaryimage"},"thumbnailUrl":"https:\/\/www.chateaudegoutelas.fr\/wp-content\/uploads\/2023\/09\/madalitso-1052-scaled.jpg","datePublished":"2023-04-06T11:59:51+00:00","dateModified":"2025-05-30T08:47:16+00:00","breadcrumb":{"@id":"https:\/\/www.chateaudegoutelas.fr\/votre-visite\/informations-pratiques\/#breadcrumb"},"inLanguage":"en-GB","potentialAction":[{"@type":"ReadAction","target":["https:\/\/www.chateaudegoutelas.fr\/votre-visite\/informations-pratiques\/"]}]},{"@type":"ImageObject","inLanguage":"en-GB","@id":"https:\/\/www.chateaudegoutelas.fr\/votre-visite\/informations-pratiques\/#primaryimage","url":"https:\/\/www.chateaudegoutelas.fr\/wp-content\/uploads\/2023\/09\/madalitso-1052-scaled.jpg","contentUrl":"https:\/\/www.chateaudegoutelas.fr\/wp-content\/uploads\/2023\/09\/madalitso-1052-scaled.jpg","width":2560,"height":1707},{"@type":"BreadcrumbList","@id":"https:\/\/www.chateaudegoutelas.fr\/votre-visite\/informations-pratiques\/#breadcrumb","itemListElement":[{"@type":"ListItem","position":1,"name":"Accueil","item":"https:\/\/www.chateaudegoutelas.fr\/"},{"@type":"ListItem","position":2,"name":"votre visite","item":"https:\/\/www.chateaudegoutelas.fr\/votre-visite\/"},{"@type":"ListItem","position":3,"name":"Informations pratiques"}]},{"@type":"WebSite","@id":"https:\/\/www.chateaudegoutelas.fr\/#website","url":"https:\/\/www.chateaudegoutelas.fr\/","name":"Ch\u00e2teau de Goutelas","description":"Un centre culturel de rencontre en Forez","publisher":{"@id":"https:\/\/www.chateaudegoutelas.fr\/#organization"},"potentialAction":[{"@type":"SearchAction","target":{"@type":"EntryPoint","urlTemplate":"https:\/\/www.chateaudegoutelas.fr\/?s={search_term_string}"},"query-input":{"@type":"PropertyValueSpecification","valueRequired":true,"valueName":"search_term_string"}}],"inLanguage":"en-GB"},{"@type":"Organization","@id":"https:\/\/www.chateaudegoutelas.fr\/#organization","name":"Ch\u00e2teau de Goutelas","url":"https:\/\/www.chateaudegoutelas.fr\/","logo":{"@type":"ImageObject","inLanguage":"en-GB","@id":"https:\/\/www.chateaudegoutelas.fr\/#\/schema\/logo\/image\/","url":"https:\/\/www.chateaudegoutelas.fr\/wp-content\/uploads\/2023\/05\/logo-chateau-goutelas-bleu.png","contentUrl":"https:\/\/www.chateaudegoutelas.fr\/wp-content\/uploads\/2023\/05\/logo-chateau-goutelas-bleu.png","width":1123,"height":327,"caption":"Ch\u00e2teau de Goutelas"},"image":{"@id":"https:\/\/www.chateaudegoutelas.fr\/#\/schema\/logo\/image\/"}}]}},"_links":{"self":[{"href":"https:\/\/www.chateaudegoutelas.fr\/en\/wp-json\/wp\/v2\/pages\/5908","targetHints":{"allow":["GET"]}}],"collection":[{"href":"https:\/\/www.chateaudegoutelas.fr\/en\/wp-json\/wp\/v2\/pages"}],"about":[{"href":"https:\/\/www.chateaudegoutelas.fr\/en\/wp-json\/wp\/v2\/types\/page"}],"author":[{"embeddable":true,"href":"https:\/\/www.chateaudegoutelas.fr\/en\/wp-json\/wp\/v2\/users\/8"}],"replies":[{"embeddable":true,"href":"https:\/\/www.chateaudegoutelas.fr\/en\/wp-json\/wp\/v2\/comments?post=5908"}],"version-history":[{"count":4,"href":"https:\/\/www.chateaudegoutelas.fr\/en\/wp-json\/wp\/v2\/pages\/5908\/revisions"}],"predecessor-version":[{"id":10713,"href":"https:\/\/www.chateaudegoutelas.fr\/en\/wp-json\/wp\/v2\/pages\/5908\/revisions\/10713"}],"up":[{"embeddable":true,"href":"https:\/\/www.chateaudegoutelas.fr\/en\/wp-json\/wp\/v2\/pages\/8363"}],"wp:featuredmedia":[{"embeddable":true,"href":"https:\/\/www.chateaudegoutelas.fr\/en\/wp-json\/wp\/v2\/media\/8132"}],"wp:attachment":[{"href":"https:\/\/www.chateaudegoutelas.fr\/en\/wp-json\/wp\/v2\/media?parent=5908"}],"wp:term":[{"taxonomy":"category","embeddable":true,"href":"https:\/\/www.chateaudegoutelas.fr\/en\/wp-json\/wp\/v2\/categories?post=5908"},{"taxonomy":"post_tag","embeddable":true,"href":"https:\/\/www.chateaudegoutelas.fr\/en\/wp-json\/wp\/v2\/tags?post=5908"}],"curies":[{"name":"wp","href":"https:\/\/api.w.org\/{rel}","templated":true}]}}