{"id":5807,"date":"2023-04-03T10:48:23","date_gmt":"2023-04-03T08:48:23","guid":{"rendered":"https:\/\/dev.chateaudegoutelas.fr\/?page_id=5807"},"modified":"2026-03-13T17:23:52","modified_gmt":"2026-03-13T16:23:52","slug":"partenaires","status":"publish","type":"page","link":"https:\/\/www.chateaudegoutelas.fr\/en\/le-chateau-de-goutelas\/partenaires\/","title":{"rendered":"Nos partenaires"},"content":{"rendered":"<h1>\n\t\t\t\tPartenaires\n\t\t\t<\/h1>\n<h3>\n\t\t\tInstitutions\t<\/h3>\n\t<p>Le Ch\u00e2teau de Goutelas, Centre culturel de rencontre, est soutenu par l&rsquo;Etat \/ Direction r\u00e9gionale des affaires culturelles Auvergne-Rh\u00f4ne-Alpes, la R\u00e9gion Auvergne-Rh\u00f4ne-Alpes, le D\u00e9partement de la Loire, Loire Forez agglom\u00e9ration et la Commune de Marcoux.<\/p>\n\t<p>Le Ch\u00e2teau de Goutelas, Centre culturel de rencontre, est membre du r\u00e9seau national et europ\u00e9en des Centre culturels de rencontre ACCR qui rassemble des sites patrimoniaux se renouvelant \u00e0 travers un projet culturel et scientifique innovant (~20 en France, ~40 en Europe).<\/p>\n\t<p>Les projets \u00ab Vers un tourisme culturel innovant en Forez \u00bb et\u00a0 \u00ab Vers un parcours patrimonial, artistique et touristique d&rsquo;envergure \u00bb, port\u00e9s par le Ch\u00e2teau de Goutelas sont cofinanc\u00e9s par l&rsquo;UNION EUROPEENNE dans le cadre du programme LEADER. LEADER est un programme europ\u00e9en en faveur du d\u00e9veloppement territorial soutenant des projets innovants en zone rurale. Il est aliment\u00e9 par le fonds europ\u00e9en agricole pour le d\u00e9veloppement rural (FEADER).<\/p>\n<h3>\n\t\t\tPartenaires priv\u00e9s\t<\/h3>\n\t\t\t\t<img decoding=\"async\" src=\"https:\/\/www.chateaudegoutelas.fr\/wp-content\/uploads\/2024\/07\/Tampon_orange-SITE-WEB-2-e1721379654469.png\" alt=\"Tampon_orange-SITE WEB\" title=\"Tampon_orange-SITE WEB\" itemprop=\"image\"\/>\n\t\t<h3>\n\t\t\tPartenaires associatifs &#038; culturels\t<\/h3>\n<h3>\n\t\t\tPartenaires droit et recherche\t<\/h3>\n<h3>\n\t\t\tPartenaires art &#038; sant\u00e9\t<\/h3>\n<h2>\n\t\t\tet aussi\t<\/h2>\n\t\t<a href=\"https:\/\/www.chateaudegoutelas.fr\/en\/le-chateau-de-goutelas\/un-patrimoine-vivant\/\" title=\"Afficher le contenu de la bo\u00eete\" target=\"_self\"  aria-label=\"Post Element\"><\/a>\t\t\n\t\t\t\t\t\t\t\t\t\t\t\t\t\t<a href=\"https:\/\/www.chateaudegoutelas.fr\/en\/le-chateau-de-goutelas\/un-patrimoine-vivant\/\" target=\"_self\" title=\"Un patrimoine vivant\">\n\t\t\t\t<img decoding=\"async\" src=\"https:\/\/www.chateaudegoutelas.fr\/wp-content\/uploads\/2023\/03\/le-mystere-du-h-600x600.jpg\" alt=\"\" \/>\n\t\t\t\t<\/a>\n\t\t\t\t\t\t<h4>\n\t\t\t\t<a href=\"https:\/\/www.chateaudegoutelas.fr\/en\/le-chateau-de-goutelas\/un-patrimoine-vivant\/\" title=\"Un patrimoine vivant\">Un patrimoine vivant<\/a>\t\t\t<\/h4>\n\t\t<a href=\"https:\/\/www.chateaudegoutelas.fr\/en\/le-chateau-de-goutelas\/les-vies-du-chateau\/\" title=\"Afficher le contenu de la bo\u00eete\" target=\"_self\"  aria-label=\"Post Element\"><\/a>\t\t\n\t\t\t\t\t\t\t\t\t\t\t\t\t\t<a href=\"https:\/\/www.chateaudegoutelas.fr\/en\/le-chateau-de-goutelas\/les-vies-du-chateau\/\" target=\"_self\" title=\"Histoire\">\n\t\t\t\t<img decoding=\"async\" src=\"https:\/\/www.chateaudegoutelas.fr\/wp-content\/uploads\/2023\/09\/\u00a9Chateau-de-Goutelas2-1-720x720.jpg\" alt=\"\" \/>\n\t\t\t\t<\/a>\n\t\t\t\t\t\t<h4>\n\t\t\t\t<a href=\"https:\/\/www.chateaudegoutelas.fr\/en\/le-chateau-de-goutelas\/les-vies-du-chateau\/\" title=\"Histoire\">Histoire<\/a>\t\t\t<\/h4>\n\t\t<a href=\"https:\/\/www.chateaudegoutelas.fr\/en\/le-chateau-de-goutelas\/equipe-et-association\/\" title=\"Afficher le contenu de la bo\u00eete\" target=\"_self\"  aria-label=\"Post Element\"><\/a>\t\t\n\t\t\t\t\t\t\t\t\t\t\t\t\t\t<a href=\"https:\/\/www.chateaudegoutelas.fr\/en\/le-chateau-de-goutelas\/equipe-et-association\/\" target=\"_self\" title=\"\u00c9quipe &#038; association\">\n\t\t\t\t<img decoding=\"async\" src=\"https:\/\/www.chateaudegoutelas.fr\/wp-content\/uploads\/2023\/04\/devenez-benevole-chateau-de-goutelas-600x600.jpg\" alt=\"\" \/>\n\t\t\t\t<\/a>\n\t\t\t\t\t\t<h4>\n\t\t\t\t<a href=\"https:\/\/www.chateaudegoutelas.fr\/en\/le-chateau-de-goutelas\/equipe-et-association\/\" title=\"\u00c9quipe &#038; association\">\u00c9quipe &#038; association<\/a>\t\t\t<\/h4>","protected":false},"excerpt":{"rendered":"<p>Partenaires Institutions Le Ch\u00e2teau de Goutelas, Centre culturel de rencontre, est soutenu par l&rsquo;Etat \/ Direction r\u00e9gionale des affaires culturelles Auvergne-Rh\u00f4ne-Alpes, la R\u00e9gion Auvergne-Rh\u00f4ne-Alpes, le D\u00e9partement de la Loire, Loire Forez agglom\u00e9ration et la Commune de Marcoux. Le Ch\u00e2teau de Goutelas, Centre culturel de rencontre, est membre du r\u00e9seau national et europ\u00e9en des Centre culturels [&hellip;]<\/p>\n","protected":false},"author":8,"featured_media":5723,"parent":5282,"menu_order":0,"comment_status":"closed","ping_status":"closed","template":"","meta":{"site-sidebar-layout":"no-sidebar","site-content-layout":"page-builder","ast-site-content-layout":"full-width-container","site-content-style":"unboxed","site-sidebar-style":"unboxed","ast-global-header-display":"","ast-banner-title-visibility":"","ast-main-header-display":"","ast-hfb-above-header-display":"","ast-hfb-below-header-display":"","ast-hfb-mobile-header-display":"","site-post-title":"disabled","ast-breadcrumbs-content":"","ast-featured-img":"disabled","footer-sml-layout":"","ast-disable-related-posts":"","theme-transparent-header-meta":"default","adv-header-id-meta":"","stick-header-meta":"default","header-above-stick-meta":"","header-main-stick-meta":"","header-below-stick-meta":"","astra-migrate-meta-layouts":"set","ast-page-background-enabled":"default","ast-page-background-meta":{"desktop":{"background-color":"","background-image":"","background-repeat":"repeat","background-position":"center center","background-size":"auto","background-attachment":"scroll","background-type":"","background-media":"","overlay-type":"","overlay-color":"","overlay-opacity":"","overlay-gradient":""},"tablet":{"background-color":"","background-image":"","background-repeat":"repeat","background-position":"center center","background-size":"auto","background-attachment":"scroll","background-type":"","background-media":"","overlay-type":"","overlay-color":"","overlay-opacity":"","overlay-gradient":""},"mobile":{"background-color":"","background-image":"","background-repeat":"repeat","background-position":"center center","background-size":"auto","background-attachment":"scroll","background-type":"","background-media":"","overlay-type":"","overlay-color":"","overlay-opacity":"","overlay-gradient":""}},"ast-content-background-meta":{"desktop":{"background-color":"var(--ast-global-color-5)","background-image":"","background-repeat":"repeat","background-position":"center center","background-size":"auto","background-attachment":"scroll","background-type":"","background-media":"","overlay-type":"","overlay-color":"","overlay-opacity":"","overlay-gradient":""},"tablet":{"background-color":"var(--ast-global-color-5)","background-image":"","background-repeat":"repeat","background-position":"center center","background-size":"auto","background-attachment":"scroll","background-type":"","background-media":"","overlay-type":"","overlay-color":"","overlay-opacity":"","overlay-gradient":""},"mobile":{"background-color":"var(--ast-global-color-5)","background-image":"","background-repeat":"repeat","background-position":"center center","background-size":"auto","background-attachment":"scroll","background-type":"","background-media":"","overlay-type":"","overlay-color":"","overlay-opacity":"","overlay-gradient":""}},"footnotes":""},"categories":[80],"tags":[],"class_list":["post-5807","page","type-page","status-publish","has-post-thumbnail","hentry","category-le-chateau-de-goutelas"],"yoast_head":"<!-- This site is optimized with the Yoast SEO plugin v27.4 - https:\/\/yoast.com\/product\/yoast-seo-wordpress\/ -->\n<title>Nos partenaires - Ch\u00e2teau de Goutelas<\/title>\n<meta name=\"robots\" content=\"index, follow, max-snippet:-1, max-image-preview:large, max-video-preview:-1\" \/>\n<link rel=\"canonical\" href=\"https:\/\/www.chateaudegoutelas.fr\/en\/le-chateau-de-goutelas\/partenaires\/\" \/>\n<meta property=\"og:locale\" content=\"en_GB\" \/>\n<meta property=\"og:type\" content=\"article\" \/>\n<meta property=\"og:title\" content=\"Nos partenaires - Ch\u00e2teau de Goutelas\" \/>\n<meta property=\"og:description\" content=\"Partenaires Institutions Le Ch\u00e2teau de Goutelas, Centre culturel de rencontre, est soutenu par l&rsquo;Etat \/ Direction r\u00e9gionale des affaires culturelles Auvergne-Rh\u00f4ne-Alpes, la R\u00e9gion Auvergne-Rh\u00f4ne-Alpes, le D\u00e9partement de la Loire, Loire Forez agglom\u00e9ration et la Commune de Marcoux. Le Ch\u00e2teau de Goutelas, Centre culturel de rencontre, est membre du r\u00e9seau national et europ\u00e9en des Centre culturels [&hellip;]\" \/>\n<meta property=\"og:url\" content=\"https:\/\/www.chateaudegoutelas.fr\/en\/le-chateau-de-goutelas\/partenaires\/\" \/>\n<meta property=\"og:site_name\" content=\"Ch\u00e2teau de Goutelas\" \/>\n<meta property=\"article:modified_time\" content=\"2026-03-13T16:23:52+00:00\" \/>\n<meta property=\"og:image\" content=\"https:\/\/www.chateaudegoutelas.fr\/wp-content\/uploads\/2023\/03\/Visite_credit_Philippe-Mesa-min-scaled-1.jpg\" \/>\n\t<meta property=\"og:image:width\" content=\"2560\" \/>\n\t<meta property=\"og:image:height\" content=\"1707\" \/>\n\t<meta property=\"og:image:type\" content=\"image\/jpeg\" \/>\n<meta name=\"twitter:card\" content=\"summary_large_image\" \/>\n<meta name=\"twitter:label1\" content=\"Estimated reading time\" \/>\n\t<meta name=\"twitter:data1\" content=\"2 minutes\" \/>\n<script type=\"application\/ld+json\" class=\"yoast-schema-graph\">{\"@context\":\"https:\\\/\\\/schema.org\",\"@graph\":[{\"@type\":\"WebPage\",\"@id\":\"https:\\\/\\\/www.chateaudegoutelas.fr\\\/le-chateau-de-goutelas\\\/partenaires\\\/\",\"url\":\"https:\\\/\\\/www.chateaudegoutelas.fr\\\/le-chateau-de-goutelas\\\/partenaires\\\/\",\"name\":\"Nos partenaires - Ch\u00e2teau de Goutelas\",\"isPartOf\":{\"@id\":\"https:\\\/\\\/www.chateaudegoutelas.fr\\\/#website\"},\"primaryImageOfPage\":{\"@id\":\"https:\\\/\\\/www.chateaudegoutelas.fr\\\/le-chateau-de-goutelas\\\/partenaires\\\/#primaryimage\"},\"image\":{\"@id\":\"https:\\\/\\\/www.chateaudegoutelas.fr\\\/le-chateau-de-goutelas\\\/partenaires\\\/#primaryimage\"},\"thumbnailUrl\":\"https:\\\/\\\/www.chateaudegoutelas.fr\\\/wp-content\\\/uploads\\\/2023\\\/03\\\/Visite_credit_Philippe-Mesa-min-scaled-1.jpg\",\"datePublished\":\"2023-04-03T08:48:23+00:00\",\"dateModified\":\"2026-03-13T16:23:52+00:00\",\"breadcrumb\":{\"@id\":\"https:\\\/\\\/www.chateaudegoutelas.fr\\\/le-chateau-de-goutelas\\\/partenaires\\\/#breadcrumb\"},\"inLanguage\":\"en-GB\",\"potentialAction\":[{\"@type\":\"ReadAction\",\"target\":[\"https:\\\/\\\/www.chateaudegoutelas.fr\\\/le-chateau-de-goutelas\\\/partenaires\\\/\"]}]},{\"@type\":\"ImageObject\",\"inLanguage\":\"en-GB\",\"@id\":\"https:\\\/\\\/www.chateaudegoutelas.fr\\\/le-chateau-de-goutelas\\\/partenaires\\\/#primaryimage\",\"url\":\"https:\\\/\\\/www.chateaudegoutelas.fr\\\/wp-content\\\/uploads\\\/2023\\\/03\\\/Visite_credit_Philippe-Mesa-min-scaled-1.jpg\",\"contentUrl\":\"https:\\\/\\\/www.chateaudegoutelas.fr\\\/wp-content\\\/uploads\\\/2023\\\/03\\\/Visite_credit_Philippe-Mesa-min-scaled-1.jpg\",\"width\":2560,\"height\":1707},{\"@type\":\"BreadcrumbList\",\"@id\":\"https:\\\/\\\/www.chateaudegoutelas.fr\\\/le-chateau-de-goutelas\\\/partenaires\\\/#breadcrumb\",\"itemListElement\":[{\"@type\":\"ListItem\",\"position\":1,\"name\":\"Accueil\",\"item\":\"https:\\\/\\\/www.chateaudegoutelas.fr\\\/\"},{\"@type\":\"ListItem\",\"position\":2,\"name\":\"Le Ch\u00e2teau de Goutelas\",\"item\":\"https:\\\/\\\/www.chateaudegoutelas.fr\\\/le-chateau-de-goutelas\\\/\"},{\"@type\":\"ListItem\",\"position\":3,\"name\":\"Nos partenaires\"}]},{\"@type\":\"WebSite\",\"@id\":\"https:\\\/\\\/www.chateaudegoutelas.fr\\\/#website\",\"url\":\"https:\\\/\\\/www.chateaudegoutelas.fr\\\/\",\"name\":\"Ch\u00e2teau de Goutelas\",\"description\":\"Un centre culturel de rencontre en Forez\",\"publisher\":{\"@id\":\"https:\\\/\\\/www.chateaudegoutelas.fr\\\/#organization\"},\"potentialAction\":[{\"@type\":\"SearchAction\",\"target\":{\"@type\":\"EntryPoint\",\"urlTemplate\":\"https:\\\/\\\/www.chateaudegoutelas.fr\\\/?s={search_term_string}\"},\"query-input\":{\"@type\":\"PropertyValueSpecification\",\"valueRequired\":true,\"valueName\":\"search_term_string\"}}],\"inLanguage\":\"en-GB\"},{\"@type\":\"Organization\",\"@id\":\"https:\\\/\\\/www.chateaudegoutelas.fr\\\/#organization\",\"name\":\"Ch\u00e2teau de Goutelas\",\"url\":\"https:\\\/\\\/www.chateaudegoutelas.fr\\\/\",\"logo\":{\"@type\":\"ImageObject\",\"inLanguage\":\"en-GB\",\"@id\":\"https:\\\/\\\/www.chateaudegoutelas.fr\\\/#\\\/schema\\\/logo\\\/image\\\/\",\"url\":\"https:\\\/\\\/www.chateaudegoutelas.fr\\\/wp-content\\\/uploads\\\/2023\\\/05\\\/logo-chateau-goutelas-bleu.png\",\"contentUrl\":\"https:\\\/\\\/www.chateaudegoutelas.fr\\\/wp-content\\\/uploads\\\/2023\\\/05\\\/logo-chateau-goutelas-bleu.png\",\"width\":1123,\"height\":327,\"caption\":\"Ch\u00e2teau de Goutelas\"},\"image\":{\"@id\":\"https:\\\/\\\/www.chateaudegoutelas.fr\\\/#\\\/schema\\\/logo\\\/image\\\/\"}}]}<\/script>\n<!-- \/ Yoast SEO plugin. -->","yoast_head_json":{"title":"Nos partenaires - Ch\u00e2teau de Goutelas","robots":{"index":"index","follow":"follow","max-snippet":"max-snippet:-1","max-image-preview":"max-image-preview:large","max-video-preview":"max-video-preview:-1"},"canonical":"https:\/\/www.chateaudegoutelas.fr\/en\/le-chateau-de-goutelas\/partenaires\/","og_locale":"en_GB","og_type":"article","og_title":"Nos partenaires - Ch\u00e2teau de Goutelas","og_description":"Partenaires Institutions Le Ch\u00e2teau de Goutelas, Centre culturel de rencontre, est soutenu par l&rsquo;Etat \/ Direction r\u00e9gionale des affaires culturelles Auvergne-Rh\u00f4ne-Alpes, la R\u00e9gion Auvergne-Rh\u00f4ne-Alpes, le D\u00e9partement de la Loire, Loire Forez agglom\u00e9ration et la Commune de Marcoux. Le Ch\u00e2teau de Goutelas, Centre culturel de rencontre, est membre du r\u00e9seau national et europ\u00e9en des Centre culturels [&hellip;]","og_url":"https:\/\/www.chateaudegoutelas.fr\/en\/le-chateau-de-goutelas\/partenaires\/","og_site_name":"Ch\u00e2teau de Goutelas","article_modified_time":"2026-03-13T16:23:52+00:00","og_image":[{"width":2560,"height":1707,"url":"https:\/\/www.chateaudegoutelas.fr\/wp-content\/uploads\/2023\/03\/Visite_credit_Philippe-Mesa-min-scaled-1.jpg","type":"image\/jpeg"}],"twitter_card":"summary_large_image","twitter_misc":{"Estimated reading time":"2 minutes"},"schema":{"@context":"https:\/\/schema.org","@graph":[{"@type":"WebPage","@id":"https:\/\/www.chateaudegoutelas.fr\/le-chateau-de-goutelas\/partenaires\/","url":"https:\/\/www.chateaudegoutelas.fr\/le-chateau-de-goutelas\/partenaires\/","name":"Nos partenaires - Ch\u00e2teau de Goutelas","isPartOf":{"@id":"https:\/\/www.chateaudegoutelas.fr\/#website"},"primaryImageOfPage":{"@id":"https:\/\/www.chateaudegoutelas.fr\/le-chateau-de-goutelas\/partenaires\/#primaryimage"},"image":{"@id":"https:\/\/www.chateaudegoutelas.fr\/le-chateau-de-goutelas\/partenaires\/#primaryimage"},"thumbnailUrl":"https:\/\/www.chateaudegoutelas.fr\/wp-content\/uploads\/2023\/03\/Visite_credit_Philippe-Mesa-min-scaled-1.jpg","datePublished":"2023-04-03T08:48:23+00:00","dateModified":"2026-03-13T16:23:52+00:00","breadcrumb":{"@id":"https:\/\/www.chateaudegoutelas.fr\/le-chateau-de-goutelas\/partenaires\/#breadcrumb"},"inLanguage":"en-GB","potentialAction":[{"@type":"ReadAction","target":["https:\/\/www.chateaudegoutelas.fr\/le-chateau-de-goutelas\/partenaires\/"]}]},{"@type":"ImageObject","inLanguage":"en-GB","@id":"https:\/\/www.chateaudegoutelas.fr\/le-chateau-de-goutelas\/partenaires\/#primaryimage","url":"https:\/\/www.chateaudegoutelas.fr\/wp-content\/uploads\/2023\/03\/Visite_credit_Philippe-Mesa-min-scaled-1.jpg","contentUrl":"https:\/\/www.chateaudegoutelas.fr\/wp-content\/uploads\/2023\/03\/Visite_credit_Philippe-Mesa-min-scaled-1.jpg","width":2560,"height":1707},{"@type":"BreadcrumbList","@id":"https:\/\/www.chateaudegoutelas.fr\/le-chateau-de-goutelas\/partenaires\/#breadcrumb","itemListElement":[{"@type":"ListItem","position":1,"name":"Accueil","item":"https:\/\/www.chateaudegoutelas.fr\/"},{"@type":"ListItem","position":2,"name":"Le Ch\u00e2teau de Goutelas","item":"https:\/\/www.chateaudegoutelas.fr\/le-chateau-de-goutelas\/"},{"@type":"ListItem","position":3,"name":"Nos partenaires"}]},{"@type":"WebSite","@id":"https:\/\/www.chateaudegoutelas.fr\/#website","url":"https:\/\/www.chateaudegoutelas.fr\/","name":"Ch\u00e2teau de Goutelas","description":"Un centre culturel de rencontre en Forez","publisher":{"@id":"https:\/\/www.chateaudegoutelas.fr\/#organization"},"potentialAction":[{"@type":"SearchAction","target":{"@type":"EntryPoint","urlTemplate":"https:\/\/www.chateaudegoutelas.fr\/?s={search_term_string}"},"query-input":{"@type":"PropertyValueSpecification","valueRequired":true,"valueName":"search_term_string"}}],"inLanguage":"en-GB"},{"@type":"Organization","@id":"https:\/\/www.chateaudegoutelas.fr\/#organization","name":"Ch\u00e2teau de Goutelas","url":"https:\/\/www.chateaudegoutelas.fr\/","logo":{"@type":"ImageObject","inLanguage":"en-GB","@id":"https:\/\/www.chateaudegoutelas.fr\/#\/schema\/logo\/image\/","url":"https:\/\/www.chateaudegoutelas.fr\/wp-content\/uploads\/2023\/05\/logo-chateau-goutelas-bleu.png","contentUrl":"https:\/\/www.chateaudegoutelas.fr\/wp-content\/uploads\/2023\/05\/logo-chateau-goutelas-bleu.png","width":1123,"height":327,"caption":"Ch\u00e2teau de Goutelas"},"image":{"@id":"https:\/\/www.chateaudegoutelas.fr\/#\/schema\/logo\/image\/"}}]}},"_links":{"self":[{"href":"https:\/\/www.chateaudegoutelas.fr\/en\/wp-json\/wp\/v2\/pages\/5807","targetHints":{"allow":["GET"]}}],"collection":[{"href":"https:\/\/www.chateaudegoutelas.fr\/en\/wp-json\/wp\/v2\/pages"}],"about":[{"href":"https:\/\/www.chateaudegoutelas.fr\/en\/wp-json\/wp\/v2\/types\/page"}],"author":[{"embeddable":true,"href":"https:\/\/www.chateaudegoutelas.fr\/en\/wp-json\/wp\/v2\/users\/8"}],"replies":[{"embeddable":true,"href":"https:\/\/www.chateaudegoutelas.fr\/en\/wp-json\/wp\/v2\/comments?post=5807"}],"version-history":[{"count":6,"href":"https:\/\/www.chateaudegoutelas.fr\/en\/wp-json\/wp\/v2\/pages\/5807\/revisions"}],"predecessor-version":[{"id":11795,"href":"https:\/\/www.chateaudegoutelas.fr\/en\/wp-json\/wp\/v2\/pages\/5807\/revisions\/11795"}],"up":[{"embeddable":true,"href":"https:\/\/www.chateaudegoutelas.fr\/en\/wp-json\/wp\/v2\/pages\/5282"}],"wp:featuredmedia":[{"embeddable":true,"href":"https:\/\/www.chateaudegoutelas.fr\/en\/wp-json\/wp\/v2\/media\/5723"}],"wp:attachment":[{"href":"https:\/\/www.chateaudegoutelas.fr\/en\/wp-json\/wp\/v2\/media?parent=5807"}],"wp:term":[{"taxonomy":"category","embeddable":true,"href":"https:\/\/www.chateaudegoutelas.fr\/en\/wp-json\/wp\/v2\/categories?post=5807"},{"taxonomy":"post_tag","embeddable":true,"href":"https:\/\/www.chateaudegoutelas.fr\/en\/wp-json\/wp\/v2\/tags?post=5807"}],"curies":[{"name":"wp","href":"https:\/\/api.w.org\/{rel}","templated":true}]}}