{"id":5803,"date":"2023-04-03T10:34:28","date_gmt":"2023-04-03T08:34:28","guid":{"rendered":"https:\/\/dev.chateaudegoutelas.fr\/?page_id=5803"},"modified":"2026-01-22T16:11:46","modified_gmt":"2026-01-22T15:11:46","slug":"equipe-et-association","status":"publish","type":"page","link":"https:\/\/www.chateaudegoutelas.fr\/en\/le-chateau-de-goutelas\/equipe-et-association\/","title":{"rendered":"\u00c9quipe &#038; association"},"content":{"rendered":"<h1>\n\t\t\t\t\u00c9quipe &amp; association\n\t\t\t<\/h1>\n\t\t\t\t<p>\u00a9 Louis Perrin<\/p>\n\t\t\t<h2>\u00c9quipe &#038; association<\/h2>\t\t\t\n\t<strong>Le Ch\u00e2teau de Goutelas, Centre culturel de rencontre, est un projet associatif dans lequel nombre de b\u00e9n\u00e9voles et adh\u00e9rent\u00b7e\u00b7s s&rsquo;impliquent tout au long de l&rsquo;ann\u00e9e.<br \/>\n<\/strong>Vous pouvez soutenir le projet en adh\u00e9rant \u00e0 l&rsquo;association. <strong>Les adh\u00e9sions 2026 ouvriront prochainement.<\/strong>\n<p>Merci pour votre soutien !<\/p>\n\t<h3><strong>\u00c9quipe<\/strong><\/h3>\n<p>&nbsp;<\/p>\n<strong>Corinna Colombi\u00e9<\/strong><br \/>\nCharg\u00e9e de d\u00e9veloppement\n<strong>Gautier Grangeon<\/strong><br \/>\nDirecteur administratif et financier\n<strong>Pauline Ladret<\/strong><br \/>\nCharg\u00e9e de l&rsquo;accueil h\u00f4telier\n<strong>C\u00e9line Le Roux<\/strong><br \/>\nDirectrice\n<strong>Nolwenn Pavlin<\/strong><br \/>\nCharg\u00e9e des projets musicaux,<br \/>\ncommunication\n<strong>L\u00e9na Seux Peyssonnel<\/strong><br \/>\nCharg\u00e9e de projets culturels\n<strong>Sarah Wasserstrom<\/strong><br \/>\nResponsable de la programmation et de l&rsquo;action culturelle\n<p>&nbsp;<\/p>\n<p>Nous contacter : <strong>04 77 97 35 43<\/strong> \/ <strong>prenom.nom@chateaudegoutelas.fr<\/strong><\/p>\n\t<p>Pour toute proposition de programmation ou demande de r\u00e9sidence, merci de nous contacter \u00e0 l&rsquo;adresse <strong>programmation@chateaudegoutelas.fr<\/strong><\/p>\n\t<p>&nbsp;<\/p>\n<p>&nbsp;<\/p>\n<strong>Brigitte Chaland<\/strong><br \/>\nEmploy\u00e9e de service et cuisine\n<strong>Ma\u00eblle Chaland<\/strong><br \/>\nEmploy\u00e9e de service et cuisine\n<strong>Jocelyne Clavelloux<\/strong><br \/>\nEmploy\u00e9e de service\n<strong>Evelyne Copp\u00e9r\u00e9<\/strong><br \/>\nMa\u00eetresse de maison\n<strong>Raymond Duvert<\/strong><br \/>\nGardien\n<strong>Anne-Laure Echasson<\/strong><br \/>\nEmploy\u00e9e de service et cuisine\n<strong>Sylvie Gouttegatat<\/strong><br \/>\nEmploy\u00e9e de service\n<strong>Alexandra Rousset<\/strong><br \/>\nEmploy\u00e9e de service et cuisine\n<strong>Patrice Regeffe<\/strong><br \/>\nCharg\u00e9 de la r\u00e9gie et de l&rsquo;entretien\n\t<h3><strong>Association Ch\u00e2teau de Goutelas<\/strong><\/h3>\n<p>&nbsp;<\/p>\n<strong>Myriam Plet<\/strong><br \/>\nPr\u00e9sidente\n<strong>Hubert Bouchet<br \/>\n<\/strong>Vice-pr\u00e9sident\n<strong>Jean-Marc Beurton<\/strong><br \/>\nVice-pr\u00e9sident\n<strong>Jean-Pierre Meyer<\/strong><br \/>\nSecr\u00e9taire\n<strong>Eloy Garcia<\/strong><br \/>\nTr\u00e9sorier\n\t<h3><strong>Association Accueil \u00e0 Goutelas<\/strong><\/h3>\n<p>&nbsp;<\/p>\n<strong>Myriam Plet<\/strong><br \/>\nPr\u00e9sidente\n<strong>Jacques Bouchet<br \/>\n<\/strong>Vice-pr\u00e9sident\n<strong>Micha\u00ebl Lathi\u00e8re<\/strong><br \/>\nSecr\u00e9taire\n<strong>Pascale Bonnard<\/strong><br \/>\nTr\u00e9sori\u00e8re\n<h2>\n\t\t\tvoir aussi\t<\/h2>\n\t\t<a href=\"https:\/\/www.chateaudegoutelas.fr\/en\/le-chateau-de-goutelas\/un-patrimoine-vivant\/\" title=\"Afficher le contenu de la bo\u00eete\" target=\"_self\"  aria-label=\"Post Element\"><\/a>\t\t\n\t\t\t\t\t\t\t\t\t\t\t\t\t\t<a href=\"https:\/\/www.chateaudegoutelas.fr\/en\/le-chateau-de-goutelas\/un-patrimoine-vivant\/\" target=\"_self\" title=\"Un patrimoine vivant\">\n\t\t\t\t<img decoding=\"async\" src=\"https:\/\/www.chateaudegoutelas.fr\/wp-content\/uploads\/2023\/03\/le-mystere-du-h-600x600.jpg\" alt=\"\" \/>\n\t\t\t\t<\/a>\n\t\t\t\t\t\t<h4>\n\t\t\t\t<a href=\"https:\/\/www.chateaudegoutelas.fr\/en\/le-chateau-de-goutelas\/un-patrimoine-vivant\/\" title=\"Un patrimoine vivant\">Un patrimoine vivant<\/a>\t\t\t<\/h4>\n\t\t<a href=\"https:\/\/www.chateaudegoutelas.fr\/en\/le-chateau-de-goutelas\/les-vies-du-chateau\/\" title=\"Afficher le contenu de la bo\u00eete\" target=\"_self\"  aria-label=\"Post Element\"><\/a>\t\t\n\t\t\t\t\t\t\t\t\t\t\t\t\t\t<a href=\"https:\/\/www.chateaudegoutelas.fr\/en\/le-chateau-de-goutelas\/les-vies-du-chateau\/\" target=\"_self\" title=\"Histoire\">\n\t\t\t\t<img decoding=\"async\" src=\"https:\/\/www.chateaudegoutelas.fr\/wp-content\/uploads\/2023\/09\/\u00a9Chateau-de-Goutelas2-1-720x720.jpg\" alt=\"\" \/>\n\t\t\t\t<\/a>\n\t\t\t\t\t\t<h4>\n\t\t\t\t<a href=\"https:\/\/www.chateaudegoutelas.fr\/en\/le-chateau-de-goutelas\/les-vies-du-chateau\/\" title=\"Histoire\">Histoire<\/a>\t\t\t<\/h4>\n\t\t<a href=\"https:\/\/www.chateaudegoutelas.fr\/en\/le-chateau-de-goutelas\/partenaires\/\" title=\"Afficher le contenu de la bo\u00eete\" target=\"_self\"  aria-label=\"Post Element\"><\/a>\t\t\n\t\t\t\t\t\t\t\t\t\t\t\t\t\t<a href=\"https:\/\/www.chateaudegoutelas.fr\/en\/le-chateau-de-goutelas\/partenaires\/\" target=\"_self\" title=\"Nos partenaires\">\n\t\t\t\t<img decoding=\"async\" src=\"https:\/\/www.chateaudegoutelas.fr\/wp-content\/uploads\/2023\/03\/Visite_credit_Philippe-Mesa-min-scaled-1-600x600.jpg\" alt=\"\" \/>\n\t\t\t\t<\/a>\n\t\t\t\t\t\t<h4>\n\t\t\t\t<a href=\"https:\/\/www.chateaudegoutelas.fr\/en\/le-chateau-de-goutelas\/partenaires\/\" title=\"Nos partenaires\">Nos partenaires<\/a>\t\t\t<\/h4>","protected":false},"excerpt":{"rendered":"<p>\u00c9quipe &amp; association \u00a9 Louis Perrin \u00c9quipe &#038; association Le Ch\u00e2teau de Goutelas, Centre culturel de rencontre, est un projet associatif dans lequel nombre de b\u00e9n\u00e9voles et adh\u00e9rent\u00b7e\u00b7s s&rsquo;impliquent tout au long de l&rsquo;ann\u00e9e. Vous pouvez soutenir le projet en adh\u00e9rant \u00e0 l&rsquo;association. Les adh\u00e9sions 2026 ouvriront prochainement. Merci pour votre soutien ! \u00c9quipe &nbsp; [&hellip;]<\/p>\n","protected":false},"author":8,"featured_media":6157,"parent":5282,"menu_order":0,"comment_status":"closed","ping_status":"closed","template":"","meta":{"site-sidebar-layout":"no-sidebar","site-content-layout":"page-builder","ast-site-content-layout":"full-width-container","site-content-style":"unboxed","site-sidebar-style":"unboxed","ast-global-header-display":"","ast-banner-title-visibility":"","ast-main-header-display":"","ast-hfb-above-header-display":"","ast-hfb-below-header-display":"","ast-hfb-mobile-header-display":"","site-post-title":"disabled","ast-breadcrumbs-content":"","ast-featured-img":"disabled","footer-sml-layout":"","ast-disable-related-posts":"","theme-transparent-header-meta":"default","adv-header-id-meta":"","stick-header-meta":"default","header-above-stick-meta":"","header-main-stick-meta":"","header-below-stick-meta":"","astra-migrate-meta-layouts":"set","ast-page-background-enabled":"default","ast-page-background-meta":{"desktop":{"background-color":"","background-image":"","background-repeat":"repeat","background-position":"center center","background-size":"auto","background-attachment":"scroll","background-type":"","background-media":"","overlay-type":"","overlay-color":"","overlay-opacity":"","overlay-gradient":""},"tablet":{"background-color":"","background-image":"","background-repeat":"repeat","background-position":"center center","background-size":"auto","background-attachment":"scroll","background-type":"","background-media":"","overlay-type":"","overlay-color":"","overlay-opacity":"","overlay-gradient":""},"mobile":{"background-color":"","background-image":"","background-repeat":"repeat","background-position":"center center","background-size":"auto","background-attachment":"scroll","background-type":"","background-media":"","overlay-type":"","overlay-color":"","overlay-opacity":"","overlay-gradient":""}},"ast-content-background-meta":{"desktop":{"background-color":"var(--ast-global-color-5)","background-image":"","background-repeat":"repeat","background-position":"center center","background-size":"auto","background-attachment":"scroll","background-type":"","background-media":"","overlay-type":"","overlay-color":"","overlay-opacity":"","overlay-gradient":""},"tablet":{"background-color":"var(--ast-global-color-5)","background-image":"","background-repeat":"repeat","background-position":"center center","background-size":"auto","background-attachment":"scroll","background-type":"","background-media":"","overlay-type":"","overlay-color":"","overlay-opacity":"","overlay-gradient":""},"mobile":{"background-color":"var(--ast-global-color-5)","background-image":"","background-repeat":"repeat","background-position":"center center","background-size":"auto","background-attachment":"scroll","background-type":"","background-media":"","overlay-type":"","overlay-color":"","overlay-opacity":"","overlay-gradient":""}},"footnotes":""},"categories":[80],"tags":[],"class_list":["post-5803","page","type-page","status-publish","has-post-thumbnail","hentry","category-le-chateau-de-goutelas"],"yoast_head":"<!-- This site is optimized with the Yoast SEO plugin v27.3 - https:\/\/yoast.com\/product\/yoast-seo-wordpress\/ -->\n<title>\u00c9quipe &amp; association - Ch\u00e2teau de Goutelas<\/title>\n<meta name=\"robots\" content=\"index, follow, max-snippet:-1, max-image-preview:large, max-video-preview:-1\" \/>\n<link rel=\"canonical\" href=\"https:\/\/www.chateaudegoutelas.fr\/en\/le-chateau-de-goutelas\/equipe-et-association\/\" \/>\n<meta property=\"og:locale\" content=\"en_GB\" \/>\n<meta property=\"og:type\" content=\"article\" \/>\n<meta property=\"og:title\" content=\"\u00c9quipe &amp; association - Ch\u00e2teau de Goutelas\" \/>\n<meta property=\"og:description\" content=\"\u00c9quipe &amp; association \u00a9 Louis Perrin \u00c9quipe &#038; association Le Ch\u00e2teau de Goutelas, Centre culturel de rencontre, est un projet associatif dans lequel nombre de b\u00e9n\u00e9voles et adh\u00e9rent\u00b7e\u00b7s s&rsquo;impliquent tout au long de l&rsquo;ann\u00e9e. Vous pouvez soutenir le projet en adh\u00e9rant \u00e0 l&rsquo;association. Les adh\u00e9sions 2026 ouvriront prochainement. Merci pour votre soutien ! \u00c9quipe &nbsp; [&hellip;]\" \/>\n<meta property=\"og:url\" content=\"https:\/\/www.chateaudegoutelas.fr\/en\/le-chateau-de-goutelas\/equipe-et-association\/\" \/>\n<meta property=\"og:site_name\" content=\"Ch\u00e2teau de Goutelas\" \/>\n<meta property=\"article:modified_time\" content=\"2026-01-22T15:11:46+00:00\" \/>\n<meta property=\"og:image\" content=\"https:\/\/www.chateaudegoutelas.fr\/wp-content\/uploads\/2023\/04\/devenez-benevole-chateau-de-goutelas.jpg\" \/>\n\t<meta property=\"og:image:width\" content=\"2048\" \/>\n\t<meta property=\"og:image:height\" content=\"1305\" \/>\n\t<meta property=\"og:image:type\" content=\"image\/jpeg\" \/>\n<meta name=\"twitter:card\" content=\"summary_large_image\" \/>\n<meta name=\"twitter:label1\" content=\"Estimated reading time\" \/>\n\t<meta name=\"twitter:data1\" content=\"2 minutes\" \/>\n<script type=\"application\/ld+json\" class=\"yoast-schema-graph\">{\"@context\":\"https:\\\/\\\/schema.org\",\"@graph\":[{\"@type\":\"WebPage\",\"@id\":\"https:\\\/\\\/www.chateaudegoutelas.fr\\\/le-chateau-de-goutelas\\\/equipe-et-association\\\/\",\"url\":\"https:\\\/\\\/www.chateaudegoutelas.fr\\\/le-chateau-de-goutelas\\\/equipe-et-association\\\/\",\"name\":\"\u00c9quipe & association - Ch\u00e2teau de Goutelas\",\"isPartOf\":{\"@id\":\"https:\\\/\\\/www.chateaudegoutelas.fr\\\/#website\"},\"primaryImageOfPage\":{\"@id\":\"https:\\\/\\\/www.chateaudegoutelas.fr\\\/le-chateau-de-goutelas\\\/equipe-et-association\\\/#primaryimage\"},\"image\":{\"@id\":\"https:\\\/\\\/www.chateaudegoutelas.fr\\\/le-chateau-de-goutelas\\\/equipe-et-association\\\/#primaryimage\"},\"thumbnailUrl\":\"https:\\\/\\\/www.chateaudegoutelas.fr\\\/wp-content\\\/uploads\\\/2023\\\/04\\\/devenez-benevole-chateau-de-goutelas.jpg\",\"datePublished\":\"2023-04-03T08:34:28+00:00\",\"dateModified\":\"2026-01-22T15:11:46+00:00\",\"breadcrumb\":{\"@id\":\"https:\\\/\\\/www.chateaudegoutelas.fr\\\/le-chateau-de-goutelas\\\/equipe-et-association\\\/#breadcrumb\"},\"inLanguage\":\"en-GB\",\"potentialAction\":[{\"@type\":\"ReadAction\",\"target\":[\"https:\\\/\\\/www.chateaudegoutelas.fr\\\/le-chateau-de-goutelas\\\/equipe-et-association\\\/\"]}]},{\"@type\":\"ImageObject\",\"inLanguage\":\"en-GB\",\"@id\":\"https:\\\/\\\/www.chateaudegoutelas.fr\\\/le-chateau-de-goutelas\\\/equipe-et-association\\\/#primaryimage\",\"url\":\"https:\\\/\\\/www.chateaudegoutelas.fr\\\/wp-content\\\/uploads\\\/2023\\\/04\\\/devenez-benevole-chateau-de-goutelas.jpg\",\"contentUrl\":\"https:\\\/\\\/www.chateaudegoutelas.fr\\\/wp-content\\\/uploads\\\/2023\\\/04\\\/devenez-benevole-chateau-de-goutelas.jpg\",\"width\":2048,\"height\":1305},{\"@type\":\"BreadcrumbList\",\"@id\":\"https:\\\/\\\/www.chateaudegoutelas.fr\\\/le-chateau-de-goutelas\\\/equipe-et-association\\\/#breadcrumb\",\"itemListElement\":[{\"@type\":\"ListItem\",\"position\":1,\"name\":\"Accueil\",\"item\":\"https:\\\/\\\/www.chateaudegoutelas.fr\\\/\"},{\"@type\":\"ListItem\",\"position\":2,\"name\":\"Le Ch\u00e2teau de Goutelas\",\"item\":\"https:\\\/\\\/www.chateaudegoutelas.fr\\\/le-chateau-de-goutelas\\\/\"},{\"@type\":\"ListItem\",\"position\":3,\"name\":\"\u00c9quipe &#038; association\"}]},{\"@type\":\"WebSite\",\"@id\":\"https:\\\/\\\/www.chateaudegoutelas.fr\\\/#website\",\"url\":\"https:\\\/\\\/www.chateaudegoutelas.fr\\\/\",\"name\":\"Ch\u00e2teau de Goutelas\",\"description\":\"Un centre culturel de rencontre en Forez\",\"publisher\":{\"@id\":\"https:\\\/\\\/www.chateaudegoutelas.fr\\\/#organization\"},\"potentialAction\":[{\"@type\":\"SearchAction\",\"target\":{\"@type\":\"EntryPoint\",\"urlTemplate\":\"https:\\\/\\\/www.chateaudegoutelas.fr\\\/?s={search_term_string}\"},\"query-input\":{\"@type\":\"PropertyValueSpecification\",\"valueRequired\":true,\"valueName\":\"search_term_string\"}}],\"inLanguage\":\"en-GB\"},{\"@type\":\"Organization\",\"@id\":\"https:\\\/\\\/www.chateaudegoutelas.fr\\\/#organization\",\"name\":\"Ch\u00e2teau de Goutelas\",\"url\":\"https:\\\/\\\/www.chateaudegoutelas.fr\\\/\",\"logo\":{\"@type\":\"ImageObject\",\"inLanguage\":\"en-GB\",\"@id\":\"https:\\\/\\\/www.chateaudegoutelas.fr\\\/#\\\/schema\\\/logo\\\/image\\\/\",\"url\":\"https:\\\/\\\/www.chateaudegoutelas.fr\\\/wp-content\\\/uploads\\\/2023\\\/05\\\/logo-chateau-goutelas-bleu.png\",\"contentUrl\":\"https:\\\/\\\/www.chateaudegoutelas.fr\\\/wp-content\\\/uploads\\\/2023\\\/05\\\/logo-chateau-goutelas-bleu.png\",\"width\":1123,\"height\":327,\"caption\":\"Ch\u00e2teau de Goutelas\"},\"image\":{\"@id\":\"https:\\\/\\\/www.chateaudegoutelas.fr\\\/#\\\/schema\\\/logo\\\/image\\\/\"}}]}<\/script>\n<!-- \/ Yoast SEO plugin. -->","yoast_head_json":{"title":"\u00c9quipe & association - Ch\u00e2teau de Goutelas","robots":{"index":"index","follow":"follow","max-snippet":"max-snippet:-1","max-image-preview":"max-image-preview:large","max-video-preview":"max-video-preview:-1"},"canonical":"https:\/\/www.chateaudegoutelas.fr\/en\/le-chateau-de-goutelas\/equipe-et-association\/","og_locale":"en_GB","og_type":"article","og_title":"\u00c9quipe & association - Ch\u00e2teau de Goutelas","og_description":"\u00c9quipe &amp; association \u00a9 Louis Perrin \u00c9quipe &#038; association Le Ch\u00e2teau de Goutelas, Centre culturel de rencontre, est un projet associatif dans lequel nombre de b\u00e9n\u00e9voles et adh\u00e9rent\u00b7e\u00b7s s&rsquo;impliquent tout au long de l&rsquo;ann\u00e9e. Vous pouvez soutenir le projet en adh\u00e9rant \u00e0 l&rsquo;association. Les adh\u00e9sions 2026 ouvriront prochainement. Merci pour votre soutien ! \u00c9quipe &nbsp; [&hellip;]","og_url":"https:\/\/www.chateaudegoutelas.fr\/en\/le-chateau-de-goutelas\/equipe-et-association\/","og_site_name":"Ch\u00e2teau de Goutelas","article_modified_time":"2026-01-22T15:11:46+00:00","og_image":[{"width":2048,"height":1305,"url":"https:\/\/www.chateaudegoutelas.fr\/wp-content\/uploads\/2023\/04\/devenez-benevole-chateau-de-goutelas.jpg","type":"image\/jpeg"}],"twitter_card":"summary_large_image","twitter_misc":{"Estimated reading time":"2 minutes"},"schema":{"@context":"https:\/\/schema.org","@graph":[{"@type":"WebPage","@id":"https:\/\/www.chateaudegoutelas.fr\/le-chateau-de-goutelas\/equipe-et-association\/","url":"https:\/\/www.chateaudegoutelas.fr\/le-chateau-de-goutelas\/equipe-et-association\/","name":"\u00c9quipe & association - Ch\u00e2teau de Goutelas","isPartOf":{"@id":"https:\/\/www.chateaudegoutelas.fr\/#website"},"primaryImageOfPage":{"@id":"https:\/\/www.chateaudegoutelas.fr\/le-chateau-de-goutelas\/equipe-et-association\/#primaryimage"},"image":{"@id":"https:\/\/www.chateaudegoutelas.fr\/le-chateau-de-goutelas\/equipe-et-association\/#primaryimage"},"thumbnailUrl":"https:\/\/www.chateaudegoutelas.fr\/wp-content\/uploads\/2023\/04\/devenez-benevole-chateau-de-goutelas.jpg","datePublished":"2023-04-03T08:34:28+00:00","dateModified":"2026-01-22T15:11:46+00:00","breadcrumb":{"@id":"https:\/\/www.chateaudegoutelas.fr\/le-chateau-de-goutelas\/equipe-et-association\/#breadcrumb"},"inLanguage":"en-GB","potentialAction":[{"@type":"ReadAction","target":["https:\/\/www.chateaudegoutelas.fr\/le-chateau-de-goutelas\/equipe-et-association\/"]}]},{"@type":"ImageObject","inLanguage":"en-GB","@id":"https:\/\/www.chateaudegoutelas.fr\/le-chateau-de-goutelas\/equipe-et-association\/#primaryimage","url":"https:\/\/www.chateaudegoutelas.fr\/wp-content\/uploads\/2023\/04\/devenez-benevole-chateau-de-goutelas.jpg","contentUrl":"https:\/\/www.chateaudegoutelas.fr\/wp-content\/uploads\/2023\/04\/devenez-benevole-chateau-de-goutelas.jpg","width":2048,"height":1305},{"@type":"BreadcrumbList","@id":"https:\/\/www.chateaudegoutelas.fr\/le-chateau-de-goutelas\/equipe-et-association\/#breadcrumb","itemListElement":[{"@type":"ListItem","position":1,"name":"Accueil","item":"https:\/\/www.chateaudegoutelas.fr\/"},{"@type":"ListItem","position":2,"name":"Le Ch\u00e2teau de Goutelas","item":"https:\/\/www.chateaudegoutelas.fr\/le-chateau-de-goutelas\/"},{"@type":"ListItem","position":3,"name":"\u00c9quipe &#038; association"}]},{"@type":"WebSite","@id":"https:\/\/www.chateaudegoutelas.fr\/#website","url":"https:\/\/www.chateaudegoutelas.fr\/","name":"Ch\u00e2teau de Goutelas","description":"Un centre culturel de rencontre en Forez","publisher":{"@id":"https:\/\/www.chateaudegoutelas.fr\/#organization"},"potentialAction":[{"@type":"SearchAction","target":{"@type":"EntryPoint","urlTemplate":"https:\/\/www.chateaudegoutelas.fr\/?s={search_term_string}"},"query-input":{"@type":"PropertyValueSpecification","valueRequired":true,"valueName":"search_term_string"}}],"inLanguage":"en-GB"},{"@type":"Organization","@id":"https:\/\/www.chateaudegoutelas.fr\/#organization","name":"Ch\u00e2teau de Goutelas","url":"https:\/\/www.chateaudegoutelas.fr\/","logo":{"@type":"ImageObject","inLanguage":"en-GB","@id":"https:\/\/www.chateaudegoutelas.fr\/#\/schema\/logo\/image\/","url":"https:\/\/www.chateaudegoutelas.fr\/wp-content\/uploads\/2023\/05\/logo-chateau-goutelas-bleu.png","contentUrl":"https:\/\/www.chateaudegoutelas.fr\/wp-content\/uploads\/2023\/05\/logo-chateau-goutelas-bleu.png","width":1123,"height":327,"caption":"Ch\u00e2teau de Goutelas"},"image":{"@id":"https:\/\/www.chateaudegoutelas.fr\/#\/schema\/logo\/image\/"}}]}},"_links":{"self":[{"href":"https:\/\/www.chateaudegoutelas.fr\/en\/wp-json\/wp\/v2\/pages\/5803","targetHints":{"allow":["GET"]}}],"collection":[{"href":"https:\/\/www.chateaudegoutelas.fr\/en\/wp-json\/wp\/v2\/pages"}],"about":[{"href":"https:\/\/www.chateaudegoutelas.fr\/en\/wp-json\/wp\/v2\/types\/page"}],"author":[{"embeddable":true,"href":"https:\/\/www.chateaudegoutelas.fr\/en\/wp-json\/wp\/v2\/users\/8"}],"replies":[{"embeddable":true,"href":"https:\/\/www.chateaudegoutelas.fr\/en\/wp-json\/wp\/v2\/comments?post=5803"}],"version-history":[{"count":9,"href":"https:\/\/www.chateaudegoutelas.fr\/en\/wp-json\/wp\/v2\/pages\/5803\/revisions"}],"predecessor-version":[{"id":11680,"href":"https:\/\/www.chateaudegoutelas.fr\/en\/wp-json\/wp\/v2\/pages\/5803\/revisions\/11680"}],"up":[{"embeddable":true,"href":"https:\/\/www.chateaudegoutelas.fr\/en\/wp-json\/wp\/v2\/pages\/5282"}],"wp:featuredmedia":[{"embeddable":true,"href":"https:\/\/www.chateaudegoutelas.fr\/en\/wp-json\/wp\/v2\/media\/6157"}],"wp:attachment":[{"href":"https:\/\/www.chateaudegoutelas.fr\/en\/wp-json\/wp\/v2\/media?parent=5803"}],"wp:term":[{"taxonomy":"category","embeddable":true,"href":"https:\/\/www.chateaudegoutelas.fr\/en\/wp-json\/wp\/v2\/categories?post=5803"},{"taxonomy":"post_tag","embeddable":true,"href":"https:\/\/www.chateaudegoutelas.fr\/en\/wp-json\/wp\/v2\/tags?post=5803"}],"curies":[{"name":"wp","href":"https:\/\/api.w.org\/{rel}","templated":true}]}}