{"id":5276,"date":"2023-01-14T20:32:37","date_gmt":"2023-01-14T19:32:37","guid":{"rendered":"https:\/\/dev.chateaudegoutelas.fr\/?page_id=5276"},"modified":"2024-01-09T14:33:31","modified_gmt":"2024-01-09T13:33:31","slug":"un-patrimoine-vivant","status":"publish","type":"page","link":"https:\/\/www.chateaudegoutelas.fr\/en\/le-chateau-de-goutelas\/un-patrimoine-vivant\/","title":{"rendered":"Un patrimoine vivant"},"content":{"rendered":"<h1>\n\t\t\t\tUn patrimoine vivant\n\t\t\t<\/h1>\n\t\t\t<h3>La cr\u00e9ation au c\u0153ur du Forez<\/h3>\t\n\t<p>\u00a9 Ch\u00e2teau de Goutelas<\/p>\n\t\t\t<h2>Un patrimoine vivant<\/h2>\t\t\t\n\t\t\t\t<h3>La cr\u00e9ation au c\u0153ur du Forez<\/h3>\n\t<p><strong>Le Ch\u00e2teau de Goutelas, Centre culturel de rencontre, est un lieu de vie, de cr\u00e9ation et d&rsquo;ouvertures multiples : rencontres &amp; d\u00e9bats, spectacles, concerts, expositions, r\u00e9sidences de recherche et de cr\u00e9ation.<\/strong><\/p>\n<p>Labellis\u00e9<strong> <a href=\"https:\/\/www.accr-europe.org\/\">heritage site for culture<\/a> <\/strong>par le minist\u00e8re de la Culture, Goutelas d\u00e9veloppe son projet autour d&rsquo;un th\u00e8me socle \u00ab\u00a0<strong>Humanisme, droit, cr\u00e9ation &#8211; espace de recherche et d&rsquo;exp\u00e9rimentation de l&rsquo;\u00e9ducation populaire<\/strong>\u00ab\u00a0. En 1960, des b\u00e9n\u00e9voles de tous horizons se mobilisent pour restaurer le ch\u00e2teau menac\u00e9 de tomber en ruines, port\u00e9\u00b7e\u00b7s par l&rsquo;envie de \u00ab\u00a0faire ensemble\u00a0\u00bb et par la vision partag\u00e9e d&rsquo;un lieu multiculturel. Nombre de juristes participent au chantier, contribuant \u00e0 faire de Goutelas un espace de r\u00e9flexion autour du droit, et pour le monde agricole, le terrain de confrontations d&rsquo;id\u00e9es.<\/p>\n<p>Aujourd&rsquo;hui, fort de l&rsquo;originalit\u00e9 de son histoire, Goutelas est devenu un lieu o\u00f9 la cr\u00e9ation contemporaine se m\u00eale aux d\u00e9bats, pour explorer de grands enjeux contemporains : l&rsquo;\u00e9cologie et notre rapport au vivant, les droits humains, les nouvelles technologies, etc.<\/p>\n<p>&nbsp;<\/p>\n<h2>\n\t\tvoir aussi\n\t<\/h2>\n\t\t<a href=\"https:\/\/www.chateaudegoutelas.fr\/en\/le-chateau-de-goutelas\/partenaires\/\" target=\"_self\" aria-label=\"Post Element\" rel=\"noopener\"><\/a>\t\t\n\t\t\t\t\t\t\t\t\t\t\t\t\t\t<a href=\"https:\/\/www.chateaudegoutelas.fr\/en\/le-chateau-de-goutelas\/partenaires\/\" target=\"_self\" title=\"Nos partenaires\" rel=\"noopener\">\n\t\t\t\t<img decoding=\"async\" src=\"https:\/\/www.chateaudegoutelas.fr\/wp-content\/uploads\/2023\/03\/Visite_credit_Philippe-Mesa-min-scaled-1-600x600.jpg\" alt=\"\" \/>\n\t\t\t\t<\/a>\n\t\t\t\t\t\t<h4>\n\t\t\t\t<a href=\"https:\/\/www.chateaudegoutelas.fr\/en\/le-chateau-de-goutelas\/partenaires\/\" title=\"Nos partenaires\" tabindex=\"0\">Nos partenaires<\/a>\t\t\t<\/h4>\n\t\t<a href=\"https:\/\/www.chateaudegoutelas.fr\/en\/le-chateau-de-goutelas\/les-vies-du-chateau\/\" target=\"_self\" aria-label=\"Post Element\" rel=\"noopener\"><\/a>\t\t\n\t\t\t\t\t\t\t\t\t\t\t\t\t\t<a href=\"https:\/\/www.chateaudegoutelas.fr\/en\/le-chateau-de-goutelas\/les-vies-du-chateau\/\" target=\"_self\" title=\"Les vies du ch\u00e2teau\" rel=\"noopener\">\n\t\t\t\t<img decoding=\"async\" src=\"https:\/\/www.chateaudegoutelas.fr\/wp-content\/uploads\/2023\/09\/\u00a9Chateau-de-Goutelas2-1-720x720.jpg\" alt=\"\" \/>\n\t\t\t\t<\/a>\n\t\t\t\t\t\t<h4>\n\t\t\t\t<a href=\"https:\/\/www.chateaudegoutelas.fr\/en\/le-chateau-de-goutelas\/les-vies-du-chateau\/\" title=\"Les vies du ch\u00e2teau\" tabindex=\"0\">Les vies du ch\u00e2teau<\/a>\t\t\t<\/h4>\n\t\t<a href=\"https:\/\/www.chateaudegoutelas.fr\/en\/le-chateau-de-goutelas\/equipe-et-association\/\" target=\"_self\" aria-label=\"Post Element\" rel=\"noopener\"><\/a>\t\t\n\t\t\t\t\t\t\t\t\t\t\t\t\t\t<a href=\"https:\/\/www.chateaudegoutelas.fr\/en\/le-chateau-de-goutelas\/equipe-et-association\/\" target=\"_self\" title=\"\u00c9quipe &#038; association\" rel=\"noopener\">\n\t\t\t\t<img decoding=\"async\" src=\"https:\/\/www.chateaudegoutelas.fr\/wp-content\/uploads\/2023\/04\/devenez-benevole-chateau-de-goutelas-600x600.jpg\" alt=\"\" \/>\n\t\t\t\t<\/a>\n\t\t\t\t\t\t<h4>\n\t\t\t\t<a href=\"https:\/\/www.chateaudegoutelas.fr\/en\/le-chateau-de-goutelas\/equipe-et-association\/\" title=\"\u00c9quipe &#038; association\" tabindex=\"0\">\u00c9quipe &#038; association<\/a>\t\t\t<\/h4>","protected":false},"excerpt":{"rendered":"<p>Un patrimoine vivant La cr\u00e9ation au c\u0153ur du Forez \u00a9 Ch\u00e2teau de Goutelas Un patrimoine vivant La cr\u00e9ation au c\u0153ur du Forez Le Ch\u00e2teau de Goutelas, Centre culturel de rencontre, est un lieu de vie, de cr\u00e9ation et d&rsquo;ouvertures multiples : rencontres &amp; d\u00e9bats, spectacles, concerts, expositions, r\u00e9sidences de recherche et de cr\u00e9ation. Labellis\u00e9 Centre [&hellip;]<\/p>\n","protected":false},"author":8,"featured_media":5687,"parent":5282,"menu_order":0,"comment_status":"closed","ping_status":"closed","template":"","meta":{"site-sidebar-layout":"no-sidebar","site-content-layout":"","ast-site-content-layout":"full-width-container","site-content-style":"unboxed","site-sidebar-style":"unboxed","ast-global-header-display":"","ast-banner-title-visibility":"","ast-main-header-display":"","ast-hfb-above-header-display":"","ast-hfb-below-header-display":"","ast-hfb-mobile-header-display":"","site-post-title":"disabled","ast-breadcrumbs-content":"","ast-featured-img":"disabled","footer-sml-layout":"","ast-disable-related-posts":"","theme-transparent-header-meta":"default","adv-header-id-meta":"","stick-header-meta":"default","header-above-stick-meta":"","header-main-stick-meta":"","header-below-stick-meta":"","astra-migrate-meta-layouts":"set","ast-page-background-enabled":"default","ast-page-background-meta":{"desktop":{"background-color":"","background-image":"","background-repeat":"repeat","background-position":"center center","background-size":"auto","background-attachment":"scroll","background-type":"","background-media":"","overlay-type":"","overlay-color":"","overlay-opacity":"","overlay-gradient":""},"tablet":{"background-color":"","background-image":"","background-repeat":"repeat","background-position":"center center","background-size":"auto","background-attachment":"scroll","background-type":"","background-media":"","overlay-type":"","overlay-color":"","overlay-opacity":"","overlay-gradient":""},"mobile":{"background-color":"","background-image":"","background-repeat":"repeat","background-position":"center center","background-size":"auto","background-attachment":"scroll","background-type":"","background-media":"","overlay-type":"","overlay-color":"","overlay-opacity":"","overlay-gradient":""}},"ast-content-background-meta":{"desktop":{"background-color":"var(--ast-global-color-5)","background-image":"","background-repeat":"repeat","background-position":"center center","background-size":"auto","background-attachment":"scroll","background-type":"","background-media":"","overlay-type":"","overlay-color":"","overlay-opacity":"","overlay-gradient":""},"tablet":{"background-color":"var(--ast-global-color-5)","background-image":"","background-repeat":"repeat","background-position":"center center","background-size":"auto","background-attachment":"scroll","background-type":"","background-media":"","overlay-type":"","overlay-color":"","overlay-opacity":"","overlay-gradient":""},"mobile":{"background-color":"var(--ast-global-color-5)","background-image":"","background-repeat":"repeat","background-position":"center center","background-size":"auto","background-attachment":"scroll","background-type":"","background-media":"","overlay-type":"","overlay-color":"","overlay-opacity":"","overlay-gradient":""}},"footnotes":""},"categories":[80],"tags":[],"class_list":["post-5276","page","type-page","status-publish","has-post-thumbnail","hentry","category-le-chateau-de-goutelas"],"yoast_head":"<!-- This site is optimized with the Yoast SEO plugin v27.5 - https:\/\/yoast.com\/product\/yoast-seo-wordpress\/ -->\n<title>Un patrimoine vivant - Ch\u00e2teau de Goutelas<\/title>\n<meta name=\"robots\" content=\"index, follow, max-snippet:-1, max-image-preview:large, max-video-preview:-1\" \/>\n<link rel=\"canonical\" href=\"https:\/\/www.chateaudegoutelas.fr\/en\/le-chateau-de-goutelas\/un-patrimoine-vivant\/\" \/>\n<meta property=\"og:locale\" content=\"en_GB\" \/>\n<meta property=\"og:type\" content=\"article\" \/>\n<meta property=\"og:title\" content=\"Un patrimoine vivant - Ch\u00e2teau de Goutelas\" \/>\n<meta property=\"og:description\" content=\"Un patrimoine vivant La cr\u00e9ation au c\u0153ur du Forez \u00a9 Ch\u00e2teau de Goutelas Un patrimoine vivant La cr\u00e9ation au c\u0153ur du Forez Le Ch\u00e2teau de Goutelas, Centre culturel de rencontre, est un lieu de vie, de cr\u00e9ation et d&rsquo;ouvertures multiples : rencontres &amp; d\u00e9bats, spectacles, concerts, expositions, r\u00e9sidences de recherche et de cr\u00e9ation. Labellis\u00e9 Centre [&hellip;]\" \/>\n<meta property=\"og:url\" content=\"https:\/\/www.chateaudegoutelas.fr\/en\/le-chateau-de-goutelas\/un-patrimoine-vivant\/\" \/>\n<meta property=\"og:site_name\" content=\"Ch\u00e2teau de Goutelas\" \/>\n<meta property=\"article:modified_time\" content=\"2024-01-09T13:33:31+00:00\" \/>\n<meta property=\"og:image\" content=\"https:\/\/www.chateaudegoutelas.fr\/wp-content\/uploads\/2023\/03\/le-mystere-du-h.jpg\" \/>\n\t<meta property=\"og:image:width\" content=\"2048\" \/>\n\t<meta property=\"og:image:height\" content=\"1151\" \/>\n\t<meta property=\"og:image:type\" content=\"image\/jpeg\" \/>\n<meta name=\"twitter:card\" content=\"summary_large_image\" \/>\n<meta name=\"twitter:label1\" content=\"Estimated reading time\" \/>\n\t<meta name=\"twitter:data1\" content=\"2 minutes\" \/>\n<script type=\"application\/ld+json\" class=\"yoast-schema-graph\">{\"@context\":\"https:\\\/\\\/schema.org\",\"@graph\":[{\"@type\":\"WebPage\",\"@id\":\"https:\\\/\\\/www.chateaudegoutelas.fr\\\/le-chateau-de-goutelas\\\/un-patrimoine-vivant\\\/\",\"url\":\"https:\\\/\\\/www.chateaudegoutelas.fr\\\/le-chateau-de-goutelas\\\/un-patrimoine-vivant\\\/\",\"name\":\"Un patrimoine vivant - Ch\u00e2teau de Goutelas\",\"isPartOf\":{\"@id\":\"https:\\\/\\\/www.chateaudegoutelas.fr\\\/#website\"},\"primaryImageOfPage\":{\"@id\":\"https:\\\/\\\/www.chateaudegoutelas.fr\\\/le-chateau-de-goutelas\\\/un-patrimoine-vivant\\\/#primaryimage\"},\"image\":{\"@id\":\"https:\\\/\\\/www.chateaudegoutelas.fr\\\/le-chateau-de-goutelas\\\/un-patrimoine-vivant\\\/#primaryimage\"},\"thumbnailUrl\":\"https:\\\/\\\/www.chateaudegoutelas.fr\\\/wp-content\\\/uploads\\\/2023\\\/03\\\/le-mystere-du-h.jpg\",\"datePublished\":\"2023-01-14T19:32:37+00:00\",\"dateModified\":\"2024-01-09T13:33:31+00:00\",\"breadcrumb\":{\"@id\":\"https:\\\/\\\/www.chateaudegoutelas.fr\\\/le-chateau-de-goutelas\\\/un-patrimoine-vivant\\\/#breadcrumb\"},\"inLanguage\":\"en-GB\",\"potentialAction\":[{\"@type\":\"ReadAction\",\"target\":[\"https:\\\/\\\/www.chateaudegoutelas.fr\\\/le-chateau-de-goutelas\\\/un-patrimoine-vivant\\\/\"]}]},{\"@type\":\"ImageObject\",\"inLanguage\":\"en-GB\",\"@id\":\"https:\\\/\\\/www.chateaudegoutelas.fr\\\/le-chateau-de-goutelas\\\/un-patrimoine-vivant\\\/#primaryimage\",\"url\":\"https:\\\/\\\/www.chateaudegoutelas.fr\\\/wp-content\\\/uploads\\\/2023\\\/03\\\/le-mystere-du-h.jpg\",\"contentUrl\":\"https:\\\/\\\/www.chateaudegoutelas.fr\\\/wp-content\\\/uploads\\\/2023\\\/03\\\/le-mystere-du-h.jpg\",\"width\":2048,\"height\":1151},{\"@type\":\"BreadcrumbList\",\"@id\":\"https:\\\/\\\/www.chateaudegoutelas.fr\\\/le-chateau-de-goutelas\\\/un-patrimoine-vivant\\\/#breadcrumb\",\"itemListElement\":[{\"@type\":\"ListItem\",\"position\":1,\"name\":\"Accueil\",\"item\":\"https:\\\/\\\/www.chateaudegoutelas.fr\\\/\"},{\"@type\":\"ListItem\",\"position\":2,\"name\":\"Le Ch\u00e2teau de Goutelas\",\"item\":\"https:\\\/\\\/www.chateaudegoutelas.fr\\\/le-chateau-de-goutelas\\\/\"},{\"@type\":\"ListItem\",\"position\":3,\"name\":\"Un patrimoine vivant\"}]},{\"@type\":\"WebSite\",\"@id\":\"https:\\\/\\\/www.chateaudegoutelas.fr\\\/#website\",\"url\":\"https:\\\/\\\/www.chateaudegoutelas.fr\\\/\",\"name\":\"Ch\u00e2teau de Goutelas\",\"description\":\"Un centre culturel de rencontre en Forez\",\"publisher\":{\"@id\":\"https:\\\/\\\/www.chateaudegoutelas.fr\\\/#organization\"},\"potentialAction\":[{\"@type\":\"SearchAction\",\"target\":{\"@type\":\"EntryPoint\",\"urlTemplate\":\"https:\\\/\\\/www.chateaudegoutelas.fr\\\/?s={search_term_string}\"},\"query-input\":{\"@type\":\"PropertyValueSpecification\",\"valueRequired\":true,\"valueName\":\"search_term_string\"}}],\"inLanguage\":\"en-GB\"},{\"@type\":\"Organization\",\"@id\":\"https:\\\/\\\/www.chateaudegoutelas.fr\\\/#organization\",\"name\":\"Ch\u00e2teau de Goutelas\",\"url\":\"https:\\\/\\\/www.chateaudegoutelas.fr\\\/\",\"logo\":{\"@type\":\"ImageObject\",\"inLanguage\":\"en-GB\",\"@id\":\"https:\\\/\\\/www.chateaudegoutelas.fr\\\/#\\\/schema\\\/logo\\\/image\\\/\",\"url\":\"https:\\\/\\\/www.chateaudegoutelas.fr\\\/wp-content\\\/uploads\\\/2023\\\/05\\\/logo-chateau-goutelas-bleu.png\",\"contentUrl\":\"https:\\\/\\\/www.chateaudegoutelas.fr\\\/wp-content\\\/uploads\\\/2023\\\/05\\\/logo-chateau-goutelas-bleu.png\",\"width\":1123,\"height\":327,\"caption\":\"Ch\u00e2teau de Goutelas\"},\"image\":{\"@id\":\"https:\\\/\\\/www.chateaudegoutelas.fr\\\/#\\\/schema\\\/logo\\\/image\\\/\"}}]}<\/script>\n<!-- \/ Yoast SEO plugin. -->","yoast_head_json":{"title":"Un patrimoine vivant - Ch\u00e2teau de Goutelas","robots":{"index":"index","follow":"follow","max-snippet":"max-snippet:-1","max-image-preview":"max-image-preview:large","max-video-preview":"max-video-preview:-1"},"canonical":"https:\/\/www.chateaudegoutelas.fr\/en\/le-chateau-de-goutelas\/un-patrimoine-vivant\/","og_locale":"en_GB","og_type":"article","og_title":"Un patrimoine vivant - Ch\u00e2teau de Goutelas","og_description":"Un patrimoine vivant La cr\u00e9ation au c\u0153ur du Forez \u00a9 Ch\u00e2teau de Goutelas Un patrimoine vivant La cr\u00e9ation au c\u0153ur du Forez Le Ch\u00e2teau de Goutelas, Centre culturel de rencontre, est un lieu de vie, de cr\u00e9ation et d&rsquo;ouvertures multiples : rencontres &amp; d\u00e9bats, spectacles, concerts, expositions, r\u00e9sidences de recherche et de cr\u00e9ation. Labellis\u00e9 Centre [&hellip;]","og_url":"https:\/\/www.chateaudegoutelas.fr\/en\/le-chateau-de-goutelas\/un-patrimoine-vivant\/","og_site_name":"Ch\u00e2teau de Goutelas","article_modified_time":"2024-01-09T13:33:31+00:00","og_image":[{"width":2048,"height":1151,"url":"https:\/\/www.chateaudegoutelas.fr\/wp-content\/uploads\/2023\/03\/le-mystere-du-h.jpg","type":"image\/jpeg"}],"twitter_card":"summary_large_image","twitter_misc":{"Estimated reading time":"2 minutes"},"schema":{"@context":"https:\/\/schema.org","@graph":[{"@type":"WebPage","@id":"https:\/\/www.chateaudegoutelas.fr\/le-chateau-de-goutelas\/un-patrimoine-vivant\/","url":"https:\/\/www.chateaudegoutelas.fr\/le-chateau-de-goutelas\/un-patrimoine-vivant\/","name":"Un patrimoine vivant - Ch\u00e2teau de Goutelas","isPartOf":{"@id":"https:\/\/www.chateaudegoutelas.fr\/#website"},"primaryImageOfPage":{"@id":"https:\/\/www.chateaudegoutelas.fr\/le-chateau-de-goutelas\/un-patrimoine-vivant\/#primaryimage"},"image":{"@id":"https:\/\/www.chateaudegoutelas.fr\/le-chateau-de-goutelas\/un-patrimoine-vivant\/#primaryimage"},"thumbnailUrl":"https:\/\/www.chateaudegoutelas.fr\/wp-content\/uploads\/2023\/03\/le-mystere-du-h.jpg","datePublished":"2023-01-14T19:32:37+00:00","dateModified":"2024-01-09T13:33:31+00:00","breadcrumb":{"@id":"https:\/\/www.chateaudegoutelas.fr\/le-chateau-de-goutelas\/un-patrimoine-vivant\/#breadcrumb"},"inLanguage":"en-GB","potentialAction":[{"@type":"ReadAction","target":["https:\/\/www.chateaudegoutelas.fr\/le-chateau-de-goutelas\/un-patrimoine-vivant\/"]}]},{"@type":"ImageObject","inLanguage":"en-GB","@id":"https:\/\/www.chateaudegoutelas.fr\/le-chateau-de-goutelas\/un-patrimoine-vivant\/#primaryimage","url":"https:\/\/www.chateaudegoutelas.fr\/wp-content\/uploads\/2023\/03\/le-mystere-du-h.jpg","contentUrl":"https:\/\/www.chateaudegoutelas.fr\/wp-content\/uploads\/2023\/03\/le-mystere-du-h.jpg","width":2048,"height":1151},{"@type":"BreadcrumbList","@id":"https:\/\/www.chateaudegoutelas.fr\/le-chateau-de-goutelas\/un-patrimoine-vivant\/#breadcrumb","itemListElement":[{"@type":"ListItem","position":1,"name":"Accueil","item":"https:\/\/www.chateaudegoutelas.fr\/"},{"@type":"ListItem","position":2,"name":"Le Ch\u00e2teau de Goutelas","item":"https:\/\/www.chateaudegoutelas.fr\/le-chateau-de-goutelas\/"},{"@type":"ListItem","position":3,"name":"Un patrimoine vivant"}]},{"@type":"WebSite","@id":"https:\/\/www.chateaudegoutelas.fr\/#website","url":"https:\/\/www.chateaudegoutelas.fr\/","name":"Ch\u00e2teau de Goutelas","description":"Un centre culturel de rencontre en Forez","publisher":{"@id":"https:\/\/www.chateaudegoutelas.fr\/#organization"},"potentialAction":[{"@type":"SearchAction","target":{"@type":"EntryPoint","urlTemplate":"https:\/\/www.chateaudegoutelas.fr\/?s={search_term_string}"},"query-input":{"@type":"PropertyValueSpecification","valueRequired":true,"valueName":"search_term_string"}}],"inLanguage":"en-GB"},{"@type":"Organization","@id":"https:\/\/www.chateaudegoutelas.fr\/#organization","name":"Ch\u00e2teau de Goutelas","url":"https:\/\/www.chateaudegoutelas.fr\/","logo":{"@type":"ImageObject","inLanguage":"en-GB","@id":"https:\/\/www.chateaudegoutelas.fr\/#\/schema\/logo\/image\/","url":"https:\/\/www.chateaudegoutelas.fr\/wp-content\/uploads\/2023\/05\/logo-chateau-goutelas-bleu.png","contentUrl":"https:\/\/www.chateaudegoutelas.fr\/wp-content\/uploads\/2023\/05\/logo-chateau-goutelas-bleu.png","width":1123,"height":327,"caption":"Ch\u00e2teau de Goutelas"},"image":{"@id":"https:\/\/www.chateaudegoutelas.fr\/#\/schema\/logo\/image\/"}}]}},"_links":{"self":[{"href":"https:\/\/www.chateaudegoutelas.fr\/en\/wp-json\/wp\/v2\/pages\/5276","targetHints":{"allow":["GET"]}}],"collection":[{"href":"https:\/\/www.chateaudegoutelas.fr\/en\/wp-json\/wp\/v2\/pages"}],"about":[{"href":"https:\/\/www.chateaudegoutelas.fr\/en\/wp-json\/wp\/v2\/types\/page"}],"author":[{"embeddable":true,"href":"https:\/\/www.chateaudegoutelas.fr\/en\/wp-json\/wp\/v2\/users\/8"}],"replies":[{"embeddable":true,"href":"https:\/\/www.chateaudegoutelas.fr\/en\/wp-json\/wp\/v2\/comments?post=5276"}],"version-history":[{"count":3,"href":"https:\/\/www.chateaudegoutelas.fr\/en\/wp-json\/wp\/v2\/pages\/5276\/revisions"}],"predecessor-version":[{"id":8988,"href":"https:\/\/www.chateaudegoutelas.fr\/en\/wp-json\/wp\/v2\/pages\/5276\/revisions\/8988"}],"up":[{"embeddable":true,"href":"https:\/\/www.chateaudegoutelas.fr\/en\/wp-json\/wp\/v2\/pages\/5282"}],"wp:featuredmedia":[{"embeddable":true,"href":"https:\/\/www.chateaudegoutelas.fr\/en\/wp-json\/wp\/v2\/media\/5687"}],"wp:attachment":[{"href":"https:\/\/www.chateaudegoutelas.fr\/en\/wp-json\/wp\/v2\/media?parent=5276"}],"wp:term":[{"taxonomy":"category","embeddable":true,"href":"https:\/\/www.chateaudegoutelas.fr\/en\/wp-json\/wp\/v2\/categories?post=5276"},{"taxonomy":"post_tag","embeddable":true,"href":"https:\/\/www.chateaudegoutelas.fr\/en\/wp-json\/wp\/v2\/tags?post=5276"}],"curies":[{"name":"wp","href":"https:\/\/api.w.org\/{rel}","templated":true}]}}