{"id":11112,"date":"2025-09-25T11:58:50","date_gmt":"2025-09-25T09:58:50","guid":{"rendered":"https:\/\/www.chateaudegoutelas.fr\/?page_id=11112"},"modified":"2026-02-11T17:22:00","modified_gmt":"2026-02-11T16:22:00","slug":"familles-devorantes","status":"publish","type":"page","link":"https:\/\/www.chateaudegoutelas.fr\/en\/familles-devorantes\/","title":{"rendered":"Familles d\u00e9vorantes"},"content":{"rendered":"<h1>\n\t\t\t\tFamilles d\u00e9vorantes\n\t\t\t<\/h1>\n<h3>\n\t\t\tRECHERCHE-CR\u00c9ATION\t<\/h3>\n\t<p>\u00a9 Ch\u00e2teau de Goutelas<\/p>\n<h1>\n\t\t\tFamilles d\u00e9vorantes\t<\/h1>\n<h3>\n\t\t\tRecherche-cr\u00e9ation\t<\/h3>\n<p>&nbsp;<\/p>\n<p>\u00ab\u00a0Familles d\u00e9vorantes\u00a0\u00bb est une <strong>r\u00e9sidence de recherche-cr\u00e9ation au long cours<\/strong> port\u00e9e par l&rsquo;artiste et chercheur <a href=\"https:\/\/www.chateaudegoutelas.fr\/en\/artiste\/arnaud-theval\/\"><strong>Arnaud Th\u00e9val<\/strong><\/a> et le Ch\u00e2teau de Goutelas.<\/p>\n<p>Le projet explore <strong>nos liens ambivalents au vivant \u00e0 travers la mort de l&rsquo;animal<\/strong>. Il donne lieu \u00e0 des cr\u00e9ations artistiques partag\u00e9es\u202f: photographies in situ, portraits fictionnels, textes po\u00e9tiques, dessins, cr\u00e9ation radiophonique et s\u00e9rie de podcasts documentaires r\u00e9alis\u00e9s avec l&rsquo;artiste sonore <a href=\"https:\/\/www.chateaudegoutelas.fr\/en\/artiste\/jean-baptiste-imbert\/\">Jean-Baptiste Imbert<\/a>.<\/p>\n<p>Apr\u00e8s un premier acte men\u00e9 en 2024-2025, une nouvelle \u00e9tape (2025-2027) se d\u00e9ploie en lien \u00e9troit avec les communaut\u00e9s rurales et les \u00ab\u00a0familles\u00a0\u00bb rencontr\u00e9es : jeunes en formation agricole, chasseurs, professionnel\u00b7les des abattoirs et de la taxidermie. Cette \u00e9tape associera \u00e9galement le g\u00e9ographe <a href=\"https:\/\/www.chateaudegoutelas.fr\/en\/artiste\/jean-estebanez\/\">Jean Estebanez<\/a>, dont les travaux de recherche portent notamment sur la domestication et la mise \u00e0 mort des animaux.<\/p>\n<p>Ce travail sensible s&rsquo;inscrit dans une temporalit\u00e9 longue, en dialogue constant avec les habitant\u00b7es et les structures locales, pour questionner nos repr\u00e9sentations, nos contradictions et ouvrir des espaces de r\u00e9flexion, de narration et de c\u00e9l\u00e9bration collective.<\/p>\n<p>&nbsp;<\/p>\n<p><strong>PARTENAIRES<\/strong><\/p>\n<p>En partenariat avec la <a href=\"https:\/\/www.fdc42.chasseauvergnerhonealpes.com\/\">F\u00e9d\u00e9ration des chasseurs de la Loire<\/a>, le <a href=\"https:\/\/www.campus-agronova.fr\/\">Campus Agronova<\/a>, l&rsquo;<a href=\"https:\/\/cremeaux.fr\/associations\/esat-la-plume-verte\/\">ESAT La plume verte<\/a>. Avec le soutien de l&rsquo;Etat \/ DRAC Auvergne-Rh\u00f4ne-Alpes.<\/p>\n<p>Merci au <a href=\"https:\/\/www.theatredespenitents.fr\/\">Th\u00e9\u00e2tre des P\u00e9nitents<\/a> pour le soutien technique.<\/p>\n\t\t\t<h3>Projets partag\u00e9s &#038; droits culturels<\/h3>\t\t\t\n\t\t\t\t<p>Goutelas coordonne tout au long de l&rsquo;ann\u00e9e des projets artistiques et culturels avec les habitant\u00b7e\u00b7s du Forez, gr\u00e2ce aux liens forts tiss\u00e9s avec des \u00e9tablissements scolaires, socioculturels, de sant\u00e9,&#8230;\u00a0Toutes ces rencontres sont anim\u00e9es par l&rsquo;\u00e9thique et le r\u00e9f\u00e9rentiel des droits culturels : permettre \u00e0 chacun\u00b7e, seul\u00b7e ou en commun, de participer \u00e0 la vie culturelle, d&rsquo;y contribuer avec ses propres r\u00e9f\u00e9rences, exp\u00e9riences et pratiques tout en ayant acc\u00e8s \u00e0 une diversit\u00e9 de ressources culturelles.<\/p>\n<h2>\n\t\t\ten images\t<\/h2>\n\t<p>\u00a9 Ch\u00e2teau de Goutelas \/ Valentin Touly<\/p>\n<h2>\n\t\t\tvoir aussi\t<\/h2>\n\t\t<a href=\"https:\/\/www.chateaudegoutelas.fr\/en\/artiste\/arnaud-theval\/\" title=\"Afficher le contenu de la bo\u00eete\" target=\"_self\"  aria-label=\"Post Element\"><\/a>\t\t\n\t\t\t\t\t\t\t\t\t\t\t\t\t\t<a href=\"https:\/\/www.chateaudegoutelas.fr\/en\/artiste\/arnaud-theval\/\" target=\"_self\" title=\"Arnaud Th\u00e9val\">\n\t\t\t\t<img decoding=\"async\" src=\"https:\/\/www.chateaudegoutelas.fr\/wp-content\/uploads\/2025\/01\/ARNAUD-THEVAL-720x720.jpg\" alt=\"\" \/>\n\t\t\t\t<\/a>\n\t\t\t\t\t\t<h4>\n\t\t\t\t<a href=\"https:\/\/www.chateaudegoutelas.fr\/en\/artiste\/arnaud-theval\/\" title=\"Arnaud Th\u00e9val\">Arnaud Th\u00e9val<\/a>\t\t\t<\/h4>\n\t\t<a href=\"https:\/\/www.chateaudegoutelas.fr\/en\/artiste\/jean-baptiste-imbert\/\" title=\"Afficher le contenu de la bo\u00eete\" target=\"_self\"  aria-label=\"Post Element\"><\/a>\t\t\n\t\t\t\t\t\t\t\t\t\t\t\t\t\t<a href=\"https:\/\/www.chateaudegoutelas.fr\/en\/artiste\/jean-baptiste-imbert\/\" target=\"_self\" title=\"Jean-Baptiste Imbert\">\n\t\t\t\t<img decoding=\"async\" src=\"https:\/\/www.chateaudegoutelas.fr\/wp-content\/uploads\/2025\/09\/Jean-Baptiste-Imbert-credit-Elea-Julien-720x720.jpeg\" alt=\"\" \/>\n\t\t\t\t<\/a>\n\t\t\t\t\t\t<h4>\n\t\t\t\t<a href=\"https:\/\/www.chateaudegoutelas.fr\/en\/artiste\/jean-baptiste-imbert\/\" title=\"Jean-Baptiste Imbert\">Jean-Baptiste Imbert<\/a>\t\t\t<\/h4>\n\t\t<a href=\"https:\/\/www.chateaudegoutelas.fr\/en\/artiste\/jean-estebanez\/\" title=\"Afficher le contenu de la bo\u00eete\" target=\"_self\"  aria-label=\"Post Element\"><\/a>\t\t\n\t\t\t\t\t\t\t\t\t\t\t\t\t\t<a href=\"https:\/\/www.chateaudegoutelas.fr\/en\/artiste\/jean-estebanez\/\" target=\"_self\" title=\"Jean Estebanez\">\n\t\t\t\t<img decoding=\"async\" src=\"https:\/\/www.chateaudegoutelas.fr\/wp-content\/uploads\/2026\/01\/jean-estebanez-credit-politika-e1769510569145.jpg\" alt=\"\" \/>\n\t\t\t\t<\/a>\n\t\t\t\t\t\t<h4>\n\t\t\t\t<a href=\"https:\/\/www.chateaudegoutelas.fr\/en\/artiste\/jean-estebanez\/\" title=\"Jean Estebanez\">Jean Estebanez<\/a>\t\t\t<\/h4>","protected":false},"excerpt":{"rendered":"<p>Familles d\u00e9vorantes RECHERCHE-CR\u00c9ATION \u00a9 Ch\u00e2teau de Goutelas Familles d\u00e9vorantes Recherche-cr\u00e9ation &nbsp; \u00ab\u00a0Familles d\u00e9vorantes\u00a0\u00bb est une r\u00e9sidence de recherche-cr\u00e9ation au long cours port\u00e9e par l&rsquo;artiste et chercheur Arnaud Th\u00e9val et le Ch\u00e2teau de Goutelas. Le projet explore nos liens ambivalents au vivant \u00e0 travers la mort de l&rsquo;animal. Il donne lieu \u00e0 des cr\u00e9ations artistiques partag\u00e9es\u202f: [&hellip;]<\/p>\n","protected":false},"author":7,"featured_media":11116,"parent":0,"menu_order":0,"comment_status":"closed","ping_status":"closed","template":"","meta":{"site-sidebar-layout":"no-sidebar","site-content-layout":"","ast-site-content-layout":"full-width-container","site-content-style":"unboxed","site-sidebar-style":"unboxed","ast-global-header-display":"","ast-banner-title-visibility":"","ast-main-header-display":"","ast-hfb-above-header-display":"","ast-hfb-below-header-display":"","ast-hfb-mobile-header-display":"","site-post-title":"disabled","ast-breadcrumbs-content":"","ast-featured-img":"disabled","footer-sml-layout":"","ast-disable-related-posts":"","theme-transparent-header-meta":"default","adv-header-id-meta":"","stick-header-meta":"default","header-above-stick-meta":"","header-main-stick-meta":"","header-below-stick-meta":"","astra-migrate-meta-layouts":"set","ast-page-background-enabled":"default","ast-page-background-meta":{"desktop":{"background-color":"","background-image":"","background-repeat":"repeat","background-position":"center center","background-size":"auto","background-attachment":"scroll","background-type":"","background-media":"","overlay-type":"","overlay-color":"","overlay-opacity":"","overlay-gradient":""},"tablet":{"background-color":"","background-image":"","background-repeat":"repeat","background-position":"center center","background-size":"auto","background-attachment":"scroll","background-type":"","background-media":"","overlay-type":"","overlay-color":"","overlay-opacity":"","overlay-gradient":""},"mobile":{"background-color":"","background-image":"","background-repeat":"repeat","background-position":"center center","background-size":"auto","background-attachment":"scroll","background-type":"","background-media":"","overlay-type":"","overlay-color":"","overlay-opacity":"","overlay-gradient":""}},"ast-content-background-meta":{"desktop":{"background-color":"var(--ast-global-color-5)","background-image":"","background-repeat":"repeat","background-position":"center center","background-size":"auto","background-attachment":"scroll","background-type":"","background-media":"","overlay-type":"","overlay-color":"","overlay-opacity":"","overlay-gradient":""},"tablet":{"background-color":"var(--ast-global-color-5)","background-image":"","background-repeat":"repeat","background-position":"center center","background-size":"auto","background-attachment":"scroll","background-type":"","background-media":"","overlay-type":"","overlay-color":"","overlay-opacity":"","overlay-gradient":""},"mobile":{"background-color":"var(--ast-global-color-5)","background-image":"","background-repeat":"repeat","background-position":"center center","background-size":"auto","background-attachment":"scroll","background-type":"","background-media":"","overlay-type":"","overlay-color":"","overlay-opacity":"","overlay-gradient":""}},"footnotes":""},"categories":[],"tags":[],"class_list":["post-11112","page","type-page","status-publish","has-post-thumbnail","hentry"],"yoast_head":"<!-- This site is optimized with the Yoast SEO plugin v27.4 - https:\/\/yoast.com\/product\/yoast-seo-wordpress\/ -->\n<title>Familles d\u00e9vorantes - Ch\u00e2teau de Goutelas<\/title>\n<meta name=\"robots\" content=\"index, follow, max-snippet:-1, max-image-preview:large, max-video-preview:-1\" \/>\n<link rel=\"canonical\" href=\"https:\/\/www.chateaudegoutelas.fr\/en\/familles-devorantes\/\" \/>\n<meta property=\"og:locale\" content=\"en_GB\" \/>\n<meta property=\"og:type\" content=\"article\" \/>\n<meta property=\"og:title\" content=\"Familles d\u00e9vorantes - Ch\u00e2teau de Goutelas\" \/>\n<meta property=\"og:description\" content=\"Familles d\u00e9vorantes RECHERCHE-CR\u00c9ATION \u00a9 Ch\u00e2teau de Goutelas Familles d\u00e9vorantes Recherche-cr\u00e9ation &nbsp; \u00ab\u00a0Familles d\u00e9vorantes\u00a0\u00bb est une r\u00e9sidence de recherche-cr\u00e9ation au long cours port\u00e9e par l&rsquo;artiste et chercheur Arnaud Th\u00e9val et le Ch\u00e2teau de Goutelas. Le projet explore nos liens ambivalents au vivant \u00e0 travers la mort de l&rsquo;animal. Il donne lieu \u00e0 des cr\u00e9ations artistiques partag\u00e9es\u202f: [&hellip;]\" \/>\n<meta property=\"og:url\" content=\"https:\/\/www.chateaudegoutelas.fr\/en\/familles-devorantes\/\" \/>\n<meta property=\"og:site_name\" content=\"Ch\u00e2teau de Goutelas\" \/>\n<meta property=\"article:modified_time\" content=\"2026-02-11T16:22:00+00:00\" \/>\n<meta property=\"og:image\" content=\"https:\/\/www.chateaudegoutelas.fr\/wp-content\/uploads\/2025\/09\/2.jpg\" \/>\n\t<meta property=\"og:image:width\" content=\"1365\" \/>\n\t<meta property=\"og:image:height\" content=\"2048\" \/>\n\t<meta property=\"og:image:type\" content=\"image\/jpeg\" \/>\n<meta name=\"twitter:card\" content=\"summary_large_image\" \/>\n<meta name=\"twitter:label1\" content=\"Estimated reading time\" \/>\n\t<meta name=\"twitter:data1\" content=\"4 minutes\" \/>\n<script type=\"application\/ld+json\" class=\"yoast-schema-graph\">{\"@context\":\"https:\\\/\\\/schema.org\",\"@graph\":[{\"@type\":\"WebPage\",\"@id\":\"https:\\\/\\\/www.chateaudegoutelas.fr\\\/familles-devorantes\\\/\",\"url\":\"https:\\\/\\\/www.chateaudegoutelas.fr\\\/familles-devorantes\\\/\",\"name\":\"Familles d\u00e9vorantes - Ch\u00e2teau de Goutelas\",\"isPartOf\":{\"@id\":\"https:\\\/\\\/www.chateaudegoutelas.fr\\\/#website\"},\"primaryImageOfPage\":{\"@id\":\"https:\\\/\\\/www.chateaudegoutelas.fr\\\/familles-devorantes\\\/#primaryimage\"},\"image\":{\"@id\":\"https:\\\/\\\/www.chateaudegoutelas.fr\\\/familles-devorantes\\\/#primaryimage\"},\"thumbnailUrl\":\"https:\\\/\\\/www.chateaudegoutelas.fr\\\/wp-content\\\/uploads\\\/2025\\\/09\\\/2.jpg\",\"datePublished\":\"2025-09-25T09:58:50+00:00\",\"dateModified\":\"2026-02-11T16:22:00+00:00\",\"breadcrumb\":{\"@id\":\"https:\\\/\\\/www.chateaudegoutelas.fr\\\/familles-devorantes\\\/#breadcrumb\"},\"inLanguage\":\"en-GB\",\"potentialAction\":[{\"@type\":\"ReadAction\",\"target\":[\"https:\\\/\\\/www.chateaudegoutelas.fr\\\/familles-devorantes\\\/\"]}]},{\"@type\":\"ImageObject\",\"inLanguage\":\"en-GB\",\"@id\":\"https:\\\/\\\/www.chateaudegoutelas.fr\\\/familles-devorantes\\\/#primaryimage\",\"url\":\"https:\\\/\\\/www.chateaudegoutelas.fr\\\/wp-content\\\/uploads\\\/2025\\\/09\\\/2.jpg\",\"contentUrl\":\"https:\\\/\\\/www.chateaudegoutelas.fr\\\/wp-content\\\/uploads\\\/2025\\\/09\\\/2.jpg\",\"width\":1365,\"height\":2048},{\"@type\":\"BreadcrumbList\",\"@id\":\"https:\\\/\\\/www.chateaudegoutelas.fr\\\/familles-devorantes\\\/#breadcrumb\",\"itemListElement\":[{\"@type\":\"ListItem\",\"position\":1,\"name\":\"Accueil\",\"item\":\"https:\\\/\\\/www.chateaudegoutelas.fr\\\/\"},{\"@type\":\"ListItem\",\"position\":2,\"name\":\"Familles d\u00e9vorantes\"}]},{\"@type\":\"WebSite\",\"@id\":\"https:\\\/\\\/www.chateaudegoutelas.fr\\\/#website\",\"url\":\"https:\\\/\\\/www.chateaudegoutelas.fr\\\/\",\"name\":\"Ch\u00e2teau de Goutelas\",\"description\":\"Un centre culturel de rencontre en Forez\",\"publisher\":{\"@id\":\"https:\\\/\\\/www.chateaudegoutelas.fr\\\/#organization\"},\"potentialAction\":[{\"@type\":\"SearchAction\",\"target\":{\"@type\":\"EntryPoint\",\"urlTemplate\":\"https:\\\/\\\/www.chateaudegoutelas.fr\\\/?s={search_term_string}\"},\"query-input\":{\"@type\":\"PropertyValueSpecification\",\"valueRequired\":true,\"valueName\":\"search_term_string\"}}],\"inLanguage\":\"en-GB\"},{\"@type\":\"Organization\",\"@id\":\"https:\\\/\\\/www.chateaudegoutelas.fr\\\/#organization\",\"name\":\"Ch\u00e2teau de Goutelas\",\"url\":\"https:\\\/\\\/www.chateaudegoutelas.fr\\\/\",\"logo\":{\"@type\":\"ImageObject\",\"inLanguage\":\"en-GB\",\"@id\":\"https:\\\/\\\/www.chateaudegoutelas.fr\\\/#\\\/schema\\\/logo\\\/image\\\/\",\"url\":\"https:\\\/\\\/www.chateaudegoutelas.fr\\\/wp-content\\\/uploads\\\/2023\\\/05\\\/logo-chateau-goutelas-bleu.png\",\"contentUrl\":\"https:\\\/\\\/www.chateaudegoutelas.fr\\\/wp-content\\\/uploads\\\/2023\\\/05\\\/logo-chateau-goutelas-bleu.png\",\"width\":1123,\"height\":327,\"caption\":\"Ch\u00e2teau de Goutelas\"},\"image\":{\"@id\":\"https:\\\/\\\/www.chateaudegoutelas.fr\\\/#\\\/schema\\\/logo\\\/image\\\/\"}}]}<\/script>\n<!-- \/ Yoast SEO plugin. -->","yoast_head_json":{"title":"Familles d\u00e9vorantes - Ch\u00e2teau de Goutelas","robots":{"index":"index","follow":"follow","max-snippet":"max-snippet:-1","max-image-preview":"max-image-preview:large","max-video-preview":"max-video-preview:-1"},"canonical":"https:\/\/www.chateaudegoutelas.fr\/en\/familles-devorantes\/","og_locale":"en_GB","og_type":"article","og_title":"Familles d\u00e9vorantes - Ch\u00e2teau de Goutelas","og_description":"Familles d\u00e9vorantes RECHERCHE-CR\u00c9ATION \u00a9 Ch\u00e2teau de Goutelas Familles d\u00e9vorantes Recherche-cr\u00e9ation &nbsp; \u00ab\u00a0Familles d\u00e9vorantes\u00a0\u00bb est une r\u00e9sidence de recherche-cr\u00e9ation au long cours port\u00e9e par l&rsquo;artiste et chercheur Arnaud Th\u00e9val et le Ch\u00e2teau de Goutelas. Le projet explore nos liens ambivalents au vivant \u00e0 travers la mort de l&rsquo;animal. Il donne lieu \u00e0 des cr\u00e9ations artistiques partag\u00e9es\u202f: [&hellip;]","og_url":"https:\/\/www.chateaudegoutelas.fr\/en\/familles-devorantes\/","og_site_name":"Ch\u00e2teau de Goutelas","article_modified_time":"2026-02-11T16:22:00+00:00","og_image":[{"width":1365,"height":2048,"url":"https:\/\/www.chateaudegoutelas.fr\/wp-content\/uploads\/2025\/09\/2.jpg","type":"image\/jpeg"}],"twitter_card":"summary_large_image","twitter_misc":{"Estimated reading time":"4 minutes"},"schema":{"@context":"https:\/\/schema.org","@graph":[{"@type":"WebPage","@id":"https:\/\/www.chateaudegoutelas.fr\/familles-devorantes\/","url":"https:\/\/www.chateaudegoutelas.fr\/familles-devorantes\/","name":"Familles d\u00e9vorantes - Ch\u00e2teau de Goutelas","isPartOf":{"@id":"https:\/\/www.chateaudegoutelas.fr\/#website"},"primaryImageOfPage":{"@id":"https:\/\/www.chateaudegoutelas.fr\/familles-devorantes\/#primaryimage"},"image":{"@id":"https:\/\/www.chateaudegoutelas.fr\/familles-devorantes\/#primaryimage"},"thumbnailUrl":"https:\/\/www.chateaudegoutelas.fr\/wp-content\/uploads\/2025\/09\/2.jpg","datePublished":"2025-09-25T09:58:50+00:00","dateModified":"2026-02-11T16:22:00+00:00","breadcrumb":{"@id":"https:\/\/www.chateaudegoutelas.fr\/familles-devorantes\/#breadcrumb"},"inLanguage":"en-GB","potentialAction":[{"@type":"ReadAction","target":["https:\/\/www.chateaudegoutelas.fr\/familles-devorantes\/"]}]},{"@type":"ImageObject","inLanguage":"en-GB","@id":"https:\/\/www.chateaudegoutelas.fr\/familles-devorantes\/#primaryimage","url":"https:\/\/www.chateaudegoutelas.fr\/wp-content\/uploads\/2025\/09\/2.jpg","contentUrl":"https:\/\/www.chateaudegoutelas.fr\/wp-content\/uploads\/2025\/09\/2.jpg","width":1365,"height":2048},{"@type":"BreadcrumbList","@id":"https:\/\/www.chateaudegoutelas.fr\/familles-devorantes\/#breadcrumb","itemListElement":[{"@type":"ListItem","position":1,"name":"Accueil","item":"https:\/\/www.chateaudegoutelas.fr\/"},{"@type":"ListItem","position":2,"name":"Familles d\u00e9vorantes"}]},{"@type":"WebSite","@id":"https:\/\/www.chateaudegoutelas.fr\/#website","url":"https:\/\/www.chateaudegoutelas.fr\/","name":"Ch\u00e2teau de Goutelas","description":"Un centre culturel de rencontre en Forez","publisher":{"@id":"https:\/\/www.chateaudegoutelas.fr\/#organization"},"potentialAction":[{"@type":"SearchAction","target":{"@type":"EntryPoint","urlTemplate":"https:\/\/www.chateaudegoutelas.fr\/?s={search_term_string}"},"query-input":{"@type":"PropertyValueSpecification","valueRequired":true,"valueName":"search_term_string"}}],"inLanguage":"en-GB"},{"@type":"Organization","@id":"https:\/\/www.chateaudegoutelas.fr\/#organization","name":"Ch\u00e2teau de Goutelas","url":"https:\/\/www.chateaudegoutelas.fr\/","logo":{"@type":"ImageObject","inLanguage":"en-GB","@id":"https:\/\/www.chateaudegoutelas.fr\/#\/schema\/logo\/image\/","url":"https:\/\/www.chateaudegoutelas.fr\/wp-content\/uploads\/2023\/05\/logo-chateau-goutelas-bleu.png","contentUrl":"https:\/\/www.chateaudegoutelas.fr\/wp-content\/uploads\/2023\/05\/logo-chateau-goutelas-bleu.png","width":1123,"height":327,"caption":"Ch\u00e2teau de Goutelas"},"image":{"@id":"https:\/\/www.chateaudegoutelas.fr\/#\/schema\/logo\/image\/"}}]}},"_links":{"self":[{"href":"https:\/\/www.chateaudegoutelas.fr\/en\/wp-json\/wp\/v2\/pages\/11112","targetHints":{"allow":["GET"]}}],"collection":[{"href":"https:\/\/www.chateaudegoutelas.fr\/en\/wp-json\/wp\/v2\/pages"}],"about":[{"href":"https:\/\/www.chateaudegoutelas.fr\/en\/wp-json\/wp\/v2\/types\/page"}],"author":[{"embeddable":true,"href":"https:\/\/www.chateaudegoutelas.fr\/en\/wp-json\/wp\/v2\/users\/7"}],"replies":[{"embeddable":true,"href":"https:\/\/www.chateaudegoutelas.fr\/en\/wp-json\/wp\/v2\/comments?post=11112"}],"version-history":[{"count":10,"href":"https:\/\/www.chateaudegoutelas.fr\/en\/wp-json\/wp\/v2\/pages\/11112\/revisions"}],"predecessor-version":[{"id":11749,"href":"https:\/\/www.chateaudegoutelas.fr\/en\/wp-json\/wp\/v2\/pages\/11112\/revisions\/11749"}],"wp:featuredmedia":[{"embeddable":true,"href":"https:\/\/www.chateaudegoutelas.fr\/en\/wp-json\/wp\/v2\/media\/11116"}],"wp:attachment":[{"href":"https:\/\/www.chateaudegoutelas.fr\/en\/wp-json\/wp\/v2\/media?parent=11112"}],"wp:term":[{"taxonomy":"category","embeddable":true,"href":"https:\/\/www.chateaudegoutelas.fr\/en\/wp-json\/wp\/v2\/categories?post=11112"},{"taxonomy":"post_tag","embeddable":true,"href":"https:\/\/www.chateaudegoutelas.fr\/en\/wp-json\/wp\/v2\/tags?post=11112"}],"curies":[{"name":"wp","href":"https:\/\/api.w.org\/{rel}","templated":true}]}}