{"id":10197,"date":"2024-12-20T15:39:58","date_gmt":"2024-12-20T14:39:58","guid":{"rendered":"https:\/\/www.chateaudegoutelas.fr\/?page_id=10197"},"modified":"2025-11-19T14:02:17","modified_gmt":"2025-11-19T13:02:17","slug":"la-saison-culturelle","status":"publish","type":"page","link":"https:\/\/www.chateaudegoutelas.fr\/en\/la-saison-culturelle\/","title":{"rendered":"Saison culturelle"},"content":{"rendered":"<h1>\n\t\t\t\tSaison culturelle 2025-2026\n\t\t\t<\/h1>\n\t<p>\u00a9 Atelier Pers<\/p>\n<h1>\n\t\t\tSaison culturelle 2025-2026\t<\/h1>\n\t\t\t<h2>R\u00e9parer le monde<\/h2>\t\t\t\n\t\t\t\t<p>Goutelas, espace public, lieu de faire-ensemble : bienvenue au c\u0153ur d&rsquo;une nouvelle saison qui fait la part belle au commun ! <br \/>Avec le festival <strong>Bien commun<\/strong>, retrouvons-nous au ch\u00e2teau pour penser et r\u00e9inventer le service public, au c\u0153ur de nos d\u00e9mocraties et au croisement des enjeux de droit, de libert\u00e9s publiques et de vivre-ensemble. En juin, la cinqui\u00e8me \u00e9dition du festival <b>Futurs possibles<\/b> est une invitation \u00e0 \u00ab\u00a0bricoler\u00a0\u00bb ensemble pour affronter les crises globales et, \u00e0 notre \u00e9chelle, \u00ab\u00a0r\u00e9parer le monde\u00a0\u00bb. Face aux manques ou aux invisibilisations, ajouter des briques \u00e0 l&rsquo;\u00e9difice et faire entendre des r\u00e9cits multiples et riches, c&rsquo;est aussi l&rsquo;objet d&rsquo;un travail tout au long de la saison autour de tous les patrimoines et matrimoines qui constituent Goutelas.<br \/>Temps forts de d\u00e9bat, concerts, spectacles, ateliers pour toute la famille, explorations artistiques et scientifiques, \u00e9v\u00e9nements partag\u00e9s nous r\u00e9unissent pour faire bouger les murs et les id\u00e9es. Il ne manque plus que vous !<\/p>\n\t\t<a href=\"https:\/\/www.chateaudegoutelas.fr\/en\/saison-2025-2026-le-regard-de-stephanie-hennette-vauchez-et-antoine-vauchez\/\" title=\"Afficher le contenu de la bo\u00eete\" target=\"_self\"  aria-label=\"Post Element\"><\/a>\t\t\n\t\t\t\t\t\t\t\t\t\t\t\t\t\t<a href=\"https:\/\/www.chateaudegoutelas.fr\/en\/saison-2025-2026-le-regard-de-stephanie-hennette-vauchez-et-antoine-vauchez\/\" target=\"_self\" title=\"Saison 2025-2026 : le regard de St\u00e9phanie Hennette-Vauchez et Antoine Vauchez\">\n\t\t\t\t<img decoding=\"async\" src=\"https:\/\/www.chateaudegoutelas.fr\/wp-content\/uploads\/2025\/09\/stephanie-hennette-antoine-vauchez-min-720x720.png\" alt=\"\" \/>\n\t\t\t\t<\/a>\n\t\t\t\t\t\t<h4>\n\t\t\t\t<a href=\"https:\/\/www.chateaudegoutelas.fr\/en\/saison-2025-2026-le-regard-de-stephanie-hennette-vauchez-et-antoine-vauchez\/\" title=\"Saison 2025-2026 : le regard de St\u00e9phanie Hennette-Vauchez et Antoine Vauchez\">Saison 2025-2026 : le regard de St\u00e9phanie Hennette-Vauchez et Antoine Vauchez<\/a>\t\t\t<\/h4>\n<h2>\n\t\t\tcoup d&rsquo;\u0153il sur la saison\t<\/h2>\n\t\t<a href=\"https:\/\/www.chateaudegoutelas.fr\/en\/residences\/\" title=\"Afficher le contenu de la bo\u00eete\" target=\"_self\"  aria-label=\"Post Element\"><\/a>\t\t\n\t\t\t\t\t\t\t\t\t\t\t\t\t\t<a href=\"https:\/\/www.chateaudegoutelas.fr\/en\/residences\/\" target=\"_self\" title=\"R\u00e9sidences\">\n\t\t\t\t<img decoding=\"async\" src=\"https:\/\/www.chateaudegoutelas.fr\/wp-content\/uploads\/2024\/12\/residence-cycles-21-720x720.jpg\" alt=\"\" \/>\n\t\t\t\t<\/a>\n\t\t\t\t\t\t<h4>\n\t\t\t\t<a href=\"https:\/\/www.chateaudegoutelas.fr\/en\/residences\/\" title=\"R\u00e9sidences\">R\u00e9sidences<\/a>\t\t\t<\/h4>\n\t\t<a href=\"https:\/\/www.chateaudegoutelas.fr\/en\/saison-culturelle\/expositions-et-parcours\/\" title=\"Afficher le contenu de la bo\u00eete\" target=\"_self\"  aria-label=\"Post Element\"><\/a>\t\t\n\t\t\t\t\t\t\t\t\t\t\t\t\t\t<a href=\"https:\/\/www.chateaudegoutelas.fr\/en\/saison-culturelle\/expositions-et-parcours\/\" target=\"_self\" title=\"Expositions et parcours\">\n\t\t\t\t<img decoding=\"async\" src=\"https:\/\/www.chateaudegoutelas.fr\/wp-content\/uploads\/2024\/11\/Credit_Pierre_Grasset2.JPG-720x720.jpg\" alt=\"\" \/>\n\t\t\t\t<\/a>\n\t\t\t\t\t\t<h4>\n\t\t\t\t<a href=\"https:\/\/www.chateaudegoutelas.fr\/en\/saison-culturelle\/expositions-et-parcours\/\" title=\"Expositions et parcours\">Expositions et parcours<\/a>\t\t\t<\/h4>\n\t\t<a href=\"https:\/\/www.chateaudegoutelas.fr\/en\/festivals-et-debats\/\" title=\"Afficher le contenu de la bo\u00eete\" target=\"_self\"  aria-label=\"Post Element\"><\/a>\t\t\n\t\t\t\t\t\t\t\t\t\t\t\t\t\t<a href=\"https:\/\/www.chateaudegoutelas.fr\/en\/festivals-et-debats\/\" target=\"_self\" title=\"Festivals &#038; d\u00e9bats\">\n\t\t\t\t<img decoding=\"async\" src=\"https:\/\/www.chateaudegoutelas.fr\/wp-content\/uploads\/2024\/12\/futurs-possibles-0006-720x720.jpg\" alt=\"\" \/>\n\t\t\t\t<\/a>\n\t\t\t\t\t\t<h4>\n\t\t\t\t<a href=\"https:\/\/www.chateaudegoutelas.fr\/en\/festivals-et-debats\/\" title=\"Festivals &#038; d\u00e9bats\">Festivals &#038; d\u00e9bats<\/a>\t\t\t<\/h4>\n\t\t<a href=\"https:\/\/www.chateaudegoutelas.fr\/en\/saison-culturelle\/musique\/\" title=\"Afficher le contenu de la bo\u00eete\" target=\"_self\"  aria-label=\"Post Element\"><\/a>\t\t\n\t\t\t\t\t\t\t\t\t\t\t\t\t\t<a href=\"https:\/\/www.chateaudegoutelas.fr\/en\/saison-culturelle\/musique\/\" target=\"_self\" title=\"Musique\">\n\t\t\t\t<img decoding=\"async\" src=\"https:\/\/www.chateaudegoutelas.fr\/wp-content\/uploads\/2024\/11\/DSC_9229-720x720.jpg\" alt=\"\" \/>\n\t\t\t\t<\/a>\n\t\t\t\t\t\t<h4>\n\t\t\t\t<a href=\"https:\/\/www.chateaudegoutelas.fr\/en\/saison-culturelle\/musique\/\" title=\"Musique\">Musique<\/a>\t\t\t<\/h4>\n\t\t<a href=\"https:\/\/www.chateaudegoutelas.fr\/en\/saison-culturelle\/en-famille\/\" title=\"Afficher le contenu de la bo\u00eete\" target=\"_self\"  aria-label=\"Post Element\"><\/a>\t\t\n\t\t\t\t\t\t\t\t\t\t\t\t\t\t<a href=\"https:\/\/www.chateaudegoutelas.fr\/en\/saison-culturelle\/en-famille\/\" target=\"_self\" title=\"En famille\">\n\t\t\t\t<img decoding=\"async\" src=\"https:\/\/www.chateaudegoutelas.fr\/wp-content\/uploads\/2023\/10\/DSC0112-720x720.jpg\" alt=\"\" \/>\n\t\t\t\t<\/a>\n\t\t\t\t\t\t<h4>\n\t\t\t\t<a href=\"https:\/\/www.chateaudegoutelas.fr\/en\/saison-culturelle\/en-famille\/\" title=\"En famille\">En famille<\/a>\t\t\t<\/h4>\n\t\t<a href=\"https:\/\/www.chateaudegoutelas.fr\/en\/saison-culturelle\/creations-partagees\/\" title=\"Afficher le contenu de la bo\u00eete\" target=\"_self\"  aria-label=\"Post Element\"><\/a>\t\t\n\t\t\t\t\t\t\t\t\t\t\t\t\t\t<a href=\"https:\/\/www.chateaudegoutelas.fr\/en\/saison-culturelle\/creations-partagees\/\" target=\"_self\" title=\"Cr\u00e9ations partag\u00e9es\">\n\t\t\t\t<img decoding=\"async\" src=\"https:\/\/www.chateaudegoutelas.fr\/wp-content\/uploads\/2024\/09\/C0418.MP4.04_32_25_01.Still001-720x720.jpg\" alt=\"\" \/>\n\t\t\t\t<\/a>\n\t\t\t\t\t\t<h4>\n\t\t\t\t<a href=\"https:\/\/www.chateaudegoutelas.fr\/en\/saison-culturelle\/creations-partagees\/\" title=\"Cr\u00e9ations partag\u00e9es\">Cr\u00e9ations partag\u00e9es<\/a>\t\t\t<\/h4>\n<h2>\n\t\t\tles prochains \u00e9v\u00e9nements\t<\/h2>\n\t<div class=\"em em-view-container\" id=\"em-view-1770078164\" data-view=\"list\">\r\n\t<div class=\"em em-list em-events-list\" id=\"em-events-list-1770078164\" data-view-id=\"1770078164\">\r\n\t<div class=\"shmEventListWidget\">\r\n<a href=\"https:\/\/www.chateaudegoutelas.fr\/en\/agenda\/grande-bricole-chantier-collectif\/\" class=\"shmEventListItem\">\r\n\t<div class=\"marg\">\r\n\t\t<div class=\"EVENTIMAGE\"><img loading=\"lazy\" decoding=\"async\" width=\"720\" height=\"720\" src=\"https:\/\/www.chateaudegoutelas.fr\/wp-content\/uploads\/2026\/03\/grande-bricole-carre-720x720.png\" class=\"attachment-thumbnail size-thumbnail\" alt=\"\" srcset=\"https:\/\/www.chateaudegoutelas.fr\/wp-content\/uploads\/2026\/03\/grande-bricole-carre-720x720.png 720w, https:\/\/www.chateaudegoutelas.fr\/wp-content\/uploads\/2026\/03\/grande-bricole-carre-768x768.png 768w, https:\/\/www.chateaudegoutelas.fr\/wp-content\/uploads\/2026\/03\/grande-bricole-carre-12x12.png 12w, https:\/\/www.chateaudegoutelas.fr\/wp-content\/uploads\/2026\/03\/grande-bricole-carre.png 1080w\" sizes=\"auto, (max-width: 720px) 100vw, 720px\" \/><\/div>\r\n\t\t<div class=\"shmEventListItemText\">\r\n\t\t\t<div> <span class=\"ATT_type_rendez_vous\">Chantier<\/span><\/div>\r\n\t\t\t<div class=\"EVENTNAME\">La Grande Bricole<\/div>\r\n\t\t\t<div class=\"ATT_sous_titre\">Chantier collectif avec la compagnie Titanos<\/div>\r\n\t\t\t<div class=\"DATE\">Wed. 13 May - Sun. 31 May<\/div>\r\n\t\t<\/div>\r\n\t<\/div>\r\n<\/a><a href=\"https:\/\/www.chateaudegoutelas.fr\/en\/agenda\/futurs-possibles-2026\/\" class=\"shmEventListItem\">\r\n\t<div class=\"marg\">\r\n\t\t<div class=\"EVENTIMAGE\"><img loading=\"lazy\" decoding=\"async\" width=\"720\" height=\"720\" src=\"https:\/\/www.chateaudegoutelas.fr\/wp-content\/uploads\/2025\/09\/visuel-FP-2026-720x720.jpg\" class=\"attachment-thumbnail size-thumbnail\" alt=\"\" \/><\/div>\r\n\t\t<div class=\"shmEventListItemText\">\r\n\t\t\t<div> <span class=\"ATT_type_rendez_vous\">Festival<\/span><\/div>\r\n\t\t\t<div class=\"EVENTNAME\">Futurs possibles 2026<\/div>\r\n\t\t\t<div class=\"ATT_sous_titre\">Quelles techniques pour r\u00e9parer le monde ?<\/div>\r\n\t\t\t<div class=\"DATE\">Fri. 29 May - Sun. 31 May<\/div>\r\n\t\t<\/div>\r\n\t<\/div>\r\n<\/a><a href=\"https:\/\/www.chateaudegoutelas.fr\/en\/agenda\/l-ete-phenomene-2026\/\" class=\"shmEventListItem\">\r\n\t<div class=\"marg\">\r\n\t\t<div class=\"EVENTIMAGE\"><img loading=\"lazy\" decoding=\"async\" width=\"720\" height=\"720\" src=\"https:\/\/www.chateaudegoutelas.fr\/wp-content\/uploads\/2026\/04\/forms-utopia-2-720x720.jpg\" class=\"attachment-thumbnail size-thumbnail\" alt=\"\" \/><\/div>\r\n\t\t<div class=\"shmEventListItemText\">\r\n\t\t\t<div> <\/div>\r\n\t\t\t<div class=\"EVENTNAME\">L&rsquo;\u00e9t\u00e9 ph\u00e9nom\u00e8ne<\/div>\r\n\t\t\t<div class=\"ATT_sous_titre\"><\/div>\r\n\t\t\t<div class=\"DATE\">Mon. 1 June - Sun. 20 September<\/div>\r\n\t\t<\/div>\r\n\t<\/div>\r\n<\/a><\/div>\t<\/div>\r\n<\/div>\n\t\t\t<a href=\"https:\/\/www.chateaudegoutelas.fr\/en\/agenda\/\" title=\"Cliquez ici\" target=\"_self\"   role=\"button\" aria-label=\"All events\">\n\t\t\t\t\t\t\tAll events\n\t\t<\/a>\n<h2>\n\t\t\tvoir aussi\t<\/h2>\n\t\t\t\t<img decoding=\"async\" src=\"https:\/\/www.chateaudegoutelas.fr\/wp-content\/uploads\/2023\/06\/gimmick-goutelas-vert-rouge-720x720.png\" alt=\"gimmick-goutelas-vert-rouge\" itemprop=\"image\" height=\"720\" width=\"720\" title=\"gimmick-goutelas-vert-rouge\" onerror=\"this.style.display='none'\" loading=\"lazy\" \/>\n\t\t<a href=\"https:\/\/www.chateaudegoutelas.fr\/en\/le-chateau-de-goutelas\/un-patrimoine-vivant\/\" title=\"Afficher le contenu de la bo\u00eete\" target=\"_self\"  aria-label=\"Post Element\"><\/a>\t\t\n\t\t\t\t\t\t\t\t\t\t\t\t\t\t<a href=\"https:\/\/www.chateaudegoutelas.fr\/en\/le-chateau-de-goutelas\/un-patrimoine-vivant\/\" target=\"_self\" title=\"Un patrimoine vivant\">\n\t\t\t\t<img decoding=\"async\" src=\"https:\/\/www.chateaudegoutelas.fr\/wp-content\/uploads\/2023\/03\/le-mystere-du-h-600x600.jpg\" alt=\"\" \/>\n\t\t\t\t<\/a>\n\t\t\t\t\t\t<h4>\n\t\t\t\t<a href=\"https:\/\/www.chateaudegoutelas.fr\/en\/le-chateau-de-goutelas\/un-patrimoine-vivant\/\" title=\"Un patrimoine vivant\">Un patrimoine vivant<\/a>\t\t\t<\/h4>","protected":false},"excerpt":{"rendered":"<p>Saison culturelle 2025-2026 \u00a9 Atelier Pers Saison culturelle 2025-2026 R\u00e9parer le monde Goutelas, espace public, lieu de faire-ensemble : bienvenue au c\u0153ur d&rsquo;une nouvelle saison qui fait la part belle au commun ! Avec le festival Bien commun, retrouvons-nous au ch\u00e2teau pour penser et r\u00e9inventer le service public, au c\u0153ur de nos d\u00e9mocraties et au [&hellip;]<\/p>\n","protected":false},"author":7,"featured_media":11067,"parent":0,"menu_order":0,"comment_status":"closed","ping_status":"closed","template":"","meta":{"site-sidebar-layout":"no-sidebar","site-content-layout":"","ast-site-content-layout":"full-width-container","site-content-style":"unboxed","site-sidebar-style":"unboxed","ast-global-header-display":"","ast-banner-title-visibility":"","ast-main-header-display":"","ast-hfb-above-header-display":"","ast-hfb-below-header-display":"","ast-hfb-mobile-header-display":"","site-post-title":"disabled","ast-breadcrumbs-content":"","ast-featured-img":"disabled","footer-sml-layout":"","ast-disable-related-posts":"","theme-transparent-header-meta":"default","adv-header-id-meta":"","stick-header-meta":"default","header-above-stick-meta":"","header-main-stick-meta":"","header-below-stick-meta":"","astra-migrate-meta-layouts":"set","ast-page-background-enabled":"default","ast-page-background-meta":{"desktop":{"background-color":"","background-image":"","background-repeat":"repeat","background-position":"center center","background-size":"auto","background-attachment":"scroll","background-type":"","background-media":"","overlay-type":"","overlay-color":"","overlay-opacity":"","overlay-gradient":""},"tablet":{"background-color":"","background-image":"","background-repeat":"repeat","background-position":"center center","background-size":"auto","background-attachment":"scroll","background-type":"","background-media":"","overlay-type":"","overlay-color":"","overlay-opacity":"","overlay-gradient":""},"mobile":{"background-color":"","background-image":"","background-repeat":"repeat","background-position":"center center","background-size":"auto","background-attachment":"scroll","background-type":"","background-media":"","overlay-type":"","overlay-color":"","overlay-opacity":"","overlay-gradient":""}},"ast-content-background-meta":{"desktop":{"background-color":"var(--ast-global-color-5)","background-image":"","background-repeat":"repeat","background-position":"center center","background-size":"auto","background-attachment":"scroll","background-type":"","background-media":"","overlay-type":"","overlay-color":"","overlay-opacity":"","overlay-gradient":""},"tablet":{"background-color":"var(--ast-global-color-5)","background-image":"","background-repeat":"repeat","background-position":"center center","background-size":"auto","background-attachment":"scroll","background-type":"","background-media":"","overlay-type":"","overlay-color":"","overlay-opacity":"","overlay-gradient":""},"mobile":{"background-color":"var(--ast-global-color-5)","background-image":"","background-repeat":"repeat","background-position":"center center","background-size":"auto","background-attachment":"scroll","background-type":"","background-media":"","overlay-type":"","overlay-color":"","overlay-opacity":"","overlay-gradient":""}},"footnotes":""},"categories":[],"tags":[],"class_list":["post-10197","page","type-page","status-publish","has-post-thumbnail","hentry"],"yoast_head":"<!-- This site is optimized with the Yoast SEO plugin v27.5 - https:\/\/yoast.com\/product\/yoast-seo-wordpress\/ -->\n<title>Saison culturelle - Ch\u00e2teau de Goutelas<\/title>\n<meta name=\"robots\" content=\"index, follow, max-snippet:-1, max-image-preview:large, max-video-preview:-1\" \/>\n<link rel=\"canonical\" href=\"https:\/\/www.chateaudegoutelas.fr\/en\/la-saison-culturelle\/\" \/>\n<meta property=\"og:locale\" content=\"en_GB\" \/>\n<meta property=\"og:type\" content=\"article\" \/>\n<meta property=\"og:title\" content=\"Saison culturelle - Ch\u00e2teau de Goutelas\" \/>\n<meta property=\"og:description\" content=\"Saison culturelle 2025-2026 \u00a9 Atelier Pers Saison culturelle 2025-2026 R\u00e9parer le monde Goutelas, espace public, lieu de faire-ensemble : bienvenue au c\u0153ur d&rsquo;une nouvelle saison qui fait la part belle au commun ! Avec le festival Bien commun, retrouvons-nous au ch\u00e2teau pour penser et r\u00e9inventer le service public, au c\u0153ur de nos d\u00e9mocraties et au [&hellip;]\" \/>\n<meta property=\"og:url\" content=\"https:\/\/www.chateaudegoutelas.fr\/en\/la-saison-culturelle\/\" \/>\n<meta property=\"og:site_name\" content=\"Ch\u00e2teau de Goutelas\" \/>\n<meta property=\"article:modified_time\" content=\"2025-11-19T13:02:17+00:00\" \/>\n<meta property=\"og:image\" content=\"https:\/\/www.chateaudegoutelas.fr\/wp-content\/uploads\/2025\/09\/Visuel_seul-min.jpg\" \/>\n\t<meta property=\"og:image:width\" content=\"1654\" \/>\n\t<meta property=\"og:image:height\" content=\"2362\" \/>\n\t<meta property=\"og:image:type\" content=\"image\/jpeg\" \/>\n<meta name=\"twitter:card\" content=\"summary_large_image\" \/>\n<meta name=\"twitter:label1\" content=\"Estimated reading time\" \/>\n\t<meta name=\"twitter:data1\" content=\"4 minutes\" \/>\n<script type=\"application\/ld+json\" class=\"yoast-schema-graph\">{\"@context\":\"https:\\\/\\\/schema.org\",\"@graph\":[{\"@type\":\"WebPage\",\"@id\":\"https:\\\/\\\/www.chateaudegoutelas.fr\\\/la-saison-culturelle\\\/\",\"url\":\"https:\\\/\\\/www.chateaudegoutelas.fr\\\/la-saison-culturelle\\\/\",\"name\":\"Saison culturelle - Ch\u00e2teau de Goutelas\",\"isPartOf\":{\"@id\":\"https:\\\/\\\/www.chateaudegoutelas.fr\\\/#website\"},\"primaryImageOfPage\":{\"@id\":\"https:\\\/\\\/www.chateaudegoutelas.fr\\\/la-saison-culturelle\\\/#primaryimage\"},\"image\":{\"@id\":\"https:\\\/\\\/www.chateaudegoutelas.fr\\\/la-saison-culturelle\\\/#primaryimage\"},\"thumbnailUrl\":\"https:\\\/\\\/www.chateaudegoutelas.fr\\\/wp-content\\\/uploads\\\/2025\\\/09\\\/Visuel_seul-min.jpg\",\"datePublished\":\"2024-12-20T14:39:58+00:00\",\"dateModified\":\"2025-11-19T13:02:17+00:00\",\"breadcrumb\":{\"@id\":\"https:\\\/\\\/www.chateaudegoutelas.fr\\\/la-saison-culturelle\\\/#breadcrumb\"},\"inLanguage\":\"en-GB\",\"potentialAction\":[{\"@type\":\"ReadAction\",\"target\":[\"https:\\\/\\\/www.chateaudegoutelas.fr\\\/la-saison-culturelle\\\/\"]}]},{\"@type\":\"ImageObject\",\"inLanguage\":\"en-GB\",\"@id\":\"https:\\\/\\\/www.chateaudegoutelas.fr\\\/la-saison-culturelle\\\/#primaryimage\",\"url\":\"https:\\\/\\\/www.chateaudegoutelas.fr\\\/wp-content\\\/uploads\\\/2025\\\/09\\\/Visuel_seul-min.jpg\",\"contentUrl\":\"https:\\\/\\\/www.chateaudegoutelas.fr\\\/wp-content\\\/uploads\\\/2025\\\/09\\\/Visuel_seul-min.jpg\",\"width\":1654,\"height\":2362},{\"@type\":\"BreadcrumbList\",\"@id\":\"https:\\\/\\\/www.chateaudegoutelas.fr\\\/la-saison-culturelle\\\/#breadcrumb\",\"itemListElement\":[{\"@type\":\"ListItem\",\"position\":1,\"name\":\"Accueil\",\"item\":\"https:\\\/\\\/www.chateaudegoutelas.fr\\\/\"},{\"@type\":\"ListItem\",\"position\":2,\"name\":\"Saison culturelle\"}]},{\"@type\":\"WebSite\",\"@id\":\"https:\\\/\\\/www.chateaudegoutelas.fr\\\/#website\",\"url\":\"https:\\\/\\\/www.chateaudegoutelas.fr\\\/\",\"name\":\"Ch\u00e2teau de Goutelas\",\"description\":\"Un centre culturel de rencontre en Forez\",\"publisher\":{\"@id\":\"https:\\\/\\\/www.chateaudegoutelas.fr\\\/#organization\"},\"potentialAction\":[{\"@type\":\"SearchAction\",\"target\":{\"@type\":\"EntryPoint\",\"urlTemplate\":\"https:\\\/\\\/www.chateaudegoutelas.fr\\\/?s={search_term_string}\"},\"query-input\":{\"@type\":\"PropertyValueSpecification\",\"valueRequired\":true,\"valueName\":\"search_term_string\"}}],\"inLanguage\":\"en-GB\"},{\"@type\":\"Organization\",\"@id\":\"https:\\\/\\\/www.chateaudegoutelas.fr\\\/#organization\",\"name\":\"Ch\u00e2teau de Goutelas\",\"url\":\"https:\\\/\\\/www.chateaudegoutelas.fr\\\/\",\"logo\":{\"@type\":\"ImageObject\",\"inLanguage\":\"en-GB\",\"@id\":\"https:\\\/\\\/www.chateaudegoutelas.fr\\\/#\\\/schema\\\/logo\\\/image\\\/\",\"url\":\"https:\\\/\\\/www.chateaudegoutelas.fr\\\/wp-content\\\/uploads\\\/2023\\\/05\\\/logo-chateau-goutelas-bleu.png\",\"contentUrl\":\"https:\\\/\\\/www.chateaudegoutelas.fr\\\/wp-content\\\/uploads\\\/2023\\\/05\\\/logo-chateau-goutelas-bleu.png\",\"width\":1123,\"height\":327,\"caption\":\"Ch\u00e2teau de Goutelas\"},\"image\":{\"@id\":\"https:\\\/\\\/www.chateaudegoutelas.fr\\\/#\\\/schema\\\/logo\\\/image\\\/\"}}]}<\/script>\n<!-- \/ Yoast SEO plugin. -->","yoast_head_json":{"title":"Saison culturelle - Ch\u00e2teau de Goutelas","robots":{"index":"index","follow":"follow","max-snippet":"max-snippet:-1","max-image-preview":"max-image-preview:large","max-video-preview":"max-video-preview:-1"},"canonical":"https:\/\/www.chateaudegoutelas.fr\/en\/la-saison-culturelle\/","og_locale":"en_GB","og_type":"article","og_title":"Saison culturelle - Ch\u00e2teau de Goutelas","og_description":"Saison culturelle 2025-2026 \u00a9 Atelier Pers Saison culturelle 2025-2026 R\u00e9parer le monde Goutelas, espace public, lieu de faire-ensemble : bienvenue au c\u0153ur d&rsquo;une nouvelle saison qui fait la part belle au commun ! Avec le festival Bien commun, retrouvons-nous au ch\u00e2teau pour penser et r\u00e9inventer le service public, au c\u0153ur de nos d\u00e9mocraties et au [&hellip;]","og_url":"https:\/\/www.chateaudegoutelas.fr\/en\/la-saison-culturelle\/","og_site_name":"Ch\u00e2teau de Goutelas","article_modified_time":"2025-11-19T13:02:17+00:00","og_image":[{"width":1654,"height":2362,"url":"https:\/\/www.chateaudegoutelas.fr\/wp-content\/uploads\/2025\/09\/Visuel_seul-min.jpg","type":"image\/jpeg"}],"twitter_card":"summary_large_image","twitter_misc":{"Estimated reading time":"4 minutes"},"schema":{"@context":"https:\/\/schema.org","@graph":[{"@type":"WebPage","@id":"https:\/\/www.chateaudegoutelas.fr\/la-saison-culturelle\/","url":"https:\/\/www.chateaudegoutelas.fr\/la-saison-culturelle\/","name":"Saison culturelle - Ch\u00e2teau de Goutelas","isPartOf":{"@id":"https:\/\/www.chateaudegoutelas.fr\/#website"},"primaryImageOfPage":{"@id":"https:\/\/www.chateaudegoutelas.fr\/la-saison-culturelle\/#primaryimage"},"image":{"@id":"https:\/\/www.chateaudegoutelas.fr\/la-saison-culturelle\/#primaryimage"},"thumbnailUrl":"https:\/\/www.chateaudegoutelas.fr\/wp-content\/uploads\/2025\/09\/Visuel_seul-min.jpg","datePublished":"2024-12-20T14:39:58+00:00","dateModified":"2025-11-19T13:02:17+00:00","breadcrumb":{"@id":"https:\/\/www.chateaudegoutelas.fr\/la-saison-culturelle\/#breadcrumb"},"inLanguage":"en-GB","potentialAction":[{"@type":"ReadAction","target":["https:\/\/www.chateaudegoutelas.fr\/la-saison-culturelle\/"]}]},{"@type":"ImageObject","inLanguage":"en-GB","@id":"https:\/\/www.chateaudegoutelas.fr\/la-saison-culturelle\/#primaryimage","url":"https:\/\/www.chateaudegoutelas.fr\/wp-content\/uploads\/2025\/09\/Visuel_seul-min.jpg","contentUrl":"https:\/\/www.chateaudegoutelas.fr\/wp-content\/uploads\/2025\/09\/Visuel_seul-min.jpg","width":1654,"height":2362},{"@type":"BreadcrumbList","@id":"https:\/\/www.chateaudegoutelas.fr\/la-saison-culturelle\/#breadcrumb","itemListElement":[{"@type":"ListItem","position":1,"name":"Accueil","item":"https:\/\/www.chateaudegoutelas.fr\/"},{"@type":"ListItem","position":2,"name":"Saison culturelle"}]},{"@type":"WebSite","@id":"https:\/\/www.chateaudegoutelas.fr\/#website","url":"https:\/\/www.chateaudegoutelas.fr\/","name":"Ch\u00e2teau de Goutelas","description":"Un centre culturel de rencontre en Forez","publisher":{"@id":"https:\/\/www.chateaudegoutelas.fr\/#organization"},"potentialAction":[{"@type":"SearchAction","target":{"@type":"EntryPoint","urlTemplate":"https:\/\/www.chateaudegoutelas.fr\/?s={search_term_string}"},"query-input":{"@type":"PropertyValueSpecification","valueRequired":true,"valueName":"search_term_string"}}],"inLanguage":"en-GB"},{"@type":"Organization","@id":"https:\/\/www.chateaudegoutelas.fr\/#organization","name":"Ch\u00e2teau de Goutelas","url":"https:\/\/www.chateaudegoutelas.fr\/","logo":{"@type":"ImageObject","inLanguage":"en-GB","@id":"https:\/\/www.chateaudegoutelas.fr\/#\/schema\/logo\/image\/","url":"https:\/\/www.chateaudegoutelas.fr\/wp-content\/uploads\/2023\/05\/logo-chateau-goutelas-bleu.png","contentUrl":"https:\/\/www.chateaudegoutelas.fr\/wp-content\/uploads\/2023\/05\/logo-chateau-goutelas-bleu.png","width":1123,"height":327,"caption":"Ch\u00e2teau de Goutelas"},"image":{"@id":"https:\/\/www.chateaudegoutelas.fr\/#\/schema\/logo\/image\/"}}]}},"_links":{"self":[{"href":"https:\/\/www.chateaudegoutelas.fr\/en\/wp-json\/wp\/v2\/pages\/10197","targetHints":{"allow":["GET"]}}],"collection":[{"href":"https:\/\/www.chateaudegoutelas.fr\/en\/wp-json\/wp\/v2\/pages"}],"about":[{"href":"https:\/\/www.chateaudegoutelas.fr\/en\/wp-json\/wp\/v2\/types\/page"}],"author":[{"embeddable":true,"href":"https:\/\/www.chateaudegoutelas.fr\/en\/wp-json\/wp\/v2\/users\/7"}],"replies":[{"embeddable":true,"href":"https:\/\/www.chateaudegoutelas.fr\/en\/wp-json\/wp\/v2\/comments?post=10197"}],"version-history":[{"count":6,"href":"https:\/\/www.chateaudegoutelas.fr\/en\/wp-json\/wp\/v2\/pages\/10197\/revisions"}],"predecessor-version":[{"id":11401,"href":"https:\/\/www.chateaudegoutelas.fr\/en\/wp-json\/wp\/v2\/pages\/10197\/revisions\/11401"}],"wp:featuredmedia":[{"embeddable":true,"href":"https:\/\/www.chateaudegoutelas.fr\/en\/wp-json\/wp\/v2\/media\/11067"}],"wp:attachment":[{"href":"https:\/\/www.chateaudegoutelas.fr\/en\/wp-json\/wp\/v2\/media?parent=10197"}],"wp:term":[{"taxonomy":"category","embeddable":true,"href":"https:\/\/www.chateaudegoutelas.fr\/en\/wp-json\/wp\/v2\/categories?post=10197"},{"taxonomy":"post_tag","embeddable":true,"href":"https:\/\/www.chateaudegoutelas.fr\/en\/wp-json\/wp\/v2\/tags?post=10197"}],"curies":[{"name":"wp","href":"https:\/\/api.w.org\/{rel}","templated":true}]}}