{"id":10095,"date":"2024-12-06T18:13:44","date_gmt":"2024-12-06T17:13:44","guid":{"rendered":"https:\/\/www.chateaudegoutelas.fr\/?page_id=10095"},"modified":"2026-03-02T10:03:19","modified_gmt":"2026-03-02T09:03:19","slug":"popote-chef","status":"publish","type":"page","link":"https:\/\/www.chateaudegoutelas.fr\/en\/popote-chef\/","title":{"rendered":"Popote chef"},"content":{"rendered":"\n\n\t<h1>\n\t\t\t\tPopote chef\n\t\t\t<\/h1>\n<h3>\n\t\t\tConcours culinaire pas ordinaire !\t<\/h3>\n\t<p>\u00a9 Julie Vandal<\/p>\n<h1>\n\t\t\tPopote chef\t<\/h1>\n<h3>\n\t\t\tConcours culinaire pas ordinaire !\t<\/h3>\n<p><b>Rassembler les habitant\u00b7es du Forez autour de leurs fourneaux, tout en c\u00e9l\u00e9brant la diversit\u00e9 culinaire du territoire : tel \u00e9tait l&rsquo;objectif de Popote chef, \u00ab\u00a0vrai-faux\u00a0\u00bb concours de cuisine, imagin\u00e9 par le Ch\u00e2teau de Goutelas et Loire Forez agglom\u00e9ration avec la complicit\u00e9 de <\/b><a href=\"https:\/\/www.comitedesfetes.eu\/main\/index.php\">Comit\u00e9 des f\u00eates [mobile]<\/a><b>.<\/b><\/p>\n<p>Popote Chef a ainsi arpent\u00e9 le Forez durant deux ans (2024-2025) \u00e0 la rencontre des habitudes et cultures alimentaires de ses habitant\u00b7es. Le projet a \u00e9t\u00e9 pens\u00e9 en itin\u00e9rance sur le grand territoire de Loire-Forez afin de permettre \u00e0 des habitantes et habitants de diff\u00e9rents bassins de vie de prendre part au projet.<\/p>\n<p><b>Une trentaine de cuisini\u00e8res et cuisiniers amateurs ont pris part \u00e0 l&rsquo;aventure en constituant cinq brigades. <\/b>Ces brigades interg\u00e9n\u00e9rationnelles et interculturelles, r\u00e9unissant des personnes qui ne se connaissaient pas, ont contribu\u00e9 tout au long du projet afin de choisir des recettes, composer des plats, identifier des produits, des proc\u00e9dures et coop\u00e9rer. Afin de les accompagner dans la r\u00e9alisation des recettes et leur donner les moyens n\u00e9cessaires pour relever les d\u00e9fis culinaires, les brigades \u00e9taient \u00ab\u00a0coach\u00e9es\u00a0\u00bb par Guy Poyade, cuisinier professionnel, appuy\u00e9 lors de la finale par le chef Pierre Reure.\u00a0<\/p>\n<p>Au-del\u00e0 du premier cercle form\u00e9 par les brigades de cuisini\u00e8res et cuisiniers, l&rsquo;aventure Popote chef a mobilis\u00e9 une communaut\u00e9 plus vaste encore \u00e0 travers diff\u00e9rents rendez-vous. Au c\u0153ur d&rsquo;une foire, d&rsquo;un march\u00e9, d&rsquo;une ferme ou d&rsquo;un parc,<b> plus de six cents personnes ont particip\u00e9 aux d\u00e9gustations et ont \u00e9t\u00e9 le principal jury de ces d\u00e9fis culinaires.<\/b><\/p>\n<p>Mettre autour de la table celles et ceux qui font la richesse et la diversit\u00e9 des cultures culinaires du Forez \u00e9tait l&rsquo;un des objectifs majeurs du projet Popote chef : tout au long des deux ans, le projet a ainsi mobilis\u00e9 une diversit\u00e9 de partenaires locaux (mairies, commerces, producteur\u00b7ices, auberges,&#8230;).<\/p>\n<p><strong>Revivez l&rsquo;une des \u00e9preuves de Popote chef \u00e0 travers un reportage de TL7 &#8211; T\u00e9l\u00e9vision Loire 7 : <\/strong><\/p>\n\t\thttps:\/\/www.youtube.com\/watch?v=693fTl3s6gA\t\n\t<p><strong>D\u00e9couvrir le livret <i>Popote chef, r\u00e9cits et recettes :<\/i><\/strong><\/p>\n\t\t\t<a href=\"https:\/\/www.chateaudegoutelas.fr\/wp-content\/uploads\/2026\/03\/Popote-Chef-recits-et-recettes.pdf\"  target=\"_blank\" rel=\"noopener\"    rel=\"noopener\">\n\t\t\t\t\t\t\tLivret Popote chef\n\t\t\t\t\t<\/a>\n<h2>\n\t\t\tles \u00e9tapes pass\u00e9es\t<\/h2>\n\t<strong>Samedi 5 juillet : la finale, Bo\u00ebn-sur-Lignon<\/strong><br \/>\n<strong>Dimanche 18 mai : \u00e9preuve 3 \u00ab\u00a0La guerre des restos\u00a0\u00bb, Montbrison<\/strong><br \/>\n<strong>Samedi 26 avril : \u00e9preuve 2 \u00ab\u00a0La carte aux tr\u00e9sors\u00a0\u00bb, V\u00eatre-sur-Anzon<\/strong><br \/>\n<strong>Dimanche 6 avril : \u00e9preuve 1 \u00ab\u00a0La Baraka\u00a0\u00bb, Foire de printemps de Sury-le-Comtal<\/strong>\n<strong>Automne 2024<\/strong> : r\u00e9sidence au CADA de Saint-Thurin, ateliers culinaires et buffet festif et cr\u00e9atif<br \/>\n<strong>\u00c9t\u00e9 2024<\/strong> : r\u00e9sidence \u00e0 Montbrison, en partenariat avec le centre social de Montbrison, la Communaut\u00e9 Emma\u00fcs et la maison interg\u00e9n\u00e9rationnelle Habitat et Humanisme. Ateliers et animations avec petits et grands !<br \/>\n<strong>Juin 2024<\/strong> : bal culinaire au Ch\u00e2teau de Goutelas dans le cadre du festival Futurs possibles<br \/>\n<strong>Mars \u00e0 juin 2024<\/strong> : \u00ab\u00a0tourn\u00e9e des popotes\u00a0\u00bb et des march\u00e9s, \u00e0 la rencontre des producteurs et productrices du Forez, des habitant\u00b7e\u00b7s, des associations&#8230;\n\t<p><em><i>Le projet a \u00e9t\u00e9 soutenu par un ensemble de partenaires publics dans le cadre du Projet culturel de territoire de Loire Forez agglom\u00e9ration : le minist\u00e8re de la Culture &#8211; DRAC Auvergne-Rh\u00f4ne-Alpes, la R\u00e9gion Auvergne-Rh\u00f4ne-Alpes, l&rsquo;\u00c9ducation Nationale, le D\u00e9partement de la Loire.<\/i><\/em><\/p>\n<p><em>Photos et vid\u00e9o : Julie Vandal @sunwhere_fr<\/em><\/p>\n\t\t\t<h3>Projets partag\u00e9s &#038; droits culturels<\/h3>\t\t\t\n\t\t\t\t<p>Goutelas coordonne tout au long de l&rsquo;ann\u00e9e des projets artistiques et culturels avec les habitant\u00b7e\u00b7s du Forez, gr\u00e2ce aux liens forts tiss\u00e9s avec des \u00e9tablissements scolaires, socioculturels, de sant\u00e9,&#8230;\u00a0Toutes ces rencontres sont anim\u00e9es par l&rsquo;\u00e9thique et le r\u00e9f\u00e9rentiel des droits culturels : permettre \u00e0 chacun\u00b7e, seul\u00b7e ou en commun, de participer \u00e0 la vie culturelle, d&rsquo;y contribuer avec ses propres r\u00e9f\u00e9rences, exp\u00e9riences et pratiques tout en ayant acc\u00e8s \u00e0 une diversit\u00e9 de ressources culturelles.<\/p>\n<h2>\n\t\t\ten images\t<\/h2>\n\t<p><em>Photos et vid\u00e9o : Julie Vandal @sunwhere_fr<\/em><\/p>\n<h2>\n\t\t\tvoir aussi\t<\/h2>\n<figure itemscope itemtype=\"https:\/\/schema.org\/ImageObject\">\n\t\t\t\t<img decoding=\"async\" src=\"https:\/\/www.chateaudegoutelas.fr\/wp-content\/uploads\/2023\/06\/gimmick-goutelas-vert-rouge-720x720.png\" alt=\"gimmick-goutelas-vert-rouge\" height=\"720\" width=\"720\" title=\"gimmick-goutelas-vert-rouge\" onerror=\"this.style.display='none'\" loading=\"lazy\" \/>\n\t<\/figure>\n\t\t<a href=\"https:\/\/www.chateaudegoutelas.fr\/la-forez-academy\/\" title=\"Afficher le contenu de la bo\u00eete\" target=\"_self\"  aria-label=\"Post Element\"><\/a>\t\t\n\t\t\t\t\t\t\t\t\t\t\t\t\t\t<a href=\"https:\/\/www.chateaudegoutelas.fr\/la-forez-academy\/\" target=\"_self\" title=\"La Forez Academy\">\n\t\t\t\t<img decoding=\"async\" src=\"https:\/\/www.chateaudegoutelas.fr\/wp-content\/uploads\/2024\/12\/149-A99A8915-2-720x720.jpg\" alt=\"\" \/>\n\t\t\t\t<\/a>\n\t\t\t\t\t\t<h4>\n\t\t\t\t<a href=\"https:\/\/www.chateaudegoutelas.fr\/la-forez-academy\/\" title=\"La Forez Academy\">La Forez Academy<\/a>\t\t\t<\/h4>\n\n","protected":false},"excerpt":{"rendered":"<p>Popote chef Concours culinaire pas ordinaire ! \u00a9 Julie Vandal Popote chef Concours culinaire pas ordinaire ! Rassembler les habitant\u00b7es du Forez autour de leurs fourneaux, tout en c\u00e9l\u00e9brant la diversit\u00e9 culinaire du territoire : tel \u00e9tait l&rsquo;objectif de Popote chef, \u00ab\u00a0vrai-faux\u00a0\u00bb concours de cuisine, imagin\u00e9 par le Ch\u00e2teau de Goutelas et Loire Forez agglom\u00e9ration [&hellip;]<\/p>\n","protected":false},"author":7,"featured_media":9353,"parent":0,"menu_order":0,"comment_status":"closed","ping_status":"closed","template":"","meta":{"site-sidebar-layout":"no-sidebar","site-content-layout":null,"ast-site-content-layout":"full-width-container","site-content-style":"unboxed","site-sidebar-style":"unboxed","ast-global-header-display":"","ast-banner-title-visibility":"","ast-main-header-display":"","ast-hfb-above-header-display":null,"ast-hfb-below-header-display":null,"ast-hfb-mobile-header-display":"","site-post-title":"disabled","ast-breadcrumbs-content":null,"ast-featured-img":"disabled","footer-sml-layout":"","ast-disable-related-posts":"","theme-transparent-header-meta":"default","adv-header-id-meta":"","stick-header-meta":"default","header-above-stick-meta":null,"header-main-stick-meta":"","header-below-stick-meta":null,"astra-migrate-meta-layouts":"set","ast-page-background-enabled":"default","ast-page-background-meta":{"desktop":{"background-color":"","background-image":"","background-repeat":"repeat","background-position":"center center","background-size":"auto","background-attachment":"scroll","background-type":"","background-media":"","overlay-type":"","overlay-color":"","overlay-opacity":"","overlay-gradient":""},"tablet":{"background-color":"","background-image":"","background-repeat":"repeat","background-position":"center center","background-size":"auto","background-attachment":"scroll","background-type":"","background-media":"","overlay-type":"","overlay-color":"","overlay-opacity":"","overlay-gradient":""},"mobile":{"background-color":"","background-image":"","background-repeat":"repeat","background-position":"center center","background-size":"auto","background-attachment":"scroll","background-type":"","background-media":"","overlay-type":"","overlay-color":"","overlay-opacity":"","overlay-gradient":""}},"ast-content-background-meta":{"desktop":{"background-color":"var(--ast-global-color-5)","background-image":"","background-repeat":"repeat","background-position":"center center","background-size":"auto","background-attachment":"scroll","background-type":"","background-media":"","overlay-type":"","overlay-color":"","overlay-opacity":"","overlay-gradient":""},"tablet":{"background-color":"var(--ast-global-color-5)","background-image":"","background-repeat":"repeat","background-position":"center center","background-size":"auto","background-attachment":"scroll","background-type":"","background-media":"","overlay-type":"","overlay-color":"","overlay-opacity":"","overlay-gradient":""},"mobile":{"background-color":"var(--ast-global-color-5)","background-image":"","background-repeat":"repeat","background-position":"center center","background-size":"auto","background-attachment":"scroll","background-type":"","background-media":"","overlay-type":"","overlay-color":"","overlay-opacity":"","overlay-gradient":""}},"footnotes":""},"categories":[],"tags":[],"class_list":["post-10095","page","type-page","status-publish","has-post-thumbnail","hentry"],"yoast_head":"<!-- This site is optimized with the Yoast SEO plugin v27.5 - https:\/\/yoast.com\/product\/yoast-seo-wordpress\/ -->\n<title>Popote chef - Ch\u00e2teau de Goutelas<\/title>\n<meta name=\"robots\" content=\"index, follow, max-snippet:-1, max-image-preview:large, max-video-preview:-1\" \/>\n<link rel=\"canonical\" href=\"https:\/\/www.chateaudegoutelas.fr\/en\/popote-chef\/\" \/>\n<meta property=\"og:locale\" content=\"en_GB\" \/>\n<meta property=\"og:type\" content=\"article\" \/>\n<meta property=\"og:title\" content=\"Popote chef - Ch\u00e2teau de Goutelas\" \/>\n<meta property=\"og:description\" content=\"Popote chef Concours culinaire pas ordinaire ! \u00a9 Julie Vandal Popote chef Concours culinaire pas ordinaire ! Rassembler les habitant\u00b7es du Forez autour de leurs fourneaux, tout en c\u00e9l\u00e9brant la diversit\u00e9 culinaire du territoire : tel \u00e9tait l&rsquo;objectif de Popote chef, \u00ab\u00a0vrai-faux\u00a0\u00bb concours de cuisine, imagin\u00e9 par le Ch\u00e2teau de Goutelas et Loire Forez agglom\u00e9ration [&hellip;]\" \/>\n<meta property=\"og:url\" content=\"https:\/\/www.chateaudegoutelas.fr\/en\/popote-chef\/\" \/>\n<meta property=\"og:site_name\" content=\"Ch\u00e2teau de Goutelas\" \/>\n<meta property=\"article:modified_time\" content=\"2026-03-02T09:03:19+00:00\" \/>\n<meta property=\"og:image\" content=\"https:\/\/www.chateaudegoutelas.fr\/wp-content\/uploads\/2024\/06\/photo-Popote-Chef-e1739963667881.jpg\" \/>\n\t<meta property=\"og:image:width\" content=\"1365\" \/>\n\t<meta property=\"og:image:height\" content=\"1188\" \/>\n\t<meta property=\"og:image:type\" content=\"image\/jpeg\" \/>\n<meta name=\"twitter:card\" content=\"summary_large_image\" \/>\n<meta name=\"twitter:label1\" content=\"Estimated reading time\" \/>\n\t<meta name=\"twitter:data1\" content=\"2 minutes\" \/>\n<script type=\"application\/ld+json\" class=\"yoast-schema-graph\">{\"@context\":\"https:\\\/\\\/schema.org\",\"@graph\":[{\"@type\":\"WebPage\",\"@id\":\"https:\\\/\\\/www.chateaudegoutelas.fr\\\/popote-chef\\\/\",\"url\":\"https:\\\/\\\/www.chateaudegoutelas.fr\\\/popote-chef\\\/\",\"name\":\"Popote chef - Ch\u00e2teau de Goutelas\",\"isPartOf\":{\"@id\":\"https:\\\/\\\/www.chateaudegoutelas.fr\\\/#website\"},\"primaryImageOfPage\":{\"@id\":\"https:\\\/\\\/www.chateaudegoutelas.fr\\\/popote-chef\\\/#primaryimage\"},\"image\":{\"@id\":\"https:\\\/\\\/www.chateaudegoutelas.fr\\\/popote-chef\\\/#primaryimage\"},\"thumbnailUrl\":\"https:\\\/\\\/www.chateaudegoutelas.fr\\\/wp-content\\\/uploads\\\/2024\\\/06\\\/photo-Popote-Chef-e1739963667881.jpg\",\"datePublished\":\"2024-12-06T17:13:44+00:00\",\"dateModified\":\"2026-03-02T09:03:19+00:00\",\"breadcrumb\":{\"@id\":\"https:\\\/\\\/www.chateaudegoutelas.fr\\\/popote-chef\\\/#breadcrumb\"},\"inLanguage\":\"en-GB\",\"potentialAction\":[{\"@type\":\"ReadAction\",\"target\":[\"https:\\\/\\\/www.chateaudegoutelas.fr\\\/popote-chef\\\/\"]}]},{\"@type\":\"ImageObject\",\"inLanguage\":\"en-GB\",\"@id\":\"https:\\\/\\\/www.chateaudegoutelas.fr\\\/popote-chef\\\/#primaryimage\",\"url\":\"https:\\\/\\\/www.chateaudegoutelas.fr\\\/wp-content\\\/uploads\\\/2024\\\/06\\\/photo-Popote-Chef-e1739963667881.jpg\",\"contentUrl\":\"https:\\\/\\\/www.chateaudegoutelas.fr\\\/wp-content\\\/uploads\\\/2024\\\/06\\\/photo-Popote-Chef-e1739963667881.jpg\",\"width\":1365,\"height\":1188},{\"@type\":\"BreadcrumbList\",\"@id\":\"https:\\\/\\\/www.chateaudegoutelas.fr\\\/popote-chef\\\/#breadcrumb\",\"itemListElement\":[{\"@type\":\"ListItem\",\"position\":1,\"name\":\"Accueil\",\"item\":\"https:\\\/\\\/www.chateaudegoutelas.fr\\\/\"},{\"@type\":\"ListItem\",\"position\":2,\"name\":\"Popote chef\"}]},{\"@type\":\"WebSite\",\"@id\":\"https:\\\/\\\/www.chateaudegoutelas.fr\\\/#website\",\"url\":\"https:\\\/\\\/www.chateaudegoutelas.fr\\\/\",\"name\":\"Ch\u00e2teau de Goutelas\",\"description\":\"Un centre culturel de rencontre en Forez\",\"publisher\":{\"@id\":\"https:\\\/\\\/www.chateaudegoutelas.fr\\\/#organization\"},\"potentialAction\":[{\"@type\":\"SearchAction\",\"target\":{\"@type\":\"EntryPoint\",\"urlTemplate\":\"https:\\\/\\\/www.chateaudegoutelas.fr\\\/?s={search_term_string}\"},\"query-input\":{\"@type\":\"PropertyValueSpecification\",\"valueRequired\":true,\"valueName\":\"search_term_string\"}}],\"inLanguage\":\"en-GB\"},{\"@type\":\"Organization\",\"@id\":\"https:\\\/\\\/www.chateaudegoutelas.fr\\\/#organization\",\"name\":\"Ch\u00e2teau de Goutelas\",\"url\":\"https:\\\/\\\/www.chateaudegoutelas.fr\\\/\",\"logo\":{\"@type\":\"ImageObject\",\"inLanguage\":\"en-GB\",\"@id\":\"https:\\\/\\\/www.chateaudegoutelas.fr\\\/#\\\/schema\\\/logo\\\/image\\\/\",\"url\":\"https:\\\/\\\/www.chateaudegoutelas.fr\\\/wp-content\\\/uploads\\\/2023\\\/05\\\/logo-chateau-goutelas-bleu.png\",\"contentUrl\":\"https:\\\/\\\/www.chateaudegoutelas.fr\\\/wp-content\\\/uploads\\\/2023\\\/05\\\/logo-chateau-goutelas-bleu.png\",\"width\":1123,\"height\":327,\"caption\":\"Ch\u00e2teau de Goutelas\"},\"image\":{\"@id\":\"https:\\\/\\\/www.chateaudegoutelas.fr\\\/#\\\/schema\\\/logo\\\/image\\\/\"}}]}<\/script>\n<!-- \/ Yoast SEO plugin. -->","yoast_head_json":{"title":"Popote chef - Ch\u00e2teau de Goutelas","robots":{"index":"index","follow":"follow","max-snippet":"max-snippet:-1","max-image-preview":"max-image-preview:large","max-video-preview":"max-video-preview:-1"},"canonical":"https:\/\/www.chateaudegoutelas.fr\/en\/popote-chef\/","og_locale":"en_GB","og_type":"article","og_title":"Popote chef - Ch\u00e2teau de Goutelas","og_description":"Popote chef Concours culinaire pas ordinaire ! \u00a9 Julie Vandal Popote chef Concours culinaire pas ordinaire ! Rassembler les habitant\u00b7es du Forez autour de leurs fourneaux, tout en c\u00e9l\u00e9brant la diversit\u00e9 culinaire du territoire : tel \u00e9tait l&rsquo;objectif de Popote chef, \u00ab\u00a0vrai-faux\u00a0\u00bb concours de cuisine, imagin\u00e9 par le Ch\u00e2teau de Goutelas et Loire Forez agglom\u00e9ration [&hellip;]","og_url":"https:\/\/www.chateaudegoutelas.fr\/en\/popote-chef\/","og_site_name":"Ch\u00e2teau de Goutelas","article_modified_time":"2026-03-02T09:03:19+00:00","og_image":[{"width":1365,"height":1188,"url":"https:\/\/www.chateaudegoutelas.fr\/wp-content\/uploads\/2024\/06\/photo-Popote-Chef-e1739963667881.jpg","type":"image\/jpeg"}],"twitter_card":"summary_large_image","twitter_misc":{"Estimated reading time":"2 minutes"},"schema":{"@context":"https:\/\/schema.org","@graph":[{"@type":"WebPage","@id":"https:\/\/www.chateaudegoutelas.fr\/popote-chef\/","url":"https:\/\/www.chateaudegoutelas.fr\/popote-chef\/","name":"Popote chef - Ch\u00e2teau de Goutelas","isPartOf":{"@id":"https:\/\/www.chateaudegoutelas.fr\/#website"},"primaryImageOfPage":{"@id":"https:\/\/www.chateaudegoutelas.fr\/popote-chef\/#primaryimage"},"image":{"@id":"https:\/\/www.chateaudegoutelas.fr\/popote-chef\/#primaryimage"},"thumbnailUrl":"https:\/\/www.chateaudegoutelas.fr\/wp-content\/uploads\/2024\/06\/photo-Popote-Chef-e1739963667881.jpg","datePublished":"2024-12-06T17:13:44+00:00","dateModified":"2026-03-02T09:03:19+00:00","breadcrumb":{"@id":"https:\/\/www.chateaudegoutelas.fr\/popote-chef\/#breadcrumb"},"inLanguage":"en-GB","potentialAction":[{"@type":"ReadAction","target":["https:\/\/www.chateaudegoutelas.fr\/popote-chef\/"]}]},{"@type":"ImageObject","inLanguage":"en-GB","@id":"https:\/\/www.chateaudegoutelas.fr\/popote-chef\/#primaryimage","url":"https:\/\/www.chateaudegoutelas.fr\/wp-content\/uploads\/2024\/06\/photo-Popote-Chef-e1739963667881.jpg","contentUrl":"https:\/\/www.chateaudegoutelas.fr\/wp-content\/uploads\/2024\/06\/photo-Popote-Chef-e1739963667881.jpg","width":1365,"height":1188},{"@type":"BreadcrumbList","@id":"https:\/\/www.chateaudegoutelas.fr\/popote-chef\/#breadcrumb","itemListElement":[{"@type":"ListItem","position":1,"name":"Accueil","item":"https:\/\/www.chateaudegoutelas.fr\/"},{"@type":"ListItem","position":2,"name":"Popote chef"}]},{"@type":"WebSite","@id":"https:\/\/www.chateaudegoutelas.fr\/#website","url":"https:\/\/www.chateaudegoutelas.fr\/","name":"Ch\u00e2teau de Goutelas","description":"Un centre culturel de rencontre en Forez","publisher":{"@id":"https:\/\/www.chateaudegoutelas.fr\/#organization"},"potentialAction":[{"@type":"SearchAction","target":{"@type":"EntryPoint","urlTemplate":"https:\/\/www.chateaudegoutelas.fr\/?s={search_term_string}"},"query-input":{"@type":"PropertyValueSpecification","valueRequired":true,"valueName":"search_term_string"}}],"inLanguage":"en-GB"},{"@type":"Organization","@id":"https:\/\/www.chateaudegoutelas.fr\/#organization","name":"Ch\u00e2teau de Goutelas","url":"https:\/\/www.chateaudegoutelas.fr\/","logo":{"@type":"ImageObject","inLanguage":"en-GB","@id":"https:\/\/www.chateaudegoutelas.fr\/#\/schema\/logo\/image\/","url":"https:\/\/www.chateaudegoutelas.fr\/wp-content\/uploads\/2023\/05\/logo-chateau-goutelas-bleu.png","contentUrl":"https:\/\/www.chateaudegoutelas.fr\/wp-content\/uploads\/2023\/05\/logo-chateau-goutelas-bleu.png","width":1123,"height":327,"caption":"Ch\u00e2teau de Goutelas"},"image":{"@id":"https:\/\/www.chateaudegoutelas.fr\/#\/schema\/logo\/image\/"}}]}},"_links":{"self":[{"href":"https:\/\/www.chateaudegoutelas.fr\/en\/wp-json\/wp\/v2\/pages\/10095","targetHints":{"allow":["GET"]}}],"collection":[{"href":"https:\/\/www.chateaudegoutelas.fr\/en\/wp-json\/wp\/v2\/pages"}],"about":[{"href":"https:\/\/www.chateaudegoutelas.fr\/en\/wp-json\/wp\/v2\/types\/page"}],"author":[{"embeddable":true,"href":"https:\/\/www.chateaudegoutelas.fr\/en\/wp-json\/wp\/v2\/users\/7"}],"replies":[{"embeddable":true,"href":"https:\/\/www.chateaudegoutelas.fr\/en\/wp-json\/wp\/v2\/comments?post=10095"}],"version-history":[{"count":7,"href":"https:\/\/www.chateaudegoutelas.fr\/en\/wp-json\/wp\/v2\/pages\/10095\/revisions"}],"predecessor-version":[{"id":11757,"href":"https:\/\/www.chateaudegoutelas.fr\/en\/wp-json\/wp\/v2\/pages\/10095\/revisions\/11757"}],"wp:featuredmedia":[{"embeddable":true,"href":"https:\/\/www.chateaudegoutelas.fr\/en\/wp-json\/wp\/v2\/media\/9353"}],"wp:attachment":[{"href":"https:\/\/www.chateaudegoutelas.fr\/en\/wp-json\/wp\/v2\/media?parent=10095"}],"wp:term":[{"taxonomy":"category","embeddable":true,"href":"https:\/\/www.chateaudegoutelas.fr\/en\/wp-json\/wp\/v2\/categories?post=10095"},{"taxonomy":"post_tag","embeddable":true,"href":"https:\/\/www.chateaudegoutelas.fr\/en\/wp-json\/wp\/v2\/tags?post=10095"}],"curies":[{"name":"wp","href":"https:\/\/api.w.org\/{rel}","templated":true}]}}