{"id":10085,"date":"2024-12-06T16:28:05","date_gmt":"2024-12-06T15:28:05","guid":{"rendered":"https:\/\/www.chateaudegoutelas.fr\/?page_id=10085"},"modified":"2025-02-06T15:39:19","modified_gmt":"2025-02-06T14:39:19","slug":"a-la-croisee-des-savoirs","status":"publish","type":"page","link":"https:\/\/www.chateaudegoutelas.fr\/en\/a-la-croisee-des-savoirs\/","title":{"rendered":"\u00c0 la crois\u00e9e des savoirs"},"content":{"rendered":"<h1>\n\t\t\t\t\u00c0 la crois\u00e9e des savoirs\n\t\t\t<\/h1>\n<h3>\n\t\tUn collectif lig\u00e9rien pour des temps forts de d\u00e9bats\n\t<\/h3>\n\t<p>\u00a9 Ch\u00e2teau de Goutelas<\/p>\n<h1>\n\t\t\u00c0 la crois\u00e9e des savoirs\n\t<\/h1>\n<h3>\n\t\tUn collectif lig\u00e9rien pour des temps forts de d\u00e9bats\n\t<\/h3>\n\t<p>D\u00e8s 2015, \u00e0 l&rsquo;impulsion du Ch\u00e2teau de Goutelas, une dizaine d&rsquo;associations et structures lig\u00e9riennes culturelles et d&rsquo;\u00e9ducation populaire se r\u00e9unissent pour cr\u00e9er un festival de conf\u00e9rences gesticul\u00e9es en Forez. 5 \u00e9ditions du festival ont \u00e9t\u00e9 men\u00e9es avec succ\u00e8s et une fr\u00e9quentation toujours croissante, de nouveaux partenaires ont rejoint l&rsquo;aventure.<\/p>\n<p>Depuis 2021, les associations se sont regroup\u00e9es en collectif sous le nom <em>\u00c0 la crois\u00e9e des savoirs<\/em> et ont travaill\u00e9 \u00e0 faire du festival un v\u00e9ritable temps fort pour tous les publics \u00e0 l&rsquo;\u00e9chelle du territoire, pour aborder chaque ann\u00e9e un sujet de soci\u00e9t\u00e9 \u00e0 travers un riche programme de rencontres, spectacles, ateliers, projections&#8230;<\/p>\n\t\t\t\t<p><strong>Le collectif (2024) :<\/strong> l&rsquo;Association Familles Rurales\u00a0de Verri\u00e8res-en-Forez, le\u00a0Barreau de Lyon, le bar associatif\u00a0Le Cheval Blanc, le caf\u00e9-lecture\u00a0Le Remue-M\u00e9ninges, le\u00a0Centre social de Montbrison, le\u00a0Ch\u00e2teau de Goutelas, la\u00a0CLEF\u00a0de Sail-sous-Couzan,\u00a0Loire Forez agglom\u00e9ration, la\u00a0MJC de Feurs, le\u00a0MRJC Rh\u00f4ne-Loire, l&rsquo;association\u00a0Tasse de Jeux.<\/p>\n<h2>\n\t\tles derniers \u00e9v\u00e9nements\n\t<\/h2>\n\t\t<a href=\"https:\/\/www.chateaudegoutelas.fr\/en\/agenda\/festival-rehabiter\/\" title=\"Afficher le contenu de la bo\u00eete\" target=\"_self\"  aria-label=\"Post Element\"><\/a>\t\t\n\t\t\t\t\t\t\t\t\t\t\t\t\t\t<a href=\"https:\/\/www.chateaudegoutelas.fr\/en\/agenda\/festival-rehabiter\/\" target=\"_self\" title=\"R\u00e9:habiter\">\n\t\t\t\t<img decoding=\"async\" src=\"https:\/\/www.chateaudegoutelas.fr\/wp-content\/uploads\/2024\/08\/illustration-seule_credit-Carole-Barraud-1-blanc-720x720.jpg\" alt=\"\" \/>\n\t\t\t\t<\/a>\n\t\t\t\t\t\t<h4>\n\t\t\t\t<a href=\"https:\/\/www.chateaudegoutelas.fr\/en\/agenda\/festival-rehabiter\/\" title=\"R\u00e9:habiter\" tabindex=\"0\">R\u00e9:habiter<\/a>\t\t\t<\/h4>\n\t\t<a href=\"https:\/\/www.chateaudegoutelas.fr\/en\/agenda\/festival-au-bout-dma-life-2023\/\" title=\"Afficher le contenu de la bo\u00eete\" target=\"_self\"  aria-label=\"Post Element\"><\/a>\t\t\n\t\t\t\t\t\t\t\t\t\t\t\t\t\t<a href=\"https:\/\/www.chateaudegoutelas.fr\/en\/agenda\/festival-au-bout-dma-life-2023\/\" target=\"_self\" title=\"Au bout d&rsquo;ma life\">\n\t\t\t\t<img decoding=\"async\" src=\"https:\/\/www.chateaudegoutelas.fr\/wp-content\/uploads\/2025\/02\/Au_bout-dma_life_credit-Celine-Nardou-min-scaled.jpg\" alt=\"\" \/>\n\t\t\t\t<\/a>\n\t\t\t\t\t\t<h4>\n\t\t\t\t<a href=\"https:\/\/www.chateaudegoutelas.fr\/en\/agenda\/festival-au-bout-dma-life-2023\/\" title=\"Au bout d&rsquo;ma life\" tabindex=\"0\">Au bout d&rsquo;ma life<\/a>\t\t\t<\/h4>\n\t\t\t<a href=\"https:\/\/www.chateaudegoutelas.fr\/en\/medias\/\" title=\"Cliquez ici\" target=\"_self\"   role=\"button\" aria-label=\"voir plus de contenus\">\n\t\t\t\t\t\t\tvoir plus de contenus\n\t\t<\/a>\n<h2>\n\t\tvoir aussi\n\t<\/h2>\n\t\t\t\t<img loading=\"lazy\" decoding=\"async\" src=\"https:\/\/www.chateaudegoutelas.fr\/wp-content\/uploads\/2023\/06\/gimmick-goutelas-vert-rouge-720x720.png\" alt=\"gimmick-goutelas-vert-rouge\" itemprop=\"image\" height=\"720\" width=\"720\" title=\"gimmick-goutelas-vert-rouge\" onerror=\"this.style.display='none'\"  \/>\n\t\t<a href=\"https:\/\/www.chateaudegoutelas.fr\/en\/futurs-possibles\/\" title=\"Afficher le contenu de la bo\u00eete\" target=\"_self\"  aria-label=\"Post Element\"><\/a>\t\t\n\t\t\t\t\t\t\t\t\t\t\t\t\t\t<a href=\"https:\/\/www.chateaudegoutelas.fr\/en\/futurs-possibles\/\" target=\"_self\" title=\"Festival Futurs possibles\">\n\t\t\t\t<img decoding=\"async\" src=\"https:\/\/www.chateaudegoutelas.fr\/wp-content\/uploads\/2024\/12\/Futurs-Possibles-2024-105-720x720.jpg\" alt=\"\" \/>\n\t\t\t\t<\/a>\n\t\t\t\t\t\t<h4>\n\t\t\t\t<a href=\"https:\/\/www.chateaudegoutelas.fr\/en\/futurs-possibles\/\" title=\"Festival Futurs possibles\" tabindex=\"0\">Festival Futurs possibles<\/a>\t\t\t<\/h4>","protected":false},"excerpt":{"rendered":"<p>\u00c0 la crois\u00e9e des savoirs Un collectif lig\u00e9rien pour des temps forts de d\u00e9bats \u00a9 Ch\u00e2teau de Goutelas \u00c0 la crois\u00e9e des savoirs Un collectif lig\u00e9rien pour des temps forts de d\u00e9bats D\u00e8s 2015, \u00e0 l&rsquo;impulsion du Ch\u00e2teau de Goutelas, une dizaine d&rsquo;associations et structures lig\u00e9riennes culturelles et d&rsquo;\u00e9ducation populaire se r\u00e9unissent pour cr\u00e9er un [&hellip;]<\/p>\n","protected":false},"author":7,"featured_media":10086,"parent":0,"menu_order":0,"comment_status":"closed","ping_status":"closed","template":"","meta":{"site-sidebar-layout":"no-sidebar","site-content-layout":"page-builder","ast-site-content-layout":"full-width-container","site-content-style":"unboxed","site-sidebar-style":"unboxed","ast-global-header-display":"","ast-banner-title-visibility":"","ast-main-header-display":"","ast-hfb-above-header-display":"","ast-hfb-below-header-display":"","ast-hfb-mobile-header-display":"","site-post-title":"disabled","ast-breadcrumbs-content":"","ast-featured-img":"disabled","footer-sml-layout":"","ast-disable-related-posts":"","theme-transparent-header-meta":"default","adv-header-id-meta":"","stick-header-meta":"default","header-above-stick-meta":"","header-main-stick-meta":"","header-below-stick-meta":"","astra-migrate-meta-layouts":"set","ast-page-background-enabled":"default","ast-page-background-meta":{"desktop":{"background-color":"","background-image":"","background-repeat":"repeat","background-position":"center center","background-size":"auto","background-attachment":"scroll","background-type":"","background-media":"","overlay-type":"","overlay-color":"","overlay-opacity":"","overlay-gradient":""},"tablet":{"background-color":"","background-image":"","background-repeat":"repeat","background-position":"center center","background-size":"auto","background-attachment":"scroll","background-type":"","background-media":"","overlay-type":"","overlay-color":"","overlay-opacity":"","overlay-gradient":""},"mobile":{"background-color":"","background-image":"","background-repeat":"repeat","background-position":"center center","background-size":"auto","background-attachment":"scroll","background-type":"","background-media":"","overlay-type":"","overlay-color":"","overlay-opacity":"","overlay-gradient":""}},"ast-content-background-meta":{"desktop":{"background-color":"var(--ast-global-color-5)","background-image":"","background-repeat":"repeat","background-position":"center center","background-size":"auto","background-attachment":"scroll","background-type":"","background-media":"","overlay-type":"","overlay-color":"","overlay-opacity":"","overlay-gradient":""},"tablet":{"background-color":"var(--ast-global-color-5)","background-image":"","background-repeat":"repeat","background-position":"center center","background-size":"auto","background-attachment":"scroll","background-type":"","background-media":"","overlay-type":"","overlay-color":"","overlay-opacity":"","overlay-gradient":""},"mobile":{"background-color":"var(--ast-global-color-5)","background-image":"","background-repeat":"repeat","background-position":"center center","background-size":"auto","background-attachment":"scroll","background-type":"","background-media":"","overlay-type":"","overlay-color":"","overlay-opacity":"","overlay-gradient":""}},"footnotes":""},"categories":[],"tags":[305],"class_list":["post-10085","page","type-page","status-publish","has-post-thumbnail","hentry","tag-temps-fort"],"yoast_head":"<!-- This site is optimized with the Yoast SEO plugin v27.5 - https:\/\/yoast.com\/product\/yoast-seo-wordpress\/ -->\n<title>\u00c0 la crois\u00e9e des savoirs - Ch\u00e2teau de Goutelas<\/title>\n<meta name=\"robots\" content=\"index, follow, max-snippet:-1, max-image-preview:large, max-video-preview:-1\" \/>\n<link rel=\"canonical\" href=\"https:\/\/www.chateaudegoutelas.fr\/en\/a-la-croisee-des-savoirs\/\" \/>\n<meta property=\"og:locale\" content=\"en_GB\" \/>\n<meta property=\"og:type\" content=\"article\" \/>\n<meta property=\"og:title\" content=\"\u00c0 la crois\u00e9e des savoirs - Ch\u00e2teau de Goutelas\" \/>\n<meta property=\"og:description\" content=\"\u00c0 la crois\u00e9e des savoirs Un collectif lig\u00e9rien pour des temps forts de d\u00e9bats \u00a9 Ch\u00e2teau de Goutelas \u00c0 la crois\u00e9e des savoirs Un collectif lig\u00e9rien pour des temps forts de d\u00e9bats D\u00e8s 2015, \u00e0 l&rsquo;impulsion du Ch\u00e2teau de Goutelas, une dizaine d&rsquo;associations et structures lig\u00e9riennes culturelles et d&rsquo;\u00e9ducation populaire se r\u00e9unissent pour cr\u00e9er un [&hellip;]\" \/>\n<meta property=\"og:url\" content=\"https:\/\/www.chateaudegoutelas.fr\/en\/a-la-croisee-des-savoirs\/\" \/>\n<meta property=\"og:site_name\" content=\"Ch\u00e2teau de Goutelas\" \/>\n<meta property=\"article:modified_time\" content=\"2025-02-06T14:39:19+00:00\" \/>\n<meta property=\"og:image\" content=\"https:\/\/www.chateaudegoutelas.fr\/wp-content\/uploads\/2024\/12\/P1160850-scaled.jpg\" \/>\n\t<meta property=\"og:image:width\" content=\"1707\" \/>\n\t<meta property=\"og:image:height\" content=\"2560\" \/>\n\t<meta property=\"og:image:type\" content=\"image\/jpeg\" \/>\n<meta name=\"twitter:card\" content=\"summary_large_image\" \/>\n<meta name=\"twitter:label1\" content=\"Estimated reading time\" \/>\n\t<meta name=\"twitter:data1\" content=\"2 minutes\" \/>\n<script type=\"application\/ld+json\" class=\"yoast-schema-graph\">{\"@context\":\"https:\\\/\\\/schema.org\",\"@graph\":[{\"@type\":\"WebPage\",\"@id\":\"https:\\\/\\\/www.chateaudegoutelas.fr\\\/a-la-croisee-des-savoirs\\\/\",\"url\":\"https:\\\/\\\/www.chateaudegoutelas.fr\\\/a-la-croisee-des-savoirs\\\/\",\"name\":\"\u00c0 la crois\u00e9e des savoirs - Ch\u00e2teau de Goutelas\",\"isPartOf\":{\"@id\":\"https:\\\/\\\/www.chateaudegoutelas.fr\\\/#website\"},\"primaryImageOfPage\":{\"@id\":\"https:\\\/\\\/www.chateaudegoutelas.fr\\\/a-la-croisee-des-savoirs\\\/#primaryimage\"},\"image\":{\"@id\":\"https:\\\/\\\/www.chateaudegoutelas.fr\\\/a-la-croisee-des-savoirs\\\/#primaryimage\"},\"thumbnailUrl\":\"https:\\\/\\\/www.chateaudegoutelas.fr\\\/wp-content\\\/uploads\\\/2024\\\/12\\\/P1160850-scaled.jpg\",\"datePublished\":\"2024-12-06T15:28:05+00:00\",\"dateModified\":\"2025-02-06T14:39:19+00:00\",\"breadcrumb\":{\"@id\":\"https:\\\/\\\/www.chateaudegoutelas.fr\\\/a-la-croisee-des-savoirs\\\/#breadcrumb\"},\"inLanguage\":\"en-GB\",\"potentialAction\":[{\"@type\":\"ReadAction\",\"target\":[\"https:\\\/\\\/www.chateaudegoutelas.fr\\\/a-la-croisee-des-savoirs\\\/\"]}]},{\"@type\":\"ImageObject\",\"inLanguage\":\"en-GB\",\"@id\":\"https:\\\/\\\/www.chateaudegoutelas.fr\\\/a-la-croisee-des-savoirs\\\/#primaryimage\",\"url\":\"https:\\\/\\\/www.chateaudegoutelas.fr\\\/wp-content\\\/uploads\\\/2024\\\/12\\\/P1160850-scaled.jpg\",\"contentUrl\":\"https:\\\/\\\/www.chateaudegoutelas.fr\\\/wp-content\\\/uploads\\\/2024\\\/12\\\/P1160850-scaled.jpg\",\"width\":1707,\"height\":2560},{\"@type\":\"BreadcrumbList\",\"@id\":\"https:\\\/\\\/www.chateaudegoutelas.fr\\\/a-la-croisee-des-savoirs\\\/#breadcrumb\",\"itemListElement\":[{\"@type\":\"ListItem\",\"position\":1,\"name\":\"Accueil\",\"item\":\"https:\\\/\\\/www.chateaudegoutelas.fr\\\/\"},{\"@type\":\"ListItem\",\"position\":2,\"name\":\"\u00c0 la crois\u00e9e des savoirs\"}]},{\"@type\":\"WebSite\",\"@id\":\"https:\\\/\\\/www.chateaudegoutelas.fr\\\/#website\",\"url\":\"https:\\\/\\\/www.chateaudegoutelas.fr\\\/\",\"name\":\"Ch\u00e2teau de Goutelas\",\"description\":\"Un centre culturel de rencontre en Forez\",\"publisher\":{\"@id\":\"https:\\\/\\\/www.chateaudegoutelas.fr\\\/#organization\"},\"potentialAction\":[{\"@type\":\"SearchAction\",\"target\":{\"@type\":\"EntryPoint\",\"urlTemplate\":\"https:\\\/\\\/www.chateaudegoutelas.fr\\\/?s={search_term_string}\"},\"query-input\":{\"@type\":\"PropertyValueSpecification\",\"valueRequired\":true,\"valueName\":\"search_term_string\"}}],\"inLanguage\":\"en-GB\"},{\"@type\":\"Organization\",\"@id\":\"https:\\\/\\\/www.chateaudegoutelas.fr\\\/#organization\",\"name\":\"Ch\u00e2teau de Goutelas\",\"url\":\"https:\\\/\\\/www.chateaudegoutelas.fr\\\/\",\"logo\":{\"@type\":\"ImageObject\",\"inLanguage\":\"en-GB\",\"@id\":\"https:\\\/\\\/www.chateaudegoutelas.fr\\\/#\\\/schema\\\/logo\\\/image\\\/\",\"url\":\"https:\\\/\\\/www.chateaudegoutelas.fr\\\/wp-content\\\/uploads\\\/2023\\\/05\\\/logo-chateau-goutelas-bleu.png\",\"contentUrl\":\"https:\\\/\\\/www.chateaudegoutelas.fr\\\/wp-content\\\/uploads\\\/2023\\\/05\\\/logo-chateau-goutelas-bleu.png\",\"width\":1123,\"height\":327,\"caption\":\"Ch\u00e2teau de Goutelas\"},\"image\":{\"@id\":\"https:\\\/\\\/www.chateaudegoutelas.fr\\\/#\\\/schema\\\/logo\\\/image\\\/\"}}]}<\/script>\n<!-- \/ Yoast SEO plugin. -->","yoast_head_json":{"title":"\u00c0 la crois\u00e9e des savoirs - Ch\u00e2teau de Goutelas","robots":{"index":"index","follow":"follow","max-snippet":"max-snippet:-1","max-image-preview":"max-image-preview:large","max-video-preview":"max-video-preview:-1"},"canonical":"https:\/\/www.chateaudegoutelas.fr\/en\/a-la-croisee-des-savoirs\/","og_locale":"en_GB","og_type":"article","og_title":"\u00c0 la crois\u00e9e des savoirs - Ch\u00e2teau de Goutelas","og_description":"\u00c0 la crois\u00e9e des savoirs Un collectif lig\u00e9rien pour des temps forts de d\u00e9bats \u00a9 Ch\u00e2teau de Goutelas \u00c0 la crois\u00e9e des savoirs Un collectif lig\u00e9rien pour des temps forts de d\u00e9bats D\u00e8s 2015, \u00e0 l&rsquo;impulsion du Ch\u00e2teau de Goutelas, une dizaine d&rsquo;associations et structures lig\u00e9riennes culturelles et d&rsquo;\u00e9ducation populaire se r\u00e9unissent pour cr\u00e9er un [&hellip;]","og_url":"https:\/\/www.chateaudegoutelas.fr\/en\/a-la-croisee-des-savoirs\/","og_site_name":"Ch\u00e2teau de Goutelas","article_modified_time":"2025-02-06T14:39:19+00:00","og_image":[{"width":1707,"height":2560,"url":"https:\/\/www.chateaudegoutelas.fr\/wp-content\/uploads\/2024\/12\/P1160850-scaled.jpg","type":"image\/jpeg"}],"twitter_card":"summary_large_image","twitter_misc":{"Estimated reading time":"2 minutes"},"schema":{"@context":"https:\/\/schema.org","@graph":[{"@type":"WebPage","@id":"https:\/\/www.chateaudegoutelas.fr\/a-la-croisee-des-savoirs\/","url":"https:\/\/www.chateaudegoutelas.fr\/a-la-croisee-des-savoirs\/","name":"\u00c0 la crois\u00e9e des savoirs - Ch\u00e2teau de Goutelas","isPartOf":{"@id":"https:\/\/www.chateaudegoutelas.fr\/#website"},"primaryImageOfPage":{"@id":"https:\/\/www.chateaudegoutelas.fr\/a-la-croisee-des-savoirs\/#primaryimage"},"image":{"@id":"https:\/\/www.chateaudegoutelas.fr\/a-la-croisee-des-savoirs\/#primaryimage"},"thumbnailUrl":"https:\/\/www.chateaudegoutelas.fr\/wp-content\/uploads\/2024\/12\/P1160850-scaled.jpg","datePublished":"2024-12-06T15:28:05+00:00","dateModified":"2025-02-06T14:39:19+00:00","breadcrumb":{"@id":"https:\/\/www.chateaudegoutelas.fr\/a-la-croisee-des-savoirs\/#breadcrumb"},"inLanguage":"en-GB","potentialAction":[{"@type":"ReadAction","target":["https:\/\/www.chateaudegoutelas.fr\/a-la-croisee-des-savoirs\/"]}]},{"@type":"ImageObject","inLanguage":"en-GB","@id":"https:\/\/www.chateaudegoutelas.fr\/a-la-croisee-des-savoirs\/#primaryimage","url":"https:\/\/www.chateaudegoutelas.fr\/wp-content\/uploads\/2024\/12\/P1160850-scaled.jpg","contentUrl":"https:\/\/www.chateaudegoutelas.fr\/wp-content\/uploads\/2024\/12\/P1160850-scaled.jpg","width":1707,"height":2560},{"@type":"BreadcrumbList","@id":"https:\/\/www.chateaudegoutelas.fr\/a-la-croisee-des-savoirs\/#breadcrumb","itemListElement":[{"@type":"ListItem","position":1,"name":"Accueil","item":"https:\/\/www.chateaudegoutelas.fr\/"},{"@type":"ListItem","position":2,"name":"\u00c0 la crois\u00e9e des savoirs"}]},{"@type":"WebSite","@id":"https:\/\/www.chateaudegoutelas.fr\/#website","url":"https:\/\/www.chateaudegoutelas.fr\/","name":"Ch\u00e2teau de Goutelas","description":"Un centre culturel de rencontre en Forez","publisher":{"@id":"https:\/\/www.chateaudegoutelas.fr\/#organization"},"potentialAction":[{"@type":"SearchAction","target":{"@type":"EntryPoint","urlTemplate":"https:\/\/www.chateaudegoutelas.fr\/?s={search_term_string}"},"query-input":{"@type":"PropertyValueSpecification","valueRequired":true,"valueName":"search_term_string"}}],"inLanguage":"en-GB"},{"@type":"Organization","@id":"https:\/\/www.chateaudegoutelas.fr\/#organization","name":"Ch\u00e2teau de Goutelas","url":"https:\/\/www.chateaudegoutelas.fr\/","logo":{"@type":"ImageObject","inLanguage":"en-GB","@id":"https:\/\/www.chateaudegoutelas.fr\/#\/schema\/logo\/image\/","url":"https:\/\/www.chateaudegoutelas.fr\/wp-content\/uploads\/2023\/05\/logo-chateau-goutelas-bleu.png","contentUrl":"https:\/\/www.chateaudegoutelas.fr\/wp-content\/uploads\/2023\/05\/logo-chateau-goutelas-bleu.png","width":1123,"height":327,"caption":"Ch\u00e2teau de Goutelas"},"image":{"@id":"https:\/\/www.chateaudegoutelas.fr\/#\/schema\/logo\/image\/"}}]}},"_links":{"self":[{"href":"https:\/\/www.chateaudegoutelas.fr\/en\/wp-json\/wp\/v2\/pages\/10085","targetHints":{"allow":["GET"]}}],"collection":[{"href":"https:\/\/www.chateaudegoutelas.fr\/en\/wp-json\/wp\/v2\/pages"}],"about":[{"href":"https:\/\/www.chateaudegoutelas.fr\/en\/wp-json\/wp\/v2\/types\/page"}],"author":[{"embeddable":true,"href":"https:\/\/www.chateaudegoutelas.fr\/en\/wp-json\/wp\/v2\/users\/7"}],"replies":[{"embeddable":true,"href":"https:\/\/www.chateaudegoutelas.fr\/en\/wp-json\/wp\/v2\/comments?post=10085"}],"version-history":[{"count":3,"href":"https:\/\/www.chateaudegoutelas.fr\/en\/wp-json\/wp\/v2\/pages\/10085\/revisions"}],"predecessor-version":[{"id":10360,"href":"https:\/\/www.chateaudegoutelas.fr\/en\/wp-json\/wp\/v2\/pages\/10085\/revisions\/10360"}],"wp:featuredmedia":[{"embeddable":true,"href":"https:\/\/www.chateaudegoutelas.fr\/en\/wp-json\/wp\/v2\/media\/10086"}],"wp:attachment":[{"href":"https:\/\/www.chateaudegoutelas.fr\/en\/wp-json\/wp\/v2\/media?parent=10085"}],"wp:term":[{"taxonomy":"category","embeddable":true,"href":"https:\/\/www.chateaudegoutelas.fr\/en\/wp-json\/wp\/v2\/categories?post=10085"},{"taxonomy":"post_tag","embeddable":true,"href":"https:\/\/www.chateaudegoutelas.fr\/en\/wp-json\/wp\/v2\/tags?post=10085"}],"curies":[{"name":"wp","href":"https:\/\/api.w.org\/{rel}","templated":true}]}}