{"id":10077,"date":"2024-12-06T15:59:22","date_gmt":"2024-12-06T14:59:22","guid":{"rendered":"https:\/\/www.chateaudegoutelas.fr\/?page_id=10077"},"modified":"2025-04-30T11:58:20","modified_gmt":"2025-04-30T09:58:20","slug":"democratie-et-citoyennete","status":"publish","type":"page","link":"https:\/\/www.chateaudegoutelas.fr\/en\/democratie-et-citoyennete\/","title":{"rendered":"D\u00e9mocratie &#038; citoyennet\u00e9"},"content":{"rendered":"<h1>\n\t\t\t\tD\u00e9mocratie &#038; citoyennet\u00e9\n\t\t\t<\/h1>\n\t<p>\u00a9 Ch\u00e2teau de Goutelas<\/p>\n<h1>\n\t\tD\u00e9mocratie &#038; citoyennet\u00e9\n\t<\/h1>\n\t<p>Des temps forts de la saison culturelle croisent d\u00e9bats et cr\u00e9ation artistique pour explorer de grands enjeux contemporains. Ces \u00e9v\u00e9nements invitent \u00e0 la confrontation d&rsquo;id\u00e9es autour de sujets de notre temps (migrations, sant\u00e9, habitat, technologies&#8230;) \u00e0 travers le prisme des droits humains, et celui des droits culturels.<\/p>\n<h2>\n\t\tprochain \u00e9v\u00e9nement\n\t<\/h2>\n\t\t<a href=\"https:\/\/www.chateaudegoutelas.fr\/en\/agenda\/festival-bien-commun-2025\/\" title=\"Afficher le contenu de la bo\u00eete\" target=\"_self\"  aria-label=\"Post Element\"><\/a>\t\t\n\t\t\t\t\t\t\t\t\t\t\t\t\t\t<a href=\"https:\/\/www.chateaudegoutelas.fr\/en\/agenda\/festival-bien-commun-2025\/\" target=\"_self\" title=\"Bien commun\">\n\t\t\t\t<img decoding=\"async\" src=\"https:\/\/www.chateaudegoutelas.fr\/wp-content\/uploads\/2025\/03\/cinq-mains-coupees_collectif-x.jpg\" alt=\"\" \/>\n\t\t\t\t<\/a>\n\t\t\t\t\t\t<h4>\n\t\t\t\t<a href=\"https:\/\/www.chateaudegoutelas.fr\/en\/agenda\/festival-bien-commun-2025\/\" title=\"Bien commun\" tabindex=\"0\">Bien commun<\/a>\t\t\t<\/h4>\n<h2>\n\t\tles derniers \u00e9v\u00e9nements\n\t<\/h2>\n\t\t<a href=\"https:\/\/www.chateaudegoutelas.fr\/en\/agenda\/plurielles-2023\/\" title=\"Afficher le contenu de la bo\u00eete\" target=\"_self\"  aria-label=\"Post Element\"><\/a>\t\t\n\t\t\t\t\t\t\t\t\t\t\t\t\t\t<a href=\"https:\/\/www.chateaudegoutelas.fr\/en\/agenda\/plurielles-2023\/\" target=\"_self\" title=\"Plurielles ! 2023\">\n\t\t\t\t<img decoding=\"async\" src=\"https:\/\/www.chateaudegoutelas.fr\/wp-content\/uploads\/2023\/09\/visuel-plurielles-carre-720x720.jpg\" alt=\"\" \/>\n\t\t\t\t<\/a>\n\t\t\t\t\t\t<h4>\n\t\t\t\t<a href=\"https:\/\/www.chateaudegoutelas.fr\/en\/agenda\/plurielles-2023\/\" title=\"Plurielles ! 2023\" tabindex=\"0\">Plurielles ! 2023<\/a>\t\t\t<\/h4>\n\t\t<a href=\"https:\/\/www.chateaudegoutelas.fr\/en\/agenda\/festival-plus-plus-plus-2022\/\" title=\"Afficher le contenu de la bo\u00eete\" target=\"_self\"  aria-label=\"Post Element\"><\/a>\t\t\n\t\t\t\t\t\t\t\t\t\t\t\t\t\t<a href=\"https:\/\/www.chateaudegoutelas.fr\/en\/agenda\/festival-plus-plus-plus-2022\/\" target=\"_self\" title=\"PLUS PLUS PLUS 2022\">\n\t\t\t\t<img decoding=\"async\" src=\"https:\/\/www.chateaudegoutelas.fr\/wp-content\/uploads\/2025\/02\/visuel_plusplusplus-720x720.jpg\" alt=\"\" \/>\n\t\t\t\t<\/a>\n\t\t\t\t\t\t<h4>\n\t\t\t\t<a href=\"https:\/\/www.chateaudegoutelas.fr\/en\/agenda\/festival-plus-plus-plus-2022\/\" title=\"PLUS PLUS PLUS 2022\" tabindex=\"0\">PLUS PLUS PLUS 2022<\/a>\t\t\t<\/h4>\n\t\t<a href=\"https:\/\/www.chateaudegoutelas.fr\/en\/agenda\/hospitalite-defiee-par-les-migrations-2019\/\" title=\"Afficher le contenu de la bo\u00eete\" target=\"_self\"  aria-label=\"Post Element\"><\/a>\t\t\n\t\t\t\t\t\t\t\t\t\t\t\t\t\t<a href=\"https:\/\/www.chateaudegoutelas.fr\/en\/agenda\/hospitalite-defiee-par-les-migrations-2019\/\" target=\"_self\" title=\"L&rsquo;hospitalit\u00e9 d\u00e9fi\u00e9e par les migrations 2019\">\n\t\t\t\t<img decoding=\"async\" src=\"https:\/\/www.chateaudegoutelas.fr\/wp-content\/uploads\/2025\/02\/Credit-Singapour-Art-Museum3-720x720.jpg\" alt=\"\" \/>\n\t\t\t\t<\/a>\n\t\t\t\t\t\t<h4>\n\t\t\t\t<a href=\"https:\/\/www.chateaudegoutelas.fr\/en\/agenda\/hospitalite-defiee-par-les-migrations-2019\/\" title=\"L&rsquo;hospitalit\u00e9 d\u00e9fi\u00e9e par les migrations 2019\" tabindex=\"0\">L&rsquo;hospitalit\u00e9 d\u00e9fi\u00e9e par les migrations 2019<\/a>\t\t\t<\/h4>\n<h2>\n\t\tvid\u00e9os, articles et podcasts\n\t<\/h2>\n\t\t<a href=\"https:\/\/www.chateaudegoutelas.fr\/en\/media\/hospitalite-et-migration\/\" title=\"Afficher le contenu de la bo\u00eete\" target=\"_self\"  aria-label=\"Post Element\"><\/a>\t\t\n\t\t\t\t\t\t\t\t\t\t\t\t\t\t<a href=\"https:\/\/www.chateaudegoutelas.fr\/en\/media\/hospitalite-et-migration\/\" target=\"_self\" title=\"Hospitalit\u00e9 et migration\">\n\t\t\t\t<img decoding=\"async\" src=\"https:\/\/www.chateaudegoutelas.fr\/wp-content\/uploads\/2023\/05\/hospitalite-et-migration-e1694607303704.jpg\" alt=\"\" \/>\n\t\t\t\t<\/a>\n\t\t\t\t\t\t<h4>\n\t\t\t\t<a href=\"https:\/\/www.chateaudegoutelas.fr\/en\/media\/hospitalite-et-migration\/\" title=\"Hospitalit\u00e9 et migration\" tabindex=\"0\">Hospitalit\u00e9 et migration<\/a>\t\t\t<\/h4>\n\t\t<a href=\"https:\/\/www.chateaudegoutelas.fr\/en\/media\/hospitalite-et-migration\/lhospitalite-defiee-par-les-migrations\/\" title=\"Afficher le contenu de la bo\u00eete\" target=\"_self\"  aria-label=\"Post Element\"><\/a>\t\t\n\t\t\t\t\t\t\t\t\t\t\t\t\t\t<a href=\"https:\/\/www.chateaudegoutelas.fr\/en\/media\/hospitalite-et-migration\/lhospitalite-defiee-par-les-migrations\/\" target=\"_self\" title=\"L&rsquo;hospitalit\u00e9 d\u00e9fi\u00e9e par les migrations\">\n\t\t\t\t<img decoding=\"async\" src=\"https:\/\/www.chateaudegoutelas.fr\/wp-content\/uploads\/2023\/09\/lhospitalite-defiee-par-les-migrations-720x703.jpg\" alt=\"\" \/>\n\t\t\t\t<\/a>\n\t\t\t\t\t\t<h4>\n\t\t\t\t<a href=\"https:\/\/www.chateaudegoutelas.fr\/en\/media\/hospitalite-et-migration\/lhospitalite-defiee-par-les-migrations\/\" title=\"L&rsquo;hospitalit\u00e9 d\u00e9fi\u00e9e par les migrations\" tabindex=\"0\">L&rsquo;hospitalit\u00e9 d\u00e9fi\u00e9e par les migrations<\/a>\t\t\t<\/h4>\n\t\t<a href=\"https:\/\/www.chateaudegoutelas.fr\/en\/media\/droit-de-regards-democraties-et-etats-durgence\/\" title=\"Afficher le contenu de la bo\u00eete\" target=\"_self\"  aria-label=\"Post Element\"><\/a>\t\t\n\t\t\t\t\t\t\t\t\t\t\t\t\t\t<a href=\"https:\/\/www.chateaudegoutelas.fr\/en\/media\/droit-de-regards-democraties-et-etats-durgence\/\" target=\"_self\" title=\"DROIT DE REGARDS : d\u00e9mocraties et \u00e9tats d&rsquo;urgence\">\n\t\t\t\t<img decoding=\"async\" src=\"https:\/\/www.chateaudegoutelas.fr\/wp-content\/uploads\/2023\/09\/droit-regards-2-e1694611514943.png\" alt=\"\" \/>\n\t\t\t\t<\/a>\n\t\t\t\t\t\t<h4>\n\t\t\t\t<a href=\"https:\/\/www.chateaudegoutelas.fr\/en\/media\/droit-de-regards-democraties-et-etats-durgence\/\" title=\"DROIT DE REGARDS : d\u00e9mocraties et \u00e9tats d&rsquo;urgence\" tabindex=\"0\">DROIT DE REGARDS : d\u00e9mocraties et \u00e9tats d&rsquo;urgence<\/a>\t\t\t<\/h4>\n\t\t\t<a href=\"https:\/\/www.chateaudegoutelas.fr\/en\/medias\/\" title=\"Cliquez ici\" target=\"_self\"   role=\"button\" aria-label=\"voir plus de contenus\">\n\t\t\t\t\t\t\tvoir plus de contenus\n\t\t<\/a>\n<h2>\n\t\tvoir aussi\n\t<\/h2>\n\t\t\t\t<img loading=\"lazy\" decoding=\"async\" src=\"https:\/\/www.chateaudegoutelas.fr\/wp-content\/uploads\/2023\/06\/gimmick-goutelas-vert-rouge-720x720.png\" alt=\"gimmick-goutelas-vert-rouge\" itemprop=\"image\" height=\"720\" width=\"720\" title=\"gimmick-goutelas-vert-rouge\" onerror=\"this.style.display='none'\"  \/>\n\t\t<a href=\"https:\/\/www.chateaudegoutelas.fr\/en\/futurs-possibles\/\" title=\"Afficher le contenu de la bo\u00eete\" target=\"_self\"  aria-label=\"Post Element\"><\/a>\t\t\n\t\t\t\t\t\t\t\t\t\t\t\t\t\t<a href=\"https:\/\/www.chateaudegoutelas.fr\/en\/futurs-possibles\/\" target=\"_self\" title=\"Festival Futurs possibles\">\n\t\t\t\t<img decoding=\"async\" src=\"https:\/\/www.chateaudegoutelas.fr\/wp-content\/uploads\/2024\/12\/Futurs-Possibles-2024-105-720x720.jpg\" alt=\"\" \/>\n\t\t\t\t<\/a>\n\t\t\t\t\t\t<h4>\n\t\t\t\t<a href=\"https:\/\/www.chateaudegoutelas.fr\/en\/futurs-possibles\/\" title=\"Festival Futurs possibles\" tabindex=\"0\">Festival Futurs possibles<\/a>\t\t\t<\/h4>","protected":false},"excerpt":{"rendered":"<p>D\u00e9mocratie &#038; citoyennet\u00e9 \u00a9 Ch\u00e2teau de Goutelas D\u00e9mocratie &#038; citoyennet\u00e9 Des temps forts de la saison culturelle croisent d\u00e9bats et cr\u00e9ation artistique pour explorer de grands enjeux contemporains. Ces \u00e9v\u00e9nements invitent \u00e0 la confrontation d&rsquo;id\u00e9es autour de sujets de notre temps (migrations, sant\u00e9, habitat, technologies&#8230;) \u00e0 travers le prisme des droits humains, et celui des [&hellip;]<\/p>\n","protected":false},"author":7,"featured_media":10078,"parent":0,"menu_order":0,"comment_status":"closed","ping_status":"closed","template":"","meta":{"site-sidebar-layout":"no-sidebar","site-content-layout":"page-builder","ast-site-content-layout":"full-width-container","site-content-style":"unboxed","site-sidebar-style":"unboxed","ast-global-header-display":"","ast-banner-title-visibility":"","ast-main-header-display":"","ast-hfb-above-header-display":"","ast-hfb-below-header-display":"","ast-hfb-mobile-header-display":"","site-post-title":"disabled","ast-breadcrumbs-content":"","ast-featured-img":"disabled","footer-sml-layout":"","ast-disable-related-posts":"","theme-transparent-header-meta":"default","adv-header-id-meta":"","stick-header-meta":"default","header-above-stick-meta":"","header-main-stick-meta":"","header-below-stick-meta":"","astra-migrate-meta-layouts":"set","ast-page-background-enabled":"default","ast-page-background-meta":{"desktop":{"background-color":"","background-image":"","background-repeat":"repeat","background-position":"center center","background-size":"auto","background-attachment":"scroll","background-type":"","background-media":"","overlay-type":"","overlay-color":"","overlay-opacity":"","overlay-gradient":""},"tablet":{"background-color":"","background-image":"","background-repeat":"repeat","background-position":"center center","background-size":"auto","background-attachment":"scroll","background-type":"","background-media":"","overlay-type":"","overlay-color":"","overlay-opacity":"","overlay-gradient":""},"mobile":{"background-color":"","background-image":"","background-repeat":"repeat","background-position":"center center","background-size":"auto","background-attachment":"scroll","background-type":"","background-media":"","overlay-type":"","overlay-color":"","overlay-opacity":"","overlay-gradient":""}},"ast-content-background-meta":{"desktop":{"background-color":"var(--ast-global-color-5)","background-image":"","background-repeat":"repeat","background-position":"center center","background-size":"auto","background-attachment":"scroll","background-type":"","background-media":"","overlay-type":"","overlay-color":"","overlay-opacity":"","overlay-gradient":""},"tablet":{"background-color":"var(--ast-global-color-5)","background-image":"","background-repeat":"repeat","background-position":"center center","background-size":"auto","background-attachment":"scroll","background-type":"","background-media":"","overlay-type":"","overlay-color":"","overlay-opacity":"","overlay-gradient":""},"mobile":{"background-color":"var(--ast-global-color-5)","background-image":"","background-repeat":"repeat","background-position":"center center","background-size":"auto","background-attachment":"scroll","background-type":"","background-media":"","overlay-type":"","overlay-color":"","overlay-opacity":"","overlay-gradient":""}},"footnotes":""},"categories":[],"tags":[305],"class_list":["post-10077","page","type-page","status-publish","has-post-thumbnail","hentry","tag-temps-fort"],"yoast_head":"<!-- This site is optimized with the Yoast SEO plugin v27.5 - https:\/\/yoast.com\/product\/yoast-seo-wordpress\/ -->\n<title>D\u00e9mocratie &amp; citoyennet\u00e9 - Ch\u00e2teau de Goutelas<\/title>\n<meta name=\"robots\" content=\"index, follow, max-snippet:-1, max-image-preview:large, max-video-preview:-1\" \/>\n<link rel=\"canonical\" href=\"https:\/\/www.chateaudegoutelas.fr\/en\/democratie-et-citoyennete\/\" \/>\n<meta property=\"og:locale\" content=\"en_GB\" \/>\n<meta property=\"og:type\" content=\"article\" \/>\n<meta property=\"og:title\" content=\"D\u00e9mocratie &amp; citoyennet\u00e9 - Ch\u00e2teau de Goutelas\" \/>\n<meta property=\"og:description\" content=\"D\u00e9mocratie &#038; citoyennet\u00e9 \u00a9 Ch\u00e2teau de Goutelas D\u00e9mocratie &#038; citoyennet\u00e9 Des temps forts de la saison culturelle croisent d\u00e9bats et cr\u00e9ation artistique pour explorer de grands enjeux contemporains. Ces \u00e9v\u00e9nements invitent \u00e0 la confrontation d&rsquo;id\u00e9es autour de sujets de notre temps (migrations, sant\u00e9, habitat, technologies&#8230;) \u00e0 travers le prisme des droits humains, et celui des [&hellip;]\" \/>\n<meta property=\"og:url\" content=\"https:\/\/www.chateaudegoutelas.fr\/en\/democratie-et-citoyennete\/\" \/>\n<meta property=\"og:site_name\" content=\"Ch\u00e2teau de Goutelas\" \/>\n<meta property=\"article:modified_time\" content=\"2025-04-30T09:58:20+00:00\" \/>\n<meta property=\"og:image\" content=\"https:\/\/www.chateaudegoutelas.fr\/wp-content\/uploads\/2024\/12\/P1140464-scaled.jpg\" \/>\n\t<meta property=\"og:image:width\" content=\"2560\" \/>\n\t<meta property=\"og:image:height\" content=\"1707\" \/>\n\t<meta property=\"og:image:type\" content=\"image\/jpeg\" \/>\n<meta name=\"twitter:card\" content=\"summary_large_image\" \/>\n<meta name=\"twitter:label1\" content=\"Estimated reading time\" \/>\n\t<meta name=\"twitter:data1\" content=\"4 minutes\" \/>\n<script type=\"application\/ld+json\" class=\"yoast-schema-graph\">{\"@context\":\"https:\\\/\\\/schema.org\",\"@graph\":[{\"@type\":\"WebPage\",\"@id\":\"https:\\\/\\\/www.chateaudegoutelas.fr\\\/democratie-et-citoyennete\\\/\",\"url\":\"https:\\\/\\\/www.chateaudegoutelas.fr\\\/democratie-et-citoyennete\\\/\",\"name\":\"D\u00e9mocratie & citoyennet\u00e9 - Ch\u00e2teau de Goutelas\",\"isPartOf\":{\"@id\":\"https:\\\/\\\/www.chateaudegoutelas.fr\\\/#website\"},\"primaryImageOfPage\":{\"@id\":\"https:\\\/\\\/www.chateaudegoutelas.fr\\\/democratie-et-citoyennete\\\/#primaryimage\"},\"image\":{\"@id\":\"https:\\\/\\\/www.chateaudegoutelas.fr\\\/democratie-et-citoyennete\\\/#primaryimage\"},\"thumbnailUrl\":\"https:\\\/\\\/www.chateaudegoutelas.fr\\\/wp-content\\\/uploads\\\/2024\\\/12\\\/P1140464-scaled.jpg\",\"datePublished\":\"2024-12-06T14:59:22+00:00\",\"dateModified\":\"2025-04-30T09:58:20+00:00\",\"breadcrumb\":{\"@id\":\"https:\\\/\\\/www.chateaudegoutelas.fr\\\/democratie-et-citoyennete\\\/#breadcrumb\"},\"inLanguage\":\"en-GB\",\"potentialAction\":[{\"@type\":\"ReadAction\",\"target\":[\"https:\\\/\\\/www.chateaudegoutelas.fr\\\/democratie-et-citoyennete\\\/\"]}]},{\"@type\":\"ImageObject\",\"inLanguage\":\"en-GB\",\"@id\":\"https:\\\/\\\/www.chateaudegoutelas.fr\\\/democratie-et-citoyennete\\\/#primaryimage\",\"url\":\"https:\\\/\\\/www.chateaudegoutelas.fr\\\/wp-content\\\/uploads\\\/2024\\\/12\\\/P1140464-scaled.jpg\",\"contentUrl\":\"https:\\\/\\\/www.chateaudegoutelas.fr\\\/wp-content\\\/uploads\\\/2024\\\/12\\\/P1140464-scaled.jpg\",\"width\":2560,\"height\":1707},{\"@type\":\"BreadcrumbList\",\"@id\":\"https:\\\/\\\/www.chateaudegoutelas.fr\\\/democratie-et-citoyennete\\\/#breadcrumb\",\"itemListElement\":[{\"@type\":\"ListItem\",\"position\":1,\"name\":\"Accueil\",\"item\":\"https:\\\/\\\/www.chateaudegoutelas.fr\\\/\"},{\"@type\":\"ListItem\",\"position\":2,\"name\":\"D\u00e9mocratie &#038; citoyennet\u00e9\"}]},{\"@type\":\"WebSite\",\"@id\":\"https:\\\/\\\/www.chateaudegoutelas.fr\\\/#website\",\"url\":\"https:\\\/\\\/www.chateaudegoutelas.fr\\\/\",\"name\":\"Ch\u00e2teau de Goutelas\",\"description\":\"Un centre culturel de rencontre en Forez\",\"publisher\":{\"@id\":\"https:\\\/\\\/www.chateaudegoutelas.fr\\\/#organization\"},\"potentialAction\":[{\"@type\":\"SearchAction\",\"target\":{\"@type\":\"EntryPoint\",\"urlTemplate\":\"https:\\\/\\\/www.chateaudegoutelas.fr\\\/?s={search_term_string}\"},\"query-input\":{\"@type\":\"PropertyValueSpecification\",\"valueRequired\":true,\"valueName\":\"search_term_string\"}}],\"inLanguage\":\"en-GB\"},{\"@type\":\"Organization\",\"@id\":\"https:\\\/\\\/www.chateaudegoutelas.fr\\\/#organization\",\"name\":\"Ch\u00e2teau de Goutelas\",\"url\":\"https:\\\/\\\/www.chateaudegoutelas.fr\\\/\",\"logo\":{\"@type\":\"ImageObject\",\"inLanguage\":\"en-GB\",\"@id\":\"https:\\\/\\\/www.chateaudegoutelas.fr\\\/#\\\/schema\\\/logo\\\/image\\\/\",\"url\":\"https:\\\/\\\/www.chateaudegoutelas.fr\\\/wp-content\\\/uploads\\\/2023\\\/05\\\/logo-chateau-goutelas-bleu.png\",\"contentUrl\":\"https:\\\/\\\/www.chateaudegoutelas.fr\\\/wp-content\\\/uploads\\\/2023\\\/05\\\/logo-chateau-goutelas-bleu.png\",\"width\":1123,\"height\":327,\"caption\":\"Ch\u00e2teau de Goutelas\"},\"image\":{\"@id\":\"https:\\\/\\\/www.chateaudegoutelas.fr\\\/#\\\/schema\\\/logo\\\/image\\\/\"}}]}<\/script>\n<!-- \/ Yoast SEO plugin. -->","yoast_head_json":{"title":"D\u00e9mocratie & citoyennet\u00e9 - Ch\u00e2teau de Goutelas","robots":{"index":"index","follow":"follow","max-snippet":"max-snippet:-1","max-image-preview":"max-image-preview:large","max-video-preview":"max-video-preview:-1"},"canonical":"https:\/\/www.chateaudegoutelas.fr\/en\/democratie-et-citoyennete\/","og_locale":"en_GB","og_type":"article","og_title":"D\u00e9mocratie & citoyennet\u00e9 - Ch\u00e2teau de Goutelas","og_description":"D\u00e9mocratie &#038; citoyennet\u00e9 \u00a9 Ch\u00e2teau de Goutelas D\u00e9mocratie &#038; citoyennet\u00e9 Des temps forts de la saison culturelle croisent d\u00e9bats et cr\u00e9ation artistique pour explorer de grands enjeux contemporains. Ces \u00e9v\u00e9nements invitent \u00e0 la confrontation d&rsquo;id\u00e9es autour de sujets de notre temps (migrations, sant\u00e9, habitat, technologies&#8230;) \u00e0 travers le prisme des droits humains, et celui des [&hellip;]","og_url":"https:\/\/www.chateaudegoutelas.fr\/en\/democratie-et-citoyennete\/","og_site_name":"Ch\u00e2teau de Goutelas","article_modified_time":"2025-04-30T09:58:20+00:00","og_image":[{"width":2560,"height":1707,"url":"https:\/\/www.chateaudegoutelas.fr\/wp-content\/uploads\/2024\/12\/P1140464-scaled.jpg","type":"image\/jpeg"}],"twitter_card":"summary_large_image","twitter_misc":{"Estimated reading time":"4 minutes"},"schema":{"@context":"https:\/\/schema.org","@graph":[{"@type":"WebPage","@id":"https:\/\/www.chateaudegoutelas.fr\/democratie-et-citoyennete\/","url":"https:\/\/www.chateaudegoutelas.fr\/democratie-et-citoyennete\/","name":"D\u00e9mocratie & citoyennet\u00e9 - Ch\u00e2teau de Goutelas","isPartOf":{"@id":"https:\/\/www.chateaudegoutelas.fr\/#website"},"primaryImageOfPage":{"@id":"https:\/\/www.chateaudegoutelas.fr\/democratie-et-citoyennete\/#primaryimage"},"image":{"@id":"https:\/\/www.chateaudegoutelas.fr\/democratie-et-citoyennete\/#primaryimage"},"thumbnailUrl":"https:\/\/www.chateaudegoutelas.fr\/wp-content\/uploads\/2024\/12\/P1140464-scaled.jpg","datePublished":"2024-12-06T14:59:22+00:00","dateModified":"2025-04-30T09:58:20+00:00","breadcrumb":{"@id":"https:\/\/www.chateaudegoutelas.fr\/democratie-et-citoyennete\/#breadcrumb"},"inLanguage":"en-GB","potentialAction":[{"@type":"ReadAction","target":["https:\/\/www.chateaudegoutelas.fr\/democratie-et-citoyennete\/"]}]},{"@type":"ImageObject","inLanguage":"en-GB","@id":"https:\/\/www.chateaudegoutelas.fr\/democratie-et-citoyennete\/#primaryimage","url":"https:\/\/www.chateaudegoutelas.fr\/wp-content\/uploads\/2024\/12\/P1140464-scaled.jpg","contentUrl":"https:\/\/www.chateaudegoutelas.fr\/wp-content\/uploads\/2024\/12\/P1140464-scaled.jpg","width":2560,"height":1707},{"@type":"BreadcrumbList","@id":"https:\/\/www.chateaudegoutelas.fr\/democratie-et-citoyennete\/#breadcrumb","itemListElement":[{"@type":"ListItem","position":1,"name":"Accueil","item":"https:\/\/www.chateaudegoutelas.fr\/"},{"@type":"ListItem","position":2,"name":"D\u00e9mocratie &#038; citoyennet\u00e9"}]},{"@type":"WebSite","@id":"https:\/\/www.chateaudegoutelas.fr\/#website","url":"https:\/\/www.chateaudegoutelas.fr\/","name":"Ch\u00e2teau de Goutelas","description":"Un centre culturel de rencontre en Forez","publisher":{"@id":"https:\/\/www.chateaudegoutelas.fr\/#organization"},"potentialAction":[{"@type":"SearchAction","target":{"@type":"EntryPoint","urlTemplate":"https:\/\/www.chateaudegoutelas.fr\/?s={search_term_string}"},"query-input":{"@type":"PropertyValueSpecification","valueRequired":true,"valueName":"search_term_string"}}],"inLanguage":"en-GB"},{"@type":"Organization","@id":"https:\/\/www.chateaudegoutelas.fr\/#organization","name":"Ch\u00e2teau de Goutelas","url":"https:\/\/www.chateaudegoutelas.fr\/","logo":{"@type":"ImageObject","inLanguage":"en-GB","@id":"https:\/\/www.chateaudegoutelas.fr\/#\/schema\/logo\/image\/","url":"https:\/\/www.chateaudegoutelas.fr\/wp-content\/uploads\/2023\/05\/logo-chateau-goutelas-bleu.png","contentUrl":"https:\/\/www.chateaudegoutelas.fr\/wp-content\/uploads\/2023\/05\/logo-chateau-goutelas-bleu.png","width":1123,"height":327,"caption":"Ch\u00e2teau de Goutelas"},"image":{"@id":"https:\/\/www.chateaudegoutelas.fr\/#\/schema\/logo\/image\/"}}]}},"_links":{"self":[{"href":"https:\/\/www.chateaudegoutelas.fr\/en\/wp-json\/wp\/v2\/pages\/10077","targetHints":{"allow":["GET"]}}],"collection":[{"href":"https:\/\/www.chateaudegoutelas.fr\/en\/wp-json\/wp\/v2\/pages"}],"about":[{"href":"https:\/\/www.chateaudegoutelas.fr\/en\/wp-json\/wp\/v2\/types\/page"}],"author":[{"embeddable":true,"href":"https:\/\/www.chateaudegoutelas.fr\/en\/wp-json\/wp\/v2\/users\/7"}],"replies":[{"embeddable":true,"href":"https:\/\/www.chateaudegoutelas.fr\/en\/wp-json\/wp\/v2\/comments?post=10077"}],"version-history":[{"count":5,"href":"https:\/\/www.chateaudegoutelas.fr\/en\/wp-json\/wp\/v2\/pages\/10077\/revisions"}],"predecessor-version":[{"id":10645,"href":"https:\/\/www.chateaudegoutelas.fr\/en\/wp-json\/wp\/v2\/pages\/10077\/revisions\/10645"}],"wp:featuredmedia":[{"embeddable":true,"href":"https:\/\/www.chateaudegoutelas.fr\/en\/wp-json\/wp\/v2\/media\/10078"}],"wp:attachment":[{"href":"https:\/\/www.chateaudegoutelas.fr\/en\/wp-json\/wp\/v2\/media?parent=10077"}],"wp:term":[{"taxonomy":"category","embeddable":true,"href":"https:\/\/www.chateaudegoutelas.fr\/en\/wp-json\/wp\/v2\/categories?post=10077"},{"taxonomy":"post_tag","embeddable":true,"href":"https:\/\/www.chateaudegoutelas.fr\/en\/wp-json\/wp\/v2\/tags?post=10077"}],"curies":[{"name":"wp","href":"https:\/\/api.w.org\/{rel}","templated":true}]}}