{"id":10063,"date":"2024-12-06T15:39:24","date_gmt":"2024-12-06T14:39:24","guid":{"rendered":"https:\/\/www.chateaudegoutelas.fr\/?page_id=10063"},"modified":"2025-10-16T10:47:13","modified_gmt":"2025-10-16T08:47:13","slug":"futurs-possibles","status":"publish","type":"page","link":"https:\/\/www.chateaudegoutelas.fr\/en\/futurs-possibles\/","title":{"rendered":"Festival Futurs possibles"},"content":{"rendered":"<h1>\n\t\t\t\tFestival Futurs possibles\n\t\t\t<\/h1>\n\t<p>\u00a9 Valentin Touly<\/p>\n<h1>\n\t\t\tFestival Futurs possibles\t<\/h1>\n\t<p>Chaque ann\u00e9e depuis 2022, le festival <b data-stringify-type=\"bold\">Futurs possibles<\/b> croise les regards de scientifiques, artistes, professionnel\u00b7les et citoyen\u00b7nes engag\u00e9\u00b7es sur les grands enjeux \u00e9cologiques de notre \u00e9poque.<\/p>\n<p>Chaque \u00e9dition permet d&rsquo;explorer cette vaste question \u00e0 travers un enjeu particulier : les rivi\u00e8res, l&rsquo;agriculture, l&rsquo;alimentation, les rapports humains-animaux,&#8230;<\/p>\n<p>D\u00e9bats, rencontres, spectacles, ateliers : le temps d&rsquo;un long week-end, le festival est l&rsquo;occasion de <strong>croiser les disciplines et les formats<\/strong>, d&rsquo;inventer <strong>de nouveaux sc\u00e9narios pour le monde de demain<\/strong>.<\/p>\n\t\t\t\t<p><strong>Quelques invit\u00e9\u00b7e\u00b7s du festival :<\/strong> Vinciane Despret, Philippe Descola, B\u00e9n\u00e9dicte Bonzi, Nicolas Truong, Camille de Toledo, Sofia Teillet, \u00c9ric Lenoir, Antoine Chopot, L\u00e9na Balaud, Hiba Najem, Michel Lussault, St\u00e9phanie Sagot, Pauline Scherer, Arnaud Th\u00e9val&#8230;<\/p>\n<h2>\n\t\t\tprochaine \u00e9dition\t<\/h2>\n\t\t<a href=\"https:\/\/www.chateaudegoutelas.fr\/en\/agenda\/futurs-possibles-2026\/\" title=\"Afficher le contenu de la bo\u00eete\" target=\"_self\"  aria-label=\"Post Element\"><\/a>\t\t\n\t\t\t\t\t\t\t\t\t\t\t\t\t\t<a href=\"https:\/\/www.chateaudegoutelas.fr\/en\/agenda\/futurs-possibles-2026\/\" target=\"_self\" title=\"Futurs possibles 2026\">\n\t\t\t\t<img decoding=\"async\" src=\"https:\/\/www.chateaudegoutelas.fr\/wp-content\/uploads\/2025\/04\/futurs-possibles-2-credit-Chateau-de-Goutelas-min-720x720.jpg\" alt=\"\" \/>\n\t\t\t\t<\/a>\n\t\t\t\t\t\t<h4>\n\t\t\t\t<a href=\"https:\/\/www.chateaudegoutelas.fr\/en\/agenda\/futurs-possibles-2026\/\" title=\"Futurs possibles 2026\">Futurs possibles 2026<\/a>\t\t\t<\/h4>\n<h2>\n\t\t\tles \u00e9ditions pr\u00e9c\u00e9dentes\t<\/h2>\n\t\t<a href=\"https:\/\/www.chateaudegoutelas.fr\/en\/agenda\/futurs-possibles-2025\/\" title=\"Afficher le contenu de la bo\u00eete\" target=\"_self\"  aria-label=\"Post Element\"><\/a>\t\t\n\t\t\t\t\t\t\t\t\t\t\t\t\t\t<a href=\"https:\/\/www.chateaudegoutelas.fr\/en\/agenda\/futurs-possibles-2025\/\" target=\"_self\" title=\"Futurs possibles 2025\">\n\t\t\t\t<img decoding=\"async\" src=\"https:\/\/www.chateaudegoutelas.fr\/wp-content\/uploads\/2024\/08\/VISUEL-FP20252-720x720.jpg\" alt=\"\" \/>\n\t\t\t\t<\/a>\n\t\t\t\t\t\t<h4>\n\t\t\t\t<a href=\"https:\/\/www.chateaudegoutelas.fr\/en\/agenda\/futurs-possibles-2025\/\" title=\"Futurs possibles 2025\">Futurs possibles 2025<\/a>\t\t\t<\/h4>\n\t\t<a href=\"https:\/\/www.chateaudegoutelas.fr\/en\/agenda\/festival-futurs-possibles-2024\/\" title=\"Afficher le contenu de la bo\u00eete\" target=\"_self\"  aria-label=\"Post Element\"><\/a>\t\t\n\t\t\t\t\t\t\t\t\t\t\t\t\t\t<a href=\"https:\/\/www.chateaudegoutelas.fr\/en\/agenda\/festival-futurs-possibles-2024\/\" target=\"_self\" title=\"Futurs possibles 2024\">\n\t\t\t\t<img decoding=\"async\" src=\"https:\/\/www.chateaudegoutelas.fr\/wp-content\/uploads\/2023\/09\/miniature-720x720.jpg\" alt=\"\" \/>\n\t\t\t\t<\/a>\n\t\t\t\t\t\t<h4>\n\t\t\t\t<a href=\"https:\/\/www.chateaudegoutelas.fr\/en\/agenda\/festival-futurs-possibles-2024\/\" title=\"Futurs possibles 2024\">Futurs possibles 2024<\/a>\t\t\t<\/h4>\n\t\t<a href=\"https:\/\/www.chateaudegoutelas.fr\/en\/agenda\/futurs-possibles\/\" title=\"Afficher le contenu de la bo\u00eete\" target=\"_self\"  aria-label=\"Post Element\"><\/a>\t\t\n\t\t\t\t\t\t\t\t\t\t\t\t\t\t<a href=\"https:\/\/www.chateaudegoutelas.fr\/en\/agenda\/futurs-possibles\/\" target=\"_self\" title=\"Futurs possibles 2023\">\n\t\t\t\t<img decoding=\"async\" src=\"https:\/\/www.chateaudegoutelas.fr\/wp-content\/uploads\/2023\/03\/Futurs-possibles-min-2048x1490-1-600x600.jpg\" alt=\"\" \/>\n\t\t\t\t<\/a>\n\t\t\t\t\t\t<h4>\n\t\t\t\t<a href=\"https:\/\/www.chateaudegoutelas.fr\/en\/agenda\/futurs-possibles\/\" title=\"Futurs possibles 2023\">Futurs possibles 2023<\/a>\t\t\t<\/h4>\n\t\t<a href=\"https:\/\/www.chateaudegoutelas.fr\/en\/agenda\/futurs-possibles-2022\/\" title=\"Afficher le contenu de la bo\u00eete\" target=\"_self\"  aria-label=\"Post Element\"><\/a>\t\t\n\t\t\t\t\t\t\t\t\t\t\t\t\t\t<a href=\"https:\/\/www.chateaudegoutelas.fr\/en\/agenda\/futurs-possibles-2022\/\" target=\"_self\" title=\"Futurs possibles 2022\">\n\t\t\t\t<img decoding=\"async\" src=\"https:\/\/www.chateaudegoutelas.fr\/wp-content\/uploads\/2025\/01\/Futurs-possibles-credit-Veronique-Popinet-720x720.jpg\" alt=\"\" \/>\n\t\t\t\t<\/a>\n\t\t\t\t\t\t<h4>\n\t\t\t\t<a href=\"https:\/\/www.chateaudegoutelas.fr\/en\/agenda\/futurs-possibles-2022\/\" title=\"Futurs possibles 2022\">Futurs possibles 2022<\/a>\t\t\t<\/h4>\n<h2>\n\t\t\ten images\t<\/h2>\n<h2>\n\t\t\tvoir aussi\t<\/h2>\n\t\t\t\t<img decoding=\"async\" src=\"https:\/\/www.chateaudegoutelas.fr\/wp-content\/uploads\/2023\/06\/gimmick-goutelas-vert-rouge-720x720.png\" alt=\"gimmick-goutelas-vert-rouge\" itemprop=\"image\" height=\"720\" width=\"720\" title=\"gimmick-goutelas-vert-rouge\" onerror=\"this.style.display='none'\" loading=\"lazy\" \/>\n\t\t<a href=\"https:\/\/www.chateaudegoutelas.fr\/en\/la-saison-culturelle\/\" title=\"Afficher le contenu de la bo\u00eete\" target=\"_self\"  aria-label=\"Post Element\"><\/a>\t\t\n\t\t\t\t\t\t\t\t\t\t\t\t\t\t<a href=\"https:\/\/www.chateaudegoutelas.fr\/en\/la-saison-culturelle\/\" target=\"_self\" title=\"Saison culturelle\">\n\t\t\t\t<img decoding=\"async\" src=\"https:\/\/www.chateaudegoutelas.fr\/wp-content\/uploads\/2025\/09\/Visuel_seul-min-720x720.jpg\" alt=\"\" \/>\n\t\t\t\t<\/a>\n\t\t\t\t\t\t<h4>\n\t\t\t\t<a href=\"https:\/\/www.chateaudegoutelas.fr\/en\/la-saison-culturelle\/\" title=\"Saison culturelle\">Saison culturelle<\/a>\t\t\t<\/h4>","protected":false},"excerpt":{"rendered":"<p>Festival Futurs possibles \u00a9 Valentin Touly Festival Futurs possibles Chaque ann\u00e9e depuis 2022, le festival Futurs possibles croise les regards de scientifiques, artistes, professionnel\u00b7les et citoyen\u00b7nes engag\u00e9\u00b7es sur les grands enjeux \u00e9cologiques de notre \u00e9poque. Chaque \u00e9dition permet d&rsquo;explorer cette vaste question \u00e0 travers un enjeu particulier : les rivi\u00e8res, l&rsquo;agriculture, l&rsquo;alimentation, les rapports humains-animaux,&#8230; [&hellip;]<\/p>\n","protected":false},"author":7,"featured_media":10064,"parent":0,"menu_order":0,"comment_status":"closed","ping_status":"closed","template":"","meta":{"site-sidebar-layout":"no-sidebar","site-content-layout":"page-builder","ast-site-content-layout":"full-width-container","site-content-style":"unboxed","site-sidebar-style":"unboxed","ast-global-header-display":"","ast-banner-title-visibility":"","ast-main-header-display":"","ast-hfb-above-header-display":"","ast-hfb-below-header-display":"","ast-hfb-mobile-header-display":"","site-post-title":"disabled","ast-breadcrumbs-content":"","ast-featured-img":"disabled","footer-sml-layout":"","ast-disable-related-posts":"","theme-transparent-header-meta":"default","adv-header-id-meta":"","stick-header-meta":"default","header-above-stick-meta":"","header-main-stick-meta":"","header-below-stick-meta":"","astra-migrate-meta-layouts":"set","ast-page-background-enabled":"default","ast-page-background-meta":{"desktop":{"background-color":"","background-image":"","background-repeat":"repeat","background-position":"center center","background-size":"auto","background-attachment":"scroll","background-type":"","background-media":"","overlay-type":"","overlay-color":"","overlay-opacity":"","overlay-gradient":""},"tablet":{"background-color":"","background-image":"","background-repeat":"repeat","background-position":"center center","background-size":"auto","background-attachment":"scroll","background-type":"","background-media":"","overlay-type":"","overlay-color":"","overlay-opacity":"","overlay-gradient":""},"mobile":{"background-color":"","background-image":"","background-repeat":"repeat","background-position":"center center","background-size":"auto","background-attachment":"scroll","background-type":"","background-media":"","overlay-type":"","overlay-color":"","overlay-opacity":"","overlay-gradient":""}},"ast-content-background-meta":{"desktop":{"background-color":"var(--ast-global-color-5)","background-image":"","background-repeat":"repeat","background-position":"center center","background-size":"auto","background-attachment":"scroll","background-type":"","background-media":"","overlay-type":"","overlay-color":"","overlay-opacity":"","overlay-gradient":""},"tablet":{"background-color":"var(--ast-global-color-5)","background-image":"","background-repeat":"repeat","background-position":"center center","background-size":"auto","background-attachment":"scroll","background-type":"","background-media":"","overlay-type":"","overlay-color":"","overlay-opacity":"","overlay-gradient":""},"mobile":{"background-color":"var(--ast-global-color-5)","background-image":"","background-repeat":"repeat","background-position":"center center","background-size":"auto","background-attachment":"scroll","background-type":"","background-media":"","overlay-type":"","overlay-color":"","overlay-opacity":"","overlay-gradient":""}},"footnotes":""},"categories":[],"tags":[305],"class_list":["post-10063","page","type-page","status-publish","has-post-thumbnail","hentry","tag-temps-fort"],"yoast_head":"<!-- This site is optimized with the Yoast SEO plugin v27.5 - https:\/\/yoast.com\/product\/yoast-seo-wordpress\/ -->\n<title>Festival Futurs possibles - Ch\u00e2teau de Goutelas<\/title>\n<meta name=\"robots\" content=\"index, follow, max-snippet:-1, max-image-preview:large, max-video-preview:-1\" \/>\n<link rel=\"canonical\" href=\"https:\/\/www.chateaudegoutelas.fr\/en\/futurs-possibles\/\" \/>\n<meta property=\"og:locale\" content=\"en_GB\" \/>\n<meta property=\"og:type\" content=\"article\" \/>\n<meta property=\"og:title\" content=\"Festival Futurs possibles - Ch\u00e2teau de Goutelas\" \/>\n<meta property=\"og:description\" content=\"Festival Futurs possibles \u00a9 Valentin Touly Festival Futurs possibles Chaque ann\u00e9e depuis 2022, le festival Futurs possibles croise les regards de scientifiques, artistes, professionnel\u00b7les et citoyen\u00b7nes engag\u00e9\u00b7es sur les grands enjeux \u00e9cologiques de notre \u00e9poque. Chaque \u00e9dition permet d&rsquo;explorer cette vaste question \u00e0 travers un enjeu particulier : les rivi\u00e8res, l&rsquo;agriculture, l&rsquo;alimentation, les rapports humains-animaux,&#8230; [&hellip;]\" \/>\n<meta property=\"og:url\" content=\"https:\/\/www.chateaudegoutelas.fr\/en\/futurs-possibles\/\" \/>\n<meta property=\"og:site_name\" content=\"Ch\u00e2teau de Goutelas\" \/>\n<meta property=\"article:modified_time\" content=\"2025-10-16T08:47:13+00:00\" \/>\n<meta property=\"og:image\" content=\"https:\/\/www.chateaudegoutelas.fr\/wp-content\/uploads\/2024\/12\/Futurs-Possibles-2024-105-scaled.jpg\" \/>\n\t<meta property=\"og:image:width\" content=\"2560\" \/>\n\t<meta property=\"og:image:height\" content=\"1707\" \/>\n\t<meta property=\"og:image:type\" content=\"image\/jpeg\" \/>\n<meta name=\"twitter:card\" content=\"summary_large_image\" \/>\n<meta name=\"twitter:label1\" content=\"Estimated reading time\" \/>\n\t<meta name=\"twitter:data1\" content=\"5 minutes\" \/>\n<script type=\"application\/ld+json\" class=\"yoast-schema-graph\">{\"@context\":\"https:\\\/\\\/schema.org\",\"@graph\":[{\"@type\":\"WebPage\",\"@id\":\"https:\\\/\\\/www.chateaudegoutelas.fr\\\/futurs-possibles\\\/\",\"url\":\"https:\\\/\\\/www.chateaudegoutelas.fr\\\/futurs-possibles\\\/\",\"name\":\"Festival Futurs possibles - Ch\u00e2teau de Goutelas\",\"isPartOf\":{\"@id\":\"https:\\\/\\\/www.chateaudegoutelas.fr\\\/#website\"},\"primaryImageOfPage\":{\"@id\":\"https:\\\/\\\/www.chateaudegoutelas.fr\\\/futurs-possibles\\\/#primaryimage\"},\"image\":{\"@id\":\"https:\\\/\\\/www.chateaudegoutelas.fr\\\/futurs-possibles\\\/#primaryimage\"},\"thumbnailUrl\":\"https:\\\/\\\/www.chateaudegoutelas.fr\\\/wp-content\\\/uploads\\\/2024\\\/12\\\/Futurs-Possibles-2024-105-scaled.jpg\",\"datePublished\":\"2024-12-06T14:39:24+00:00\",\"dateModified\":\"2025-10-16T08:47:13+00:00\",\"breadcrumb\":{\"@id\":\"https:\\\/\\\/www.chateaudegoutelas.fr\\\/futurs-possibles\\\/#breadcrumb\"},\"inLanguage\":\"en-GB\",\"potentialAction\":[{\"@type\":\"ReadAction\",\"target\":[\"https:\\\/\\\/www.chateaudegoutelas.fr\\\/futurs-possibles\\\/\"]}]},{\"@type\":\"ImageObject\",\"inLanguage\":\"en-GB\",\"@id\":\"https:\\\/\\\/www.chateaudegoutelas.fr\\\/futurs-possibles\\\/#primaryimage\",\"url\":\"https:\\\/\\\/www.chateaudegoutelas.fr\\\/wp-content\\\/uploads\\\/2024\\\/12\\\/Futurs-Possibles-2024-105-scaled.jpg\",\"contentUrl\":\"https:\\\/\\\/www.chateaudegoutelas.fr\\\/wp-content\\\/uploads\\\/2024\\\/12\\\/Futurs-Possibles-2024-105-scaled.jpg\",\"width\":2560,\"height\":1707},{\"@type\":\"BreadcrumbList\",\"@id\":\"https:\\\/\\\/www.chateaudegoutelas.fr\\\/futurs-possibles\\\/#breadcrumb\",\"itemListElement\":[{\"@type\":\"ListItem\",\"position\":1,\"name\":\"Accueil\",\"item\":\"https:\\\/\\\/www.chateaudegoutelas.fr\\\/\"},{\"@type\":\"ListItem\",\"position\":2,\"name\":\"Festival Futurs possibles\"}]},{\"@type\":\"WebSite\",\"@id\":\"https:\\\/\\\/www.chateaudegoutelas.fr\\\/#website\",\"url\":\"https:\\\/\\\/www.chateaudegoutelas.fr\\\/\",\"name\":\"Ch\u00e2teau de Goutelas\",\"description\":\"Un centre culturel de rencontre en Forez\",\"publisher\":{\"@id\":\"https:\\\/\\\/www.chateaudegoutelas.fr\\\/#organization\"},\"potentialAction\":[{\"@type\":\"SearchAction\",\"target\":{\"@type\":\"EntryPoint\",\"urlTemplate\":\"https:\\\/\\\/www.chateaudegoutelas.fr\\\/?s={search_term_string}\"},\"query-input\":{\"@type\":\"PropertyValueSpecification\",\"valueRequired\":true,\"valueName\":\"search_term_string\"}}],\"inLanguage\":\"en-GB\"},{\"@type\":\"Organization\",\"@id\":\"https:\\\/\\\/www.chateaudegoutelas.fr\\\/#organization\",\"name\":\"Ch\u00e2teau de Goutelas\",\"url\":\"https:\\\/\\\/www.chateaudegoutelas.fr\\\/\",\"logo\":{\"@type\":\"ImageObject\",\"inLanguage\":\"en-GB\",\"@id\":\"https:\\\/\\\/www.chateaudegoutelas.fr\\\/#\\\/schema\\\/logo\\\/image\\\/\",\"url\":\"https:\\\/\\\/www.chateaudegoutelas.fr\\\/wp-content\\\/uploads\\\/2023\\\/05\\\/logo-chateau-goutelas-bleu.png\",\"contentUrl\":\"https:\\\/\\\/www.chateaudegoutelas.fr\\\/wp-content\\\/uploads\\\/2023\\\/05\\\/logo-chateau-goutelas-bleu.png\",\"width\":1123,\"height\":327,\"caption\":\"Ch\u00e2teau de Goutelas\"},\"image\":{\"@id\":\"https:\\\/\\\/www.chateaudegoutelas.fr\\\/#\\\/schema\\\/logo\\\/image\\\/\"}}]}<\/script>\n<!-- \/ Yoast SEO plugin. -->","yoast_head_json":{"title":"Festival Futurs possibles - Ch\u00e2teau de Goutelas","robots":{"index":"index","follow":"follow","max-snippet":"max-snippet:-1","max-image-preview":"max-image-preview:large","max-video-preview":"max-video-preview:-1"},"canonical":"https:\/\/www.chateaudegoutelas.fr\/en\/futurs-possibles\/","og_locale":"en_GB","og_type":"article","og_title":"Festival Futurs possibles - Ch\u00e2teau de Goutelas","og_description":"Festival Futurs possibles \u00a9 Valentin Touly Festival Futurs possibles Chaque ann\u00e9e depuis 2022, le festival Futurs possibles croise les regards de scientifiques, artistes, professionnel\u00b7les et citoyen\u00b7nes engag\u00e9\u00b7es sur les grands enjeux \u00e9cologiques de notre \u00e9poque. Chaque \u00e9dition permet d&rsquo;explorer cette vaste question \u00e0 travers un enjeu particulier : les rivi\u00e8res, l&rsquo;agriculture, l&rsquo;alimentation, les rapports humains-animaux,&#8230; [&hellip;]","og_url":"https:\/\/www.chateaudegoutelas.fr\/en\/futurs-possibles\/","og_site_name":"Ch\u00e2teau de Goutelas","article_modified_time":"2025-10-16T08:47:13+00:00","og_image":[{"width":2560,"height":1707,"url":"https:\/\/www.chateaudegoutelas.fr\/wp-content\/uploads\/2024\/12\/Futurs-Possibles-2024-105-scaled.jpg","type":"image\/jpeg"}],"twitter_card":"summary_large_image","twitter_misc":{"Estimated reading time":"5 minutes"},"schema":{"@context":"https:\/\/schema.org","@graph":[{"@type":"WebPage","@id":"https:\/\/www.chateaudegoutelas.fr\/futurs-possibles\/","url":"https:\/\/www.chateaudegoutelas.fr\/futurs-possibles\/","name":"Festival Futurs possibles - Ch\u00e2teau de Goutelas","isPartOf":{"@id":"https:\/\/www.chateaudegoutelas.fr\/#website"},"primaryImageOfPage":{"@id":"https:\/\/www.chateaudegoutelas.fr\/futurs-possibles\/#primaryimage"},"image":{"@id":"https:\/\/www.chateaudegoutelas.fr\/futurs-possibles\/#primaryimage"},"thumbnailUrl":"https:\/\/www.chateaudegoutelas.fr\/wp-content\/uploads\/2024\/12\/Futurs-Possibles-2024-105-scaled.jpg","datePublished":"2024-12-06T14:39:24+00:00","dateModified":"2025-10-16T08:47:13+00:00","breadcrumb":{"@id":"https:\/\/www.chateaudegoutelas.fr\/futurs-possibles\/#breadcrumb"},"inLanguage":"en-GB","potentialAction":[{"@type":"ReadAction","target":["https:\/\/www.chateaudegoutelas.fr\/futurs-possibles\/"]}]},{"@type":"ImageObject","inLanguage":"en-GB","@id":"https:\/\/www.chateaudegoutelas.fr\/futurs-possibles\/#primaryimage","url":"https:\/\/www.chateaudegoutelas.fr\/wp-content\/uploads\/2024\/12\/Futurs-Possibles-2024-105-scaled.jpg","contentUrl":"https:\/\/www.chateaudegoutelas.fr\/wp-content\/uploads\/2024\/12\/Futurs-Possibles-2024-105-scaled.jpg","width":2560,"height":1707},{"@type":"BreadcrumbList","@id":"https:\/\/www.chateaudegoutelas.fr\/futurs-possibles\/#breadcrumb","itemListElement":[{"@type":"ListItem","position":1,"name":"Accueil","item":"https:\/\/www.chateaudegoutelas.fr\/"},{"@type":"ListItem","position":2,"name":"Festival Futurs possibles"}]},{"@type":"WebSite","@id":"https:\/\/www.chateaudegoutelas.fr\/#website","url":"https:\/\/www.chateaudegoutelas.fr\/","name":"Ch\u00e2teau de Goutelas","description":"Un centre culturel de rencontre en Forez","publisher":{"@id":"https:\/\/www.chateaudegoutelas.fr\/#organization"},"potentialAction":[{"@type":"SearchAction","target":{"@type":"EntryPoint","urlTemplate":"https:\/\/www.chateaudegoutelas.fr\/?s={search_term_string}"},"query-input":{"@type":"PropertyValueSpecification","valueRequired":true,"valueName":"search_term_string"}}],"inLanguage":"en-GB"},{"@type":"Organization","@id":"https:\/\/www.chateaudegoutelas.fr\/#organization","name":"Ch\u00e2teau de Goutelas","url":"https:\/\/www.chateaudegoutelas.fr\/","logo":{"@type":"ImageObject","inLanguage":"en-GB","@id":"https:\/\/www.chateaudegoutelas.fr\/#\/schema\/logo\/image\/","url":"https:\/\/www.chateaudegoutelas.fr\/wp-content\/uploads\/2023\/05\/logo-chateau-goutelas-bleu.png","contentUrl":"https:\/\/www.chateaudegoutelas.fr\/wp-content\/uploads\/2023\/05\/logo-chateau-goutelas-bleu.png","width":1123,"height":327,"caption":"Ch\u00e2teau de Goutelas"},"image":{"@id":"https:\/\/www.chateaudegoutelas.fr\/#\/schema\/logo\/image\/"}}]}},"_links":{"self":[{"href":"https:\/\/www.chateaudegoutelas.fr\/en\/wp-json\/wp\/v2\/pages\/10063","targetHints":{"allow":["GET"]}}],"collection":[{"href":"https:\/\/www.chateaudegoutelas.fr\/en\/wp-json\/wp\/v2\/pages"}],"about":[{"href":"https:\/\/www.chateaudegoutelas.fr\/en\/wp-json\/wp\/v2\/types\/page"}],"author":[{"embeddable":true,"href":"https:\/\/www.chateaudegoutelas.fr\/en\/wp-json\/wp\/v2\/users\/7"}],"replies":[{"embeddable":true,"href":"https:\/\/www.chateaudegoutelas.fr\/en\/wp-json\/wp\/v2\/comments?post=10063"}],"version-history":[{"count":6,"href":"https:\/\/www.chateaudegoutelas.fr\/en\/wp-json\/wp\/v2\/pages\/10063\/revisions"}],"predecessor-version":[{"id":11288,"href":"https:\/\/www.chateaudegoutelas.fr\/en\/wp-json\/wp\/v2\/pages\/10063\/revisions\/11288"}],"wp:featuredmedia":[{"embeddable":true,"href":"https:\/\/www.chateaudegoutelas.fr\/en\/wp-json\/wp\/v2\/media\/10064"}],"wp:attachment":[{"href":"https:\/\/www.chateaudegoutelas.fr\/en\/wp-json\/wp\/v2\/media?parent=10063"}],"wp:term":[{"taxonomy":"category","embeddable":true,"href":"https:\/\/www.chateaudegoutelas.fr\/en\/wp-json\/wp\/v2\/categories?post=10063"},{"taxonomy":"post_tag","embeddable":true,"href":"https:\/\/www.chateaudegoutelas.fr\/en\/wp-json\/wp\/v2\/tags?post=10063"}],"curies":[{"name":"wp","href":"https:\/\/api.w.org\/{rel}","templated":true}]}}