{"id":9892,"date":"2024-12-20T16:14:59","date_gmt":"2024-12-20T15:14:59","guid":{"rendered":"https:\/\/www.chateaudegoutelas.fr\/?page_id=9892"},"modified":"2025-11-27T08:09:34","modified_gmt":"2025-11-27T07:09:34","slug":"le-projet-culturel","status":"publish","type":"page","link":"http:\/\/www.chateaudegoutelas.fr\/en\/le-projet-culturel\/","title":{"rendered":"Le projet culturel"},"content":{"rendered":"<h1>\n\t\t\t\tLe projet culturel\n\t\t\t<\/h1>\n<h3>\n\t\t\tSaison culturelle, residences, projets partag\u00e9s\t<\/h3>\n\t<p>\u00a9 Louis Perrin<\/p>\n<h1>\n\t\t\tLe projet culturel\t<\/h1>\n<h3>\n\t\t\tSaison culturelle, r\u00e9sidences, projets partag\u00e9s\t<\/h3>\n\t<p>Lieu de vie et de cr\u00e9ation pluridisciplinaire, <a href=\"https:\/\/www.chateaudegoutelas.fr\/en\/le-chateau-de-goutelas\/un-patrimoine-vivant\/\">labellis\u00e9 Centre culturel de rencontre<\/a>, le Ch\u00e2teau de Goutelas s&rsquo;anime tout au long de l&rsquo;ann\u00e9e : festivals, rencontres et d\u00e9bats d&rsquo;id\u00e9es, expositions, concerts et spectacles, visites et ateliers en famille, r\u00e9sidences d&rsquo;artistes et de juristes, projets participatifs et cr\u00e9ations partag\u00e9es&#8230;<\/p>\n\t\t<a href=\"https:\/\/www.chateaudegoutelas.fr\/en\/residences\/\" title=\"Afficher le contenu de la bo\u00eete\" target=\"_self\"  aria-label=\"Post Element\"><\/a>\t\t\n\t\t\t\t\t\t\t\t\t\t\t\t\t\t<a href=\"https:\/\/www.chateaudegoutelas.fr\/en\/residences\/\" target=\"_self\" title=\"R\u00e9sidences\">\n\t\t\t\t<img decoding=\"async\" src=\"https:\/\/www.chateaudegoutelas.fr\/wp-content\/uploads\/2024\/12\/residence-cycles-21-720x720.jpg\" alt=\"\" \/>\n\t\t\t\t<\/a>\n\t\t\t\t\t\t<h4>\n\t\t\t\t<a href=\"https:\/\/www.chateaudegoutelas.fr\/en\/residences\/\" title=\"R\u00e9sidences\">R\u00e9sidences<\/a>\t\t\t<\/h4>\n\t\t<a href=\"https:\/\/www.chateaudegoutelas.fr\/en\/saison-culturelle\/expositions-et-parcours\/\" title=\"Afficher le contenu de la bo\u00eete\" target=\"_self\"  aria-label=\"Post Element\"><\/a>\t\t\n\t\t\t\t\t\t\t\t\t\t\t\t\t\t<a href=\"https:\/\/www.chateaudegoutelas.fr\/en\/saison-culturelle\/expositions-et-parcours\/\" target=\"_self\" title=\"Expositions et parcours\">\n\t\t\t\t<img decoding=\"async\" src=\"https:\/\/www.chateaudegoutelas.fr\/wp-content\/uploads\/2024\/11\/Credit_Pierre_Grasset2.JPG-720x720.jpg\" alt=\"\" \/>\n\t\t\t\t<\/a>\n\t\t\t\t\t\t<h4>\n\t\t\t\t<a href=\"https:\/\/www.chateaudegoutelas.fr\/en\/saison-culturelle\/expositions-et-parcours\/\" title=\"Expositions et parcours\">Expositions et parcours<\/a>\t\t\t<\/h4>\n\t\t<a href=\"https:\/\/www.chateaudegoutelas.fr\/en\/festivals-et-debats\/\" title=\"Afficher le contenu de la bo\u00eete\" target=\"_self\"  aria-label=\"Post Element\"><\/a>\t\t\n\t\t\t\t\t\t\t\t\t\t\t\t\t\t<a href=\"https:\/\/www.chateaudegoutelas.fr\/en\/festivals-et-debats\/\" target=\"_self\" title=\"Festivals &#038; d\u00e9bats\">\n\t\t\t\t<img decoding=\"async\" src=\"https:\/\/www.chateaudegoutelas.fr\/wp-content\/uploads\/2024\/12\/futurs-possibles-0006-720x720.jpg\" alt=\"\" \/>\n\t\t\t\t<\/a>\n\t\t\t\t\t\t<h4>\n\t\t\t\t<a href=\"https:\/\/www.chateaudegoutelas.fr\/en\/festivals-et-debats\/\" title=\"Festivals &#038; d\u00e9bats\">Festivals &#038; d\u00e9bats<\/a>\t\t\t<\/h4>\n\t\t<a href=\"https:\/\/www.chateaudegoutelas.fr\/en\/la-saison-culturelle\/\" title=\"Afficher le contenu de la bo\u00eete\" target=\"_self\"  aria-label=\"Post Element\"><\/a>\t\t\n\t\t\t\t\t\t\t\t\t\t\t\t\t\t<a href=\"https:\/\/www.chateaudegoutelas.fr\/en\/la-saison-culturelle\/\" target=\"_self\" title=\"Saison culturelle\">\n\t\t\t\t<img decoding=\"async\" src=\"https:\/\/www.chateaudegoutelas.fr\/wp-content\/uploads\/2025\/09\/Visuel_seul-min-720x720.jpg\" alt=\"\" \/>\n\t\t\t\t<\/a>\n\t\t\t\t\t\t<h4>\n\t\t\t\t<a href=\"https:\/\/www.chateaudegoutelas.fr\/en\/la-saison-culturelle\/\" title=\"Saison culturelle\">Saison culturelle<\/a>\t\t\t<\/h4>\n\t\t<a href=\"https:\/\/www.chateaudegoutelas.fr\/en\/saison-culturelle\/musique\/\" title=\"Afficher le contenu de la bo\u00eete\" target=\"_self\"  aria-label=\"Post Element\"><\/a>\t\t\n\t\t\t\t\t\t\t\t\t\t\t\t\t\t<a href=\"https:\/\/www.chateaudegoutelas.fr\/en\/saison-culturelle\/musique\/\" target=\"_self\" title=\"Musique\">\n\t\t\t\t<img decoding=\"async\" src=\"https:\/\/www.chateaudegoutelas.fr\/wp-content\/uploads\/2024\/11\/DSC_9229-720x720.jpg\" alt=\"\" \/>\n\t\t\t\t<\/a>\n\t\t\t\t\t\t<h4>\n\t\t\t\t<a href=\"https:\/\/www.chateaudegoutelas.fr\/en\/saison-culturelle\/musique\/\" title=\"Musique\">Musique<\/a>\t\t\t<\/h4>\n\t\t<a href=\"https:\/\/www.chateaudegoutelas.fr\/en\/saison-culturelle\/en-famille\/\" title=\"Afficher le contenu de la bo\u00eete\" target=\"_self\"  aria-label=\"Post Element\"><\/a>\t\t\n\t\t\t\t\t\t\t\t\t\t\t\t\t\t<a href=\"https:\/\/www.chateaudegoutelas.fr\/en\/saison-culturelle\/en-famille\/\" target=\"_self\" title=\"En famille\">\n\t\t\t\t<img decoding=\"async\" src=\"https:\/\/www.chateaudegoutelas.fr\/wp-content\/uploads\/2023\/10\/DSC0112-720x720.jpg\" alt=\"\" \/>\n\t\t\t\t<\/a>\n\t\t\t\t\t\t<h4>\n\t\t\t\t<a href=\"https:\/\/www.chateaudegoutelas.fr\/en\/saison-culturelle\/en-famille\/\" title=\"En famille\">En famille<\/a>\t\t\t<\/h4>\n\t\t<a href=\"https:\/\/www.chateaudegoutelas.fr\/en\/saison-culturelle\/creations-partagees\/\" title=\"Afficher le contenu de la bo\u00eete\" target=\"_self\"  aria-label=\"Post Element\"><\/a>\t\t\n\t\t\t\t\t\t\t\t\t\t\t\t\t\t<a href=\"https:\/\/www.chateaudegoutelas.fr\/en\/saison-culturelle\/creations-partagees\/\" target=\"_self\" title=\"Cr\u00e9ations partag\u00e9es\">\n\t\t\t\t<img decoding=\"async\" src=\"https:\/\/www.chateaudegoutelas.fr\/wp-content\/uploads\/2024\/09\/C0418.MP4.04_32_25_01.Still001-720x720.jpg\" alt=\"\" \/>\n\t\t\t\t<\/a>\n\t\t\t\t\t\t<h4>\n\t\t\t\t<a href=\"https:\/\/www.chateaudegoutelas.fr\/en\/saison-culturelle\/creations-partagees\/\" title=\"Cr\u00e9ations partag\u00e9es\">Cr\u00e9ations partag\u00e9es<\/a>\t\t\t<\/h4>","protected":false},"excerpt":{"rendered":"<p>Le projet culturel Saison culturelle, residences, projets partag\u00e9s \u00a9 Louis Perrin Le projet culturel Saison culturelle, r\u00e9sidences, projets partag\u00e9s Lieu de vie et de cr\u00e9ation pluridisciplinaire, labellis\u00e9 Centre culturel de rencontre, le Ch\u00e2teau de Goutelas s&rsquo;anime tout au long de l&rsquo;ann\u00e9e : festivals, rencontres et d\u00e9bats d&rsquo;id\u00e9es, expositions, concerts et spectacles, visites et ateliers en [&hellip;]<\/p>\n","protected":false},"author":7,"featured_media":9643,"parent":0,"menu_order":0,"comment_status":"closed","ping_status":"closed","template":"","meta":{"site-sidebar-layout":"no-sidebar","site-content-layout":"","ast-site-content-layout":"full-width-container","site-content-style":"unboxed","site-sidebar-style":"unboxed","ast-global-header-display":"","ast-banner-title-visibility":"","ast-main-header-display":"","ast-hfb-above-header-display":"","ast-hfb-below-header-display":"","ast-hfb-mobile-header-display":"","site-post-title":"disabled","ast-breadcrumbs-content":"","ast-featured-img":"disabled","footer-sml-layout":"","ast-disable-related-posts":"","theme-transparent-header-meta":"default","adv-header-id-meta":"","stick-header-meta":"default","header-above-stick-meta":"","header-main-stick-meta":"","header-below-stick-meta":"","astra-migrate-meta-layouts":"set","ast-page-background-enabled":"default","ast-page-background-meta":{"desktop":{"background-color":"","background-image":"","background-repeat":"repeat","background-position":"center center","background-size":"auto","background-attachment":"scroll","background-type":"","background-media":"","overlay-type":"","overlay-color":"","overlay-opacity":"","overlay-gradient":""},"tablet":{"background-color":"","background-image":"","background-repeat":"repeat","background-position":"center center","background-size":"auto","background-attachment":"scroll","background-type":"","background-media":"","overlay-type":"","overlay-color":"","overlay-opacity":"","overlay-gradient":""},"mobile":{"background-color":"","background-image":"","background-repeat":"repeat","background-position":"center center","background-size":"auto","background-attachment":"scroll","background-type":"","background-media":"","overlay-type":"","overlay-color":"","overlay-opacity":"","overlay-gradient":""}},"ast-content-background-meta":{"desktop":{"background-color":"var(--ast-global-color-5)","background-image":"","background-repeat":"repeat","background-position":"center center","background-size":"auto","background-attachment":"scroll","background-type":"","background-media":"","overlay-type":"","overlay-color":"","overlay-opacity":"","overlay-gradient":""},"tablet":{"background-color":"var(--ast-global-color-5)","background-image":"","background-repeat":"repeat","background-position":"center center","background-size":"auto","background-attachment":"scroll","background-type":"","background-media":"","overlay-type":"","overlay-color":"","overlay-opacity":"","overlay-gradient":""},"mobile":{"background-color":"var(--ast-global-color-5)","background-image":"","background-repeat":"repeat","background-position":"center center","background-size":"auto","background-attachment":"scroll","background-type":"","background-media":"","overlay-type":"","overlay-color":"","overlay-opacity":"","overlay-gradient":""}},"footnotes":""},"categories":[206],"tags":[],"class_list":["post-9892","page","type-page","status-publish","has-post-thumbnail","hentry","category-programme-culturel"],"yoast_head":"<!-- This site is optimized with the Yoast SEO plugin v27.3 - https:\/\/yoast.com\/product\/yoast-seo-wordpress\/ -->\n<title>Le projet culturel - Ch\u00e2teau de Goutelas<\/title>\n<meta name=\"robots\" content=\"index, follow, max-snippet:-1, max-image-preview:large, max-video-preview:-1\" \/>\n<link rel=\"canonical\" href=\"https:\/\/www.chateaudegoutelas.fr\/en\/le-projet-culturel\/\" \/>\n<meta property=\"og:locale\" content=\"en_GB\" \/>\n<meta property=\"og:type\" content=\"article\" \/>\n<meta property=\"og:title\" content=\"Le projet culturel - Ch\u00e2teau de Goutelas\" \/>\n<meta property=\"og:description\" content=\"Le projet culturel Saison culturelle, residences, projets partag\u00e9s \u00a9 Louis Perrin Le projet culturel Saison culturelle, r\u00e9sidences, projets partag\u00e9s Lieu de vie et de cr\u00e9ation pluridisciplinaire, labellis\u00e9 Centre culturel de rencontre, le Ch\u00e2teau de Goutelas s&rsquo;anime tout au long de l&rsquo;ann\u00e9e : festivals, rencontres et d\u00e9bats d&rsquo;id\u00e9es, expositions, concerts et spectacles, visites et ateliers en [&hellip;]\" \/>\n<meta property=\"og:url\" content=\"https:\/\/www.chateaudegoutelas.fr\/en\/le-projet-culturel\/\" \/>\n<meta property=\"og:site_name\" content=\"Ch\u00e2teau de Goutelas\" \/>\n<meta property=\"article:modified_time\" content=\"2025-11-27T07:09:34+00:00\" \/>\n<meta property=\"og:image\" content=\"https:\/\/www.chateaudegoutelas.fr\/wp-content\/uploads\/2024\/09\/Visuel_S2425-Copie.png\" \/>\n\t<meta property=\"og:image:width\" content=\"1654\" \/>\n\t<meta property=\"og:image:height\" content=\"1349\" \/>\n\t<meta property=\"og:image:type\" content=\"image\/png\" \/>\n<meta name=\"twitter:card\" content=\"summary_large_image\" \/>\n<meta name=\"twitter:label1\" content=\"Estimated reading time\" \/>\n\t<meta name=\"twitter:data1\" content=\"8 minutes\" \/>\n<script type=\"application\/ld+json\" class=\"yoast-schema-graph\">{\"@context\":\"https:\\\/\\\/schema.org\",\"@graph\":[{\"@type\":\"WebPage\",\"@id\":\"https:\\\/\\\/www.chateaudegoutelas.fr\\\/le-projet-culturel\\\/\",\"url\":\"https:\\\/\\\/www.chateaudegoutelas.fr\\\/le-projet-culturel\\\/\",\"name\":\"Le projet culturel - Ch\u00e2teau de Goutelas\",\"isPartOf\":{\"@id\":\"https:\\\/\\\/www.chateaudegoutelas.fr\\\/#website\"},\"primaryImageOfPage\":{\"@id\":\"https:\\\/\\\/www.chateaudegoutelas.fr\\\/le-projet-culturel\\\/#primaryimage\"},\"image\":{\"@id\":\"https:\\\/\\\/www.chateaudegoutelas.fr\\\/le-projet-culturel\\\/#primaryimage\"},\"thumbnailUrl\":\"https:\\\/\\\/www.chateaudegoutelas.fr\\\/wp-content\\\/uploads\\\/2024\\\/09\\\/Visuel_S2425-Copie.png\",\"datePublished\":\"2024-12-20T15:14:59+00:00\",\"dateModified\":\"2025-11-27T07:09:34+00:00\",\"breadcrumb\":{\"@id\":\"https:\\\/\\\/www.chateaudegoutelas.fr\\\/le-projet-culturel\\\/#breadcrumb\"},\"inLanguage\":\"en-GB\",\"potentialAction\":[{\"@type\":\"ReadAction\",\"target\":[\"https:\\\/\\\/www.chateaudegoutelas.fr\\\/le-projet-culturel\\\/\"]}]},{\"@type\":\"ImageObject\",\"inLanguage\":\"en-GB\",\"@id\":\"https:\\\/\\\/www.chateaudegoutelas.fr\\\/le-projet-culturel\\\/#primaryimage\",\"url\":\"https:\\\/\\\/www.chateaudegoutelas.fr\\\/wp-content\\\/uploads\\\/2024\\\/09\\\/Visuel_S2425-Copie.png\",\"contentUrl\":\"https:\\\/\\\/www.chateaudegoutelas.fr\\\/wp-content\\\/uploads\\\/2024\\\/09\\\/Visuel_S2425-Copie.png\",\"width\":1654,\"height\":1349},{\"@type\":\"BreadcrumbList\",\"@id\":\"https:\\\/\\\/www.chateaudegoutelas.fr\\\/le-projet-culturel\\\/#breadcrumb\",\"itemListElement\":[{\"@type\":\"ListItem\",\"position\":1,\"name\":\"Accueil\",\"item\":\"https:\\\/\\\/www.chateaudegoutelas.fr\\\/\"},{\"@type\":\"ListItem\",\"position\":2,\"name\":\"Le projet culturel\"}]},{\"@type\":\"WebSite\",\"@id\":\"https:\\\/\\\/www.chateaudegoutelas.fr\\\/#website\",\"url\":\"https:\\\/\\\/www.chateaudegoutelas.fr\\\/\",\"name\":\"Ch\u00e2teau de Goutelas\",\"description\":\"Un centre culturel de rencontre en Forez\",\"publisher\":{\"@id\":\"https:\\\/\\\/www.chateaudegoutelas.fr\\\/#organization\"},\"potentialAction\":[{\"@type\":\"SearchAction\",\"target\":{\"@type\":\"EntryPoint\",\"urlTemplate\":\"https:\\\/\\\/www.chateaudegoutelas.fr\\\/?s={search_term_string}\"},\"query-input\":{\"@type\":\"PropertyValueSpecification\",\"valueRequired\":true,\"valueName\":\"search_term_string\"}}],\"inLanguage\":\"en-GB\"},{\"@type\":\"Organization\",\"@id\":\"https:\\\/\\\/www.chateaudegoutelas.fr\\\/#organization\",\"name\":\"Ch\u00e2teau de Goutelas\",\"url\":\"https:\\\/\\\/www.chateaudegoutelas.fr\\\/\",\"logo\":{\"@type\":\"ImageObject\",\"inLanguage\":\"en-GB\",\"@id\":\"https:\\\/\\\/www.chateaudegoutelas.fr\\\/#\\\/schema\\\/logo\\\/image\\\/\",\"url\":\"https:\\\/\\\/www.chateaudegoutelas.fr\\\/wp-content\\\/uploads\\\/2023\\\/05\\\/logo-chateau-goutelas-bleu.png\",\"contentUrl\":\"https:\\\/\\\/www.chateaudegoutelas.fr\\\/wp-content\\\/uploads\\\/2023\\\/05\\\/logo-chateau-goutelas-bleu.png\",\"width\":1123,\"height\":327,\"caption\":\"Ch\u00e2teau de Goutelas\"},\"image\":{\"@id\":\"https:\\\/\\\/www.chateaudegoutelas.fr\\\/#\\\/schema\\\/logo\\\/image\\\/\"}}]}<\/script>\n<!-- \/ Yoast SEO plugin. -->","yoast_head_json":{"title":"Le projet culturel - Ch\u00e2teau de Goutelas","robots":{"index":"index","follow":"follow","max-snippet":"max-snippet:-1","max-image-preview":"max-image-preview:large","max-video-preview":"max-video-preview:-1"},"canonical":"https:\/\/www.chateaudegoutelas.fr\/en\/le-projet-culturel\/","og_locale":"en_GB","og_type":"article","og_title":"Le projet culturel - Ch\u00e2teau de Goutelas","og_description":"Le projet culturel Saison culturelle, residences, projets partag\u00e9s \u00a9 Louis Perrin Le projet culturel Saison culturelle, r\u00e9sidences, projets partag\u00e9s Lieu de vie et de cr\u00e9ation pluridisciplinaire, labellis\u00e9 Centre culturel de rencontre, le Ch\u00e2teau de Goutelas s&rsquo;anime tout au long de l&rsquo;ann\u00e9e : festivals, rencontres et d\u00e9bats d&rsquo;id\u00e9es, expositions, concerts et spectacles, visites et ateliers en [&hellip;]","og_url":"https:\/\/www.chateaudegoutelas.fr\/en\/le-projet-culturel\/","og_site_name":"Ch\u00e2teau de Goutelas","article_modified_time":"2025-11-27T07:09:34+00:00","og_image":[{"url":"https:\/\/www.chateaudegoutelas.fr\/wp-content\/uploads\/2024\/09\/Visuel_S2425-Copie.png","width":1654,"height":1349,"type":"image\/png"}],"twitter_card":"summary_large_image","twitter_misc":{"Estimated reading time":"8 minutes"},"schema":{"@context":"https:\/\/schema.org","@graph":[{"@type":"WebPage","@id":"https:\/\/www.chateaudegoutelas.fr\/le-projet-culturel\/","url":"https:\/\/www.chateaudegoutelas.fr\/le-projet-culturel\/","name":"Le projet culturel - Ch\u00e2teau de Goutelas","isPartOf":{"@id":"https:\/\/www.chateaudegoutelas.fr\/#website"},"primaryImageOfPage":{"@id":"https:\/\/www.chateaudegoutelas.fr\/le-projet-culturel\/#primaryimage"},"image":{"@id":"https:\/\/www.chateaudegoutelas.fr\/le-projet-culturel\/#primaryimage"},"thumbnailUrl":"https:\/\/www.chateaudegoutelas.fr\/wp-content\/uploads\/2024\/09\/Visuel_S2425-Copie.png","datePublished":"2024-12-20T15:14:59+00:00","dateModified":"2025-11-27T07:09:34+00:00","breadcrumb":{"@id":"https:\/\/www.chateaudegoutelas.fr\/le-projet-culturel\/#breadcrumb"},"inLanguage":"en-GB","potentialAction":[{"@type":"ReadAction","target":["https:\/\/www.chateaudegoutelas.fr\/le-projet-culturel\/"]}]},{"@type":"ImageObject","inLanguage":"en-GB","@id":"https:\/\/www.chateaudegoutelas.fr\/le-projet-culturel\/#primaryimage","url":"https:\/\/www.chateaudegoutelas.fr\/wp-content\/uploads\/2024\/09\/Visuel_S2425-Copie.png","contentUrl":"https:\/\/www.chateaudegoutelas.fr\/wp-content\/uploads\/2024\/09\/Visuel_S2425-Copie.png","width":1654,"height":1349},{"@type":"BreadcrumbList","@id":"https:\/\/www.chateaudegoutelas.fr\/le-projet-culturel\/#breadcrumb","itemListElement":[{"@type":"ListItem","position":1,"name":"Accueil","item":"https:\/\/www.chateaudegoutelas.fr\/"},{"@type":"ListItem","position":2,"name":"Le projet culturel"}]},{"@type":"WebSite","@id":"https:\/\/www.chateaudegoutelas.fr\/#website","url":"https:\/\/www.chateaudegoutelas.fr\/","name":"Ch\u00e2teau de Goutelas","description":"Un centre culturel de rencontre en Forez","publisher":{"@id":"https:\/\/www.chateaudegoutelas.fr\/#organization"},"potentialAction":[{"@type":"SearchAction","target":{"@type":"EntryPoint","urlTemplate":"https:\/\/www.chateaudegoutelas.fr\/?s={search_term_string}"},"query-input":{"@type":"PropertyValueSpecification","valueRequired":true,"valueName":"search_term_string"}}],"inLanguage":"en-GB"},{"@type":"Organization","@id":"https:\/\/www.chateaudegoutelas.fr\/#organization","name":"Ch\u00e2teau de Goutelas","url":"https:\/\/www.chateaudegoutelas.fr\/","logo":{"@type":"ImageObject","inLanguage":"en-GB","@id":"https:\/\/www.chateaudegoutelas.fr\/#\/schema\/logo\/image\/","url":"https:\/\/www.chateaudegoutelas.fr\/wp-content\/uploads\/2023\/05\/logo-chateau-goutelas-bleu.png","contentUrl":"https:\/\/www.chateaudegoutelas.fr\/wp-content\/uploads\/2023\/05\/logo-chateau-goutelas-bleu.png","width":1123,"height":327,"caption":"Ch\u00e2teau de Goutelas"},"image":{"@id":"https:\/\/www.chateaudegoutelas.fr\/#\/schema\/logo\/image\/"}}]}},"_links":{"self":[{"href":"http:\/\/www.chateaudegoutelas.fr\/en\/wp-json\/wp\/v2\/pages\/9892","targetHints":{"allow":["GET"]}}],"collection":[{"href":"http:\/\/www.chateaudegoutelas.fr\/en\/wp-json\/wp\/v2\/pages"}],"about":[{"href":"http:\/\/www.chateaudegoutelas.fr\/en\/wp-json\/wp\/v2\/types\/page"}],"author":[{"embeddable":true,"href":"http:\/\/www.chateaudegoutelas.fr\/en\/wp-json\/wp\/v2\/users\/7"}],"replies":[{"embeddable":true,"href":"http:\/\/www.chateaudegoutelas.fr\/en\/wp-json\/wp\/v2\/comments?post=9892"}],"version-history":[{"count":6,"href":"http:\/\/www.chateaudegoutelas.fr\/en\/wp-json\/wp\/v2\/pages\/9892\/revisions"}],"predecessor-version":[{"id":11476,"href":"http:\/\/www.chateaudegoutelas.fr\/en\/wp-json\/wp\/v2\/pages\/9892\/revisions\/11476"}],"wp:featuredmedia":[{"embeddable":true,"href":"http:\/\/www.chateaudegoutelas.fr\/en\/wp-json\/wp\/v2\/media\/9643"}],"wp:attachment":[{"href":"http:\/\/www.chateaudegoutelas.fr\/en\/wp-json\/wp\/v2\/media?parent=9892"}],"wp:term":[{"taxonomy":"category","embeddable":true,"href":"http:\/\/www.chateaudegoutelas.fr\/en\/wp-json\/wp\/v2\/categories?post=9892"},{"taxonomy":"post_tag","embeddable":true,"href":"http:\/\/www.chateaudegoutelas.fr\/en\/wp-json\/wp\/v2\/tags?post=9892"}],"curies":[{"name":"wp","href":"https:\/\/api.w.org\/{rel}","templated":true}]}}