{"id":11031,"date":"2026-03-04T17:41:02","date_gmt":"2026-03-04T16:41:02","guid":{"rendered":"https:\/\/www.chateaudegoutelas.fr\/?page_id=11031"},"modified":"2026-04-21T09:44:07","modified_gmt":"2026-04-21T07:44:07","slug":"la-grande-bricole","status":"publish","type":"page","link":"http:\/\/www.chateaudegoutelas.fr\/en\/la-grande-bricole\/","title":{"rendered":"La Grande Bricole"},"content":{"rendered":"<h1>\n\t\t\t\tLa Grande Bricole\n\t\t\t<\/h1>\n<h3>\n\t\t\tChantier collectif\t<\/h3>\n\t<p>\u00a9 Carole Barraud<\/p>\n<h1>\n\t\t\tLa Grande Bricole\t<\/h1>\n<h3>\n\t\t\tChantier collectif\t<\/h3>\nVous aimez bricoler et vous \u00eates <strong>un\u00b7e pro du syst\u00e8me D<\/strong> ?<br \/>\nVous avez <strong>deux mains gauches<\/strong> mais r\u00eavez de manier la scie circulaire ?<br \/>\nVous <strong>bidouillez dans votre garage<\/strong> pour mettre au point une invention r\u00e9volutionnaire ?\n<p>Dans la cour du ch\u00e2teau de Goutelas, les artistes de la compagnie Titanos installent <b>un circuit de billes g<\/b><strong>\u00e9ant&#8230; qui n&rsquo;attend que vous et votre ing\u00e9niosit\u00e9 pour prendre vie.<\/strong><\/p>\n<p>Rejoignez l&rsquo;\u00e9quipe pour inventer les m\u00e9canismes du circuit et le transformer en v\u00e9ritable attraction de f\u00eate foraine.\u00a0<\/p>\n<p>Un grand <strong>d\u00e9fi de bidouille<\/strong> ouvert \u00e0 toutes celles et ceux qui aiment jouer, se creuser les m\u00e9ninges et n&rsquo;ont pas peur de se retrousser les manches !<\/p>\n<strong>Chantier ouvert du 13 au 16 mai puis du 25 au 30 mai 2026.<br \/>\n<\/strong>Que vous soyez disponible un apr\u00e8s-midi, deux jours ou tout le chantier, bienvenue !\n\t\t\t<h4>Au programme du chantier<\/h4>\t\t\t\n\t\t\t\t<ul>\n<li aria-level=\"1\">M\u00e9tal : soudure, per\u00e7age, boulonnage, rivetage&#8230;<\/li>\n<li aria-level=\"1\">Bois : d\u00e9coupe, assemblage, vissage&#8230;<\/li>\n<li aria-level=\"1\">\u00c9lectrom\u00e9canique : transformation de moteurs 12V, interrupteurs de fin de course, relais \u00e9lectrique, c\u00e2blages&#8230;<\/li>\n<li aria-level=\"1\">Textiles : teinture, impression, tamponnage, couture&#8230;<\/li>\n<li aria-level=\"1\">Mati\u00e8res plastiques : d\u00e9coupe, assemblage&#8230;<\/li>\n<li aria-level=\"1\">Peinture sur bois, t\u00f4les, papiers, tissus, plastiques&#8230;<\/li>\n<\/ul>\n<p><strong>Vous \u00eates pr\u00eat\u00b7es \u00e0 relever le d\u00e9fi ? Inscrivez-vous via ce formulaire et nous vous recontacterons :<\/strong><\/p>\n\t\t\t<a href=\"https:\/\/forms.gle\/xmGM3NzLYtScYPT1A\"  target=\"_self\">\n\t\t\t\t\t\t\tFORMULAIRE\n\t\t\t\t\t<\/a>\n\t<i>Un projet imagin\u00e9 par la <\/i><b><i>Compagnie Titanos<\/i><\/b><i>, le <\/i><b><i>Ch\u00e2teau de Goutelas<\/i><\/b><i> et <\/i><b><i>Loire Forez agglom\u00e9ration.<br \/>\n<\/i><\/b><i>Dans le cadre du Projet Culturel de Territoire de Loire Forez agglom\u00e9ration, avec le soutien de l&rsquo;\u00c9tat, de la R\u00e9gion Auvergne-Rh\u00f4ne-Alpes et du D\u00e9partement de la Loire.<\/i>\n<h2>\n\t\t\t\u00e0 venir\t<\/h2>\n\t<div class=\"em em-view-container\" id=\"em-view-1609312015\" data-view=\"list\">\r\n\t<div class=\"em em-list em-events-list\" id=\"em-events-list-1609312015\" data-view-id=\"1609312015\">\r\n\t<div class=\"shmEventListWidget\">\r\n<a href=\"http:\/\/www.chateaudegoutelas.fr\/en\/agenda\/apero-rencontre-grande-bricole\/\" class=\"shmEventListItem\">\r\n\t<div class=\"marg\">\r\n\t\t<div class=\"EVENTIMAGE\"><img loading=\"lazy\" decoding=\"async\" width=\"720\" height=\"720\" src=\"https:\/\/www.chateaudegoutelas.fr\/wp-content\/uploads\/2026\/03\/visuel-photo-titre-720x720.jpg\" class=\"attachment-thumbnail size-thumbnail\" alt=\"\" srcset=\"https:\/\/www.chateaudegoutelas.fr\/wp-content\/uploads\/2026\/03\/visuel-photo-titre-720x720.jpg 720w, https:\/\/www.chateaudegoutelas.fr\/wp-content\/uploads\/2026\/03\/visuel-photo-titre-768x768.jpg 768w, https:\/\/www.chateaudegoutelas.fr\/wp-content\/uploads\/2026\/03\/visuel-photo-titre-12x12.jpg 12w, https:\/\/www.chateaudegoutelas.fr\/wp-content\/uploads\/2026\/03\/visuel-photo-titre.jpg 1080w\" sizes=\"auto, (max-width: 720px) 100vw, 720px\" \/><\/div>\r\n\t\t<div class=\"shmEventListItemText\">\r\n\t\t\t<div> <span class=\"ATT_type_rendez_vous\">Rencontre<\/span><\/div>\r\n\t\t\t<div class=\"EVENTNAME\">La Grande Bricole<\/div>\r\n\t\t\t<div class=\"ATT_sous_titre\">Ap\u00e9ro d'info avec l'\u00e9quipe<\/div>\r\n\t\t\t<div class=\"DATE\">Tue. 28 April<\/div>\r\n\t\t<\/div>\r\n\t<\/div>\r\n<\/a><a href=\"http:\/\/www.chateaudegoutelas.fr\/en\/agenda\/grande-bricole-chantier-collectif\/\" class=\"shmEventListItem\">\r\n\t<div class=\"marg\">\r\n\t\t<div class=\"EVENTIMAGE\"><img loading=\"lazy\" decoding=\"async\" width=\"720\" height=\"720\" src=\"https:\/\/www.chateaudegoutelas.fr\/wp-content\/uploads\/2026\/03\/grande-bricole-carre-720x720.png\" class=\"attachment-thumbnail size-thumbnail\" alt=\"\" srcset=\"https:\/\/www.chateaudegoutelas.fr\/wp-content\/uploads\/2026\/03\/grande-bricole-carre-720x720.png 720w, https:\/\/www.chateaudegoutelas.fr\/wp-content\/uploads\/2026\/03\/grande-bricole-carre-768x768.png 768w, https:\/\/www.chateaudegoutelas.fr\/wp-content\/uploads\/2026\/03\/grande-bricole-carre-12x12.png 12w, https:\/\/www.chateaudegoutelas.fr\/wp-content\/uploads\/2026\/03\/grande-bricole-carre.png 1080w\" sizes=\"auto, (max-width: 720px) 100vw, 720px\" \/><\/div>\r\n\t\t<div class=\"shmEventListItemText\">\r\n\t\t\t<div> <span class=\"ATT_type_rendez_vous\">Chantier<\/span><\/div>\r\n\t\t\t<div class=\"EVENTNAME\">La Grande Bricole<\/div>\r\n\t\t\t<div class=\"ATT_sous_titre\">Chantier collectif avec la compagnie Titanos<\/div>\r\n\t\t\t<div class=\"DATE\">Wed. 13 May - Sun. 31 May<\/div>\r\n\t\t<\/div>\r\n\t<\/div>\r\n<\/a><a href=\"http:\/\/www.chateaudegoutelas.fr\/en\/agenda\/la-grande-bricole\/\" class=\"shmEventListItem\">\r\n\t<div class=\"marg\">\r\n\t\t<div class=\"EVENTIMAGE\"><img loading=\"lazy\" decoding=\"async\" width=\"720\" height=\"720\" src=\"https:\/\/www.chateaudegoutelas.fr\/wp-content\/uploads\/2026\/03\/img112-2-720x720.jpg\" class=\"attachment-thumbnail size-thumbnail\" alt=\"\" srcset=\"https:\/\/www.chateaudegoutelas.fr\/wp-content\/uploads\/2026\/03\/img112-2-720x720.jpg 720w, https:\/\/www.chateaudegoutelas.fr\/wp-content\/uploads\/2026\/03\/img112-2-768x768.jpg 768w, https:\/\/www.chateaudegoutelas.fr\/wp-content\/uploads\/2026\/03\/img112-2-12x12.jpg 12w, https:\/\/www.chateaudegoutelas.fr\/wp-content\/uploads\/2026\/03\/img112-2.jpg 1080w\" sizes=\"auto, (max-width: 720px) 100vw, 720px\" \/><\/div>\r\n\t\t<div class=\"shmEventListItemText\">\r\n\t\t\t<div> <span class=\"ATT_type_rendez_vous\">F\u00eate foraine<\/span><\/div>\r\n\t\t\t<div class=\"EVENTNAME\">La Grande Bricole<\/div>\r\n\t\t\t<div class=\"ATT_sous_titre\">Circuit de billes g\u00e9ant<\/div>\r\n\t\t\t<div class=\"DATE\">Sat. 30 May<\/div>\r\n\t\t<\/div>\r\n\t<\/div>\r\n<\/a><\/div>\t<\/div>\r\n<\/div>\n<h2>\n\t\t\ten images\t<\/h2>\n\t\t\t<h3>Projets partag\u00e9s &#038; droits culturels<\/h3>\t\t\t\n\t\t\t\t<p>Goutelas coordonne tout au long de l&rsquo;ann\u00e9e des projets artistiques et culturels avec les habitant\u00b7e\u00b7s du Forez, gr\u00e2ce aux liens forts tiss\u00e9s avec des \u00e9tablissements scolaires, socioculturels, de sant\u00e9,&#8230;\u00a0Toutes ces rencontres sont anim\u00e9es par l&rsquo;\u00e9thique et le r\u00e9f\u00e9rentiel des droits culturels : permettre \u00e0 chacun\u00b7e, seul\u00b7e ou en commun, de participer \u00e0 la vie culturelle, d&rsquo;y contribuer avec ses propres r\u00e9f\u00e9rences, exp\u00e9riences et pratiques tout en ayant acc\u00e8s \u00e0 une diversit\u00e9 de ressources culturelles.<\/p>\n<h2>\n\t\t\tvoir aussi\t<\/h2>\n\t\t<a href=\"https:\/\/www.chateaudegoutelas.fr\/en\/popote-chef\/\" title=\"Afficher le contenu de la bo\u00eete\" target=\"_self\"  aria-label=\"Post Element\"><\/a>\t\t\n\t\t\t\t\t\t\t\t\t\t\t\t\t\t<a href=\"https:\/\/www.chateaudegoutelas.fr\/en\/popote-chef\/\" target=\"_self\" title=\"Popote chef\">\n\t\t\t\t<img decoding=\"async\" src=\"https:\/\/www.chateaudegoutelas.fr\/wp-content\/uploads\/2024\/06\/photo-Popote-Chef-e1739963667881-720x720.jpg\" alt=\"\" \/>\n\t\t\t\t<\/a>\n\t\t\t\t\t\t<h4>\n\t\t\t\t<a href=\"https:\/\/www.chateaudegoutelas.fr\/en\/popote-chef\/\" title=\"Popote chef\">Popote chef<\/a>\t\t\t<\/h4>\n\t\t<a href=\"https:\/\/www.chateaudegoutelas.fr\/en\/la-saison-culturelle\/\" title=\"Afficher le contenu de la bo\u00eete\" target=\"_self\"  aria-label=\"Post Element\"><\/a>\t\t\n\t\t\t\t\t\t\t\t\t\t\t\t\t\t<a href=\"https:\/\/www.chateaudegoutelas.fr\/en\/la-saison-culturelle\/\" target=\"_self\" title=\"Saison culturelle\">\n\t\t\t\t<img decoding=\"async\" src=\"https:\/\/www.chateaudegoutelas.fr\/wp-content\/uploads\/2025\/09\/Visuel_seul-min-720x720.jpg\" alt=\"\" \/>\n\t\t\t\t<\/a>\n\t\t\t\t\t\t<h4>\n\t\t\t\t<a href=\"https:\/\/www.chateaudegoutelas.fr\/en\/la-saison-culturelle\/\" title=\"Saison culturelle\">Saison culturelle<\/a>\t\t\t<\/h4>\n\t\t<a href=\"https:\/\/www.chateaudegoutelas.fr\/en\/saison-culturelle\/creations-partagees\/\" title=\"Afficher le contenu de la bo\u00eete\" target=\"_self\"  aria-label=\"Post Element\"><\/a>\t\t\n\t\t\t\t\t\t\t\t\t\t\t\t\t\t<a href=\"https:\/\/www.chateaudegoutelas.fr\/en\/saison-culturelle\/creations-partagees\/\" target=\"_self\" title=\"Cr\u00e9ations partag\u00e9es\">\n\t\t\t\t<img decoding=\"async\" src=\"https:\/\/www.chateaudegoutelas.fr\/wp-content\/uploads\/2024\/09\/C0418.MP4.04_32_25_01.Still001-720x720.jpg\" alt=\"\" \/>\n\t\t\t\t<\/a>\n\t\t\t\t\t\t<h4>\n\t\t\t\t<a href=\"https:\/\/www.chateaudegoutelas.fr\/en\/saison-culturelle\/creations-partagees\/\" title=\"Cr\u00e9ations partag\u00e9es\">Cr\u00e9ations partag\u00e9es<\/a>\t\t\t<\/h4>","protected":false},"excerpt":{"rendered":"<p>La Grande Bricole Chantier collectif \u00a9 Carole Barraud La Grande Bricole Chantier collectif Vous aimez bricoler et vous \u00eates un\u00b7e pro du syst\u00e8me D ? Vous avez deux mains gauches mais r\u00eavez de manier la scie circulaire ? Vous bidouillez dans votre garage pour mettre au point une invention r\u00e9volutionnaire ? Dans la cour du [&hellip;]<\/p>\n","protected":false},"author":7,"featured_media":11758,"parent":0,"menu_order":0,"comment_status":"closed","ping_status":"closed","template":"","meta":{"site-sidebar-layout":"no-sidebar","site-content-layout":"","ast-site-content-layout":"full-width-container","site-content-style":"unboxed","site-sidebar-style":"unboxed","ast-global-header-display":"","ast-banner-title-visibility":"","ast-main-header-display":"","ast-hfb-above-header-display":"","ast-hfb-below-header-display":"","ast-hfb-mobile-header-display":"","site-post-title":"disabled","ast-breadcrumbs-content":"","ast-featured-img":"disabled","footer-sml-layout":"","ast-disable-related-posts":"","theme-transparent-header-meta":"default","adv-header-id-meta":"","stick-header-meta":"default","header-above-stick-meta":"","header-main-stick-meta":"","header-below-stick-meta":"","astra-migrate-meta-layouts":"set","ast-page-background-enabled":"default","ast-page-background-meta":{"desktop":{"background-color":"","background-image":"","background-repeat":"repeat","background-position":"center center","background-size":"auto","background-attachment":"scroll","background-type":"","background-media":"","overlay-type":"","overlay-color":"","overlay-opacity":"","overlay-gradient":""},"tablet":{"background-color":"","background-image":"","background-repeat":"repeat","background-position":"center center","background-size":"auto","background-attachment":"scroll","background-type":"","background-media":"","overlay-type":"","overlay-color":"","overlay-opacity":"","overlay-gradient":""},"mobile":{"background-color":"","background-image":"","background-repeat":"repeat","background-position":"center center","background-size":"auto","background-attachment":"scroll","background-type":"","background-media":"","overlay-type":"","overlay-color":"","overlay-opacity":"","overlay-gradient":""}},"ast-content-background-meta":{"desktop":{"background-color":"var(--ast-global-color-5)","background-image":"","background-repeat":"repeat","background-position":"center center","background-size":"auto","background-attachment":"scroll","background-type":"","background-media":"","overlay-type":"","overlay-color":"","overlay-opacity":"","overlay-gradient":""},"tablet":{"background-color":"var(--ast-global-color-5)","background-image":"","background-repeat":"repeat","background-position":"center center","background-size":"auto","background-attachment":"scroll","background-type":"","background-media":"","overlay-type":"","overlay-color":"","overlay-opacity":"","overlay-gradient":""},"mobile":{"background-color":"var(--ast-global-color-5)","background-image":"","background-repeat":"repeat","background-position":"center center","background-size":"auto","background-attachment":"scroll","background-type":"","background-media":"","overlay-type":"","overlay-color":"","overlay-opacity":"","overlay-gradient":""}},"footnotes":""},"categories":[],"tags":[],"class_list":["post-11031","page","type-page","status-publish","has-post-thumbnail","hentry"],"yoast_head":"<!-- This site is optimized with the Yoast SEO plugin v27.4 - https:\/\/yoast.com\/product\/yoast-seo-wordpress\/ -->\n<title>La Grande Bricole - Ch\u00e2teau de Goutelas<\/title>\n<meta name=\"robots\" content=\"index, follow, max-snippet:-1, max-image-preview:large, max-video-preview:-1\" \/>\n<link rel=\"canonical\" href=\"https:\/\/www.chateaudegoutelas.fr\/en\/la-grande-bricole\/\" \/>\n<meta property=\"og:locale\" content=\"en_GB\" \/>\n<meta property=\"og:type\" content=\"article\" \/>\n<meta property=\"og:title\" content=\"La Grande Bricole - Ch\u00e2teau de Goutelas\" \/>\n<meta property=\"og:description\" content=\"La Grande Bricole Chantier collectif \u00a9 Carole Barraud La Grande Bricole Chantier collectif Vous aimez bricoler et vous \u00eates un\u00b7e pro du syst\u00e8me D ? Vous avez deux mains gauches mais r\u00eavez de manier la scie circulaire ? Vous bidouillez dans votre garage pour mettre au point une invention r\u00e9volutionnaire ? Dans la cour du [&hellip;]\" \/>\n<meta property=\"og:url\" content=\"https:\/\/www.chateaudegoutelas.fr\/en\/la-grande-bricole\/\" \/>\n<meta property=\"og:site_name\" content=\"Ch\u00e2teau de Goutelas\" \/>\n<meta property=\"article:modified_time\" content=\"2026-04-21T07:44:07+00:00\" \/>\n<meta property=\"og:image\" content=\"https:\/\/www.chateaudegoutelas.fr\/wp-content\/uploads\/2026\/03\/grande_bricole-scaled.jpg\" \/>\n\t<meta property=\"og:image:width\" content=\"1810\" \/>\n\t<meta property=\"og:image:height\" content=\"2560\" \/>\n\t<meta property=\"og:image:type\" content=\"image\/jpeg\" \/>\n<meta name=\"twitter:card\" content=\"summary_large_image\" \/>\n<meta name=\"twitter:label1\" content=\"Estimated reading time\" \/>\n\t<meta name=\"twitter:data1\" content=\"5 minutes\" \/>\n<script type=\"application\/ld+json\" class=\"yoast-schema-graph\">{\"@context\":\"https:\\\/\\\/schema.org\",\"@graph\":[{\"@type\":\"WebPage\",\"@id\":\"https:\\\/\\\/www.chateaudegoutelas.fr\\\/la-grande-bricole\\\/\",\"url\":\"https:\\\/\\\/www.chateaudegoutelas.fr\\\/la-grande-bricole\\\/\",\"name\":\"La Grande Bricole - Ch\u00e2teau de Goutelas\",\"isPartOf\":{\"@id\":\"https:\\\/\\\/www.chateaudegoutelas.fr\\\/#website\"},\"primaryImageOfPage\":{\"@id\":\"https:\\\/\\\/www.chateaudegoutelas.fr\\\/la-grande-bricole\\\/#primaryimage\"},\"image\":{\"@id\":\"https:\\\/\\\/www.chateaudegoutelas.fr\\\/la-grande-bricole\\\/#primaryimage\"},\"thumbnailUrl\":\"https:\\\/\\\/www.chateaudegoutelas.fr\\\/wp-content\\\/uploads\\\/2026\\\/03\\\/grande_bricole-scaled.jpg\",\"datePublished\":\"2026-03-04T16:41:02+00:00\",\"dateModified\":\"2026-04-21T07:44:07+00:00\",\"breadcrumb\":{\"@id\":\"https:\\\/\\\/www.chateaudegoutelas.fr\\\/la-grande-bricole\\\/#breadcrumb\"},\"inLanguage\":\"en-GB\",\"potentialAction\":[{\"@type\":\"ReadAction\",\"target\":[\"https:\\\/\\\/www.chateaudegoutelas.fr\\\/la-grande-bricole\\\/\"]}]},{\"@type\":\"ImageObject\",\"inLanguage\":\"en-GB\",\"@id\":\"https:\\\/\\\/www.chateaudegoutelas.fr\\\/la-grande-bricole\\\/#primaryimage\",\"url\":\"https:\\\/\\\/www.chateaudegoutelas.fr\\\/wp-content\\\/uploads\\\/2026\\\/03\\\/grande_bricole-scaled.jpg\",\"contentUrl\":\"https:\\\/\\\/www.chateaudegoutelas.fr\\\/wp-content\\\/uploads\\\/2026\\\/03\\\/grande_bricole-scaled.jpg\",\"width\":1810,\"height\":2560},{\"@type\":\"BreadcrumbList\",\"@id\":\"https:\\\/\\\/www.chateaudegoutelas.fr\\\/la-grande-bricole\\\/#breadcrumb\",\"itemListElement\":[{\"@type\":\"ListItem\",\"position\":1,\"name\":\"Accueil\",\"item\":\"https:\\\/\\\/www.chateaudegoutelas.fr\\\/\"},{\"@type\":\"ListItem\",\"position\":2,\"name\":\"La Grande Bricole\"}]},{\"@type\":\"WebSite\",\"@id\":\"https:\\\/\\\/www.chateaudegoutelas.fr\\\/#website\",\"url\":\"https:\\\/\\\/www.chateaudegoutelas.fr\\\/\",\"name\":\"Ch\u00e2teau de Goutelas\",\"description\":\"Un centre culturel de rencontre en Forez\",\"publisher\":{\"@id\":\"https:\\\/\\\/www.chateaudegoutelas.fr\\\/#organization\"},\"potentialAction\":[{\"@type\":\"SearchAction\",\"target\":{\"@type\":\"EntryPoint\",\"urlTemplate\":\"https:\\\/\\\/www.chateaudegoutelas.fr\\\/?s={search_term_string}\"},\"query-input\":{\"@type\":\"PropertyValueSpecification\",\"valueRequired\":true,\"valueName\":\"search_term_string\"}}],\"inLanguage\":\"en-GB\"},{\"@type\":\"Organization\",\"@id\":\"https:\\\/\\\/www.chateaudegoutelas.fr\\\/#organization\",\"name\":\"Ch\u00e2teau de Goutelas\",\"url\":\"https:\\\/\\\/www.chateaudegoutelas.fr\\\/\",\"logo\":{\"@type\":\"ImageObject\",\"inLanguage\":\"en-GB\",\"@id\":\"https:\\\/\\\/www.chateaudegoutelas.fr\\\/#\\\/schema\\\/logo\\\/image\\\/\",\"url\":\"https:\\\/\\\/www.chateaudegoutelas.fr\\\/wp-content\\\/uploads\\\/2023\\\/05\\\/logo-chateau-goutelas-bleu.png\",\"contentUrl\":\"https:\\\/\\\/www.chateaudegoutelas.fr\\\/wp-content\\\/uploads\\\/2023\\\/05\\\/logo-chateau-goutelas-bleu.png\",\"width\":1123,\"height\":327,\"caption\":\"Ch\u00e2teau de Goutelas\"},\"image\":{\"@id\":\"https:\\\/\\\/www.chateaudegoutelas.fr\\\/#\\\/schema\\\/logo\\\/image\\\/\"}}]}<\/script>\n<!-- \/ Yoast SEO plugin. -->","yoast_head_json":{"title":"La Grande Bricole - Ch\u00e2teau de Goutelas","robots":{"index":"index","follow":"follow","max-snippet":"max-snippet:-1","max-image-preview":"max-image-preview:large","max-video-preview":"max-video-preview:-1"},"canonical":"https:\/\/www.chateaudegoutelas.fr\/en\/la-grande-bricole\/","og_locale":"en_GB","og_type":"article","og_title":"La Grande Bricole - Ch\u00e2teau de Goutelas","og_description":"La Grande Bricole Chantier collectif \u00a9 Carole Barraud La Grande Bricole Chantier collectif Vous aimez bricoler et vous \u00eates un\u00b7e pro du syst\u00e8me D ? Vous avez deux mains gauches mais r\u00eavez de manier la scie circulaire ? Vous bidouillez dans votre garage pour mettre au point une invention r\u00e9volutionnaire ? Dans la cour du [&hellip;]","og_url":"https:\/\/www.chateaudegoutelas.fr\/en\/la-grande-bricole\/","og_site_name":"Ch\u00e2teau de Goutelas","article_modified_time":"2026-04-21T07:44:07+00:00","og_image":[{"width":1810,"height":2560,"url":"https:\/\/www.chateaudegoutelas.fr\/wp-content\/uploads\/2026\/03\/grande_bricole-scaled.jpg","type":"image\/jpeg"}],"twitter_card":"summary_large_image","twitter_misc":{"Estimated reading time":"5 minutes"},"schema":{"@context":"https:\/\/schema.org","@graph":[{"@type":"WebPage","@id":"https:\/\/www.chateaudegoutelas.fr\/la-grande-bricole\/","url":"https:\/\/www.chateaudegoutelas.fr\/la-grande-bricole\/","name":"La Grande Bricole - Ch\u00e2teau de Goutelas","isPartOf":{"@id":"https:\/\/www.chateaudegoutelas.fr\/#website"},"primaryImageOfPage":{"@id":"https:\/\/www.chateaudegoutelas.fr\/la-grande-bricole\/#primaryimage"},"image":{"@id":"https:\/\/www.chateaudegoutelas.fr\/la-grande-bricole\/#primaryimage"},"thumbnailUrl":"https:\/\/www.chateaudegoutelas.fr\/wp-content\/uploads\/2026\/03\/grande_bricole-scaled.jpg","datePublished":"2026-03-04T16:41:02+00:00","dateModified":"2026-04-21T07:44:07+00:00","breadcrumb":{"@id":"https:\/\/www.chateaudegoutelas.fr\/la-grande-bricole\/#breadcrumb"},"inLanguage":"en-GB","potentialAction":[{"@type":"ReadAction","target":["https:\/\/www.chateaudegoutelas.fr\/la-grande-bricole\/"]}]},{"@type":"ImageObject","inLanguage":"en-GB","@id":"https:\/\/www.chateaudegoutelas.fr\/la-grande-bricole\/#primaryimage","url":"https:\/\/www.chateaudegoutelas.fr\/wp-content\/uploads\/2026\/03\/grande_bricole-scaled.jpg","contentUrl":"https:\/\/www.chateaudegoutelas.fr\/wp-content\/uploads\/2026\/03\/grande_bricole-scaled.jpg","width":1810,"height":2560},{"@type":"BreadcrumbList","@id":"https:\/\/www.chateaudegoutelas.fr\/la-grande-bricole\/#breadcrumb","itemListElement":[{"@type":"ListItem","position":1,"name":"Accueil","item":"https:\/\/www.chateaudegoutelas.fr\/"},{"@type":"ListItem","position":2,"name":"La Grande Bricole"}]},{"@type":"WebSite","@id":"https:\/\/www.chateaudegoutelas.fr\/#website","url":"https:\/\/www.chateaudegoutelas.fr\/","name":"Ch\u00e2teau de Goutelas","description":"Un centre culturel de rencontre en Forez","publisher":{"@id":"https:\/\/www.chateaudegoutelas.fr\/#organization"},"potentialAction":[{"@type":"SearchAction","target":{"@type":"EntryPoint","urlTemplate":"https:\/\/www.chateaudegoutelas.fr\/?s={search_term_string}"},"query-input":{"@type":"PropertyValueSpecification","valueRequired":true,"valueName":"search_term_string"}}],"inLanguage":"en-GB"},{"@type":"Organization","@id":"https:\/\/www.chateaudegoutelas.fr\/#organization","name":"Ch\u00e2teau de Goutelas","url":"https:\/\/www.chateaudegoutelas.fr\/","logo":{"@type":"ImageObject","inLanguage":"en-GB","@id":"https:\/\/www.chateaudegoutelas.fr\/#\/schema\/logo\/image\/","url":"https:\/\/www.chateaudegoutelas.fr\/wp-content\/uploads\/2023\/05\/logo-chateau-goutelas-bleu.png","contentUrl":"https:\/\/www.chateaudegoutelas.fr\/wp-content\/uploads\/2023\/05\/logo-chateau-goutelas-bleu.png","width":1123,"height":327,"caption":"Ch\u00e2teau de Goutelas"},"image":{"@id":"https:\/\/www.chateaudegoutelas.fr\/#\/schema\/logo\/image\/"}}]}},"_links":{"self":[{"href":"http:\/\/www.chateaudegoutelas.fr\/en\/wp-json\/wp\/v2\/pages\/11031","targetHints":{"allow":["GET"]}}],"collection":[{"href":"http:\/\/www.chateaudegoutelas.fr\/en\/wp-json\/wp\/v2\/pages"}],"about":[{"href":"http:\/\/www.chateaudegoutelas.fr\/en\/wp-json\/wp\/v2\/types\/page"}],"author":[{"embeddable":true,"href":"http:\/\/www.chateaudegoutelas.fr\/en\/wp-json\/wp\/v2\/users\/7"}],"replies":[{"embeddable":true,"href":"http:\/\/www.chateaudegoutelas.fr\/en\/wp-json\/wp\/v2\/comments?post=11031"}],"version-history":[{"count":6,"href":"http:\/\/www.chateaudegoutelas.fr\/en\/wp-json\/wp\/v2\/pages\/11031\/revisions"}],"predecessor-version":[{"id":11919,"href":"http:\/\/www.chateaudegoutelas.fr\/en\/wp-json\/wp\/v2\/pages\/11031\/revisions\/11919"}],"wp:featuredmedia":[{"embeddable":true,"href":"http:\/\/www.chateaudegoutelas.fr\/en\/wp-json\/wp\/v2\/media\/11758"}],"wp:attachment":[{"href":"http:\/\/www.chateaudegoutelas.fr\/en\/wp-json\/wp\/v2\/media?parent=11031"}],"wp:term":[{"taxonomy":"category","embeddable":true,"href":"http:\/\/www.chateaudegoutelas.fr\/en\/wp-json\/wp\/v2\/categories?post=11031"},{"taxonomy":"post_tag","embeddable":true,"href":"http:\/\/www.chateaudegoutelas.fr\/en\/wp-json\/wp\/v2\/tags?post=11031"}],"curies":[{"name":"wp","href":"https:\/\/api.w.org\/{rel}","templated":true}]}}